{"id":16649,"date":"2025-05-30T10:49:25","date_gmt":"2025-05-30T08:49:25","guid":{"rendered":"https:\/\/quantum.com.pl\/product\/pci-104-to-pmc-adapter\/"},"modified":"2025-05-30T10:49:25","modified_gmt":"2025-05-30T08:49:25","slug":"pci-104-to-pmc-adapter","status":"publish","type":"product","link":"https:\/\/quantum.com.pl\/pl\/product\/pci-104-to-pmc-adapter\/","title":{"rendered":"PCI-104 to PMC Adapter"},"content":{"rendered":"<h3>Dane techniczne:<\/h3>\n<table class=\"woocommerce-product-attributes shop_attributes\" aria-label=\"Product Details\">\n<tbody>\n<tr class=\"woocommerce-product-attributes-item woocommerce-product-attributes-item--attribute_pa_operating-temperature\">\n<th class=\"woocommerce-product-attributes-item__label\" scope=\"row\">Operating Temperature<\/th>\n<td class=\"woocommerce-product-attributes-item__value\">-40\u00b0C to +85\u00b0C (-40\u00b0F to +185\u00b0F)<\/td>\n<\/tr>\n<tr class=\"woocommerce-product-attributes-item woocommerce-product-attributes-item--attribute_pa_dimensions\">\n<th class=\"woocommerce-product-attributes-item__label\" scope=\"row\">Dimensions<\/th>\n<td class=\"woocommerce-product-attributes-item__value\">6.526\u201d long by 3.550\u201d high<\/td>\n<\/tr>\n<\/tbody>\n<\/table>\n<h3>Ordering information:<\/h3>\n<p><strong>ADG013<\/strong> \u00a0\u00a0\u00a0 PCI-104 to PMC Adapter<\/p>\n","protected":false},"excerpt":{"rendered":"<h3>Najwa\u017cniejsze cechy:<\/h3>\n<ul>\n<li>Zgodno\u015b\u0107 z PCI-104 i PC\/104-Plus (mechanicznie skonfigurowane do monta\u017cu kart PMC)<\/li>\n<li>Zakres temperatur przemys\u0142owych od -40\u00b0C do +85\u00b0C<\/li>\n<li>120-pinowe z\u0142\u0105cza stosowe PCI-104<\/li>\n<li>Dwa 64-pinowe pasywne z\u0142\u0105cza PMC<\/li>\n<li>Prze\u0142\u0105cznik wyboru gniazda dla PCI-104, \u201eprzypisane gniazdo\u201d<\/li>\n<li>Otwory monta\u017cowe i napi\u0119ciowe do karty PMC<\/li>\n<li>Wymiary 6,526\u201d d\u0142ugo\u015bci i 3,550\u201d wysoko\u015bci<\/li>\n<li>Zgodno\u015b\u0107 z RoHS<\/li>\n<\/ul>\n<h3>Wi\u0119cej informacji:<\/h3>\n<p>Ta wygodna p\u0142ytka adaptera umo\u017cliwia \u0142atwe w\u0142\u0105czenie kart PMC, takich jak karta IEEE 1386.1, do istniej\u0105cego stosu PCI-104.<\/p>\n<p>Konstrukcja obejmuje obwody multipleksowania sygna\u0142u, umo\u017cliwiaj\u0105c dzia\u0142anie wielu kart PMC w stosie PCI-104 przy u\u017cyciu wielu adapter\u00f3w jednocze\u015bnie.<\/p>\n<p>Zbudowany z p\u0142aszczyzn GND i Power Planes, ten adapter ma wzorow\u0105 integralno\u015b\u0107 sygna\u0142u i nisk\u0105 rezystancj\u0119 DC.<br \/>\nStandardowe zastosowanie<\/p>\n<p>Po prostu zamontuj kart\u0119 PMC do adaptera, ustaw prze\u0142\u0105cznik wyboru gniazda PCI-104 i umie\u015b\u0107 w stosie PCI-104 systemu hosta.<\/p>\n","protected":false},"featured_media":16645,"template":"","meta":{"_acf_changed":false,"inline_featured_image":false,"_monsterinsights_skip_tracking":false,"_monsterinsights_sitenote_active":false,"_monsterinsights_sitenote_note":"","_monsterinsights_sitenote_category":0},"product_brand":[],"product_cat":[1613,1472],"product_tag":[],"class_list":{"0":"post-16649","1":"product","2":"type-product","3":"status-publish","4":"has-post-thumbnail","6":"product_cat-akcesoria-peryferia","7":"product_cat-connect-tech-inc","9":"first","10":"instock","11":"shipping-taxable","12":"product-type-simple"},"acf":[],"_links":{"self":[{"href":"https:\/\/quantum.com.pl\/pl\/wp-json\/wp\/v2\/product\/16649","targetHints":{"allow":["GET"]}}],"collection":[{"href":"https:\/\/quantum.com.pl\/pl\/wp-json\/wp\/v2\/product"}],"about":[{"href":"https:\/\/quantum.com.pl\/pl\/wp-json\/wp\/v2\/types\/product"}],"wp:featuredmedia":[{"embeddable":true,"href":"https:\/\/quantum.com.pl\/pl\/wp-json\/wp\/v2\/media\/16645"}],"wp:attachment":[{"href":"https:\/\/quantum.com.pl\/pl\/wp-json\/wp\/v2\/media?parent=16649"}],"wp:term":[{"taxonomy":"product_brand","embeddable":true,"href":"https:\/\/quantum.com.pl\/pl\/wp-json\/wp\/v2\/product_brand?post=16649"},{"taxonomy":"product_cat","embeddable":true,"href":"https:\/\/quantum.com.pl\/pl\/wp-json\/wp\/v2\/product_cat?post=16649"},{"taxonomy":"product_tag","embeddable":true,"href":"https:\/\/quantum.com.pl\/pl\/wp-json\/wp\/v2\/product_tag?post=16649"}],"curies":[{"name":"wp","href":"https:\/\/api.w.org\/{rel}","templated":true}]}}