{"id":16657,"date":"2025-05-30T13:35:24","date_gmt":"2025-05-30T11:35:24","guid":{"rendered":"https:\/\/quantum.com.pl\/product\/pci-express-bluestorm-express-8-16-rs-232\/"},"modified":"2025-06-03T11:29:57","modified_gmt":"2025-06-03T09:29:57","slug":"pci-express-bluestorm-express-8-16-rs-232","status":"publish","type":"product","link":"https:\/\/quantum.com.pl\/pl\/product\/pci-express-bluestorm-express-8-16-rs-232\/","title":{"rendered":"PCI Express: BlueStorm\/Express 8\/16 RS-232"},"content":{"rendered":"<h3>Dane techniczne:<\/h3>\n<table class=\"woocommerce-product-attributes shop_attributes\" aria-label=\"Product Details\">\n<tbody>\n<tr class=\"woocommerce-product-attributes-item woocommerce-product-attributes-item--attribute_pa_ports\">\n<th class=\"woocommerce-product-attributes-item__label\" scope=\"row\">Ports<\/th>\n<td class=\"woocommerce-product-attributes-item__value\">8 or 16 ports<\/td>\n<\/tr>\n<tr class=\"woocommerce-product-attributes-item woocommerce-product-attributes-item--attribute_pa_electrical-interfaces\">\n<th class=\"woocommerce-product-attributes-item__label\" scope=\"row\">Electrical Interfaces<\/th>\n<td class=\"woocommerce-product-attributes-item__value\">RS-232<\/td>\n<\/tr>\n<tr class=\"woocommerce-product-attributes-item woocommerce-product-attributes-item--attribute_pa_connectors\">\n<th class=\"woocommerce-product-attributes-item__label\" scope=\"row\">Connectors<\/th>\n<td class=\"woocommerce-product-attributes-item__value\">DB-9 cables<\/td>\n<\/tr>\n<tr class=\"woocommerce-product-attributes-item woocommerce-product-attributes-item--attribute_pa_control-signals\">\n<th class=\"woocommerce-product-attributes-item__label\" scope=\"row\">Control Signals<\/th>\n<td class=\"woocommerce-product-attributes-item__value\">CTS, DCD, DSR, DTR, RI, RTS, RxD, TxD<\/td>\n<\/tr>\n<tr class=\"woocommerce-product-attributes-item woocommerce-product-attributes-item--attribute_pa_baud-rate\">\n<th class=\"woocommerce-product-attributes-item__label\" scope=\"row\">Baud Rate<\/th>\n<td class=\"woocommerce-product-attributes-item__value\">RS-232: 50 bps to 1 Mbps<\/td>\n<\/tr>\n<tr class=\"woocommerce-product-attributes-item woocommerce-product-attributes-item--attribute_interrupts\">\n<th class=\"woocommerce-product-attributes-item__label\" scope=\"row\">Interrupts<\/th>\n<td class=\"woocommerce-product-attributes-item__value\">Assigned by Plug and Play resources<\/td>\n<\/tr>\n<tr class=\"woocommerce-product-attributes-item woocommerce-product-attributes-item--attribute_memory-addresses\">\n<th class=\"woocommerce-product-attributes-item__label\" scope=\"row\">Memory Addresses<\/th>\n<td class=\"woocommerce-product-attributes-item__value\">Assigned by Plug and Play resources<\/td>\n<\/tr>\n<tr class=\"woocommerce-product-attributes-item woocommerce-product-attributes-item--attribute_pa_uart-type\">\n<th class=\"woocommerce-product-attributes-item__label\" scope=\"row\">UART Type<\/th>\n<td class=\"woocommerce-product-attributes-item__value\">PCIe octal UART with up to 254 bytes transmit and receive FIFO buffers for each port<\/td>\n<\/tr>\n<tr class=\"woocommerce-product-attributes-item woocommerce-product-attributes-item--attribute_pa_dimensions\">\n<th class=\"woocommerce-product-attributes-item__label\" scope=\"row\">Dimensions<\/th>\n<td class=\"woocommerce-product-attributes-item__value\">Length: 14 cm\/5.5\u201d (including bracket) Height: 10.7 cm\/4.2\u201d<\/td>\n<\/tr>\n<tr class=\"woocommerce-product-attributes-item woocommerce-product-attributes-item--attribute_pa_operating-temperature\">\n<th class=\"woocommerce-product-attributes-item__label\" scope=\"row\">Operating Temperature<\/th>\n<td class=\"woocommerce-product-attributes-item__value\">-40\u00b0C to +85\u00b0C (-40\u00b0F to +185\u00b0F)<\/td>\n<\/tr>\n<tr class=\"woocommerce-product-attributes-item woocommerce-product-attributes-item--attribute_pa_storage-temperature\">\n<th class=\"woocommerce-product-attributes-item__label\" scope=\"row\">Storage Temperature<\/th>\n<td class=\"woocommerce-product-attributes-item__value\">-40\u00b0C to +105\u00b0C (-40\u00b0F to +221\u00b0F)<\/td>\n<\/tr>\n<tr class=\"woocommerce-product-attributes-item woocommerce-product-attributes-item--attribute_pa_humidity\">\n<th class=\"woocommerce-product-attributes-item__label\" scope=\"row\">Humidity<\/th>\n<td class=\"woocommerce-product-attributes-item__value\">5 to 95% non-condensing<\/td>\n<\/tr>\n<tr class=\"woocommerce-product-attributes-item woocommerce-product-attributes-item--attribute_pa_bus\">\n<th class=\"woocommerce-product-attributes-item__label\" scope=\"row\">Bus<\/th>\n<td class=\"woocommerce-product-attributes-item__value\">PCI Express<\/td>\n<\/tr>\n<tr class=\"woocommerce-product-attributes-item woocommerce-product-attributes-item--attribute_pa_operating-system\">\n<th class=\"woocommerce-product-attributes-item__label\" scope=\"row\">Operating System<\/th>\n<td class=\"woocommerce-product-attributes-item__value\">Linux, QNX, SCO Unix, Solaris, Windows<\/td>\n<\/tr>\n<tr class=\"woocommerce-product-attributes-item woocommerce-product-attributes-item--attribute_surge-suppression\">\n<th class=\"woocommerce-product-attributes-item__label\" scope=\"row\">Surge Suppression<\/th>\n<td class=\"woocommerce-product-attributes-item__value\">EN61000-4 compatible on all signals, all ports<\/td>\n<\/tr>\n<tr class=\"woocommerce-product-attributes-item woocommerce-product-attributes-item--attribute_pa_system-interfaces\">\n<th class=\"woocommerce-product-attributes-item__label\" scope=\"row\">System Interfaces<\/th>\n<td class=\"woocommerce-product-attributes-item__value\">One PCI Express x1 card edge<\/td>\n<\/tr>\n<tr class=\"woocommerce-product-attributes-item woocommerce-product-attributes-item--attribute_pa_power-requirements\">\n<th class=\"woocommerce-product-attributes-item__label\" scope=\"row\">Power Requirements<\/th>\n<td class=\"woocommerce-product-attributes-item__value\">+3.3V DC @ 300mA (max)<\/td>\n<\/tr>\n<tr class=\"woocommerce-product-attributes-item woocommerce-product-attributes-item--attribute_regulatory-approvals\">\n<th class=\"woocommerce-product-attributes-item__label\" scope=\"row\">Regulatory Approvals<\/th>\n<td class=\"woocommerce-product-attributes-item__value\">FCC Class A, ICES-003 Class A<\/td>\n<\/tr>\n<\/tbody>\n<\/table>\n<h3>Ordering information:<\/h3>\n<p><strong>BEG011<\/strong> \u00a0\u00a0\u00a0\u00a0\u00a0\u00a0\u00a0\u00a0\u00a0\u00a0 BlueStorm\/Express, 16 ports<br \/>\n<strong>BEG011-01<\/strong> \u00a0\u00a0\u00a0 BlueStorm\/Express, 16 ports with CBG009 cable<\/p>\n<p>Cables\/Accessories<br \/>\n<strong>CBG009<\/strong> \u00a0\u00a0\u00a0\u00a0\u00a0\u00a0\u00a0\u00a0 8x DB-9 Male<\/p>\n","protected":false},"excerpt":{"rendered":"<h3>Najwa\u017cniejsze cechy:<\/h3>\n<ul>\n<li>Elastyczno\u015b\u0107: Karta szeregowa PCI Express x1 Lane, 8 lub 16 port\u00f3w RS-232<\/li>\n<li>Pr\u0119dko\u015b\u0107: Dwukierunkowa pr\u0119dko\u015b\u0107 transmisji danych do 921,8 kbps<\/li>\n<li>Wydajno\u015b\u0107: Interfejs liniowy RS-232 z szybko\u015bci\u0105 transmisji od 50 bps do 1 Mbps<\/li>\n<li>Ochrona: Opcje t\u0142umienia przepi\u0119\u0107<\/li>\n<\/ul>\n<h3>Wi\u0119cej informacji:<\/h3>\n<p>Rodzina BlueStorm\/Express oferuje niezawodn\u0105, \u200b\u200bszybk\u0105 transmisj\u0119 danych dla Twojego systemu PCI Express. Te karty szeregowe PCI Express o standardowym profilu x1 oferuj\u0105 8 lub 16 port\u00f3w \u0142\u0105czno\u015bci RS-232, kompatybilne z dowolnym gniazdem PCI Express.<\/p>\n<p>Dwukierunkowa pr\u0119dko\u015b\u0107 transmisji danych do 921,8 kbps zapewnia szybk\u0105 i niezawodn\u0105 komunikacj\u0119 dla Twoich aplikacji przemys\u0142owych i wbudowanych w spos\u00f3b op\u0142acalny.<\/p>\n<p>Karty Connect Tech BlueStorm\/Express s\u0105 kompatybilne z gniazdami PCI Express x1, x4, x8 i x16. Modernizacja systemu PCI do wydajniejszego PCI Express wymaga jedynie zmiany sprz\u0119tu \u2013 Tw\u00f3j nowy system PCI Express jest wstecznie kompatybilny z oprogramowaniem PCI.<\/p>\n","protected":false},"featured_media":16655,"template":"","meta":{"_acf_changed":false,"inline_featured_image":false,"_monsterinsights_skip_tracking":false,"_monsterinsights_sitenote_active":false,"_monsterinsights_sitenote_note":"","_monsterinsights_sitenote_category":0},"product_brand":[],"product_cat":[1472,1708],"product_tag":[],"class_list":{"0":"post-16657","1":"product","2":"type-product","3":"status-publish","4":"has-post-thumbnail","6":"product_cat-connect-tech-inc","7":"product_cat-pci-express-2","9":"first","10":"instock","11":"shipping-taxable","12":"product-type-simple"},"acf":[],"_links":{"self":[{"href":"https:\/\/quantum.com.pl\/pl\/wp-json\/wp\/v2\/product\/16657","targetHints":{"allow":["GET"]}}],"collection":[{"href":"https:\/\/quantum.com.pl\/pl\/wp-json\/wp\/v2\/product"}],"about":[{"href":"https:\/\/quantum.com.pl\/pl\/wp-json\/wp\/v2\/types\/product"}],"wp:featuredmedia":[{"embeddable":true,"href":"https:\/\/quantum.com.pl\/pl\/wp-json\/wp\/v2\/media\/16655"}],"wp:attachment":[{"href":"https:\/\/quantum.com.pl\/pl\/wp-json\/wp\/v2\/media?parent=16657"}],"wp:term":[{"taxonomy":"product_brand","embeddable":true,"href":"https:\/\/quantum.com.pl\/pl\/wp-json\/wp\/v2\/product_brand?post=16657"},{"taxonomy":"product_cat","embeddable":true,"href":"https:\/\/quantum.com.pl\/pl\/wp-json\/wp\/v2\/product_cat?post=16657"},{"taxonomy":"product_tag","embeddable":true,"href":"https:\/\/quantum.com.pl\/pl\/wp-json\/wp\/v2\/product_tag?post=16657"}],"curies":[{"name":"wp","href":"https:\/\/api.w.org\/{rel}","templated":true}]}}