{"id":16663,"date":"2025-06-03T12:52:40","date_gmt":"2025-06-03T10:52:40","guid":{"rendered":"https:\/\/quantum.com.pl\/product\/pci-express-bluestorm-express-isolated\/"},"modified":"2025-06-03T13:13:16","modified_gmt":"2025-06-03T11:13:16","slug":"pci-express-bluestorm-express-isolated","status":"publish","type":"product","link":"https:\/\/quantum.com.pl\/pl\/product\/pci-express-bluestorm-express-isolated\/","title":{"rendered":"PCI Express: BlueStorm\/Express Isolated"},"content":{"rendered":"<h3>Dane techniczne:<\/h3>\n<table class=\"woocommerce-product-attributes shop_attributes\" aria-label=\"Product Details\">\n<tbody>\n<tr class=\"woocommerce-product-attributes-item woocommerce-product-attributes-item--attribute_pa_ports\">\n<th class=\"woocommerce-product-attributes-item__label\" scope=\"row\">Ports<\/th>\n<td class=\"woocommerce-product-attributes-item__value\">4 or 8 ports<\/td>\n<\/tr>\n<tr class=\"woocommerce-product-attributes-item woocommerce-product-attributes-item--attribute_pa_electrical-interfaces\">\n<th class=\"woocommerce-product-attributes-item__label\" scope=\"row\">Electrical Interfaces<\/th>\n<td class=\"woocommerce-product-attributes-item__value\">Hardware selectable RS-232\/422\/485<\/td>\n<\/tr>\n<tr class=\"woocommerce-product-attributes-item woocommerce-product-attributes-item--attribute_pa_connectors\">\n<th class=\"woocommerce-product-attributes-item__label\" scope=\"row\">Connectors<\/th>\n<td class=\"woocommerce-product-attributes-item__value\">Board connector: DB-62, Cable: DB-62 to 8 x DB-9, HBD-44<\/td>\n<\/tr>\n<tr class=\"woocommerce-product-attributes-item woocommerce-product-attributes-item--attribute_optical-isolation\">\n<th class=\"woocommerce-product-attributes-item__label\" scope=\"row\">Optical Isolation<\/th>\n<td class=\"woocommerce-product-attributes-item__value\">2kV isolation port-to-port through cable (3kV on-board)<\/td>\n<\/tr>\n<tr class=\"woocommerce-product-attributes-item woocommerce-product-attributes-item--attribute_pa_operating-temperature\">\n<th class=\"woocommerce-product-attributes-item__label\" scope=\"row\">Operating Temperature<\/th>\n<td class=\"woocommerce-product-attributes-item__value\">-40\u00b0C to +85\u00b0C (-40\u00b0F to +185\u00b0F)<\/td>\n<\/tr>\n<tr class=\"woocommerce-product-attributes-item woocommerce-product-attributes-item--attribute_pa_bus\">\n<th class=\"woocommerce-product-attributes-item__label\" scope=\"row\">Bus<\/th>\n<td class=\"woocommerce-product-attributes-item__value\">PCI Express<\/td>\n<\/tr>\n<tr class=\"woocommerce-product-attributes-item woocommerce-product-attributes-item--attribute_pa_operating-system\">\n<th class=\"woocommerce-product-attributes-item__label\" scope=\"row\">Operating System<\/th>\n<td class=\"woocommerce-product-attributes-item__value\">Linux, QNX, SCO Unix, Solaris, Windows<\/td>\n<\/tr>\n<tr class=\"woocommerce-product-attributes-item woocommerce-product-attributes-item--attribute_pa_humidity\">\n<th class=\"woocommerce-product-attributes-item__label\" scope=\"row\">Humidity<\/th>\n<td class=\"woocommerce-product-attributes-item__value\">95% non-condensing<\/td>\n<\/tr>\n<tr class=\"woocommerce-product-attributes-item woocommerce-product-attributes-item--attribute_pa_system-interfaces\">\n<th class=\"woocommerce-product-attributes-item__label\" scope=\"row\">System Interfaces<\/th>\n<td class=\"woocommerce-product-attributes-item__value\">Any available x1, x4, x8 or x16 PCI Express slot<\/td>\n<\/tr>\n<tr class=\"woocommerce-product-attributes-item woocommerce-product-attributes-item--attribute_regulatory-approvals\">\n<th class=\"woocommerce-product-attributes-item__label\" scope=\"row\">Regulatory Approvals<\/th>\n<td class=\"woocommerce-product-attributes-item__value\">FCC Class A<br \/>\nICES-003 Class A<br \/>\nEN50082-2<br \/>\nEN 55022 Class A<br \/>\nEN 55024<\/td>\n<\/tr>\n<\/tbody>\n<\/table>\n<h3>Ordering information:<\/h3>\n<p><strong>BDG001<\/strong>\u00a0 \u00a0 \u00a0 \u00a0 \u00a0BlueStorm\/Express Isolated, 8 ports, RS-232<br \/>\n<strong>BDG001-01<\/strong>\u00a0 \u00a0BlueStorm\/Express Isolated, 8 ports, RS-232 with CBG058 cable<br \/>\n<strong>BBG008<\/strong>\u00a0 \u00a0 \u00a0 \u00a0 BlueStorm\/Express Isolated, 8 ports, RS-232\/422\/485<br \/>\n<strong>BBG008-01\u00a0 \u00a0<\/strong>BlueStorm\/Express Isolated, 8 ports, RS-232\/422\/485 with CBG143 cable<br \/>\n<strong>BCG004<\/strong>\u00a0 \u00a0 \u00a0 \u00a0 \u00a0BlueStorm\/Express Isolated, 4 ports<br \/>\n<strong>BCG004<\/strong>-01\u00a0 \u00a0BlueStorm\/Express Isolated, 4 ports with CBG105 cable<\/p>\n<p>Cables\/Accessories<br \/>\n<strong>CBG058<\/strong>\u00a0 \u00a0 8x DB-9 Male, 1.220m length<br \/>\n<strong>CBG143<\/strong>\u00a0 \u00a0 \u00a08x DB-9 Male, 0.305m length<br \/>\n<strong>CBG105<\/strong>\u00a0 \u00a0 \u00a04x DB-9 Male<\/p>\n","protected":false},"excerpt":{"rendered":"<h3>Najwa\u017cniejsze cechy:<\/h3>\n<ul>\n<li>Karta szeregowa PCI Express x1 Lane<\/li>\n<li>4 lub 8 port\u00f3w izolowanych indywidualnie<\/li>\n<li>Izolacja 2 kV na wszystkich portach<\/li>\n<li>Prze\u0142\u0105czalny RS-232\/422\/485<\/li>\n<li>Obs\u0142uguje pe\u0142ny dupleks (4 przewody), p\u00f3\u0142dupleks (2 przewody) z automatyczn\u0105 eliminacj\u0105 echa TxD i tryby multi-drop (4 przewody) w RS-422\/485<\/li>\n<li>Dwukierunkowa pr\u0119dko\u015b\u0107 transmisji danych do 7,8 Mb\/s (RS-422\/485)<\/li>\n<li>Ustawienia portu mo\u017cna skonfigurowa\u0107 za pomoc\u0105 oprogramowania<\/li>\n<li>Mo\u017cliwo\u015b\u0107 niskiej szybko\u015bci narastania<\/li>\n<li>Zakres temperatur pracy od -40\u00b0C do +85\u00b0C<\/li>\n<\/ul>\n<h3>Wi\u0119cej\u00a0 informacji:<\/h3>\n<p>Rozszerzenie rodziny produkt\u00f3w BlueStorm\/Express, BlueStorm\/Express Isolated oferuje niezawodno\u015b\u0107 i wysok\u0105 pr\u0119dko\u015b\u0107 przesy\u0142u danych wraz z izolacj\u0105 2 kV. Ta ochrona sprawia, \u017ce \u200b\u200bkarty PCI Express s\u0105 idealne w \u015brodowiskach, w kt\u00f3rych trudne warunki mog\u0105 zak\u0142\u00f3ca\u0107 komunikacj\u0119.<\/p>\n<p>Dost\u0119pne z 4 lub 8 portami \u0142\u0105czno\u015bci RS-232\/422\/485, te karty BlueStorm\/Express Isolated x1 lane s\u0105 kompatybilne z gniazdami PCI Express x1, x4, x8, x16 lane. Dwukierunkowe pr\u0119dko\u015bci danych do 7,8 Mb\/s (RS-422\/485) zapewniaj\u0105 szybkie pozyskiwanie danych i komunikacj\u0119. Ciesz si\u0119 wi\u0119ksz\u0105 reakcj\u0105, jednocze\u015bnie zmniejszaj\u0105c obci\u0105\u017cenie sieci.<\/p>\n","protected":false},"featured_media":16661,"template":"","meta":{"_acf_changed":false,"inline_featured_image":false,"_monsterinsights_skip_tracking":false,"_monsterinsights_sitenote_active":false,"_monsterinsights_sitenote_note":"","_monsterinsights_sitenote_category":0},"product_brand":[],"product_cat":[1472,1708],"product_tag":[],"class_list":{"0":"post-16663","1":"product","2":"type-product","3":"status-publish","4":"has-post-thumbnail","6":"product_cat-connect-tech-inc","7":"product_cat-pci-express-2","9":"first","10":"instock","11":"shipping-taxable","12":"product-type-simple"},"acf":[],"_links":{"self":[{"href":"https:\/\/quantum.com.pl\/pl\/wp-json\/wp\/v2\/product\/16663","targetHints":{"allow":["GET"]}}],"collection":[{"href":"https:\/\/quantum.com.pl\/pl\/wp-json\/wp\/v2\/product"}],"about":[{"href":"https:\/\/quantum.com.pl\/pl\/wp-json\/wp\/v2\/types\/product"}],"wp:featuredmedia":[{"embeddable":true,"href":"https:\/\/quantum.com.pl\/pl\/wp-json\/wp\/v2\/media\/16661"}],"wp:attachment":[{"href":"https:\/\/quantum.com.pl\/pl\/wp-json\/wp\/v2\/media?parent=16663"}],"wp:term":[{"taxonomy":"product_brand","embeddable":true,"href":"https:\/\/quantum.com.pl\/pl\/wp-json\/wp\/v2\/product_brand?post=16663"},{"taxonomy":"product_cat","embeddable":true,"href":"https:\/\/quantum.com.pl\/pl\/wp-json\/wp\/v2\/product_cat?post=16663"},{"taxonomy":"product_tag","embeddable":true,"href":"https:\/\/quantum.com.pl\/pl\/wp-json\/wp\/v2\/product_tag?post=16663"}],"curies":[{"name":"wp","href":"https:\/\/api.w.org\/{rel}","templated":true}]}}