{"id":16674,"date":"2025-06-03T13:38:28","date_gmt":"2025-06-03T11:38:28","guid":{"rendered":"https:\/\/quantum.com.pl\/product\/pci-express-bluestorm-express-lp-opto\/"},"modified":"2025-06-03T13:45:46","modified_gmt":"2025-06-03T11:45:46","slug":"pci-express-bluestorm-express-lp-opto","status":"publish","type":"product","link":"https:\/\/quantum.com.pl\/pl\/product\/pci-express-bluestorm-express-lp-opto\/","title":{"rendered":"PCI Express: BlueStorm\/Express LP Opto"},"content":{"rendered":"<h3>Dane techniczne:<\/h3>\n<table class=\"woocommerce-product-attributes shop_attributes\" aria-label=\"Product Details\">\n<tbody>\n<tr class=\"woocommerce-product-attributes-item woocommerce-product-attributes-item--attribute_pa_ports\">\n<th class=\"woocommerce-product-attributes-item__label\" scope=\"row\">Ports<\/th>\n<td class=\"woocommerce-product-attributes-item__value\">2 ports<\/td>\n<\/tr>\n<tr class=\"woocommerce-product-attributes-item woocommerce-product-attributes-item--attribute_pa_electrical-interfaces\">\n<th class=\"woocommerce-product-attributes-item__label\" scope=\"row\">Electrical Interfaces<\/th>\n<td class=\"woocommerce-product-attributes-item__value\">Hardware selectable RS-232\/422\/485<\/td>\n<\/tr>\n<tr class=\"woocommerce-product-attributes-item woocommerce-product-attributes-item--attribute_pa_connectors\">\n<th class=\"woocommerce-product-attributes-item__label\" scope=\"row\">Connectors<\/th>\n<td class=\"woocommerce-product-attributes-item__value\">10 contact RJ-45, RJ-45 to DB-9 cables available<\/td>\n<\/tr>\n<tr class=\"woocommerce-product-attributes-item woocommerce-product-attributes-item--attribute_pa_control-signals\">\n<th class=\"woocommerce-product-attributes-item__label\" scope=\"row\">Control Signals<\/th>\n<td class=\"woocommerce-product-attributes-item__value\">RS-232: TxD, RxD, RTS, CTS, RS-422\/485: TxD+\/-, RxD+\/-, RTS+\/-, CTS+\/-<\/td>\n<\/tr>\n<tr class=\"woocommerce-product-attributes-item woocommerce-product-attributes-item--attribute_pa_baud-rate\">\n<th class=\"woocommerce-product-attributes-item__label\" scope=\"row\">Baud Rate<\/th>\n<td class=\"woocommerce-product-attributes-item__value\">RS-232: 50 bps to 921.6 Kbps, RS-422\/485: 50 bps to 1.8432 Mbps<\/td>\n<\/tr>\n<tr class=\"woocommerce-product-attributes-item woocommerce-product-attributes-item--attribute_interrupts\">\n<th class=\"woocommerce-product-attributes-item__label\" scope=\"row\">Interrupts<\/th>\n<td class=\"woocommerce-product-attributes-item__value\">Assigned by Plug and Play resources<\/td>\n<\/tr>\n<tr class=\"woocommerce-product-attributes-item woocommerce-product-attributes-item--attribute_memory-addresses\">\n<th class=\"woocommerce-product-attributes-item__label\" scope=\"row\">Memory Addresses<\/th>\n<td class=\"woocommerce-product-attributes-item__value\">Assigned by Plug and Play resources<\/td>\n<\/tr>\n<tr class=\"woocommerce-product-attributes-item woocommerce-product-attributes-item--attribute_pa_uart-type\">\n<th class=\"woocommerce-product-attributes-item__label\" scope=\"row\">UART Type<\/th>\n<td class=\"woocommerce-product-attributes-item__value\">Dual UARTs with up to 64 bytes transmit and receive FIFO buffers for each port<\/td>\n<\/tr>\n<tr class=\"woocommerce-product-attributes-item woocommerce-product-attributes-item--attribute_pa_dimensions\">\n<th class=\"woocommerce-product-attributes-item__label\" scope=\"row\">Dimensions<\/th>\n<td class=\"woocommerce-product-attributes-item__value\">Length: 15.7 cm\/6.2\u201d Height: 6.9 cm\/2.7\u201d<\/td>\n<\/tr>\n<tr class=\"woocommerce-product-attributes-item woocommerce-product-attributes-item--attribute_pa_operating-temperature\">\n<th class=\"woocommerce-product-attributes-item__label\" scope=\"row\">Operating Temperature<\/th>\n<td class=\"woocommerce-product-attributes-item__value\">0\u00b0C to +70\u00b0C (+32\u00b0F to +158\u00b0F)<\/td>\n<\/tr>\n<tr class=\"woocommerce-product-attributes-item woocommerce-product-attributes-item--attribute_pa_storage-temperature\">\n<th class=\"woocommerce-product-attributes-item__label\" scope=\"row\">Storage Temperature<\/th>\n<td class=\"woocommerce-product-attributes-item__value\">-40\u00b0C to +105\u00b0C (-40\u00b0F to +221\u00b0F)<\/td>\n<\/tr>\n<tr class=\"woocommerce-product-attributes-item woocommerce-product-attributes-item--attribute_pa_humidity\">\n<th class=\"woocommerce-product-attributes-item__label\" scope=\"row\">Humidity<\/th>\n<td class=\"woocommerce-product-attributes-item__value\">5 to 95% non-condensing<\/td>\n<\/tr>\n<tr class=\"woocommerce-product-attributes-item woocommerce-product-attributes-item--attribute_pa_bus\">\n<th class=\"woocommerce-product-attributes-item__label\" scope=\"row\">Bus<\/th>\n<td class=\"woocommerce-product-attributes-item__value\">PCI Express<\/td>\n<\/tr>\n<tr class=\"woocommerce-product-attributes-item woocommerce-product-attributes-item--attribute_pa_operating-system\">\n<th class=\"woocommerce-product-attributes-item__label\" scope=\"row\">Operating System<\/th>\n<td class=\"woocommerce-product-attributes-item__value\">Linux, QNX, SCO Unix, Solaris, Windows<\/td>\n<\/tr>\n<tr class=\"woocommerce-product-attributes-item woocommerce-product-attributes-item--attribute_optical-isolation\">\n<th class=\"woocommerce-product-attributes-item__label\" scope=\"row\">Optical Isolation<\/th>\n<td class=\"woocommerce-product-attributes-item__value\">3kV optical isolation<\/td>\n<\/tr>\n<tr class=\"woocommerce-product-attributes-item woocommerce-product-attributes-item--attribute_pa_system-interfaces\">\n<th class=\"woocommerce-product-attributes-item__label\" scope=\"row\">System Interfaces<\/th>\n<td class=\"woocommerce-product-attributes-item__value\">Any available PCI Express slot<\/td>\n<\/tr>\n<tr class=\"woocommerce-product-attributes-item woocommerce-product-attributes-item--attribute_pa_power-requirements\">\n<th class=\"woocommerce-product-attributes-item__label\" scope=\"row\">Power Requirements<\/th>\n<td class=\"woocommerce-product-attributes-item__value\">+12V DC @ 180mA, +3.3V DC @ 200mA<\/td>\n<\/tr>\n<tr class=\"woocommerce-product-attributes-item woocommerce-product-attributes-item--attribute_regulatory-approvals\">\n<th class=\"woocommerce-product-attributes-item__label\" scope=\"row\">Regulatory Approvals<\/th>\n<td class=\"woocommerce-product-attributes-item__value\">FCC Class A<br \/>\nICES-003 Class A<\/td>\n<\/tr>\n<\/tbody>\n<\/table>\n<p><strong>Ordering information:<\/strong><\/p>\n<p><strong>BCG001<\/strong>\u00a0 \u00a0 \u00a0 \u00a0BlueStorm\/LP Express Opto, 2 ports<br \/>\nMax Baud Rate: 921600 \/ 1843200 bps (232\/485)<br \/>\n<strong>BCG001-01<\/strong> BlueStorm\/LP Express Opto, 2 ports with CAGRJ4509 cable<br \/>\nMax Baud Rate: 921600 \/ 1843200 bps (232\/485)<br \/>\n<strong>BCG003<\/strong>\u00a0 \u00a0 \u00a0 \u00a0BlueStorm\/LP Express Opto, 2 ports, with standard height bracket installed<br \/>\nMax Baud Rate: 1000000 \/ 7812500 bps (232\/485)<br \/>\n<strong>BCG003-01<\/strong> BlueStorm\/LP Express Opto, 2 ports with CAGRJ4509 cable and standard height bracket installed<br \/>\nMax Baud Rate: 1000000 \/ 7812500 bps (232\/485)<\/p>\n<p>Cables\/Accessories<br \/>\n<strong>CAGRJ4509<\/strong>\u00a0 \u00a0 \u00a01x RJ-45, DB-9<\/p>\n","protected":false},"excerpt":{"rendered":"<h3><strong>Najwa\u017cniejsze cechy:<\/strong><\/h3>\n<ul>\n<li>Elastyczno\u015b\u0107: Karta PCI Express x1 Lane jest kompatybilna z dowolnym dost\u0119pnym gniazdem PCI Express x1, x4, x8 lub x16.<\/li>\n<li>Pr\u0119dko\u015b\u0107: Dwukierunkowa pr\u0119dko\u015b\u0107 transmisji danych do 1,8432 Mb\/s (RS-422\/485) i 921,8 Kb\/s (RS-232)<\/li>\n<li>Wydajno\u015b\u0107: Ka\u017cdy port PCI Express ma do 64 bajt\u00f3w bufor\u00f3w FIFO do transmisji i odbioru, automatyczn\u0105 kontrol\u0119 przep\u0142ywu sprz\u0119towego i programowego<\/li>\n<li>Ochrona: 3 kV izolacji optycznej na ka\u017cdym porcie<\/li>\n<\/ul>\n<h3>Wi\u0119cej informacji:<\/h3>\n<p>Karta BlueStorm\/Express LP Opto, b\u0119d\u0105ca rozszerzeniem rodziny produkt\u00f3w PCI Express firmy Connect Tech, oferuje rozwi\u0105zanie o niskim profilu dla Twoich aplikacji PCI Express. Niezawodno\u015b\u0107 i wysoka pr\u0119dko\u015b\u0107 przesy\u0142u danych wraz z izolacj\u0105 optyczn\u0105 3 kV sprawiaj\u0105, \u017ce ta karta PCI Express jest idealna w \u015brodowiskach, w kt\u00f3rych trudne warunki mog\u0105 zak\u0142\u00f3ca\u0107 komunikacj\u0119.<\/p>\n<p>Dost\u0119pna z dwoma portami \u0142\u0105czno\u015bci RS-232\/422\/485, karta BlueStorm\/Express LP Opto jest zgodna z gniazdami PCI Express x1, x4, x8, x16.<\/p>\n<p>Bardziej wydajna ni\u017c PCI, karta PCI Express pozwala na szybsz\u0105 komunikacj\u0119 danych i wi\u0119ksz\u0105 responsywno\u015b\u0107, jednocze\u015bnie zmniejszaj\u0105c obci\u0105\u017cenie sieci dzi\u0119ki dwukierunkowym pr\u0119dko\u015bciom przesy\u0142u danych do 1,8432 Mb\/s.<\/p>\n<p>Wszystkie karty PCI Express firmy Connect Tech s\u0105 zgodne z FCC\/ICES-300 i posiadaj\u0105 oznaczenie CE.<\/p>\n","protected":false},"featured_media":16673,"template":"","meta":{"_acf_changed":false,"inline_featured_image":false,"_monsterinsights_skip_tracking":false,"_monsterinsights_sitenote_active":false,"_monsterinsights_sitenote_note":"","_monsterinsights_sitenote_category":0},"product_brand":[],"product_cat":[1472,1708],"product_tag":[],"class_list":{"0":"post-16674","1":"product","2":"type-product","3":"status-publish","4":"has-post-thumbnail","6":"product_cat-connect-tech-inc","7":"product_cat-pci-express-2","9":"first","10":"instock","11":"shipping-taxable","12":"product-type-simple"},"acf":[],"_links":{"self":[{"href":"https:\/\/quantum.com.pl\/pl\/wp-json\/wp\/v2\/product\/16674","targetHints":{"allow":["GET"]}}],"collection":[{"href":"https:\/\/quantum.com.pl\/pl\/wp-json\/wp\/v2\/product"}],"about":[{"href":"https:\/\/quantum.com.pl\/pl\/wp-json\/wp\/v2\/types\/product"}],"wp:featuredmedia":[{"embeddable":true,"href":"https:\/\/quantum.com.pl\/pl\/wp-json\/wp\/v2\/media\/16673"}],"wp:attachment":[{"href":"https:\/\/quantum.com.pl\/pl\/wp-json\/wp\/v2\/media?parent=16674"}],"wp:term":[{"taxonomy":"product_brand","embeddable":true,"href":"https:\/\/quantum.com.pl\/pl\/wp-json\/wp\/v2\/product_brand?post=16674"},{"taxonomy":"product_cat","embeddable":true,"href":"https:\/\/quantum.com.pl\/pl\/wp-json\/wp\/v2\/product_cat?post=16674"},{"taxonomy":"product_tag","embeddable":true,"href":"https:\/\/quantum.com.pl\/pl\/wp-json\/wp\/v2\/product_tag?post=16674"}],"curies":[{"name":"wp","href":"https:\/\/api.w.org\/{rel}","templated":true}]}}