{"id":16689,"date":"2025-06-03T14:27:53","date_gmt":"2025-06-03T12:27:53","guid":{"rendered":"https:\/\/quantum.com.pl\/product\/pci-express-bluestorm-express-lp\/"},"modified":"2025-06-03T15:07:07","modified_gmt":"2025-06-03T13:07:07","slug":"pci-express-bluestorm-express-lp","status":"publish","type":"product","link":"https:\/\/quantum.com.pl\/pl\/product\/pci-express-bluestorm-express-lp\/","title":{"rendered":"PCI Express: BlueStorm\/Express LP"},"content":{"rendered":"<h3>Dane techniczne:<\/h3>\n<table class=\"woocommerce-product-attributes shop_attributes\" aria-label=\"Product Details\">\n<tbody>\n<tr class=\"woocommerce-product-attributes-item woocommerce-product-attributes-item--attribute_pa_ports\">\n<th class=\"woocommerce-product-attributes-item__label\" scope=\"row\">Ports<\/th>\n<td class=\"woocommerce-product-attributes-item__value\">8 ports<\/td>\n<\/tr>\n<tr class=\"woocommerce-product-attributes-item woocommerce-product-attributes-item--attribute_pa_electrical-interfaces\">\n<th class=\"woocommerce-product-attributes-item__label\" scope=\"row\">Electrical Interfaces<\/th>\n<td class=\"woocommerce-product-attributes-item__value\">Hardware selectable RS-232\/422\/485<\/td>\n<\/tr>\n<tr class=\"woocommerce-product-attributes-item woocommerce-product-attributes-item--attribute_pa_connectors\">\n<th class=\"woocommerce-product-attributes-item__label\" scope=\"row\">Connectors<\/th>\n<td class=\"woocommerce-product-attributes-item__value\">DB-25 cables, DB-9 cables, DB-9 external I\/O box<\/td>\n<\/tr>\n<tr class=\"woocommerce-product-attributes-item woocommerce-product-attributes-item--attribute_pa_control-signals\">\n<th class=\"woocommerce-product-attributes-item__label\" scope=\"row\">Control Signals<\/th>\n<td class=\"woocommerce-product-attributes-item__value\">RS-232: TxD, RxD, RTS, CTS, RI, DTR, DSR, DCD, RS-422\/485: TxD+\/-, RxD+\/-, RTS+\/-, CTS+\/-<\/td>\n<\/tr>\n<tr class=\"woocommerce-product-attributes-item woocommerce-product-attributes-item--attribute_pa_baud-rate\">\n<th class=\"woocommerce-product-attributes-item__label\" scope=\"row\">Baud Rate<\/th>\n<td class=\"woocommerce-product-attributes-item__value\">RS-232: 50 bps to 1 Mbps, RS-422\/485: 50 bps to 7.8 Mbps<\/td>\n<\/tr>\n<tr class=\"woocommerce-product-attributes-item woocommerce-product-attributes-item--attribute_interrupts\">\n<th class=\"woocommerce-product-attributes-item__label\" scope=\"row\">Interrupts<\/th>\n<td class=\"woocommerce-product-attributes-item__value\">Assigned by Plug and Play resources<\/td>\n<\/tr>\n<tr class=\"woocommerce-product-attributes-item woocommerce-product-attributes-item--attribute_memory-addresses\">\n<th class=\"woocommerce-product-attributes-item__label\" scope=\"row\">Memory Addresses<\/th>\n<td class=\"woocommerce-product-attributes-item__value\">Assigned by Plug and Play resources<\/td>\n<\/tr>\n<tr class=\"woocommerce-product-attributes-item woocommerce-product-attributes-item--attribute_pa_uart-type\">\n<th class=\"woocommerce-product-attributes-item__label\" scope=\"row\">UART Type<\/th>\n<td class=\"woocommerce-product-attributes-item__value\">PCIe octal UART with up to 254 bytes transmit and receive FIFO buffers for each port<\/td>\n<\/tr>\n<tr class=\"woocommerce-product-attributes-item woocommerce-product-attributes-item--attribute_pa_dimensions\">\n<th class=\"woocommerce-product-attributes-item__label\" scope=\"row\">Dimensions<\/th>\n<td class=\"woocommerce-product-attributes-item__value\">Length: 14.699 cm\/5.787\u201d Height: 6.891 cm\/2.713&#8243;<\/td>\n<\/tr>\n<tr class=\"woocommerce-product-attributes-item woocommerce-product-attributes-item--attribute_pa_operating-temperature\">\n<th class=\"woocommerce-product-attributes-item__label\" scope=\"row\">Operating Temperature<\/th>\n<td class=\"woocommerce-product-attributes-item__value\">0\u00b0C to +70\u00b0C (+32\u00b0F to +158\u00b0F)<\/td>\n<\/tr>\n<tr class=\"woocommerce-product-attributes-item woocommerce-product-attributes-item--attribute_pa_storage-temperature\">\n<th class=\"woocommerce-product-attributes-item__label\" scope=\"row\">Storage Temperature<\/th>\n<td class=\"woocommerce-product-attributes-item__value\">-40\u00b0C to +105\u00b0C (-40\u00b0F to +221\u00b0F)<\/td>\n<\/tr>\n<tr class=\"woocommerce-product-attributes-item woocommerce-product-attributes-item--attribute_pa_humidity\">\n<th class=\"woocommerce-product-attributes-item__label\" scope=\"row\">Humidity<\/th>\n<td class=\"woocommerce-product-attributes-item__value\">5 to 95% non-condensing<\/td>\n<\/tr>\n<tr class=\"woocommerce-product-attributes-item woocommerce-product-attributes-item--attribute_pa_bus\">\n<th class=\"woocommerce-product-attributes-item__label\" scope=\"row\">Bus<\/th>\n<td class=\"woocommerce-product-attributes-item__value\">PCI Express<\/td>\n<\/tr>\n<tr class=\"woocommerce-product-attributes-item woocommerce-product-attributes-item--attribute_pa_operating-system\">\n<th class=\"woocommerce-product-attributes-item__label\" scope=\"row\">Operating System<\/th>\n<td class=\"woocommerce-product-attributes-item__value\">Linux, QNX, SCO Unix, Solaris, Windows<\/td>\n<\/tr>\n<tr class=\"woocommerce-product-attributes-item woocommerce-product-attributes-item--attribute_surge-suppression\">\n<th class=\"woocommerce-product-attributes-item__label\" scope=\"row\">Surge Suppression<\/th>\n<td class=\"woocommerce-product-attributes-item__value\">IEC 1000-4 compatible on all signals, all ports<\/td>\n<\/tr>\n<tr class=\"woocommerce-product-attributes-item woocommerce-product-attributes-item--attribute_pa_system-interfaces\">\n<th class=\"woocommerce-product-attributes-item__label\" scope=\"row\">System Interfaces<\/th>\n<td class=\"woocommerce-product-attributes-item__value\">One PCI Express x1 card edge<\/td>\n<\/tr>\n<tr class=\"woocommerce-product-attributes-item woocommerce-product-attributes-item--attribute_pa_power-requirements\">\n<th class=\"woocommerce-product-attributes-item__label\" scope=\"row\">Power Requirements<\/th>\n<td class=\"woocommerce-product-attributes-item__value\">+3.3V DC @ 675mA (max), 100mA (min)<\/td>\n<\/tr>\n<tr class=\"woocommerce-product-attributes-item woocommerce-product-attributes-item--attribute_regulatory-approvals\">\n<th class=\"woocommerce-product-attributes-item__label\" scope=\"row\">Regulatory Approvals<\/th>\n<td class=\"woocommerce-product-attributes-item__value\">FCC Class A, ICES-003 Class A<\/td>\n<\/tr>\n<\/tbody>\n<\/table>\n<h3>Ordering information:<\/h3>\n<p><strong>BFG001<\/strong>\u00a0 \u00a0 \u00a0 \u00a0 \u00a0 \u00a0 BlueStorm\/Express LP, 8 ports, 921600 \/ 1843200 bps<br \/>\n*Note: This product has been replaced with the BFG002 (1000000 \/ 7812500 bps)<br \/>\n<strong>BFG001-01<\/strong>\u00a0 \u00a0 \u00a0 BlueStorm\/Express LP, 8 ports with CBG009 cable, 921600 \/ 1843200 bps<br \/>\n*Note: This product has been replaced with the BFG002-01 (1000000 \/ 7812500 bps)<br \/>\n<strong>BFG002<\/strong>\u00a0 \u00a0 \u00a0 \u00a0 \u00a0 \u00a0BlueStorm\/Express LP, 8 ports. Designed and built for installation in a low profile chassis.<br \/>\n<strong>BFG002-01<\/strong>\u00a0 \u00a0 \u00a0BlueStorm\/Express LP, 8 ports with CBG009 cable. Designed and built for installation in a low profile chassis.<br \/>\n<strong>BFG002-02<\/strong>\u00a0 \u00a0 BlueStorm\/Express LP, 8 ports with CBG026 cable. Designed and built for installation in a low profile chassis.<br \/>\n<strong>BFG002-04<\/strong>\u00a0 \u00a0 BlueStorm\/Express LP, 8 ports with CBG033 cable. Designed and built for installation in a low profile chassis.<br \/>\n<strong>BFG005<\/strong>\u00a0 \u00a0 \u00a0 \u00a0 \u00a0 \u00a0BlueStorm\/Express LP, 8 ports. Designed and built for installation in a standard height chassis.<br \/>\n<strong>BFG005-02<\/strong>\u00a0 \u00a0 BlueStorm\/Express LP, 8 ports with CBG026 cable. Designed and built for installation in a standard height chassis.<br \/>\n<strong>BFG005-03<\/strong>\u00a0 \u00a0 BlueStorm\/Express LP, 8 ports with IOBG08BLV1 I\/O box. Designed and built for installation in a standard height chassis.<\/p>\n<p>Cables\/Accessories<br \/>\n<strong>CBG009<\/strong>\u00a0 \u00a0 \u00a0 \u00a0 \u00a0 \u00a0 \u00a0 \u00a0 \u00a08x DB-9 Male<br \/>\n<strong>CBG026<\/strong>\u00a0 \u00a0 \u00a0 \u00a0 \u00a0 \u00a0 \u00a0 \u00a0 \u00a08x DB-25 Male, 0.3m length<br \/>\n<strong>IOBG08DB9V1<\/strong>\u00a0 \u00a0 8x DB-9 Male I\/O Box, Provides Universal DB9M, 1.220 length<br \/>\n<strong>CBG033<\/strong>\u00a0 \u00a0 \u00a0 \u00a0 \u00a0 \u00a0 \u00a0 \u00a0 8x DB-9 Male, 1.220 length<br \/>\n<strong>IOBG08BLV1<\/strong>\u00a0 \u00a0 \u00a0 \u00a08x DB-9 Male I\/O Box, 1.220m length<\/p>\n","protected":false},"excerpt":{"rendered":"<h3>Najwa\u017cniejsze cechy:<\/h3>\n<ul>\n<li>Elastyczno\u015b\u0107: Karta PCI Express x1 Lane jest kompatybilna z dowolnym dost\u0119pnym gniazdem PCI Express x1, x4, x8 lub x16.<\/li>\n<li>Pr\u0119dko\u015b\u0107: Dwukierunkowa komunikacja danych z pr\u0119dko\u015bci\u0105 do 1,8432 Mb\/s (RS-422\/485) i 921,8 Kb\/s (RS-232)<\/li>\n<li>Wydajno\u015b\u0107: Ka\u017cdy port ma do 64 bajt\u00f3w bufor\u00f3w FIFO do transmisji i odbioru, automatyczn\u0105 kontrol\u0119 przep\u0142ywu sprz\u0119towego i programowego<\/li>\n<li>Ochrona: Zgodno\u015b\u0107 z norm\u0105 IEC 61000-4 dla wszystkich sygna\u0142\u00f3w, wszystkich port\u00f3w<\/li>\n<\/ul>\n<h3>Wi\u0119cej informacji:<\/h3>\n<p>Rodzina BlueStorm\/Express oferuje niezawodny, szybki transfer danych dla Twojego systemu PCI Express.<\/p>\n<p>BlueStorm\/Express LP to karta szeregowa PCI Express x1 Lane o niskim profilu, oferuj\u0105ca osiem port\u00f3w \u0142\u0105czno\u015bci RS-232\/422\/485, kompatybilna z dowolnym gniazdem PCI Express. Dwukierunkowa pr\u0119dko\u015b\u0107 transmisji danych do 7,8 Mb\/s (RS-422\/485) zapewnia niezawodn\u0105 i ekonomiczn\u0105 komunikacj\u0119 aplikacji do pozyskiwania danych, automatyzacji biura, POS, samoobs\u0142ugowego kiosku lub naukowych\/instrumentacyjnych.<\/p>\n<p>BlueStorm\/Express LP jest kompatybilny z gniazdami PCI Express x1, x4, x8 i x16. Modernizacja systemu PCI do wydajniejszego PCI Express wymaga jedynie zmiany sprz\u0119tu \u2013 nowy system PCI Express jest wstecznie kompatybilny z oprogramowaniem PCI.<\/p>\n<p>Wszystkie karty PCI Express Connect Tech posiadaj\u0105 certyfikat FCC i s\u0105 oznaczone znakiem CE.<\/p>\n","protected":false},"featured_media":16686,"template":"","meta":{"_acf_changed":false,"inline_featured_image":false,"_monsterinsights_skip_tracking":false,"_monsterinsights_sitenote_active":false,"_monsterinsights_sitenote_note":"","_monsterinsights_sitenote_category":0},"product_brand":[],"product_cat":[1472,1708],"product_tag":[],"class_list":{"0":"post-16689","1":"product","2":"type-product","3":"status-publish","4":"has-post-thumbnail","6":"product_cat-connect-tech-inc","7":"product_cat-pci-express-2","9":"first","10":"instock","11":"shipping-taxable","12":"product-type-simple"},"acf":[],"_links":{"self":[{"href":"https:\/\/quantum.com.pl\/pl\/wp-json\/wp\/v2\/product\/16689","targetHints":{"allow":["GET"]}}],"collection":[{"href":"https:\/\/quantum.com.pl\/pl\/wp-json\/wp\/v2\/product"}],"about":[{"href":"https:\/\/quantum.com.pl\/pl\/wp-json\/wp\/v2\/types\/product"}],"wp:featuredmedia":[{"embeddable":true,"href":"https:\/\/quantum.com.pl\/pl\/wp-json\/wp\/v2\/media\/16686"}],"wp:attachment":[{"href":"https:\/\/quantum.com.pl\/pl\/wp-json\/wp\/v2\/media?parent=16689"}],"wp:term":[{"taxonomy":"product_brand","embeddable":true,"href":"https:\/\/quantum.com.pl\/pl\/wp-json\/wp\/v2\/product_brand?post=16689"},{"taxonomy":"product_cat","embeddable":true,"href":"https:\/\/quantum.com.pl\/pl\/wp-json\/wp\/v2\/product_cat?post=16689"},{"taxonomy":"product_tag","embeddable":true,"href":"https:\/\/quantum.com.pl\/pl\/wp-json\/wp\/v2\/product_tag?post=16689"}],"curies":[{"name":"wp","href":"https:\/\/api.w.org\/{rel}","templated":true}]}}