{"id":16697,"date":"2025-06-04T10:19:25","date_gmt":"2025-06-04T08:19:25","guid":{"rendered":"https:\/\/quantum.com.pl\/product\/pci-express-bluestorm-express-opto\/"},"modified":"2025-06-04T10:29:36","modified_gmt":"2025-06-04T08:29:36","slug":"pci-express-bluestorm-express-opto","status":"publish","type":"product","link":"https:\/\/quantum.com.pl\/pl\/product\/pci-express-bluestorm-express-opto\/","title":{"rendered":"PCI Express: BlueStorm\/Express Opto"},"content":{"rendered":"<h3>Dane techniczne:<\/h3>\n<table class=\"woocommerce-product-attributes shop_attributes\" aria-label=\"Product Details\">\n<tbody>\n<tr class=\"woocommerce-product-attributes-item woocommerce-product-attributes-item--attribute_pa_ports\">\n<th class=\"woocommerce-product-attributes-item__label\" scope=\"row\">Ports<\/th>\n<td class=\"woocommerce-product-attributes-item__value\">4 ports<\/td>\n<\/tr>\n<tr class=\"woocommerce-product-attributes-item woocommerce-product-attributes-item--attribute_pa_electrical-interfaces\">\n<th class=\"woocommerce-product-attributes-item__label\" scope=\"row\">Electrical Interfaces<\/th>\n<td class=\"woocommerce-product-attributes-item__value\">Hardware selectable RS-232\/422\/485<\/td>\n<\/tr>\n<tr class=\"woocommerce-product-attributes-item woocommerce-product-attributes-item--attribute_pa_connectors\">\n<th class=\"woocommerce-product-attributes-item__label\" scope=\"row\">Connectors<\/th>\n<td class=\"woocommerce-product-attributes-item__value\">RJ-45 to DB-9 cables<\/td>\n<\/tr>\n<tr class=\"woocommerce-product-attributes-item woocommerce-product-attributes-item--attribute_pa_control-signals\">\n<th class=\"woocommerce-product-attributes-item__label\" scope=\"row\">Control Signals<\/th>\n<td class=\"woocommerce-product-attributes-item__value\">RS-232: TxD, RxD, RTS, CTS, RS-422\/485: TxD+\/-, RxD+\/-, RTS+\/-, CTS+\/-<\/td>\n<\/tr>\n<tr class=\"woocommerce-product-attributes-item woocommerce-product-attributes-item--attribute_pa_baud-rate\">\n<th class=\"woocommerce-product-attributes-item__label\" scope=\"row\">Baud Rate<\/th>\n<td class=\"woocommerce-product-attributes-item__value\">RS-232: 50 bps to 921.6 Kbps, RS-422\/485: 50 bps to 1.8432 Mbps<\/td>\n<\/tr>\n<tr class=\"woocommerce-product-attributes-item woocommerce-product-attributes-item--attribute_interrupts\">\n<th class=\"woocommerce-product-attributes-item__label\" scope=\"row\">Interrupts<\/th>\n<td class=\"woocommerce-product-attributes-item__value\">Assigned by Plug and Play resources<\/td>\n<\/tr>\n<tr class=\"woocommerce-product-attributes-item woocommerce-product-attributes-item--attribute_memory-addresses\">\n<th class=\"woocommerce-product-attributes-item__label\" scope=\"row\">Memory Addresses<\/th>\n<td class=\"woocommerce-product-attributes-item__value\">Assigned by Plug and Play resources<\/td>\n<\/tr>\n<tr class=\"woocommerce-product-attributes-item woocommerce-product-attributes-item--attribute_pa_uart-type\">\n<th class=\"woocommerce-product-attributes-item__label\" scope=\"row\">UART Type<\/th>\n<td class=\"woocommerce-product-attributes-item__value\">Dual UARTs with up to 64 bytes transmit and receive FIFO buffers for each port<\/td>\n<\/tr>\n<tr class=\"woocommerce-product-attributes-item woocommerce-product-attributes-item--attribute_pa_dimensions\">\n<th class=\"woocommerce-product-attributes-item__label\" scope=\"row\">Dimensions<\/th>\n<td class=\"woocommerce-product-attributes-item__value\">Length: 14.699 cm\/5.775&#8243; Height: 11.049 cm\/4.350&#8243;<\/td>\n<\/tr>\n<tr class=\"woocommerce-product-attributes-item woocommerce-product-attributes-item--attribute_pa_operating-temperature\">\n<th class=\"woocommerce-product-attributes-item__label\" scope=\"row\">Operating Temperature<\/th>\n<td class=\"woocommerce-product-attributes-item__value\">0\u00b0C to +70\u00b0C (+32\u00b0F to +158\u00b0F)<\/td>\n<\/tr>\n<tr class=\"woocommerce-product-attributes-item woocommerce-product-attributes-item--attribute_pa_storage-temperature\">\n<th class=\"woocommerce-product-attributes-item__label\" scope=\"row\">Storage Temperature<\/th>\n<td class=\"woocommerce-product-attributes-item__value\">-40\u00b0C to +105\u00b0C (-40\u00b0F to +221\u00b0F)<\/td>\n<\/tr>\n<tr class=\"woocommerce-product-attributes-item woocommerce-product-attributes-item--attribute_pa_humidity\">\n<th class=\"woocommerce-product-attributes-item__label\" scope=\"row\">Humidity<\/th>\n<td class=\"woocommerce-product-attributes-item__value\">5 to 95% non-condensing<\/td>\n<\/tr>\n<tr class=\"woocommerce-product-attributes-item woocommerce-product-attributes-item--attribute_pa_bus\">\n<th class=\"woocommerce-product-attributes-item__label\" scope=\"row\">Bus<\/th>\n<td class=\"woocommerce-product-attributes-item__value\">PCI Express<\/td>\n<\/tr>\n<tr class=\"woocommerce-product-attributes-item woocommerce-product-attributes-item--attribute_pa_operating-system\">\n<th class=\"woocommerce-product-attributes-item__label\" scope=\"row\">Operating System<\/th>\n<td class=\"woocommerce-product-attributes-item__value\">Linux, QNX, SCO Unix, Solaris, Windows<\/td>\n<\/tr>\n<tr class=\"woocommerce-product-attributes-item woocommerce-product-attributes-item--attribute_optical-isolation\">\n<th class=\"woocommerce-product-attributes-item__label\" scope=\"row\">Optical Isolation<\/th>\n<td class=\"woocommerce-product-attributes-item__value\">3kV optical isolation<\/td>\n<\/tr>\n<tr class=\"woocommerce-product-attributes-item woocommerce-product-attributes-item--attribute_pa_system-interfaces\">\n<th class=\"woocommerce-product-attributes-item__label\" scope=\"row\">System Interfaces<\/th>\n<td class=\"woocommerce-product-attributes-item__value\">Any available PCI Express slot<\/td>\n<\/tr>\n<tr class=\"woocommerce-product-attributes-item woocommerce-product-attributes-item--attribute_pa_power-requirements\">\n<th class=\"woocommerce-product-attributes-item__label\" scope=\"row\">Power Requirements<\/th>\n<td class=\"woocommerce-product-attributes-item__value\">+12V DC @ 180mA, +3.3V DC @ 200mA<\/td>\n<\/tr>\n<tr class=\"woocommerce-product-attributes-item woocommerce-product-attributes-item--attribute_regulatory-approvals\">\n<th class=\"woocommerce-product-attributes-item__label\" scope=\"row\">Regulatory Approvals<\/th>\n<td class=\"woocommerce-product-attributes-item__value\">FCC Class A<br \/>\nICES-003 Class A<br \/>\nEN50082-2<br \/>\nEN 55022 Class A<br \/>\nEN 55024<\/td>\n<\/tr>\n<\/tbody>\n<\/table>\n<h3>Ordering information:<\/h3>\n<p><strong>BBG001<\/strong> BlueStorm\/Express Opto, 4 ports<br \/>\n<strong>BBG001-01<\/strong> BlueStorm\/Express Opto, 4 ports with CAGRJ4509 cable<br \/>\n<strong>BBG003<\/strong> BlueStorm\/Express Opto, 8 ports<br \/>\n<strong>BBG003-01<\/strong> BlueStorm\/Express Opto, 8 ports with CAG08FXDX cable<\/p>\n<p>Cables\/Accessories<br \/>\n<strong>CAGRJ4509<\/strong> 1x RJ-45, DB-9<br \/>\n<strong>CAG08FXDX<\/strong> 8x DB-9 Male<\/p>\n","protected":false},"excerpt":{"rendered":"<h3>Najwa\u017cniejsze cechy:<\/h3>\n<ul>\n<li>Elastyczno\u015b\u0107: Karta PCI Express x1 Lane jest kompatybilna z dowolnym dost\u0119pnym gniazdem PCI Express x1, x4, x8 lub x16<\/li>\n<li>Pr\u0119dko\u015b\u0107: Dwukierunkowa pr\u0119dko\u015b\u0107 transmisji danych do 1,8432 Mb\/s (RS-422\/485) i 921,8 Kb\/s (RS-232)<\/li>\n<li>Wydajno\u015b\u0107: Ka\u017cdy port ma do 64 bajt\u00f3w bufor\u00f3w FIFO do transmisji i odbioru, automatyczn\u0105 kontrol\u0119 przep\u0142ywu sprz\u0119towego i programowego<\/li>\n<li>Ochrona: 3 kV izolacji optycznej na ka\u017cdym porcie<\/li>\n<\/ul>\n<h3>Wi\u0119cej informacji:<\/h3>\n<p>Rozszerzenie rodziny produkt\u00f3w PCI Express firmy Connect Tech, BlueStorm\/Express Opto oferuje niezawodno\u015b\u0107 i wysok\u0105 pr\u0119dko\u015b\u0107 przesy\u0142u danych wraz z izolacj\u0105 optyczn\u0105 3 kV. Ta dodatkowa ochrona sprawia, \u017ce \u200b\u200bkarty PCI Express Opto s\u0105 idealne w \u015brodowiskach, w kt\u00f3rych trudne warunki mog\u0105 zak\u0142\u00f3ca\u0107 komunikacj\u0119.<\/p>\n<p>Dost\u0119pne z czterema portami \u0142\u0105czno\u015bci RS-232\/422\/485, te karty PCI Express x1 s\u0105 kompatybilne z gniazdami PCI Express x1, x4, x8, x16. Modernizacja systemu PCI do bardziej wydajnego PCI Express wymaga jedynie zmiany sprz\u0119tu, poniewa\u017c nowy system PCI Express jest wstecznie kompatybilny z oprogramowaniem PCI.<\/p>\n<p>Dwukierunkowe pr\u0119dko\u015bci danych do 1,8432 Mb\/s zapewniaj\u0105 szybkie pozyskiwanie danych i komunikacj\u0119. PCI Express pozwala na wi\u0119ksz\u0105 responsywno\u015b\u0107 przy jednoczesnym zmniejszeniu obci\u0105\u017cenia sieci.<\/p>\n<p>Wszystkie karty PCI Express firmy Connect Tech posiadaj\u0105 certyfikat FCC i oznaczenie CE.<\/p>\n","protected":false},"featured_media":16695,"template":"","meta":{"_acf_changed":false,"inline_featured_image":false,"_monsterinsights_skip_tracking":false,"_monsterinsights_sitenote_active":false,"_monsterinsights_sitenote_note":"","_monsterinsights_sitenote_category":0},"product_brand":[],"product_cat":[1472,1708],"product_tag":[],"class_list":{"0":"post-16697","1":"product","2":"type-product","3":"status-publish","4":"has-post-thumbnail","6":"product_cat-connect-tech-inc","7":"product_cat-pci-express-2","9":"first","10":"instock","11":"shipping-taxable","12":"product-type-simple"},"acf":[],"_links":{"self":[{"href":"https:\/\/quantum.com.pl\/pl\/wp-json\/wp\/v2\/product\/16697","targetHints":{"allow":["GET"]}}],"collection":[{"href":"https:\/\/quantum.com.pl\/pl\/wp-json\/wp\/v2\/product"}],"about":[{"href":"https:\/\/quantum.com.pl\/pl\/wp-json\/wp\/v2\/types\/product"}],"wp:featuredmedia":[{"embeddable":true,"href":"https:\/\/quantum.com.pl\/pl\/wp-json\/wp\/v2\/media\/16695"}],"wp:attachment":[{"href":"https:\/\/quantum.com.pl\/pl\/wp-json\/wp\/v2\/media?parent=16697"}],"wp:term":[{"taxonomy":"product_brand","embeddable":true,"href":"https:\/\/quantum.com.pl\/pl\/wp-json\/wp\/v2\/product_brand?post=16697"},{"taxonomy":"product_cat","embeddable":true,"href":"https:\/\/quantum.com.pl\/pl\/wp-json\/wp\/v2\/product_cat?post=16697"},{"taxonomy":"product_tag","embeddable":true,"href":"https:\/\/quantum.com.pl\/pl\/wp-json\/wp\/v2\/product_tag?post=16697"}],"curies":[{"name":"wp","href":"https:\/\/api.w.org\/{rel}","templated":true}]}}