{"id":16702,"date":"2025-06-04T13:12:44","date_gmt":"2025-06-04T11:12:44","guid":{"rendered":"https:\/\/quantum.com.pl\/product\/pcie-104-to-pci-express-cable-adapter\/"},"modified":"2025-06-04T14:17:50","modified_gmt":"2025-06-04T12:17:50","slug":"pcie-104-to-pci-express-cable-adapter","status":"publish","type":"product","link":"https:\/\/quantum.com.pl\/pl\/product\/pcie-104-to-pci-express-cable-adapter\/","title":{"rendered":"PCIe\/104 to PCI Express Cable Adapter"},"content":{"rendered":"<h3>Dane techniczne:<\/h3>\n<table class=\"woocommerce-product-attributes shop_attributes\" aria-label=\"Product Details\">\n<tbody>\n<tr class=\"woocommerce-product-attributes-item woocommerce-product-attributes-item--attribute_pcie-lane-interconnect\">\n<th class=\"woocommerce-product-attributes-item__label\" scope=\"row\">PCIe Lane Interconnect<\/th>\n<td class=\"woocommerce-product-attributes-item__value\">x1 PCIe\/104 lanes can be connected via PCI Express cable<\/td>\n<\/tr>\n<tr class=\"woocommerce-product-attributes-item woocommerce-product-attributes-item--attribute_pa_connectors\">\n<th class=\"woocommerce-product-attributes-item__label\" scope=\"row\">Connectors<\/th>\n<td class=\"woocommerce-product-attributes-item__value\">PCI-104 pass-through connector (optional), PCI-104\/Express 156 pin top and bottom connectors, PCIe Cable connector (molex 74150-001)<\/td>\n<\/tr>\n<tr class=\"woocommerce-product-attributes-item woocommerce-product-attributes-item--attribute_pa_dimensions\">\n<th class=\"woocommerce-product-attributes-item__label\" scope=\"row\">Dimensions<\/th>\n<td class=\"woocommerce-product-attributes-item__value\">95.885mm x 90.17mm (3.775&#8243; x 3.550&#8243;)<\/td>\n<\/tr>\n<tr class=\"woocommerce-product-attributes-item woocommerce-product-attributes-item--attribute_temperature\">\n<th class=\"woocommerce-product-attributes-item__label\" scope=\"row\">Temperature<\/th>\n<td class=\"woocommerce-product-attributes-item__value\">ADG040: -20\u00b0C to +85\u00b0C (-4\u00b0F to +185\u00b0F)<br \/>\nADG041: 0\u00b0C to +70\u00b0C (+32\u00b0F to +158\u00b0F) (with repeater)<\/td>\n<\/tr>\n<\/tbody>\n<\/table>\n<h3>Ordering information:<\/h3>\n<p><strong>ADG040<\/strong>\u00a0 \u00a0 \u00a0PCIe\/104 to PCI Express Cable Adapter, -20\u00b0C to +85\u00b0C (-4\u00b0F to +185\u00b0F)<br \/>\n<strong>ADG041<\/strong>\u00a0 \u00a0 \u00a0PCIe\/104 to PCI Express Cable Adapter, with repeater, 0\u00b0C to +70\u00b0C (+32\u00b0F to +158\u00b0F)<\/p>\n","protected":false},"excerpt":{"rendered":"<h3>Najwa\u017cniejsze cechy:<\/h3>\n<ul>\n<li>Zgodny z PCIe\/104 i PCI\/104-Express<\/li>\n<li>Zgodny ze specyfikacj\u0105 okablowania PCI Express 1.0<\/li>\n<li>Opcjonalny konfigurowalny wzmacniacz sygna\u0142u PCIe do obs\u0142ugi d\u0142u\u017cszych d\u0142ugo\u015bci kabli<\/li>\n<li>Temperatura pracy:<br \/>\nADG040: od -20\u00b0C do +85\u00b0C (od -4\u00b0F do +185\u00b0F)<br \/>\nADG041: od 0\u00b0C do +70\u00b0C (od +32\u00b0F do +158\u00b0F) (z wzmacniaczem)<\/li>\n<li>Wymiary: 3,55\u201d x 3,775\u201d<\/li>\n<\/ul>\n<h3>Wi\u0119cej informacji:<\/h3>\n<p>Adapter kablowy <strong>PCIe\/104 do PCI Express<\/strong> firmy Connect Tech zapewnia interfejs z magistrali PCIe\/104 (PCI\/104-Express) do po\u0142\u0105czenia kablowego PCI Express. Adapter jest ca\u0142kowicie przezroczysty dla magistrali PCI Express i umo\u017cliwia korzystanie z urz\u0105dzenia PCI Express poza stosem systemowym PCI\/104-Express.<\/p>\n","protected":false},"featured_media":16701,"template":"","meta":{"_acf_changed":false,"inline_featured_image":false,"_monsterinsights_skip_tracking":false,"_monsterinsights_sitenote_active":false,"_monsterinsights_sitenote_note":"","_monsterinsights_sitenote_category":0},"product_brand":[],"product_cat":[1472,1708],"product_tag":[],"class_list":{"0":"post-16702","1":"product","2":"type-product","3":"status-publish","4":"has-post-thumbnail","6":"product_cat-connect-tech-inc","7":"product_cat-pci-express-2","9":"first","10":"instock","11":"shipping-taxable","12":"product-type-simple"},"acf":[],"_links":{"self":[{"href":"https:\/\/quantum.com.pl\/pl\/wp-json\/wp\/v2\/product\/16702","targetHints":{"allow":["GET"]}}],"collection":[{"href":"https:\/\/quantum.com.pl\/pl\/wp-json\/wp\/v2\/product"}],"about":[{"href":"https:\/\/quantum.com.pl\/pl\/wp-json\/wp\/v2\/types\/product"}],"wp:featuredmedia":[{"embeddable":true,"href":"https:\/\/quantum.com.pl\/pl\/wp-json\/wp\/v2\/media\/16701"}],"wp:attachment":[{"href":"https:\/\/quantum.com.pl\/pl\/wp-json\/wp\/v2\/media?parent=16702"}],"wp:term":[{"taxonomy":"product_brand","embeddable":true,"href":"https:\/\/quantum.com.pl\/pl\/wp-json\/wp\/v2\/product_brand?post=16702"},{"taxonomy":"product_cat","embeddable":true,"href":"https:\/\/quantum.com.pl\/pl\/wp-json\/wp\/v2\/product_cat?post=16702"},{"taxonomy":"product_tag","embeddable":true,"href":"https:\/\/quantum.com.pl\/pl\/wp-json\/wp\/v2\/product_tag?post=16702"}],"curies":[{"name":"wp","href":"https:\/\/api.w.org\/{rel}","templated":true}]}}