{"id":16715,"date":"2025-06-04T15:06:47","date_gmt":"2025-06-04T13:06:47","guid":{"rendered":"https:\/\/quantum.com.pl\/product\/pci-express-dump-switch-card\/"},"modified":"2025-06-04T15:21:39","modified_gmt":"2025-06-04T13:21:39","slug":"pci-express-dump-switch-card","status":"publish","type":"product","link":"https:\/\/quantum.com.pl\/pl\/product\/pci-express-dump-switch-card\/","title":{"rendered":"PCI Express Dump Switch Card"},"content":{"rendered":"<h3>Dane techniczne:<\/h3>\n<div class=\"woocommerce-tabs wc-tabs-wrapper\">\n<div id=\"tab-additional_information\" class=\"woocommerce-Tabs-panel woocommerce-Tabs-panel--additional_information panel entry-content wc-tab\" role=\"tabpanel\" aria-labelledby=\"tab-title-additional_information\">\n<table class=\"woocommerce-product-attributes shop_attributes\" aria-label=\"Product Details\">\n<tbody>\n<tr class=\"woocommerce-product-attributes-item woocommerce-product-attributes-item--attribute_pa_operating-temperature\">\n<th class=\"woocommerce-product-attributes-item__label\" scope=\"row\">Operating Temperature<\/th>\n<td class=\"woocommerce-product-attributes-item__value\">0\u00b0C to +65\u00b0C (+32\u00b0F to +149\u00b0F)<\/td>\n<\/tr>\n<tr class=\"woocommerce-product-attributes-item woocommerce-product-attributes-item--attribute_pa_dimensions\">\n<th class=\"woocommerce-product-attributes-item__label\" scope=\"row\">Dimensions<\/th>\n<td class=\"woocommerce-product-attributes-item__value\">Standard MD1 low profile format (2.57\u201d long)<\/td>\n<\/tr>\n<\/tbody>\n<\/table>\n<\/div>\n<\/div>\n<div class=\"fusion-clearfix\"><\/div>\n<h3>Ordering information:<\/h3>\n<div><strong>ADG018<\/strong>\u00a0 \u00a0 \u00a0PCI Express Dump Switch Card<\/div>\n","protected":false},"excerpt":{"rendered":"<h3>Najwa\u017cniejsze cechy:<\/h3>\n<ul>\n<li>x1 linia PCIe (zgodna z PCI Express 1.1)<\/li>\n<li>Generowanie przerwa\u0144 niemaskowalnych (NMI) za pomoc\u0105 przycisku<\/li>\n<li>Przezroczysty mostek PCIe do PCI<\/li>\n<li>Ma\u0142y rozmiar p\u0142ytki PCB (2,57 cala)<\/li>\n<li>Zgodno\u015b\u0107 ze wszystkimi systemami operacyjnymi Windows, Linux i QNX<\/li>\n<\/ul>\n<h3>Wi\u0119cej informacji:<\/h3>\n<p>Karta PCIe Dump Switch z \u0142atwo\u015bci\u0105 debuguje zawieszanie si\u0119 systemu, oszcz\u0119dzaj\u0105c czas i frustracj\u0119. Jest to niezb\u0119dny sprz\u0119t dla ka\u017cdego programisty.<\/p>\n<p>Gdy systemy zawieszaj\u0105 si\u0119 podczas tworzenia lub testowania, reset sprz\u0119towy powoduje utrat\u0119 kluczowych informacji, kt\u00f3re mog\u0142yby zosta\u0107 wykorzystane do analizy problemu \u017ar\u00f3d\u0142owego. Zamiast po\u015bwi\u0119ca\u0107 godziny cennego czasu na ustalenie przyczyny zawieszenia si\u0119 systemu, PCIe Dump Switch identyfikuje b\u0142\u0119dy za naci\u015bni\u0119ciem przycisku. Przycisk na PCIe Dump Switch wyzwala przerwanie niemaskowalne (NMI), umo\u017cliwiaj\u0105c zrzut awaryjny lub wykonanie zrzutu do debugera systemu operacyjnego. Ta akcja zrzutu zachowuje informacje, kt\u00f3re normalnie zosta\u0142yby utracone podczas resetowania.<\/p>\n<p>Kliknij, aby pobra\u0107 <a href=\"http:\/\/PCI Express Dump Switch Card\" target=\"_blank\" rel=\"noopener\">og\u00f3lne uwagi dotycz\u0105ce u\u017cycia<\/a>, w tym uwagi dotycz\u0105ce system\u00f3w Windows, Linux i QNX4, a tak\u017ce og\u00f3lne instrukcje obs\u0142ugi.<\/p>\n","protected":false},"featured_media":16714,"template":"","meta":{"_acf_changed":false,"inline_featured_image":false,"_monsterinsights_skip_tracking":false,"_monsterinsights_sitenote_active":false,"_monsterinsights_sitenote_note":"","_monsterinsights_sitenote_category":0},"product_brand":[],"product_cat":[1472,1708],"product_tag":[],"class_list":{"0":"post-16715","1":"product","2":"type-product","3":"status-publish","4":"has-post-thumbnail","6":"product_cat-connect-tech-inc","7":"product_cat-pci-express-2","9":"first","10":"instock","11":"shipping-taxable","12":"product-type-simple"},"acf":[],"_links":{"self":[{"href":"https:\/\/quantum.com.pl\/pl\/wp-json\/wp\/v2\/product\/16715","targetHints":{"allow":["GET"]}}],"collection":[{"href":"https:\/\/quantum.com.pl\/pl\/wp-json\/wp\/v2\/product"}],"about":[{"href":"https:\/\/quantum.com.pl\/pl\/wp-json\/wp\/v2\/types\/product"}],"wp:featuredmedia":[{"embeddable":true,"href":"https:\/\/quantum.com.pl\/pl\/wp-json\/wp\/v2\/media\/16714"}],"wp:attachment":[{"href":"https:\/\/quantum.com.pl\/pl\/wp-json\/wp\/v2\/media?parent=16715"}],"wp:term":[{"taxonomy":"product_brand","embeddable":true,"href":"https:\/\/quantum.com.pl\/pl\/wp-json\/wp\/v2\/product_brand?post=16715"},{"taxonomy":"product_cat","embeddable":true,"href":"https:\/\/quantum.com.pl\/pl\/wp-json\/wp\/v2\/product_cat?post=16715"},{"taxonomy":"product_tag","embeddable":true,"href":"https:\/\/quantum.com.pl\/pl\/wp-json\/wp\/v2\/product_tag?post=16715"}],"curies":[{"name":"wp","href":"https:\/\/api.w.org\/{rel}","templated":true}]}}