{"id":16723,"date":"2025-06-09T13:06:04","date_gmt":"2025-06-09T11:06:04","guid":{"rendered":"https:\/\/quantum.com.pl\/product\/pci-express-pcie-burn-in-rack-adapter\/"},"modified":"2025-06-09T13:06:04","modified_gmt":"2025-06-09T11:06:04","slug":"pci-express-pcie-burn-in-rack-adapter","status":"publish","type":"product","link":"https:\/\/quantum.com.pl\/pl\/product\/pci-express-pcie-burn-in-rack-adapter\/","title":{"rendered":"PCI Express (PCIe) Burn-in Rack Adapter"},"content":{"rendered":"<h3>Dane techniczne:<\/h3>\n<table class=\"woocommerce-product-attributes shop_attributes\" aria-label=\"Product Details\">\n<tbody>\n<tr class=\"woocommerce-product-attributes-item woocommerce-product-attributes-item--attribute_pa_dimensions\">\n<th class=\"woocommerce-product-attributes-item__label\" scope=\"row\">Dimensions<\/th>\n<td class=\"woocommerce-product-attributes-item__value\">Length: 31.5cm\/12.4\u201d Width: 13.97cm\/5.5\u201d<\/td>\n<\/tr>\n<tr class=\"woocommerce-product-attributes-item woocommerce-product-attributes-item--attribute_pa_power-requirements\">\n<th class=\"woocommerce-product-attributes-item__label\" scope=\"row\">Power Requirements<\/th>\n<td class=\"woocommerce-product-attributes-item__value\">ATX power \u2013 20 and 24 pin options (on\/off switch control), Optional: Binding posts to allow the connection of a bench power supply<\/td>\n<\/tr>\n<\/tbody>\n<\/table>\n<h3>Ordering information:<\/h3>\n<p><strong>ADG010<\/strong>\u00a0 \u00a0 \u00a0PCI Express (PCIe) Burn-in Rack Adapter<\/p>\n","protected":false},"excerpt":{"rendered":"<h3>Najwa\u017cniejsze cechy:<\/h3>\n<ul>\n<li><span class=\"HwtZe\" lang=\"pl\"><span class=\"jCAhz ChMk0b\"><span class=\"ryNqvb\">Wypal dziesi\u0119\u0107 kart PCI Express o szeroko\u015bciach pas\u00f3w od x1 do x16 w dowolnej kombinacji <\/span><\/span><\/span><\/li>\n<li><span class=\"HwtZe\" lang=\"pl\"><span class=\"jCAhz ChMk0b\"><span class=\"ryNqvb\">Punkty testowe z przodu do \u0142atwego pomiaru zar\u00f3wno szyn +3,3 V, jak i 12 V<\/span><\/span><\/span><\/li>\n<li><span class=\"HwtZe\" lang=\"pl\"><span class=\"jCAhz ChMk0b\"><span class=\"ryNqvb\"> Szybka weryfikacja warunk\u00f3w zasilania i szeroko\u015bci pas\u00f3w za pomoc\u0105 wbudowanych diod LED <\/span><\/span><\/span><\/li>\n<li><span class=\"HwtZe\" lang=\"pl\"><span class=\"jCAhz ChMk0b\"><span class=\"ryNqvb\">Zasilanie ATX \u2013 opcje 20 i 24-pinowe (sterowanie prze\u0142\u0105cznikiem w\u0142\u0105cz\/wy\u0142\u0105cz), a tak\u017ce zaciski \u0142\u0105cz\u0105ce umo\u017cliwiaj\u0105ce pod\u0142\u0105czenie zasilacza warsztatowego <\/span><\/span><\/span><\/li>\n<li><span class=\"HwtZe\" lang=\"pl\"><span class=\"jCAhz ChMk0b\"><span class=\"ryNqvb\">Wymiary: 12,4\u201d d\u0142ugo\u015bci i 5,5\u201d wysoko\u015bci <\/span><\/span><\/span><\/li>\n<li><span class=\"HwtZe\" lang=\"pl\"><span class=\"jCAhz ChMk0b\"><span class=\"ryNqvb\">Zgodno\u015b\u0107 z RoHS<\/span><\/span><\/span><\/li>\n<\/ul>\n<h3>Wi\u0119cej informacji:<\/h3>\n<p>Ta p\u0142ytka drukowana umo\u017cliwia jednoczesne wypalanie do 10 kart PCI Express 15 W lub 25 W bez potrzeby dedykowanego systemu komputerowego.<\/p>\n<p>Gruba miedziana konstrukcja utrzymuje niskie temperatury nawet przy bardzo du\u017cych obci\u0105\u017ceniach, podczas gdy indywidualnie zabezpieczone i filtrowane gniazda chroni\u0105 p\u0142ytki przed przepi\u0119ciami.<\/p>\n<p>Do\u0142\u0105czono zaciski \u0142\u0105cz\u0105ce, aby umo\u017cliwi\u0107 pod\u0142\u0105czenie sprz\u0119tu monitoruj\u0105cego, zasilaczy warsztatowych lub DMM.<\/p>\n","protected":false},"featured_media":16721,"template":"","meta":{"_acf_changed":false,"inline_featured_image":false,"_monsterinsights_skip_tracking":false,"_monsterinsights_sitenote_active":false,"_monsterinsights_sitenote_note":"","_monsterinsights_sitenote_category":0},"product_brand":[],"product_cat":[1472,1708],"product_tag":[],"class_list":{"0":"post-16723","1":"product","2":"type-product","3":"status-publish","4":"has-post-thumbnail","6":"product_cat-connect-tech-inc","7":"product_cat-pci-express-2","9":"first","10":"instock","11":"shipping-taxable","12":"product-type-simple"},"acf":[],"_links":{"self":[{"href":"https:\/\/quantum.com.pl\/pl\/wp-json\/wp\/v2\/product\/16723","targetHints":{"allow":["GET"]}}],"collection":[{"href":"https:\/\/quantum.com.pl\/pl\/wp-json\/wp\/v2\/product"}],"about":[{"href":"https:\/\/quantum.com.pl\/pl\/wp-json\/wp\/v2\/types\/product"}],"wp:featuredmedia":[{"embeddable":true,"href":"https:\/\/quantum.com.pl\/pl\/wp-json\/wp\/v2\/media\/16721"}],"wp:attachment":[{"href":"https:\/\/quantum.com.pl\/pl\/wp-json\/wp\/v2\/media?parent=16723"}],"wp:term":[{"taxonomy":"product_brand","embeddable":true,"href":"https:\/\/quantum.com.pl\/pl\/wp-json\/wp\/v2\/product_brand?post=16723"},{"taxonomy":"product_cat","embeddable":true,"href":"https:\/\/quantum.com.pl\/pl\/wp-json\/wp\/v2\/product_cat?post=16723"},{"taxonomy":"product_tag","embeddable":true,"href":"https:\/\/quantum.com.pl\/pl\/wp-json\/wp\/v2\/product_tag?post=16723"}],"curies":[{"name":"wp","href":"https:\/\/api.w.org\/{rel}","templated":true}]}}