{"id":16728,"date":"2025-06-09T14:02:25","date_gmt":"2025-06-09T12:02:25","guid":{"rendered":"https:\/\/quantum.com.pl\/product\/pcie-104-to-pci-express-adapter-top-stacking-model\/"},"modified":"2025-06-10T13:06:46","modified_gmt":"2025-06-10T11:06:46","slug":"pcie-104-to-pci-express-adapter-top-stacking-model","status":"publish","type":"product","link":"https:\/\/quantum.com.pl\/pl\/product\/pcie-104-to-pci-express-adapter-top-stacking-model\/","title":{"rendered":"PCIe\/104 to PCI Express Adapter Top Stacking Model"},"content":{"rendered":"<h3>Dane techniczne:<\/h3>\n<table class=\"woocommerce-product-attributes shop_attributes\" aria-label=\"Product Details\">\n<tbody>\n<tr class=\"woocommerce-product-attributes-item woocommerce-product-attributes-item--attribute_pcie-lane-interconnect\">\n<th class=\"woocommerce-product-attributes-item__label\" scope=\"row\">PCIe Lane Interconnect<\/th>\n<td class=\"woocommerce-product-attributes-item__value\">All PCIe\/104 lanes direct connect to PCI Express lanes<\/td>\n<\/tr>\n<tr class=\"woocommerce-product-attributes-item woocommerce-product-attributes-item--attribute_pa_connectors\">\n<th class=\"woocommerce-product-attributes-item__label\" scope=\"row\">Connectors<\/th>\n<td class=\"woocommerce-product-attributes-item__value\">Footprint for 2x USB Type B connectors, PCI-104\/Express 156 pin top connector, x16 vertical PCI Express card edge connector (supports x1, x4, x8, x16)<\/td>\n<\/tr>\n<tr class=\"woocommerce-product-attributes-item woocommerce-product-attributes-item--attribute_stability\">\n<th class=\"woocommerce-product-attributes-item__label\" scope=\"row\">Stability<\/th>\n<td class=\"woocommerce-product-attributes-item__value\">Custom PCI Express metal support bracket<\/td>\n<\/tr>\n<tr class=\"woocommerce-product-attributes-item woocommerce-product-attributes-item--attribute_pa_dimensions\">\n<th class=\"woocommerce-product-attributes-item__label\" scope=\"row\">Dimensions<\/th>\n<td class=\"woocommerce-product-attributes-item__value\">95.885mm x 90.17mm (3.775&#8243; x 3.550&#8243;)<\/td>\n<\/tr>\n<tr class=\"woocommerce-product-attributes-item woocommerce-product-attributes-item--attribute_pa_operating-temperature\">\n<th class=\"woocommerce-product-attributes-item__label\" scope=\"row\">Operating Temperature<\/th>\n<td class=\"woocommerce-product-attributes-item__value\">-40\u00b0C to +85\u00b0C (-40\u00b0F to +185\u00b0F)<\/td>\n<\/tr>\n<\/tbody>\n<\/table>\n<h3>Ordering information:<\/h3>\n<p><strong>ADG017\u00a0<\/strong> \u00a0 \u00a0PCIe\/104 to PCI Express Adapter Top Stacking Model<\/p>\n","protected":false},"excerpt":{"rendered":"<h3>Najwa\u017cniejsze cechy:<\/h3>\n<ul>\n<li>Zgodno\u015b\u0107 z PCIe\/104 i PCI\/104-Express<\/li>\n<li>Zakres temperatur przemys\u0142owych od -40\u00b0C do 85\u00b0C<\/li>\n<li>156-stykowe z\u0142\u0105cze dolne PCIe\/104<\/li>\n<li>Z\u0142\u0105cze kraw\u0119dziowe karty PCI Express x16 (pasuje do wszystkich kart x1, x4, x8 lub x16)<\/li>\n<li>Niestandardowy wspornik zapewniaj\u0105cy stabilno\u015b\u0107 karty PCIe<\/li>\n<li>Wymiary: 3,55\u2033 x 3,775\u2033<\/li>\n<li>Zgodno\u015b\u0107 z RoHS<\/li>\n<\/ul>\n<h3>Wi\u0119cej informacji:<\/h3>\n<p>Adapter PCIe\/104 do PCI Express Top Stacking firmy Connect Tech umo\u017cliwia u\u017cytkownikom instalacj\u0119 dowolnej karty PCI Express x1, x4, x8 lub x16 w konfiguracji stosu PCIe\/104 lub PCI\/104-Express.<\/p>\n<p>Ta wygodna p\u0142ytka adaptera umo\u017cliwia testowanie i rozw\u00f3j standardowych kart PCI Express w \u015brodowisku PCIe\/104 lub PCI\/104-Express.<\/p>\n<p><strong>Standardowe u\u017cycie<\/strong><\/p>\n<p>Ten adapter obs\u0142uguje dowoln\u0105 kart\u0119 rozszerze\u0144 PCI Express x1, x4, x8 lub x16. Wystarczy zamontowa\u0107 kart\u0119 rozszerze\u0144 do adaptera i zainstalowa\u0107 adapter na g\u00f3rze stosu PCIe\/104 lub PCI\/104-Express.<\/p>\n<p>Po pod\u0142\u0105czeniu wszystkiego mo\u017cesz zacz\u0105\u0107 u\u017cywa\u0107 karty rozszerze\u0144 tak jak ka\u017cdej innej karty rozszerze\u0144 PCI\/104-Express. Nie jest wymagana \u017cadna dodatkowa konfiguracja.<\/p>\n<p>Kliknij <a href=\"http:\/\/connecttech.com\/knowledge-base\/kdb316-pci104-express-to-pci-express-adapter-adg017-and-adg021-compatibility\/\" target=\"_blank\" rel=\"noopener\">tutaj<\/a>, aby wy\u015bwietli\u0107 list\u0119 p\u0142yt CPU zgodnych z tym adapterem.<\/p>\n","protected":false},"featured_media":16726,"template":"","meta":{"_acf_changed":false,"inline_featured_image":false,"_monsterinsights_skip_tracking":false,"_monsterinsights_sitenote_active":false,"_monsterinsights_sitenote_note":"","_monsterinsights_sitenote_category":0},"product_brand":[],"product_cat":[1472,1708],"product_tag":[],"class_list":{"0":"post-16728","1":"product","2":"type-product","3":"status-publish","4":"has-post-thumbnail","6":"product_cat-connect-tech-inc","7":"product_cat-pci-express-2","9":"first","10":"instock","11":"shipping-taxable","12":"product-type-simple"},"acf":[],"_links":{"self":[{"href":"https:\/\/quantum.com.pl\/pl\/wp-json\/wp\/v2\/product\/16728","targetHints":{"allow":["GET"]}}],"collection":[{"href":"https:\/\/quantum.com.pl\/pl\/wp-json\/wp\/v2\/product"}],"about":[{"href":"https:\/\/quantum.com.pl\/pl\/wp-json\/wp\/v2\/types\/product"}],"wp:featuredmedia":[{"embeddable":true,"href":"https:\/\/quantum.com.pl\/pl\/wp-json\/wp\/v2\/media\/16726"}],"wp:attachment":[{"href":"https:\/\/quantum.com.pl\/pl\/wp-json\/wp\/v2\/media?parent=16728"}],"wp:term":[{"taxonomy":"product_brand","embeddable":true,"href":"https:\/\/quantum.com.pl\/pl\/wp-json\/wp\/v2\/product_brand?post=16728"},{"taxonomy":"product_cat","embeddable":true,"href":"https:\/\/quantum.com.pl\/pl\/wp-json\/wp\/v2\/product_cat?post=16728"},{"taxonomy":"product_tag","embeddable":true,"href":"https:\/\/quantum.com.pl\/pl\/wp-json\/wp\/v2\/product_tag?post=16728"}],"curies":[{"name":"wp","href":"https:\/\/api.w.org\/{rel}","templated":true}]}}