{"id":16734,"date":"2025-06-09T15:26:44","date_gmt":"2025-06-09T13:26:44","guid":{"rendered":"https:\/\/quantum.com.pl\/product\/pcie-104-to-pci-express-adapter-bottom-stacking-model\/"},"modified":"2025-06-09T15:26:44","modified_gmt":"2025-06-09T13:26:44","slug":"pcie-104-to-pci-express-adapter-bottom-stacking-model","status":"publish","type":"product","link":"https:\/\/quantum.com.pl\/pl\/product\/pcie-104-to-pci-express-adapter-bottom-stacking-model\/","title":{"rendered":"PCIe\/104 to PCI Express Adapter Bottom Stacking Model"},"content":{"rendered":"<h3>Dane techniczne:<\/h3>\n<table class=\"woocommerce-product-attributes shop_attributes\" aria-label=\"Product Details\">\n<tbody>\n<tr class=\"woocommerce-product-attributes-item woocommerce-product-attributes-item--attribute_pcie-lane-interconnect\">\n<th class=\"woocommerce-product-attributes-item__label\" scope=\"row\">PCIe Lane Interconnect<\/th>\n<td class=\"woocommerce-product-attributes-item__value\">All PCIe\/104 lanes direct connect to PCI Express lanes<\/td>\n<\/tr>\n<tr class=\"woocommerce-product-attributes-item woocommerce-product-attributes-item--attribute_auxiliary-signals\">\n<th class=\"woocommerce-product-attributes-item__label\" scope=\"row\">Auxiliary Signals<\/th>\n<td class=\"woocommerce-product-attributes-item__value\">Access to additional auxiliary PCIe\/104 signals:<br \/>\n\u2013 2 Channels of USB, SMB signals, GPIO<\/td>\n<\/tr>\n<tr class=\"woocommerce-product-attributes-item woocommerce-product-attributes-item--attribute_pa_connectors\">\n<th class=\"woocommerce-product-attributes-item__label\" scope=\"row\">Connectors<\/th>\n<td class=\"woocommerce-product-attributes-item__value\">Footprint for 2x USB Type B connectors, PCI-104\/Express 156 pin top connector, x16 vertical PCI Express card edge connector (supports x1, x4, x8, x16)<\/td>\n<\/tr>\n<tr class=\"woocommerce-product-attributes-item woocommerce-product-attributes-item--attribute_stability\">\n<th class=\"woocommerce-product-attributes-item__label\" scope=\"row\">Stability<\/th>\n<td class=\"woocommerce-product-attributes-item__value\">Custom PCI Express metal support bracket<\/td>\n<\/tr>\n<tr class=\"woocommerce-product-attributes-item woocommerce-product-attributes-item--attribute_pa_dimensions\">\n<th class=\"woocommerce-product-attributes-item__label\" scope=\"row\">Dimensions<\/th>\n<td class=\"woocommerce-product-attributes-item__value\">193mm x 152mm (7.60&#8243; x 6.00&#8243;)<\/td>\n<\/tr>\n<tr class=\"woocommerce-product-attributes-item woocommerce-product-attributes-item--attribute_pa_operating-temperature\">\n<th class=\"woocommerce-product-attributes-item__label\" scope=\"row\">Operating Temperature<\/th>\n<td class=\"woocommerce-product-attributes-item__value\">-40\u00b0C to +85\u00b0C (-40\u00b0F to +185\u00b0F)<\/td>\n<\/tr>\n<\/tbody>\n<\/table>\n<h3>Order information:<\/h3>\n<p><strong>ADG021<\/strong>\u00a0 \u00a0 PCIe\/104 to PCI Express Adapter Bottom Stacking Model<\/p>\n","protected":false},"excerpt":{"rendered":"<h3>Najwa\u017cniejsze cechy:<\/h3>\n<ul>\n<li>Zgodno\u015b\u0107 z PCIe\/104 i PCI\/104-Express<\/li>\n<li>Zakres temperatur przemys\u0142owych od -40\u00b0C do +85\u00b0C<\/li>\n<li>Z\u0142\u0105cze PCIe\/104 156-pinowe na g\u00f3rze<\/li>\n<li>Z\u0142\u0105cze kraw\u0119dziowe karty PCI Express x16 (pasuje do wszystkich kart x1, x4, x8 lub x16)<\/li>\n<li>Niestandardowy wspornik zapewniaj\u0105cy stabilno\u015b\u0107 karty PCIe<\/li>\n<li>Wymiary: 19,3 cm\/7,6\u2033 d\u0142ugo\u015bci x 15,2 cm\/6\u2033 szeroko\u015bci<\/li>\n<li>Zgodno\u015b\u0107 z RoHS<\/li>\n<\/ul>\n<h3>Wi\u0119cej informacji:<\/h3>\n<p>Adapter Connect Tech PCIe\/104 do PCI Express Bottom Stacking umo\u017cliwia u\u017cytkownikom instalacj\u0119 dowolnej karty PCI Express x1, x4, x8 lub x16 w konfiguracji PCIe\/104 lub PCI\/104-Express stack down.<\/p>\n<p>Ta wygodna p\u0142ytka adaptera umo\u017cliwia testowanie i rozw\u00f3j standardowych kart PCI Express w \u015brodowisku PCIe\/104 lub PCI\/104-Express.<\/p>\n<p><strong>Standardowe zastosowanie<\/strong><\/p>\n<p>Ten adapter obs\u0142uguje dowoln\u0105 kart\u0119 rozszerze\u0144 PCI Express x1, x4, x8 lub x16. Wystarczy zamontowa\u0107 stos PCI Express do adaptera i zainstalowa\u0107 kart\u0119 PCI Express w gnie\u017adzie.<\/p>\n<p>Po pod\u0142\u0105czeniu wszystkiego mo\u017cesz zacz\u0105\u0107 u\u017cywa\u0107 karty rozszerze\u0144 tak samo, jak ka\u017cdej innej karty rozszerze\u0144 PCI\/104-Express. Nie jest wymagana \u017cadna dodatkowa konfiguracja.<\/p>\n<p>Kliknij <a href=\"http:\/\/connecttech.com\/knowledge-base\/kdb316-pci104-express-to-pci-express-adapter-adg017-and-adg021-compatibility\/\" target=\"_blank\" rel=\"noopener\">tutaj<\/a>, aby wy\u015bwietli\u0107 list\u0119 zgodnych p\u0142yt CPU z tym adapterem. ***Wariant ADG021 jest teraz dost\u0119pny, aby lepiej obs\u0142ugiwa\u0107 dodatkowe konfiguracje u\u017cytkownik\u00f3w, w szczeg\u00f3lno\u015bci tych, kt\u00f3rzy maj\u0105 jedn\u0105 lub wi\u0119cej kart peryferyjnych zainstalowanych mi\u0119dzy SBC a adapterem. Mo\u017cesz nadal u\u017cywa\u0107 ADG021 ze wszystkimi kartami PCIe x1, x4, x8 i x16, pod warunkiem, \u017ce mi\u0119dzy SBC a adapterem nie zostan\u0105 w\u0142o\u017cone \u017cadne karty PCIe\/104.<\/p>\n<p>Dla klient\u00f3w wymagaj\u0105cych jednej lub wi\u0119cej kart x1 PCIe\/104 mi\u0119dzy SBC a adapterem PCIe\/104 do PCIe, ale kt\u00f3rzy u\u017cywaj\u0105 TYLKO kart x1 w adapterze, prawid\u0142owy numer cz\u0119\u015bci to ADG055. ADG055 nie obs\u0142uguje kart PCIe x4, x8 lub x16, chyba \u017ce mog\u0105 one dzia\u0142a\u0107 jako karta x1.<\/p>\n<p>Klienci u\u017cywaj\u0105cy kart PCIe\/104 mi\u0119dzy SBC a adapterem z kartami PCIe tylko x4, x8 lub x16 powinni nadal u\u017cywa\u0107 ADG021.***<\/p>\n","protected":false},"featured_media":16733,"template":"","meta":{"_acf_changed":false,"inline_featured_image":false,"_monsterinsights_skip_tracking":false,"_monsterinsights_sitenote_active":false,"_monsterinsights_sitenote_note":"","_monsterinsights_sitenote_category":0},"product_brand":[],"product_cat":[1472,1708],"product_tag":[],"class_list":{"0":"post-16734","1":"product","2":"type-product","3":"status-publish","4":"has-post-thumbnail","6":"product_cat-connect-tech-inc","7":"product_cat-pci-express-2","9":"first","10":"instock","11":"shipping-taxable","12":"product-type-simple"},"acf":[],"_links":{"self":[{"href":"https:\/\/quantum.com.pl\/pl\/wp-json\/wp\/v2\/product\/16734","targetHints":{"allow":["GET"]}}],"collection":[{"href":"https:\/\/quantum.com.pl\/pl\/wp-json\/wp\/v2\/product"}],"about":[{"href":"https:\/\/quantum.com.pl\/pl\/wp-json\/wp\/v2\/types\/product"}],"wp:featuredmedia":[{"embeddable":true,"href":"https:\/\/quantum.com.pl\/pl\/wp-json\/wp\/v2\/media\/16733"}],"wp:attachment":[{"href":"https:\/\/quantum.com.pl\/pl\/wp-json\/wp\/v2\/media?parent=16734"}],"wp:term":[{"taxonomy":"product_brand","embeddable":true,"href":"https:\/\/quantum.com.pl\/pl\/wp-json\/wp\/v2\/product_brand?post=16734"},{"taxonomy":"product_cat","embeddable":true,"href":"https:\/\/quantum.com.pl\/pl\/wp-json\/wp\/v2\/product_cat?post=16734"},{"taxonomy":"product_tag","embeddable":true,"href":"https:\/\/quantum.com.pl\/pl\/wp-json\/wp\/v2\/product_tag?post=16734"}],"curies":[{"name":"wp","href":"https:\/\/api.w.org\/{rel}","templated":true}]}}