{"id":16785,"date":"2025-06-12T15:37:00","date_gmt":"2025-06-12T13:37:00","guid":{"rendered":"https:\/\/quantum.com.pl\/?post_type=product&#038;p=16785"},"modified":"2025-06-16T11:10:47","modified_gmt":"2025-06-16T09:10:47","slug":"photon-ai-camera-platform-for-nvidia-jetson-tx2-nx","status":"publish","type":"product","link":"https:\/\/quantum.com.pl\/pl\/product\/photon-ai-camera-platform-for-nvidia-jetson-tx2-nx\/","title":{"rendered":"Photon AI Camera Platform for NVIDIA Jetson TX2 NX"},"content":{"rendered":"<h3>Dane techniczne:<\/h3>\n<table class=\"woocommerce-product-attributes shop_attributes\" aria-label=\"Product Details\">\n<tbody>\n<tr class=\"woocommerce-product-attributes-item woocommerce-product-attributes-item--attribute_pa_dimensions\">\n<th class=\"woocommerce-product-attributes-item__label\" scope=\"row\">Dimensions<\/th>\n<td class=\"woocommerce-product-attributes-item__value\">145mm x 64.5mm (5.71&#8243; x 2.53&#8243;)<\/td>\n<\/tr>\n<tr class=\"woocommerce-product-attributes-item woocommerce-product-attributes-item--attribute_front-io-camera-end-usb\">\n<th class=\"woocommerce-product-attributes-item__label\" scope=\"row\">Front IO (Camera End) USB<\/th>\n<td class=\"woocommerce-product-attributes-item__value\">1x USB 3.1 (Gen 2) (Connector: USB Type-C)<\/td>\n<\/tr>\n<tr class=\"woocommerce-product-attributes-item woocommerce-product-attributes-item--attribute_front-io-camera-end-mipi-camera-inputs\">\n<th class=\"woocommerce-product-attributes-item__label\" scope=\"row\">Front IO (Camera End) MIPI Camera Inputs<\/th>\n<td class=\"woocommerce-product-attributes-item__value\">2x 2-lane MIPI CSI-2<br \/>\n\u2022 15-pin FPC 1mm Pitch Connector<br \/>\n\u2022 Same MIPI connector used on Nano Dev Kit<\/td>\n<\/tr>\n<tr class=\"woocommerce-product-attributes-item woocommerce-product-attributes-item--attribute_front-io-camera-end-camera-misc-interface\">\n<th class=\"woocommerce-product-attributes-item__label\" scope=\"row\">Front IO (Camera End) Camera MISC Interface<\/th>\n<td class=\"woocommerce-product-attributes-item__value\">1x I2C (Can be used for Lens Control)<br \/>\n4x GPIO (Can be used for Additional Camera Control)<br \/>\n1x Power Output (Can be used for IR LEDs)<\/td>\n<\/tr>\n<tr class=\"woocommerce-product-attributes-item woocommerce-product-attributes-item--attribute_internal-io-display-output\">\n<th class=\"woocommerce-product-attributes-item__label\" scope=\"row\">Internal IO Display Output<\/th>\n<td class=\"woocommerce-product-attributes-item__value\">1x HDMI (Type-A Vertical)<\/td>\n<\/tr>\n<tr class=\"woocommerce-product-attributes-item woocommerce-product-attributes-item--attribute_internal-io-fan\">\n<th class=\"woocommerce-product-attributes-item__label\" scope=\"row\">Internal IO Fan<\/th>\n<td class=\"woocommerce-product-attributes-item__value\">1x 4-pin PWM Fan Connector<\/td>\n<\/tr>\n<tr class=\"woocommerce-product-attributes-item woocommerce-product-attributes-item--attribute_rear-io-%e2%80%93-ethernet\">\n<th class=\"woocommerce-product-attributes-item__label\" scope=\"row\">Rear IO \u2013 Ethernet<\/th>\n<td class=\"woocommerce-product-attributes-item__value\">1x 1000BASE-T Uplink<br \/>\nPoE IEEE 802.3af-2003 (15.4W) PD<br \/>\nPoE+ IEEE 802.3at-2009 (25.5W) PD<br \/>\nCapable of operating on either network<br \/>\nLower-cost PoE Bypass Option Available<\/td>\n<\/tr>\n<tr class=\"woocommerce-product-attributes-item woocommerce-product-attributes-item--attribute_rear-io-%e2%80%93-usb-otg\">\n<th class=\"woocommerce-product-attributes-item__label\" scope=\"row\">Rear IO \u2013 USB OTG<\/th>\n<td class=\"woocommerce-product-attributes-item__value\">1x USB 2.0 OTG for Flashing Capability (Micro USB)<\/td>\n<\/tr>\n<tr class=\"woocommerce-product-attributes-item woocommerce-product-attributes-item--attribute_rear-io-%e2%80%93-usb-uart\">\n<th class=\"woocommerce-product-attributes-item__label\" scope=\"row\">Rear IO \u2013 USB UART<\/th>\n<td class=\"woocommerce-product-attributes-item__value\">1x USB FTDI UART (Micro USB)<br \/>\n\u2022 Console Debug<\/td>\n<\/tr>\n<tr class=\"woocommerce-product-attributes-item woocommerce-product-attributes-item--attribute_rear-io-%e2%80%93-power-input\">\n<th class=\"woocommerce-product-attributes-item__label\" scope=\"row\">Rear IO \u2013 Power Input<\/th>\n<td class=\"woocommerce-product-attributes-item__value\">1x 2mm DC Barrel Jack<br \/>\n+12V DC +\/-5%<\/td>\n<\/tr>\n<tr class=\"woocommerce-product-attributes-item woocommerce-product-attributes-item--attribute_rear-io-user-feedback\">\n<th class=\"woocommerce-product-attributes-item__label\" scope=\"row\">Rear IO &#8211; User Feedback<\/th>\n<td class=\"woocommerce-product-attributes-item__value\">1x RGB LED<br \/>\nI2C controlled<\/td>\n<\/tr>\n<tr class=\"woocommerce-product-attributes-item woocommerce-product-attributes-item--attribute_storage\">\n<th class=\"woocommerce-product-attributes-item__label\" scope=\"row\">Storage<\/th>\n<td class=\"woocommerce-product-attributes-item__value\">1x SD Card Slot<br \/>\n1x NVMe PCIe x4 (Gen 3) (M.2 M-KEY) **On Revisions A-F; either NVMe OR WiFi module can be used. They can not be used at the same time.<br \/>\nOn Revision G or higher; either NVMe OR WiFi module can be used with Jetson&#x2122; Nano. Both can be used with Jetson Xavier&#x2122; NX, Jetson&#x2122; TX2 NX, Jetson Orin&#x2122; NX or Jetson Orin&#x2122; Nano<\/td>\n<\/tr>\n<tr class=\"woocommerce-product-attributes-item woocommerce-product-attributes-item--attribute_wireless-expansion\">\n<th class=\"woocommerce-product-attributes-item__label\" scope=\"row\">Wireless Expansion<\/th>\n<td class=\"woocommerce-product-attributes-item__value\">1x WiFi Module (M.2 2230 E-Key) (PCIe and USB)*<br \/>\n1x LTE Module (M.2 3042 B-Key) w\/ SIM Card Slot* Either NVMe OR WiFi module can be used. They cannot be used at the same time.<\/td>\n<\/tr>\n<tr class=\"woocommerce-product-attributes-item woocommerce-product-attributes-item--attribute_operating-temperature\">\n<th class=\"woocommerce-product-attributes-item__label\" scope=\"row\">Operating Temperature<\/th>\n<td class=\"woocommerce-product-attributes-item__value\">-25\u00b0C to +85\u00b0C (-13\u00b0F to +185\u00b0F)<\/td>\n<\/tr>\n<tr class=\"woocommerce-product-attributes-item woocommerce-product-attributes-item--attribute_pa_weight\">\n<th class=\"woocommerce-product-attributes-item__label\" scope=\"row\">Weight<\/th>\n<td class=\"woocommerce-product-attributes-item__value\">76g (2.68oz)<\/td>\n<\/tr>\n<tr class=\"woocommerce-product-attributes-item woocommerce-product-attributes-item--attribute_warranty-and-support\">\n<th class=\"woocommerce-product-attributes-item__label\" scope=\"row\">Warranty and Support<\/th>\n<td class=\"woocommerce-product-attributes-item__value\">1 Year Warranty and Free Support<\/td>\n<\/tr>\n<\/tbody>\n<\/table>\n<p>&nbsp;<\/p>\n<h3>Ordering information:<\/h3>\n<p><strong>NGX002<\/strong>\u00a0 \u00a0 \u00a0Photon Jetson&#x2122; AI Camera Platform<br \/>\n<strong>NGX003<\/strong>\u00a0 \u00a0 \u00a0Photon Jetson&#x2122; AI Camera Platform \u2013 No PoE<\/p>\n<p>Cables\/Accessories<br \/>\n<strong>XHG308<\/strong>\u00a0 \u00a0 NVIDIA\u00ae Jetson Nano&#x2122; NX Passive Heat Sink<br \/>\n<strong>XHG309<\/strong>\u00a0 \u00a0 NVIDIA\u00ae Jetson Nano&#x2122; NX Active Heat Sink<br \/>\n<strong>XHG310<\/strong>\u00a0 \u00a0 NVIDIA\u00ae Jetson Nano&#x2122; NX Thermal Transfer Plate<\/p>\n","protected":false},"excerpt":{"rendered":"<h3>Najwa\u017cniejsze cechy:<\/h3>\n<ul>\n<li>Kompatybilny z modu\u0142ami Jetson Nano, TX2 NX i Xavier NX<\/li>\n<li>Obs\u0142uga PoE PD (NGX002), zasilanie przez oddzielne wej\u015bcie lub przez Ethernet (zgodne z IEEE 802.3af-2003 i IEEE 802.3at2009)<\/li>\n<li>1 x GbE, 1 x NVMe (M.2 M-Key), 1 microSD, 4x GPIO, I2C, konsola USB\/UART, USB OTG do programowania<\/li>\n<li>Dost\u0119pne r\u00f3wnie\u017c wej\u015bcie zasilania DC barrel<\/li>\n<\/ul>\n<h3>Wi\u0119cej informacji:<\/h3>\n<p>P\u0142yta no\u015bna Photon to platforma kamery AI Jetson&#x2122; zaprojektowana specjalnie do obs\u0142ugi aplikacji inteligentnych kamer. Ta p\u0142yta no\u015bna zapewnia \u0142\u0105cze PoE PD Gigabit Ethernet do przesy\u0142ania danych i zasilania oraz ma r\u00f3\u017cne z\u0142\u0105cza I\/O rozmieszczone w celu \u0142atwego pakowania w gotowe obudowy kamer. Zasilana przez modu\u0142 Jetson Xavier NX, Photon umo\u017cliwia szybkie wdra\u017canie aplikacji AI obs\u0142uguj\u0105cych wizj\u0119, wymagaj\u0105cych wielu strumieni kamer w kompaktowej obudowie. Poniewa\u017c Photon jest zgodny z modu\u0142ami Jetson Nano, TX2 NX i Xavier NX, u\u017cytkownicy mog\u0105 p\u0142ynnie przechodzi\u0107 mi\u0119dzy trzema opcjami SoM, je\u015bli ich wymagania dotycz\u0105ce przetwarzania AI ulegn\u0105 zmianie.<\/p>\n<p>W przypadku aplikacji, kt\u00f3re nie wymagaj\u0105 PoE PD, zapytaj o nasze ta\u0144sze opcje Non-PoE PD.<\/p>\n<p>Chocia\u017c Photon jest zgodny z modu\u0142ami NVIDIA Jetson Nano, TX2 NX i Xavier NX SoM, dost\u0119pno\u015b\u0107 niekt\u00f3rych I\/O b\u0119dzie si\u0119 zmienia\u0107 w zale\u017cno\u015bci od modu\u0142u. Zapoznaj si\u0119 ze <a href=\"https:\/\/connecttech.com\/pdf\/NGX002-NGX003_Compatibility.pdf\" target=\"_blank\" rel=\"noopener\">specyfikacjami zgodno\u015bci Photon<\/a>, aby uzyska\u0107 pe\u0142ne zestawienie.<\/p>\n<p>UWAGA: Nie u\u017cywaj zasilacza 19 V z zestawu Jetson Xavier&#x2122; NX Dev Kit z Photon.<\/p>\n","protected":false},"featured_media":16739,"template":"","meta":{"_acf_changed":false,"inline_featured_image":false,"_monsterinsights_skip_tracking":false,"_monsterinsights_sitenote_active":false,"_monsterinsights_sitenote_note":"","_monsterinsights_sitenote_category":0},"product_brand":[],"product_cat":[1472,1716],"product_tag":[],"class_list":{"0":"post-16785","1":"product","2":"type-product","3":"status-publish","4":"has-post-thumbnail","6":"product_cat-connect-tech-inc","7":"product_cat-jetson-tx2-nx","9":"first","10":"instock","11":"shipping-taxable","12":"product-type-simple"},"acf":[],"_links":{"self":[{"href":"https:\/\/quantum.com.pl\/pl\/wp-json\/wp\/v2\/product\/16785","targetHints":{"allow":["GET"]}}],"collection":[{"href":"https:\/\/quantum.com.pl\/pl\/wp-json\/wp\/v2\/product"}],"about":[{"href":"https:\/\/quantum.com.pl\/pl\/wp-json\/wp\/v2\/types\/product"}],"wp:featuredmedia":[{"embeddable":true,"href":"https:\/\/quantum.com.pl\/pl\/wp-json\/wp\/v2\/media\/16739"}],"wp:attachment":[{"href":"https:\/\/quantum.com.pl\/pl\/wp-json\/wp\/v2\/media?parent=16785"}],"wp:term":[{"taxonomy":"product_brand","embeddable":true,"href":"https:\/\/quantum.com.pl\/pl\/wp-json\/wp\/v2\/product_brand?post=16785"},{"taxonomy":"product_cat","embeddable":true,"href":"https:\/\/quantum.com.pl\/pl\/wp-json\/wp\/v2\/product_cat?post=16785"},{"taxonomy":"product_tag","embeddable":true,"href":"https:\/\/quantum.com.pl\/pl\/wp-json\/wp\/v2\/product_tag?post=16785"}],"curies":[{"name":"wp","href":"https:\/\/api.w.org\/{rel}","templated":true}]}}