{"id":16790,"date":"2025-06-13T11:30:13","date_gmt":"2025-06-13T09:30:13","guid":{"rendered":"https:\/\/quantum.com.pl\/?post_type=product&#038;p=16790"},"modified":"2025-06-13T12:58:21","modified_gmt":"2025-06-13T10:58:21","slug":"rogue-carrier-for-nvidia-jetson-agx-xavier","status":"publish","type":"product","link":"https:\/\/quantum.com.pl\/pl\/product\/rogue-carrier-for-nvidia-jetson-agx-xavier\/","title":{"rendered":"Rogue Carrier for NVIDIA\u00ae Jetson AGX Xavier"},"content":{"rendered":"<h3><strong>Dane techniczne:<\/strong><\/h3>\n<table class=\"woocommerce-product-attributes shop_attributes\" aria-label=\"Product Details\">\n<tbody>\n<tr class=\"woocommerce-product-attributes-item woocommerce-product-attributes-item--attribute_networking\">\n<th class=\"woocommerce-product-attributes-item__label\" scope=\"row\">Networking<\/th>\n<td class=\"woocommerce-product-attributes-item__value\">2X 10GBASE-T (10G Ethernet)<\/td>\n<\/tr>\n<tr class=\"woocommerce-product-attributes-item woocommerce-product-attributes-item--attribute_pa_display\">\n<th class=\"woocommerce-product-attributes-item__label\" scope=\"row\">Display<\/th>\n<td class=\"woocommerce-product-attributes-item__value\">1x HDMI (Type-A vert RA) (Supports up to HDMI 2.0 UHD 4K [2160p] at 60Hz)<\/td>\n<\/tr>\n<tr class=\"woocommerce-product-attributes-item woocommerce-product-attributes-item--attribute_camera-inputs\">\n<th class=\"woocommerce-product-attributes-item__label\" scope=\"row\">Camera Inputs<\/th>\n<td class=\"woocommerce-product-attributes-item__value\">\u2013 6 x2 Lane MIPI CSI-2 or<br \/>\n\u2013 4 x4 Lane MIPI CSI-2All connected via high-density camera connector breakout. Same Pinout as development kit. Application specific camera add-on boards can be used in conjunction with this interface (Up to 6x MIPI I-PEX, SerDes Inputs: GMSL or FPD-Link III, HDMI Inputs)<\/td>\n<\/tr>\n<tr class=\"woocommerce-product-attributes-item woocommerce-product-attributes-item--attribute_pa_usb\">\n<th class=\"woocommerce-product-attributes-item__label\" scope=\"row\">USB<\/th>\n<td class=\"woocommerce-product-attributes-item__value\">1x USB 3.2 Ports (Type-C \u2013 OTG Capable), 2x USB 3.2 Ports (Type-C)<\/td>\n<\/tr>\n<tr class=\"woocommerce-product-attributes-item woocommerce-product-attributes-item--attribute_pa_storage\">\n<th class=\"woocommerce-product-attributes-item__label\" scope=\"row\">Storage<\/th>\n<td class=\"woocommerce-product-attributes-item__value\">1x Micro SD, 2x NVMe M.2 Key M Slots<\/td>\n<\/tr>\n<tr class=\"woocommerce-product-attributes-item woocommerce-product-attributes-item--attribute_uart\">\n<th class=\"woocommerce-product-attributes-item__label\" scope=\"row\">UART<\/th>\n<td class=\"woocommerce-product-attributes-item__value\">2x @3.3V Levels UART0 and UART1<br \/>\nMicro USB Debug UART<\/td>\n<\/tr>\n<tr class=\"woocommerce-product-attributes-item woocommerce-product-attributes-item--attribute_i2cspi\">\n<th class=\"woocommerce-product-attributes-item__label\" scope=\"row\">I2C\/SPI<\/th>\n<td class=\"woocommerce-product-attributes-item__value\">1x I2C Channel @ 3.3V IO<br \/>\n1x SPI Channel @ 3.3V IO<\/td>\n<\/tr>\n<tr class=\"woocommerce-product-attributes-item woocommerce-product-attributes-item--attribute_can\">\n<th class=\"woocommerce-product-attributes-item__label\" scope=\"row\">CAN<\/th>\n<td class=\"woocommerce-product-attributes-item__value\">2 x CAN 2.0b Port (Non-Isolated)<\/td>\n<\/tr>\n<tr class=\"woocommerce-product-attributes-item woocommerce-product-attributes-item--attribute_pa_gpio\">\n<th class=\"woocommerce-product-attributes-item__label\" scope=\"row\">GPIO<\/th>\n<td class=\"woocommerce-product-attributes-item__value\">4 bits of 3.3V (level shifted GPIO)<\/td>\n<\/tr>\n<tr class=\"woocommerce-product-attributes-item woocommerce-product-attributes-item--attribute_user-expansion\">\n<th class=\"woocommerce-product-attributes-item__label\" scope=\"row\">User Expansion<\/th>\n<td class=\"woocommerce-product-attributes-item__value\">1 x M.2 Key E Slot with PCIe &amp; USB (WiFi + BT modules)<\/td>\n<\/tr>\n<tr class=\"woocommerce-product-attributes-item woocommerce-product-attributes-item--attribute_input-power\">\n<th class=\"woocommerce-product-attributes-item__label\" scope=\"row\">Input Power<\/th>\n<td class=\"woocommerce-product-attributes-item__value\">+12VDC Input Only<br \/>\n(Positive Locking Molex Mini-Fit Jr Header)<\/td>\n<\/tr>\n<tr class=\"woocommerce-product-attributes-item woocommerce-product-attributes-item--attribute_buttons\">\n<th class=\"woocommerce-product-attributes-item__label\" scope=\"row\">Buttons<\/th>\n<td class=\"woocommerce-product-attributes-item__value\">Power, Reset, Recovery<br \/>\n(Tactile Buttons as well as fine pitch pin header connector)<\/td>\n<\/tr>\n<tr class=\"woocommerce-product-attributes-item woocommerce-product-attributes-item--attribute_rtc-battery\">\n<th class=\"woocommerce-product-attributes-item__label\" scope=\"row\">RTC Battery<\/th>\n<td class=\"woocommerce-product-attributes-item__value\">3-pin Picoblade connector to accept CTI battery cable assembly<\/td>\n<\/tr>\n<tr class=\"woocommerce-product-attributes-item woocommerce-product-attributes-item--attribute_pcbelectronics-mechanical-information\">\n<th class=\"woocommerce-product-attributes-item__label\" scope=\"row\">PCB\/Electronics Mechanical Information<\/th>\n<td class=\"woocommerce-product-attributes-item__value\">Dimensions: 92mm x 107mm<\/td>\n<\/tr>\n<tr class=\"woocommerce-product-attributes-item woocommerce-product-attributes-item--attribute_pa_operating-temperature\">\n<th class=\"woocommerce-product-attributes-item__label\" scope=\"row\">Operating Temperature<\/th>\n<td class=\"woocommerce-product-attributes-item__value\">-40\u00b0C to +85\u00b0C (-40\u00b0F to +185\u00b0F)<\/td>\n<\/tr>\n<tr class=\"woocommerce-product-attributes-item woocommerce-product-attributes-item--attribute_pa_compatible-product-numbers\">\n<th class=\"woocommerce-product-attributes-item__label\" scope=\"row\">Compatible Jetson SKUs<\/th>\n<td class=\"woocommerce-product-attributes-item__value\">900-13701-0040-000<\/td>\n<\/tr>\n<\/tbody>\n<\/table>\n<h3><\/h3>\n<h3>Ordering Information<\/h3>\n<table width=\"100%\">\n<tbody>\n<tr>\n<td align=\"left\"><strong>AGX101<\/strong><\/td>\n<td align=\"left\">Rogue Carrier for NVIDIA\u00ae Jetson&#x2122; AGX Xavier&#x2122;<\/td>\n<\/tr>\n<tr>\n<td align=\"left\"><strong>AGX111<\/strong><\/td>\n<td align=\"left\">Alt Parts Version: Rogue Carrier for NVIDIA\u00ae Jetson&#x2122; AGX Xavier&#x2122;<\/td>\n<\/tr>\n<\/tbody>\n<\/table>\n<table width=\"100%\">\n<thead>\n<tr class=\"table-header-custom3\">\n<th colspan=\"5\" align=\"left\">Integrated Assemblies<\/th>\n<\/tr>\n<\/thead>\n<tbody>\n<tr class=\"table-header-custom2\">\n<td align=\"left\" width=\"20%\">Part Number<\/td>\n<td align=\"left\" width=\"20%\">Camera Option<\/td>\n<td align=\"left\" width=\"20%\">Heatsink Option<\/td>\n<td align=\"left\" width=\"20%\">WiFi\/Bluetooth Installed<\/td>\n<td align=\"left\" width=\"20%\">Storage Option<\/td>\n<\/tr>\n<tr>\n<td><strong>AGX101-01<\/strong><\/td>\n<td>N\/A<\/td>\n<td>Stock Heatspreader<\/td>\n<td>No<\/td>\n<td>No SSDs<\/td>\n<\/tr>\n<tr>\n<td><strong>AGX101-02<\/strong><\/td>\n<td>N\/A<\/td>\n<td>Stock Heatspreader<\/td>\n<td>No<\/td>\n<td>1x 1TB SSD<\/td>\n<\/tr>\n<tr>\n<td><strong>AGX101-03<\/strong><\/td>\n<td>N\/A<\/td>\n<td>Stock Heatspreader<\/td>\n<td>No<\/td>\n<td>2x 1TB SSDs<\/td>\n<\/tr>\n<tr>\n<td><strong>AGX101-04<\/strong><\/td>\n<td>N\/A<\/td>\n<td>Stock Heatspreader<\/td>\n<td>Yes<\/td>\n<td>No SSDs<\/td>\n<\/tr>\n<tr>\n<td><strong>AGX101-05<\/strong><\/td>\n<td>N\/A<\/td>\n<td>Stock Heatspreader<\/td>\n<td>Yes<\/td>\n<td>1x 1TB SSD<\/td>\n<\/tr>\n<tr>\n<td><strong>AGX101-06<\/strong><\/td>\n<td>N\/A<\/td>\n<td>Stock Heatspreader<\/td>\n<td>Yes<\/td>\n<td>2x 1TB SSDs<\/td>\n<\/tr>\n<tr>\n<td><strong>AGX101-07<\/strong><\/td>\n<td>N\/A<\/td>\n<td>Active<\/td>\n<td>No<\/td>\n<td>No SSDs<\/td>\n<\/tr>\n<tr>\n<td><strong>AGX101-08<\/strong><\/td>\n<td>N\/A<\/td>\n<td>Active<\/td>\n<td>No<\/td>\n<td>1x 1TB SSD<\/td>\n<\/tr>\n<tr>\n<td><strong>AGX101-09<\/strong><\/td>\n<td>N\/A<\/td>\n<td>Active<\/td>\n<td>No<\/td>\n<td>2x 1TB SSDs<\/td>\n<\/tr>\n<tr>\n<td><strong>AGX101-10<\/strong><\/td>\n<td>N\/A<\/td>\n<td>Active<\/td>\n<td>Yes<\/td>\n<td>No SSDs<\/td>\n<\/tr>\n<tr>\n<td><strong>AGX101-11<\/strong><\/td>\n<td>N\/A<\/td>\n<td>Active<\/td>\n<td>Yes<\/td>\n<td>1x 1TB SSD<\/td>\n<\/tr>\n<tr>\n<td><strong>AGX101-12<\/strong><\/td>\n<td>N\/A<\/td>\n<td>Active<\/td>\n<td>Yes<\/td>\n<td>2x 1TB SSDs<\/td>\n<\/tr>\n<tr>\n<td><strong>AGX101-13<\/strong><\/td>\n<td>N\/A<\/td>\n<td>Passive<\/td>\n<td>No<\/td>\n<td>No SSDs<\/td>\n<\/tr>\n<tr>\n<td><strong>AGX101-14<\/strong><\/td>\n<td>N\/A<\/td>\n<td>Passive<\/td>\n<td>No<\/td>\n<td>1x 1TB SSD<\/td>\n<\/tr>\n<tr>\n<td><strong>AGX101-15<\/strong><\/td>\n<td>N\/A<\/td>\n<td>Passive<\/td>\n<td>No<\/td>\n<td>2x 1TB SSDs<\/td>\n<\/tr>\n<tr>\n<td><strong>AGX101-16<\/strong><\/td>\n<td>N\/A<\/td>\n<td>Passive<\/td>\n<td>Yes<\/td>\n<td>No SSDs<\/td>\n<\/tr>\n<tr>\n<td><strong>AGX101-17<\/strong><\/td>\n<td>N\/A<\/td>\n<td>Passive<\/td>\n<td>Yes<\/td>\n<td>1x 1TB SSD<\/td>\n<\/tr>\n<tr>\n<td><strong>AGX101-18<\/strong><\/td>\n<td>N\/A<\/td>\n<td>Passive<\/td>\n<td>Yes<\/td>\n<td>2x 1TB SSDs<\/td>\n<\/tr>\n<tr>\n<td><strong>AGX101-19<\/strong><\/td>\n<td>N\/A<\/td>\n<td>Liquid Cooling Block<\/td>\n<td>No<\/td>\n<td>No SSDs<\/td>\n<\/tr>\n<tr>\n<td><strong>AGX101-20<\/strong><\/td>\n<td>N\/A<\/td>\n<td>Liquid Cooling Block<\/td>\n<td>No<\/td>\n<td>1x 1TB SSD<\/td>\n<\/tr>\n<tr>\n<td><strong>AGX101-21<\/strong><\/td>\n<td>N\/A<\/td>\n<td>Liquid Cooling Block<\/td>\n<td>No<\/td>\n<td>2x 1TB SSDs<\/td>\n<\/tr>\n<tr>\n<td><strong>AGX101-22<\/strong><\/td>\n<td>N\/A<\/td>\n<td>Liquid Cooling Block<\/td>\n<td>Yes<\/td>\n<td>No SSDs<\/td>\n<\/tr>\n<tr>\n<td><strong>AGX101-23<\/strong><\/td>\n<td>N\/A<\/td>\n<td>Liquid Cooling Block<\/td>\n<td>Yes<\/td>\n<td>1x 1TB SSD<\/td>\n<\/tr>\n<tr>\n<td><strong>AGX101-24<\/strong><\/td>\n<td>N\/A<\/td>\n<td>Liquid Cooling Block<\/td>\n<td>Yes<\/td>\n<td>2x 1TB SSDs<\/td>\n<\/tr>\n<tr>\n<td><strong>AGX101-50<\/strong><\/td>\n<td>Xavier GMSL Camera Platform (JCB002), also includes 1x CBG341, 4x e-con NileCam30 cameras, associated hardware<\/td>\n<td>Active<\/td>\n<td>N\/A<\/td>\n<td>N\/A<\/td>\n<\/tr>\n<tr>\n<td><strong>AGX101-51<\/strong><\/td>\n<td>Xavier GMSL Camera Platform (JCB002), also includes 2x CBG341, 8x e-con NileCam30 cameras, associated hardware<\/td>\n<td>Active<\/td>\n<td>N\/A<\/td>\n<td>N\/A<\/td>\n<\/tr>\n<tr>\n<td><strong>AGX101-58<\/strong><\/td>\n<td>JCB005<\/td>\n<td>Stock Heatspreader<\/td>\n<td>No<\/td>\n<td>No SSDs<\/td>\n<\/tr>\n<tr>\n<td><strong>AGX101-59<\/strong><\/td>\n<td>JCB005<\/td>\n<td>Stock Heatspreader<\/td>\n<td>No<\/td>\n<td>1x 1TB SSD<\/td>\n<\/tr>\n<tr>\n<td><strong>AGX101-60<\/strong><\/td>\n<td>JCB005<\/td>\n<td>Stock Heatspreader<\/td>\n<td>No<\/td>\n<td>2x 1TB SSDs<\/td>\n<\/tr>\n<tr>\n<td><strong>AGX101-61<\/strong><\/td>\n<td>JCB002<\/td>\n<td>Stock Heatspreader<\/td>\n<td>No<\/td>\n<td>No SSDs<\/td>\n<\/tr>\n<tr>\n<td><strong>AGX101-62<\/strong><\/td>\n<td>JCB002<\/td>\n<td>Stock Heatspreader<\/td>\n<td>No<\/td>\n<td>1x 1TB SSD<\/td>\n<\/tr>\n<tr>\n<td><strong>AGX101-63<\/strong><\/td>\n<td>JCB002<\/td>\n<td>Stock Heatspreader<\/td>\n<td>No<\/td>\n<td>2x 1TB SSDs<\/td>\n<\/tr>\n<tr>\n<td><strong>AGX101-64<\/strong><\/td>\n<td>JCB002<\/td>\n<td>Stock Heatspreader<\/td>\n<td>Yes<\/td>\n<td>No SSDs<\/td>\n<\/tr>\n<tr>\n<td><strong>AGX101-65<\/strong><\/td>\n<td>JCB002<\/td>\n<td>Stock Heatspreader<\/td>\n<td>Yes<\/td>\n<td>1x 1TB SSD<\/td>\n<\/tr>\n<tr>\n<td><strong>AGX101-66<\/strong><\/td>\n<td>JCB002<\/td>\n<td>Stock Heatspreader<\/td>\n<td>Yes<\/td>\n<td>2x 1TB SSDs<\/td>\n<\/tr>\n<tr>\n<td><strong>AGX101-67<\/strong><\/td>\n<td>JCB002<\/td>\n<td>Active<\/td>\n<td>No<\/td>\n<td>No SSDs<\/td>\n<\/tr>\n<tr>\n<td><strong>AGX101-68<\/strong><\/td>\n<td>JCB002<\/td>\n<td>Active<\/td>\n<td>No<\/td>\n<td>1x 1TB SSD<\/td>\n<\/tr>\n<tr>\n<td><strong>AGX101-69<\/strong><\/td>\n<td>JCB002<\/td>\n<td>Active<\/td>\n<td>No<\/td>\n<td>2x 1TB SSDs<\/td>\n<\/tr>\n<tr>\n<td><strong>AGX101-70<\/strong><\/td>\n<td>JCB002<\/td>\n<td>Active<\/td>\n<td>Yes<\/td>\n<td>No SSDs<\/td>\n<\/tr>\n<tr>\n<td><strong>AGX101-71<\/strong><\/td>\n<td>JCB002<\/td>\n<td>Active<\/td>\n<td>Yes<\/td>\n<td>1x 1TB SSD<\/td>\n<\/tr>\n<tr>\n<td><strong>AGX101-72<\/strong><\/td>\n<td>JCB002<\/td>\n<td>Active<\/td>\n<td>Yes<\/td>\n<td>2x 1TB SSDs<\/td>\n<\/tr>\n<tr>\n<td><strong>AGX101-73<\/strong><\/td>\n<td>JCB002<\/td>\n<td>Passive<\/td>\n<td>No<\/td>\n<td>No SSDs<\/td>\n<\/tr>\n<tr>\n<td><strong>AGX101-74<\/strong><\/td>\n<td>JCB002<\/td>\n<td>Passive<\/td>\n<td>No<\/td>\n<td>1x 1TB SSD<\/td>\n<\/tr>\n<tr>\n<td><strong>AGX101-75<\/strong><\/td>\n<td>JCB002<\/td>\n<td>Passive<\/td>\n<td>No<\/td>\n<td>2x 1TB SSDs<\/td>\n<\/tr>\n<tr>\n<td><strong>AGX101-76<\/strong><\/td>\n<td>JCB002<\/td>\n<td>Passive<\/td>\n<td>Yes<\/td>\n<td>No SSDs<\/td>\n<\/tr>\n<tr>\n<td><strong>AGX101-77<\/strong><\/td>\n<td>JCB002<\/td>\n<td>Passive<\/td>\n<td>Yes<\/td>\n<td>1x 1TB SSD<\/td>\n<\/tr>\n<tr>\n<td><strong>AGX101-78<\/strong><\/td>\n<td>JCB002<\/td>\n<td>Passive<\/td>\n<td>Yes<\/td>\n<td>2x 1TB SSDs<\/td>\n<\/tr>\n<tr>\n<td><strong>AGX101-79<\/strong><\/td>\n<td>JCB005<\/td>\n<td>Stock Heatspreader<\/td>\n<td>Yes<\/td>\n<td>No SSDs<\/td>\n<\/tr>\n<tr>\n<td><strong>AGX101-80<\/strong><\/td>\n<td>JCB005<\/td>\n<td>Stock Heatspreader<\/td>\n<td>Yes<\/td>\n<td>1x 1TB SSD<\/td>\n<\/tr>\n<tr>\n<td><strong>AGX101-81<\/strong><\/td>\n<td>JCB005<\/td>\n<td>Stock Heatspreader<\/td>\n<td>Yes<\/td>\n<td>2x 1TB SSDs<\/td>\n<\/tr>\n<tr>\n<td><strong>AGX101-82<\/strong><\/td>\n<td>JCB005<\/td>\n<td>Active<\/td>\n<td>No<\/td>\n<td>No SSDs<\/td>\n<\/tr>\n<tr>\n<td><strong>AGX101-83<\/strong><\/td>\n<td>JCB005<\/td>\n<td>Active<\/td>\n<td>No<\/td>\n<td>1x 1TB SSD<\/td>\n<\/tr>\n<tr>\n<td><strong>AGX101-84<\/strong><\/td>\n<td>JCB005<\/td>\n<td>Active<\/td>\n<td>No<\/td>\n<td>2x 1TB SSDs<\/td>\n<\/tr>\n<tr>\n<td><strong>AGX101-85<\/strong><\/td>\n<td>JCB005<\/td>\n<td>Active<\/td>\n<td>Yes<\/td>\n<td>No SSDs<\/td>\n<\/tr>\n<tr>\n<td><strong>AGX101-86<\/strong><\/td>\n<td>JCB005<\/td>\n<td>Active<\/td>\n<td>Yes<\/td>\n<td>1x 1TB SSD<\/td>\n<\/tr>\n<tr>\n<td><strong>AGX101-87<\/strong><\/td>\n<td>JCB005<\/td>\n<td>Active<\/td>\n<td>Yes<\/td>\n<td>2x 1TB SSDs<\/td>\n<\/tr>\n<tr>\n<td><strong>AGX101-88<\/strong><\/td>\n<td>JCB005<\/td>\n<td>Passive<\/td>\n<td>No<\/td>\n<td>No SSDs<\/td>\n<\/tr>\n<tr>\n<td><strong>AGX101-89<\/strong><\/td>\n<td>JCB005<\/td>\n<td>Passive<\/td>\n<td>No<\/td>\n<td>1x 1TB SSD<\/td>\n<\/tr>\n<tr>\n<td><strong>AGX101-A1<\/strong><\/td>\n<td>JCB005<\/td>\n<td>Passive<\/td>\n<td>No<\/td>\n<td>2x 1TB SSDs<\/td>\n<\/tr>\n<tr>\n<td><strong>AGX101-A2<\/strong><\/td>\n<td>JCB005<\/td>\n<td>Passive<\/td>\n<td>Yes<\/td>\n<td>No SSDs<\/td>\n<\/tr>\n<tr>\n<td><strong>AGX101-A3<\/strong><\/td>\n<td>JCB005<\/td>\n<td>Passive<\/td>\n<td>Yes<\/td>\n<td>1x 1TB SSD<\/td>\n<\/tr>\n<tr>\n<td><strong>AGX101-A4<\/strong><\/td>\n<td>JCB005<\/td>\n<td>Passive<\/td>\n<td>Yes<\/td>\n<td>2x 1TB SSDs<\/td>\n<\/tr>\n<tr>\n<td><strong>AGX101-C5<\/strong><\/td>\n<td>JCB002<\/td>\n<td>Liquid Cooling Block<\/td>\n<td>No<\/td>\n<td>No SSDs<\/td>\n<\/tr>\n<tr>\n<td><strong>AGX101-C6<\/strong><\/td>\n<td>JCB002<\/td>\n<td>Liquid Cooling Block<\/td>\n<td>No<\/td>\n<td>1x 1TB SSDs<\/td>\n<\/tr>\n<tr>\n<td><strong>AGX101-C7<\/strong><\/td>\n<td>JCB002<\/td>\n<td>Liquid Cooling Block<\/td>\n<td>No<\/td>\n<td>2x 1TB SSDs<\/td>\n<\/tr>\n<tr>\n<td><strong>AGX101-C8<\/strong><\/td>\n<td>JCB002<\/td>\n<td>Liquid Cooling Block<\/td>\n<td>Yes<\/td>\n<td>No SSDs<\/td>\n<\/tr>\n<tr>\n<td><strong>AGX101-C9<\/strong><\/td>\n<td>JCB002<\/td>\n<td>Liquid Cooling Block<\/td>\n<td>Yes<\/td>\n<td>1x 1TB SSDs<\/td>\n<\/tr>\n<tr>\n<td><strong>AGX101-D0<\/strong><\/td>\n<td>JCB002<\/td>\n<td>Liquid Cooling Block<\/td>\n<td>Yes<\/td>\n<td>2x 1TB SSDs<\/td>\n<\/tr>\n<tr>\n<td><strong>AGX101-D1<\/strong><\/td>\n<td>JCB005<\/td>\n<td>Liquid Cooling Block<\/td>\n<td>No<\/td>\n<td>No SSDs<\/td>\n<\/tr>\n<tr>\n<td><strong>AGX101-D2<\/strong><\/td>\n<td>JCB005<\/td>\n<td>Liquid Cooling Block<\/td>\n<td>No<\/td>\n<td>1x 1TB SSDs<\/td>\n<\/tr>\n<tr>\n<td><strong>AGX101-D3<\/strong><\/td>\n<td>JCB005<\/td>\n<td>Liquid Cooling Block<\/td>\n<td>No<\/td>\n<td>2x 1TB SSDs<\/td>\n<\/tr>\n<tr>\n<td><strong>AGX101-D4<\/strong><\/td>\n<td>JCB005<\/td>\n<td>Liquid Cooling Block<\/td>\n<td>Yes<\/td>\n<td>No SSDs<\/td>\n<\/tr>\n<tr>\n<td><strong>AGX101-D5<\/strong><\/td>\n<td>JCB005<\/td>\n<td>Liquid Cooling Block<\/td>\n<td>Yes<\/td>\n<td>1x 1TB SSDs<\/td>\n<\/tr>\n<tr>\n<td><strong>AGX101-D6<\/strong><\/td>\n<td>JCB005<\/td>\n<td>Liquid Cooling Block<\/td>\n<td>Yes<\/td>\n<td>2x 1TB SSDs<\/td>\n<\/tr>\n<\/tbody>\n<\/table>\n<table width=\"100%\">\n<thead>\n<tr class=\"table-header-custom3\">\n<th colspan=\"2\" align=\"left\">Cables\/Accessories<\/th>\n<\/tr>\n<tr class=\"table-header-custom2\">\n<td align=\"left\">Part Number<\/td>\n<td align=\"left\">Description<\/td>\n<\/tr>\n<\/thead>\n<tbody>\n<tr>\n<td align=\"left\"><strong>CKG064<\/strong><\/td>\n<td align=\"left\">Rogue Full Cable Kit<\/td>\n<\/tr>\n<tr>\n<td align=\"left\"><strong>CBG310<\/strong><\/td>\n<td align=\"left\">USB Type-C Male to Type-A Female Cable<\/td>\n<\/tr>\n<tr>\n<td align=\"left\"><strong>CBG311<\/strong><\/td>\n<td align=\"left\">USB Type-C Male to Type-A Male Cable<\/td>\n<\/tr>\n<tr>\n<td align=\"left\"><strong>CBG312<\/strong><\/td>\n<td align=\"left\">MISC IO Breakout Cable (Flying Leads)<\/td>\n<\/tr>\n<tr>\n<td align=\"left\"><strong>CBG313<\/strong><\/td>\n<td align=\"left\">CAN IO Breakout Cable (Flying Leads)<\/td>\n<\/tr>\n<tr>\n<td align=\"left\"><strong>CBG314<\/strong><\/td>\n<td align=\"left\">Input Power Cable (Discrete Wire)<\/td>\n<\/tr>\n<tr>\n<td align=\"left\"><strong>CBG247<\/strong><\/td>\n<td align=\"left\">USB Micro-B Male to Type-A Male cable (UART Coms)<\/td>\n<\/tr>\n<tr>\n<td align=\"left\"><strong>CBG136<\/strong><\/td>\n<td align=\"left\">RTC Battery Cable Assembly<\/td>\n<\/tr>\n<tr>\n<td align=\"left\"><strong>MSG085<\/strong><\/td>\n<td align=\"left\">AC\/DC PSU Brick 19V\/120W<\/td>\n<\/tr>\n<\/tbody>\n<\/table>\n","protected":false},"excerpt":{"rendered":"<h3>Najwa\u017cniejsze cechy:<\/h3>\n<div class=\"wpb_text_column wpb_content_element \">\n<div class=\"wpb_wrapper\">\n<ul>\n<li>Platforma NVIDIA\u00ae Jetson AGX Xavier&#x2122; do zastosowa\u0144 komercyjnych<\/li>\n<li>6x 2-pasmowe lub 4x 4-pasmowe wej\u015bcia kamery MIPI CSI<\/li>\n<li>2x gniazda NVMe M.2 Key M, 3x USB 3.1, 2x GbE<\/li>\n<li>Szeroki zakres zasilania wej\u015bciowego 9-19 V DC<\/li>\n<li>Wymiary: 92 mm x 105 mm (3,62\u2033 x 4,13\u2033)<\/li>\n<\/ul>\n<h3>Wi\u0119cej informacji:<\/h3>\n<p>Rogue firmy Connect Tech to w pe\u0142ni funkcjonalna p\u0142yta no\u015bna dla modu\u0142u NVIDIA\u00ae Jetson AGX Xavier&#x2122;. Ta p\u0142yta no\u015bna dla Jetson AGX Xavier zosta\u0142a zaprojektowana specjalnie dla platform wdra\u017canych komercyjnie i ma wyj\u0105tkowo ma\u0142\u0105 powierzchni\u0119 92 x 105 mm.<\/p>\n<p>Rogue zapewnia dost\u0119p do imponuj\u0105cej listy interfejs\u00f3w najnowszej generacji w Jetson AGX Xavier, dodaj\u0105c jednocze\u015bnie dodatkowe interfejsy 3x USB 3.1, 2x GbE, 2x HDMI i blokowane z\u0142\u0105cze wej\u015bciowe zasilania Mini-Fit Jr.<\/p>\n<p>Dost\u0119pne b\u0119d\u0105 r\u00f3wnie\u017c wytrzyma\u0142e karty rozszerze\u0144 do kamer do u\u017cytku z Rogue w celu bezpo\u015bredniego po\u0142\u0105czenia z interfejsami Jetson AGX Xavier o wysokiej g\u0119sto\u015bci MIPI CSI.<\/p>\n<\/div>\n<\/div>\n","protected":false},"featured_media":16245,"template":"","meta":{"_acf_changed":false,"inline_featured_image":false,"_monsterinsights_skip_tracking":false,"_monsterinsights_sitenote_active":false,"_monsterinsights_sitenote_note":"","_monsterinsights_sitenote_category":0},"product_brand":[],"product_cat":[1472,1714],"product_tag":[],"class_list":{"0":"post-16790","1":"product","2":"type-product","3":"status-publish","4":"has-post-thumbnail","6":"product_cat-connect-tech-inc","7":"product_cat-jetson-agx-xavier-pl","9":"first","10":"instock","11":"shipping-taxable","12":"product-type-simple"},"acf":[],"_links":{"self":[{"href":"https:\/\/quantum.com.pl\/pl\/wp-json\/wp\/v2\/product\/16790","targetHints":{"allow":["GET"]}}],"collection":[{"href":"https:\/\/quantum.com.pl\/pl\/wp-json\/wp\/v2\/product"}],"about":[{"href":"https:\/\/quantum.com.pl\/pl\/wp-json\/wp\/v2\/types\/product"}],"wp:featuredmedia":[{"embeddable":true,"href":"https:\/\/quantum.com.pl\/pl\/wp-json\/wp\/v2\/media\/16245"}],"wp:attachment":[{"href":"https:\/\/quantum.com.pl\/pl\/wp-json\/wp\/v2\/media?parent=16790"}],"wp:term":[{"taxonomy":"product_brand","embeddable":true,"href":"https:\/\/quantum.com.pl\/pl\/wp-json\/wp\/v2\/product_brand?post=16790"},{"taxonomy":"product_cat","embeddable":true,"href":"https:\/\/quantum.com.pl\/pl\/wp-json\/wp\/v2\/product_cat?post=16790"},{"taxonomy":"product_tag","embeddable":true,"href":"https:\/\/quantum.com.pl\/pl\/wp-json\/wp\/v2\/product_tag?post=16790"}],"curies":[{"name":"wp","href":"https:\/\/api.w.org\/{rel}","templated":true}]}}