{"id":16801,"date":"2025-06-13T13:39:02","date_gmt":"2025-06-13T11:39:02","guid":{"rendered":"https:\/\/quantum.com.pl\/product\/rogue-x-carrier-for-nvidia-jetson-agx-xavier\/"},"modified":"2025-06-13T14:05:13","modified_gmt":"2025-06-13T12:05:13","slug":"rogue-x-carrier-for-nvidia-jetson-agx-xavier","status":"publish","type":"product","link":"https:\/\/quantum.com.pl\/pl\/product\/rogue-x-carrier-for-nvidia-jetson-agx-xavier\/","title":{"rendered":"Rogue-X Carrier for NVIDIA\u00ae Jetson AGX Xavier&#x2122;"},"content":{"rendered":"<h3 class=\"fusion-responsive-typography-calculated\" data-fontsize=\"24\" data-lineheight=\"36px\">Dane techniczne:<\/h3>\n<table class=\"woocommerce-product-attributes shop_attributes\" aria-label=\"Product Details\">\n<tbody>\n<tr class=\"woocommerce-product-attributes-item woocommerce-product-attributes-item--attribute_networking\">\n<th class=\"woocommerce-product-attributes-item__label\" scope=\"row\">Networking<\/th>\n<td class=\"woocommerce-product-attributes-item__value\">2 x Gigabit Ethernet (8p8c RJ-45)<br \/>\n1 Port from RGMII PHY Controller<br \/>\n1 Port from PCIe PHY Controller<\/td>\n<\/tr>\n<tr class=\"woocommerce-product-attributes-item woocommerce-product-attributes-item--attribute_display-output\">\n<th class=\"woocommerce-product-attributes-item__label\" scope=\"row\">Display Output<\/th>\n<td class=\"woocommerce-product-attributes-item__value\">2 x HDMI (Type-A vert RA) (Supports up to HDMI 2.0 UHD 4K [2160p] at 60Hz)<\/td>\n<\/tr>\n<tr class=\"woocommerce-product-attributes-item woocommerce-product-attributes-item--attribute_camera-inputs\">\n<th class=\"woocommerce-product-attributes-item__label\" scope=\"row\">Camera Inputs<\/th>\n<td class=\"woocommerce-product-attributes-item__value\">2 x PCIe Gen2 x4 Connections (for ximea xiX cameras)<br \/>\n6 x 2 Lane MIPI CSI-2 or<br \/>\n4 x 4 Lane MIPI CSI-2<\/td>\n<\/tr>\n<tr class=\"woocommerce-product-attributes-item woocommerce-product-attributes-item--attribute_usb\">\n<th class=\"woocommerce-product-attributes-item__label\" scope=\"row\">USB<\/th>\n<td class=\"woocommerce-product-attributes-item__value\">3 x USB 3.1 Ports (Type-C)<br \/>\n1 x USB OTG (Micro-AB)<\/td>\n<\/tr>\n<tr class=\"woocommerce-product-attributes-item woocommerce-product-attributes-item--attribute_storage\">\n<th class=\"woocommerce-product-attributes-item__label\" scope=\"row\">Storage<\/th>\n<td class=\"woocommerce-product-attributes-item__value\">1 x M.2 M-Key NVMe PCIe x2<br \/>\n1 x Micro SD\/UFS Card Slot<\/td>\n<\/tr>\n<tr class=\"woocommerce-product-attributes-item woocommerce-product-attributes-item--attribute_uart\">\n<th class=\"woocommerce-product-attributes-item__label\" scope=\"row\">UART<\/th>\n<td class=\"woocommerce-product-attributes-item__value\">2 x @ 3.3V levels UART0 and UART1<\/td>\n<\/tr>\n<tr class=\"woocommerce-product-attributes-item woocommerce-product-attributes-item--attribute_i2cspi\">\n<th class=\"woocommerce-product-attributes-item__label\" scope=\"row\">I2C\/SPI<\/th>\n<td class=\"woocommerce-product-attributes-item__value\">1 x I2C Channel @ 3.3V IO<br \/>\n1 x SPI Channel @ 3.3V IO<\/td>\n<\/tr>\n<tr class=\"woocommerce-product-attributes-item woocommerce-product-attributes-item--attribute_can\">\n<th class=\"woocommerce-product-attributes-item__label\" scope=\"row\">CAN<\/th>\n<td class=\"woocommerce-product-attributes-item__value\">2 x CAN 2.0b Port<\/td>\n<\/tr>\n<tr class=\"woocommerce-product-attributes-item woocommerce-product-attributes-item--attribute_gpio\">\n<th class=\"woocommerce-product-attributes-item__label\" scope=\"row\">GPIO<\/th>\n<td class=\"woocommerce-product-attributes-item__value\">4 bits of 3.3V (level shifted GPIO)<\/td>\n<\/tr>\n<tr class=\"woocommerce-product-attributes-item woocommerce-product-attributes-item--attribute_user-expansion\">\n<th class=\"woocommerce-product-attributes-item__label\" scope=\"row\">User Expansion<\/th>\n<td class=\"woocommerce-product-attributes-item__value\">2 PCIe Gen2 x4 interfaces can be used for general purpose External PCI Express connections.<br \/>\n1 x M.2 Key E Slot with PCIe &amp; USB (WiFi + BT modules)<\/td>\n<\/tr>\n<tr class=\"woocommerce-product-attributes-item woocommerce-product-attributes-item--attribute_input-power\">\n<th class=\"woocommerce-product-attributes-item__label\" scope=\"row\">Input Power<\/th>\n<td class=\"woocommerce-product-attributes-item__value\">9-19V DC Wide Input Power (4-pin Mini-Fit Jr Connector)<br \/>\n14-19V required for full camera support with GPU under load<\/td>\n<\/tr>\n<tr class=\"woocommerce-product-attributes-item woocommerce-product-attributes-item--attribute_buttons\">\n<th class=\"woocommerce-product-attributes-item__label\" scope=\"row\">Buttons<\/th>\n<td class=\"woocommerce-product-attributes-item__value\">Power, Reset, Recovery<br \/>\n(Tactile Buttons as well as fine pitch pin header connector)<\/td>\n<\/tr>\n<tr class=\"woocommerce-product-attributes-item woocommerce-product-attributes-item--attribute_rtc-battery\">\n<th class=\"woocommerce-product-attributes-item__label\" scope=\"row\">RTC Battery<\/th>\n<td class=\"woocommerce-product-attributes-item__value\">3-pin Picoblade connector to accept CTI battery cable assembly<\/td>\n<\/tr>\n<tr class=\"woocommerce-product-attributes-item woocommerce-product-attributes-item--attribute_pcbelectronics-mechanical-info\">\n<th class=\"woocommerce-product-attributes-item__label\" scope=\"row\">PCB\/Electronics Mechanical Info<\/th>\n<td class=\"woocommerce-product-attributes-item__value\">105mm x 105mm (4.13&#8243; x 4.13&#8243;); 103g (3.63oz)<br \/>\nCompatibility with both Development and Production modules.<\/td>\n<\/tr>\n<tr class=\"woocommerce-product-attributes-item woocommerce-product-attributes-item--attribute_pa_operating-temperature\">\n<th class=\"woocommerce-product-attributes-item__label\" scope=\"row\">Operating Temperature<\/th>\n<td class=\"woocommerce-product-attributes-item__value\">-40\u00b0C to +85\u00b0C (-40\u00b0F to +185\u00b0F)<\/td>\n<\/tr>\n<\/tbody>\n<\/table>\n<h3>Ordering information:<\/h3>\n<table width=\"100%\">\n<tbody>\n<tr>\n<td align=\"left\"><strong>AGX103<\/strong><\/td>\n<td align=\"left\">Rogue-X Carrier for NVIDIA\u00ae Jetson AGX Xavier&#x2122;<\/td>\n<\/tr>\n<tr>\n<td align=\"left\"><strong>XBG018<\/strong><\/td>\n<td align=\"left\">Rogue-X NVMe Breakout Board<\/td>\n<\/tr>\n<\/tbody>\n<\/table>\n<table width=\"100%\">\n<thead>\n<tr class=\"table-header-custom3\">\n<th colspan=\"5\" align=\"left\">Integrated Assemblies<\/th>\n<\/tr>\n<\/thead>\n<tbody>\n<tr class=\"table-header-custom2\">\n<td align=\"left\" width=\"20\">Part Number<\/td>\n<td align=\"left\" width=\"20\">Camera Option<\/td>\n<td align=\"left\" width=\"20\">Heatsink Option<\/td>\n<td align=\"left\" width=\"20\">WiFi\/Bluetooth Installed<\/td>\n<td align=\"left\" width=\"20\">Storage Option<\/td>\n<\/tr>\n<tr>\n<td><strong>AGX103-01<\/strong><\/td>\n<td align=\"left\">N\/A<\/td>\n<td>Stock Heatspreader<\/td>\n<td>No<\/td>\n<td>No SSDs<\/td>\n<\/tr>\n<tr>\n<td><strong>AGX103-02<\/strong><\/td>\n<td align=\"left\">N\/A<\/td>\n<td>Stock Heatspreader<\/td>\n<td>No<\/td>\n<td>1x 1TB SSD<\/td>\n<\/tr>\n<tr>\n<td><strong>AGX103-04<\/strong><\/td>\n<td align=\"left\">N\/A<\/td>\n<td>Stock Heatspreader<\/td>\n<td>Yes<\/td>\n<td>No SSDs<\/td>\n<\/tr>\n<tr>\n<td><strong>AGX103-05<\/strong><\/td>\n<td align=\"left\">N\/A<\/td>\n<td>Stock Heatspreader<\/td>\n<td>Yes<\/td>\n<td>1x 1TB SSD<\/td>\n<\/tr>\n<tr>\n<td><strong>AGX103-07<\/strong><\/td>\n<td align=\"left\">N\/A<\/td>\n<td>Active<\/td>\n<td>No<\/td>\n<td>No SSDs<\/td>\n<\/tr>\n<tr>\n<td><strong>AGX103-08<\/strong><\/td>\n<td align=\"left\">N\/A<\/td>\n<td>Active<\/td>\n<td>No<\/td>\n<td>1x 1TB SSD<\/td>\n<\/tr>\n<tr>\n<td><strong>AGX103-10<\/strong><\/td>\n<td align=\"left\">N\/A<\/td>\n<td>Active<\/td>\n<td>Yes<\/td>\n<td>No SSDs<\/td>\n<\/tr>\n<tr>\n<td><strong>AGX103-11<\/strong><\/td>\n<td align=\"left\">N\/A<\/td>\n<td>Active<\/td>\n<td>Yes<\/td>\n<td>1x 1TB SSD<\/td>\n<\/tr>\n<tr>\n<td><strong>AGX103-13<\/strong><\/td>\n<td align=\"left\">N\/A<\/td>\n<td>Passive<\/td>\n<td>No<\/td>\n<td>No SSDs<\/td>\n<\/tr>\n<tr>\n<td><strong>AGX103-14<\/strong><\/td>\n<td align=\"left\">N\/A<\/td>\n<td>Passive<\/td>\n<td>No<\/td>\n<td>1x 1TB SSD<\/td>\n<\/tr>\n<tr>\n<td><strong>AGX103-16<\/strong><\/td>\n<td align=\"left\">N\/A<\/td>\n<td>Passive<\/td>\n<td>Yes<\/td>\n<td>No SSDs<\/td>\n<\/tr>\n<tr>\n<td><strong>AGX103-17<\/strong><\/td>\n<td align=\"left\">N\/A<\/td>\n<td>Passive<\/td>\n<td>Yes<\/td>\n<td>1x 1TB SSD<\/td>\n<\/tr>\n<tr>\n<td><strong>AGX103-19<\/strong><\/td>\n<td align=\"left\">N\/A<\/td>\n<td>Liquid Cooling Block<\/td>\n<td>No<\/td>\n<td>No SSDs<\/td>\n<\/tr>\n<tr>\n<td><strong>AGX103-20<\/strong><\/td>\n<td align=\"left\">N\/A<\/td>\n<td>Liquid Cooling Block<\/td>\n<td>No<\/td>\n<td>1x 1TB SSD<\/td>\n<\/tr>\n<tr>\n<td><strong>AGX103-22<\/strong><\/td>\n<td align=\"left\">N\/A<\/td>\n<td>Liquid Cooling Block<\/td>\n<td>Yes<\/td>\n<td>No SSDs<\/td>\n<\/tr>\n<tr>\n<td><strong>AGX103-23<\/strong><\/td>\n<td align=\"left\">N\/A<\/td>\n<td>Liquid Cooling Block<\/td>\n<td>Yes<\/td>\n<td>1x 1TB SSD<\/td>\n<\/tr>\n<tr>\n<td><strong>AGX103-58<\/strong><\/td>\n<td align=\"left\">JCB005<\/td>\n<td>Stock Heatspreader<\/td>\n<td>No<\/td>\n<td>No SSDs<\/td>\n<\/tr>\n<tr>\n<td><strong>AGX103-59<\/strong><\/td>\n<td align=\"left\">JCB005<\/td>\n<td>Stock Heatspreader<\/td>\n<td>No<\/td>\n<td>1x 1TB SSD<\/td>\n<\/tr>\n<tr>\n<td><strong>AGX103-61<\/strong><\/td>\n<td align=\"left\">JCB002<\/td>\n<td>Stock Heatspreader<\/td>\n<td>No<\/td>\n<td>No SSDs<\/td>\n<\/tr>\n<tr>\n<td><strong>AGX103-62<\/strong><\/td>\n<td align=\"left\">JCB002<\/td>\n<td>Stock Heatspreader<\/td>\n<td>No<\/td>\n<td>1x 1TB SSD<\/td>\n<\/tr>\n<tr>\n<td><strong>AGX103-64<\/strong><\/td>\n<td align=\"left\">JCB002<\/td>\n<td>Stock Heatspreader<\/td>\n<td>Yes<\/td>\n<td>No SSDs<\/td>\n<\/tr>\n<tr>\n<td><strong>AGX103-65<\/strong><\/td>\n<td align=\"left\">JCB002<\/td>\n<td>Stock Heatspreader<\/td>\n<td>Yes<\/td>\n<td>1x 1TB SSD<\/td>\n<\/tr>\n<tr>\n<td><strong>AGX103-67<\/strong><\/td>\n<td align=\"left\">JCB002<\/td>\n<td>Active<\/td>\n<td>No<\/td>\n<td>No SSDs<\/td>\n<\/tr>\n<tr>\n<td><strong>AGX103-68<\/strong><\/td>\n<td align=\"left\">JCB002<\/td>\n<td>Active<\/td>\n<td>No<\/td>\n<td>1x 1TB SSD<\/td>\n<\/tr>\n<tr>\n<td><strong>AGX103-70<\/strong><\/td>\n<td align=\"left\">JCB002<\/td>\n<td>Active<\/td>\n<td>Yes<\/td>\n<td>No SSDs<\/td>\n<\/tr>\n<tr>\n<td><strong>AGX103-71<\/strong><\/td>\n<td align=\"left\">JCB002<\/td>\n<td>Active<\/td>\n<td>Yes<\/td>\n<td>1x 1TB SSD<\/td>\n<\/tr>\n<tr>\n<td><strong>AGX103-73<\/strong><\/td>\n<td align=\"left\">JCB002<\/td>\n<td>Passive<\/td>\n<td>No<\/td>\n<td>No SSDs<\/td>\n<\/tr>\n<tr>\n<td><strong>AGX103-74<\/strong><\/td>\n<td align=\"left\">JCB002<\/td>\n<td>Passive<\/td>\n<td>No<\/td>\n<td>1x 1TB SSD<\/td>\n<\/tr>\n<tr>\n<td><strong>AGX103-76<\/strong><\/td>\n<td align=\"left\">JCB002<\/td>\n<td>Passive<\/td>\n<td>Yes<\/td>\n<td>No SSDs<\/td>\n<\/tr>\n<tr>\n<td><strong>AGX103-77<\/strong><\/td>\n<td align=\"left\">JCB002<\/td>\n<td>Passive<\/td>\n<td>Yes<\/td>\n<td>1x 1TB SSD<\/td>\n<\/tr>\n<tr>\n<td><strong>AGX103-79<\/strong><\/td>\n<td align=\"left\">JCB005<\/td>\n<td>Stock Heatspreader<\/td>\n<td>Yes<\/td>\n<td>No SSDs<\/td>\n<\/tr>\n<tr>\n<td><strong>AGX103-80<\/strong><\/td>\n<td align=\"left\">JCB005<\/td>\n<td>Stock Heatspreader<\/td>\n<td>Yes<\/td>\n<td>1x 1TB SSD<\/td>\n<\/tr>\n<tr>\n<td><strong>AGX103-82<\/strong><\/td>\n<td align=\"left\">JCB005<\/td>\n<td>Active<\/td>\n<td>No<\/td>\n<td>No SSDs<\/td>\n<\/tr>\n<tr>\n<td><strong>AGX103-83<\/strong><\/td>\n<td align=\"left\">JCB005<\/td>\n<td>Active<\/td>\n<td>No<\/td>\n<td>1x 1TB SSD<\/td>\n<\/tr>\n<tr>\n<td><strong>AGX103-85<\/strong><\/td>\n<td align=\"left\">JCB005<\/td>\n<td>Active<\/td>\n<td>Yes<\/td>\n<td>No SSDs<\/td>\n<\/tr>\n<tr>\n<td><strong>AGX103-86<\/strong><\/td>\n<td align=\"left\">JCB005<\/td>\n<td>Active<\/td>\n<td>Yes<\/td>\n<td>1x 1TB SSD<\/td>\n<\/tr>\n<tr>\n<td><strong>AGX103-88<\/strong><\/td>\n<td align=\"left\">JCB005<\/td>\n<td>Passive<\/td>\n<td>No<\/td>\n<td>No SSDs<\/td>\n<\/tr>\n<tr>\n<td><strong>AGX103-89<\/strong><\/td>\n<td align=\"left\">JCB005<\/td>\n<td>Passive<\/td>\n<td>No<\/td>\n<td>1x 1TB SSD<\/td>\n<\/tr>\n<tr>\n<td><strong>AGX103-A2<\/strong><\/td>\n<td align=\"left\">JCB005<\/td>\n<td>Passive<\/td>\n<td>Yes<\/td>\n<td>No SSDs<\/td>\n<\/tr>\n<tr>\n<td><strong>AGX103-A3<\/strong><\/td>\n<td align=\"left\">JCB005<\/td>\n<td>Passive<\/td>\n<td>Yes<\/td>\n<td>1x 1TB SSD<\/td>\n<\/tr>\n<tr>\n<td><strong>AGX103-C5<\/strong><\/td>\n<td>JCB002<\/td>\n<td>Liquid Cooling Block<\/td>\n<td>No<\/td>\n<td>No SSDs<\/td>\n<\/tr>\n<tr>\n<td><strong>AGX103-C6<\/strong><\/td>\n<td>JCB002<\/td>\n<td>Liquid Cooling Block<\/td>\n<td>No<\/td>\n<td>1x 1TB SSD<\/td>\n<\/tr>\n<tr>\n<td><strong>AGX103-C8<\/strong><\/td>\n<td>JCB002<\/td>\n<td>Liquid Cooling Block<\/td>\n<td>Yes<\/td>\n<td>No SSDs<\/td>\n<\/tr>\n<tr>\n<td><strong>AGX103-C9<\/strong><\/td>\n<td>JCB002<\/td>\n<td>Liquid Cooling Block<\/td>\n<td>Yes<\/td>\n<td>1x 1TB SSD<\/td>\n<\/tr>\n<tr>\n<td><strong>AGX103-D1<\/strong><\/td>\n<td>JCB005<\/td>\n<td>Liquid Cooling Block<\/td>\n<td>No<\/td>\n<td>No SSDs<\/td>\n<\/tr>\n<tr>\n<td><strong>AGX103-D2<\/strong><\/td>\n<td>JCB005<\/td>\n<td>Liquid Cooling Block<\/td>\n<td>No<\/td>\n<td>1x 1TB SSD<\/td>\n<\/tr>\n<tr>\n<td><strong>AGX103-D4<\/strong><\/td>\n<td>JCB005<\/td>\n<td>Liquid Cooling Block<\/td>\n<td>Yes<\/td>\n<td>No SSDs<\/td>\n<\/tr>\n<tr>\n<td><strong>AGX103-D5<\/strong><\/td>\n<td>JCB005<\/td>\n<td>Liquid Cooling Block<\/td>\n<td>Yes<\/td>\n<td>1x 1TB SSD<\/td>\n<\/tr>\n<\/tbody>\n<\/table>\n<table width=\"100%\">\n<thead>\n<tr class=\"table-header-custom3\">\n<th colspan=\"2\" align=\"left\">Cables\/Accessories<\/th>\n<\/tr>\n<tr class=\"table-header-custom2\">\n<td align=\"left\">Part Number<\/td>\n<td align=\"left\">Description<\/td>\n<\/tr>\n<\/thead>\n<tbody>\n<tr>\n<td align=\"left\"><strong>CKG064<\/strong><\/td>\n<td align=\"left\">Rogue Full Cable Kit<\/td>\n<\/tr>\n<tr>\n<td align=\"left\"><strong>CBG310<\/strong><\/td>\n<td align=\"left\">USB Type-C Male to Type-A Female Cable<\/td>\n<\/tr>\n<tr>\n<td align=\"left\"><strong>CBG311<\/strong><\/td>\n<td align=\"left\">USB Type-C Male to Type-A Male Cable<\/td>\n<\/tr>\n<tr>\n<td align=\"left\"><strong>CBG312<\/strong><\/td>\n<td align=\"left\">MISC IO Breakout Cable (Flying Leads)<\/td>\n<\/tr>\n<tr>\n<td align=\"left\"><strong>CBG313<\/strong><\/td>\n<td align=\"left\">CAN IO Breakout Cable (Flying Leads)<\/td>\n<\/tr>\n<tr>\n<td align=\"left\"><strong>CBG314<\/strong><\/td>\n<td align=\"left\">Input Power Cable (Discrete Wire)<\/td>\n<\/tr>\n<tr>\n<td align=\"left\"><strong>CBG247<\/strong><\/td>\n<td align=\"left\">USB Micro-B Male to Type-A Male cable (UART Coms)<\/td>\n<\/tr>\n<tr>\n<td align=\"left\"><strong>CBG136<\/strong><\/td>\n<td align=\"left\">RTC Battery Cable Assembly<\/td>\n<\/tr>\n<tr>\n<td align=\"left\"><strong>MSG085<\/strong><\/td>\n<td align=\"left\">AC\/DC PSU Brick 19V\/120W<\/td>\n<\/tr>\n<\/tbody>\n<\/table>\n","protected":false},"excerpt":{"rendered":"<h3>Najwa\u017cniejsze cechy:<\/h3>\n<ul>\n<li>Platforma NVIDIA\u00ae Jetson AGX Xavier&#x2122; do zastosowa\u0144 komercyjnych<\/li>\n<li>6x 2-pasmowe lub 4x 4-pasmowe wej\u015bcia kamery MIPI CSI<\/li>\n<li>2x wej\u015bcia kamery XIMEA xiX (PCIe Gen2 x4 ka\u017cde)<\/li>\n<li>1x M.2 M-Key NVMe PCIe x2, 3 x USB 3.1, 2 x GbE<\/li>\n<li>Szeroki zakres zasilania wej\u015bciowego 9-19 V DC<\/li>\n<li>Wymiary: 105 mm x 105 mm (4,13\u2033 x 4,13\u2033)<\/li>\n<\/ul>\n<h3>Wi\u0119cej informacji:<\/h3>\n<p>Rogue-X firmy Connect Tech to w pe\u0142ni funkcjonalna p\u0142yta no\u015bna dla modu\u0142u NVIDIA\u00ae Jetson AGX Xavier&#x2122;. Ta p\u0142yta no\u015bna dla Jetson AGX Xavier zosta\u0142a zaprojektowana specjalnie dla platform wdra\u017canych komercyjnie i idealnie pasuje do zaawansowanych zastosowa\u0144 z wbudowanym systemem wizyjnym opartym na PCI Express oraz do aplikacji wielokamerowych.<\/p>\n<p>Rogue-X umo\u017cliwia Jetson AGX Xavier pod\u0142\u0105czenie do dw\u00f3ch kamer z wbudowanym systemem wizyjnym XIMEA xiX, ka\u017cda kamera mo\u017ce wykorzystywa\u0107 po\u0142\u0105czenie PCIe Gen2 x4. Ponadto Rogue-X mo\u017ce r\u00f3wnie\u017c pod\u0142\u0105czy\u0107 do 3x USB 3.1, 2x GbE, 2x HDMI i blokowanego z\u0142\u0105cza zasilania Mini-Fit Jr.<\/p>\n","protected":false},"featured_media":16796,"template":"","meta":{"_acf_changed":false,"inline_featured_image":false,"_monsterinsights_skip_tracking":false,"_monsterinsights_sitenote_active":false,"_monsterinsights_sitenote_note":"","_monsterinsights_sitenote_category":0},"product_brand":[],"product_cat":[1472,1714],"product_tag":[],"class_list":{"0":"post-16801","1":"product","2":"type-product","3":"status-publish","4":"has-post-thumbnail","6":"product_cat-connect-tech-inc","7":"product_cat-jetson-agx-xavier-pl","9":"first","10":"instock","11":"shipping-taxable","12":"product-type-simple"},"acf":[],"_links":{"self":[{"href":"https:\/\/quantum.com.pl\/pl\/wp-json\/wp\/v2\/product\/16801","targetHints":{"allow":["GET"]}}],"collection":[{"href":"https:\/\/quantum.com.pl\/pl\/wp-json\/wp\/v2\/product"}],"about":[{"href":"https:\/\/quantum.com.pl\/pl\/wp-json\/wp\/v2\/types\/product"}],"wp:featuredmedia":[{"embeddable":true,"href":"https:\/\/quantum.com.pl\/pl\/wp-json\/wp\/v2\/media\/16796"}],"wp:attachment":[{"href":"https:\/\/quantum.com.pl\/pl\/wp-json\/wp\/v2\/media?parent=16801"}],"wp:term":[{"taxonomy":"product_brand","embeddable":true,"href":"https:\/\/quantum.com.pl\/pl\/wp-json\/wp\/v2\/product_brand?post=16801"},{"taxonomy":"product_cat","embeddable":true,"href":"https:\/\/quantum.com.pl\/pl\/wp-json\/wp\/v2\/product_cat?post=16801"},{"taxonomy":"product_tag","embeddable":true,"href":"https:\/\/quantum.com.pl\/pl\/wp-json\/wp\/v2\/product_tag?post=16801"}],"curies":[{"name":"wp","href":"https:\/\/api.w.org\/{rel}","templated":true}]}}