{"id":16809,"date":"2025-06-13T14:31:44","date_gmt":"2025-06-13T12:31:44","guid":{"rendered":"https:\/\/quantum.com.pl\/product\/rogue-x2-carrier-for-nvidia-jetson-agx-xavier\/"},"modified":"2025-06-13T14:57:39","modified_gmt":"2025-06-13T12:57:39","slug":"rogue-x2-carrier-for-nvidia-jetson-agx-xavier","status":"publish","type":"product","link":"https:\/\/quantum.com.pl\/pl\/product\/rogue-x2-carrier-for-nvidia-jetson-agx-xavier\/","title":{"rendered":"Rogue-X2 Carrier for NVIDIA\u00ae Jetson AGX Xavier&#x2122;"},"content":{"rendered":"<h3>Dane techniczne:<\/h3>\n<table class=\"woocommerce-product-attributes shop_attributes\" aria-label=\"Product Details\">\n<tbody>\n<tr class=\"woocommerce-product-attributes-item woocommerce-product-attributes-item--attribute_can\">\n<th class=\"woocommerce-product-attributes-item__label\" scope=\"row\">CAN<\/th>\n<td class=\"woocommerce-product-attributes-item__value\">2 x CAN 2.0b Port<\/td>\n<\/tr>\n<tr class=\"woocommerce-product-attributes-item woocommerce-product-attributes-item--attribute_gpio\">\n<th class=\"woocommerce-product-attributes-item__label\" scope=\"row\">GPIO<\/th>\n<td class=\"woocommerce-product-attributes-item__value\">4x @3.3V GPIO (direct from module)<\/td>\n<\/tr>\n<tr class=\"woocommerce-product-attributes-item woocommerce-product-attributes-item--attribute_user-expansion\">\n<th class=\"woocommerce-product-attributes-item__label\" scope=\"row\">User Expansion<\/th>\n<td class=\"woocommerce-product-attributes-item__value\">1x M.2 Key-E expansion slot (1 lane PCIe Gen 3, USB 2.0)<br \/>\nFor WiFi\/Bluetooth modules<br \/>\n1x PCIe x8 Edge Card Connector<\/td>\n<\/tr>\n<tr class=\"woocommerce-product-attributes-item woocommerce-product-attributes-item--attribute_input-power\">\n<th class=\"woocommerce-product-attributes-item__label\" scope=\"row\">Input Power<\/th>\n<td class=\"woocommerce-product-attributes-item__value\">9-19V DC Wide Input Power (4 pin Mini-fit Jr Connector)<br \/>\n14-19V required for full camera support with GPU under load<\/td>\n<\/tr>\n<tr class=\"woocommerce-product-attributes-item woocommerce-product-attributes-item--attribute_pcbelectronics-mechanical-info\">\n<th class=\"woocommerce-product-attributes-item__label\" scope=\"row\">PCB\/Electronics Mechanical Info<\/th>\n<td class=\"woocommerce-product-attributes-item__value\">119.5mm x 105mm<\/td>\n<\/tr>\n<tr class=\"woocommerce-product-attributes-item woocommerce-product-attributes-item--attribute_pa_operating-temperature\">\n<th class=\"woocommerce-product-attributes-item__label\" scope=\"row\">Operating Temperature<\/th>\n<td class=\"woocommerce-product-attributes-item__value\">-40\u00b0C to +85\u00b0C (-40\u00b0F to +185\u00b0F)<\/td>\n<\/tr>\n<\/tbody>\n<\/table>\n<h3>Ordering information:<\/h3>\n<table width=\"100%\">\n<tbody>\n<tr>\n<td align=\"left\"><strong>GX108<\/strong><\/td>\n<td align=\"left\">Rogue-X2 Carrier for NVIDIA\u00ae Jetson AGX Xavier&#x2122;<\/td>\n<\/tr>\n<\/tbody>\n<\/table>\n<table width=\"100%\">\n<thead>\n<tr class=\"table-header-custom3\">\n<th colspan=\"2\" align=\"left\">Cables\/Accessories<\/th>\n<\/tr>\n<tr class=\"table-header-custom2\">\n<td align=\"left\">Part Number<\/td>\n<td align=\"left\">Description<\/td>\n<\/tr>\n<\/thead>\n<tbody>\n<tr>\n<td align=\"left\"><strong>CKG064<\/strong><\/td>\n<td align=\"left\">Rogue Full Cable Kit<\/td>\n<\/tr>\n<tr>\n<td align=\"left\"><strong>CBG310<\/strong><\/td>\n<td align=\"left\">USB Type-C Male to Type-A Female Cable<\/td>\n<\/tr>\n<tr>\n<td align=\"left\"><strong>CBG311<\/strong><\/td>\n<td align=\"left\">USB Type-C Male to Type-A Male Cable<\/td>\n<\/tr>\n<tr>\n<td align=\"left\"><strong>CBG312<\/strong><\/td>\n<td align=\"left\">MISC IO Breakout Cable (Flying Leads)<\/td>\n<\/tr>\n<tr>\n<td align=\"left\"><strong>CBG313<\/strong><\/td>\n<td align=\"left\">CAN IO Breakout Cable (Flying Leads)<\/td>\n<\/tr>\n<tr>\n<td align=\"left\"><strong>CBG314<\/strong><\/td>\n<td align=\"left\">Input Power Cable (Discrete Wire)<\/td>\n<\/tr>\n<tr>\n<td align=\"left\"><strong>CBG247<\/strong><\/td>\n<td align=\"left\">USB Micro-B Male to Type-A Male cable (UART Coms)<\/td>\n<\/tr>\n<tr>\n<td align=\"left\"><strong>CBG136<\/strong><\/td>\n<td align=\"left\">RTC Battery Cable Assembly<\/td>\n<\/tr>\n<tr>\n<td align=\"left\"><strong>MSG085<\/strong><\/td>\n<td align=\"left\">AC\/DC PSU Brick 19V\/120W<\/td>\n<\/tr>\n<\/tbody>\n<\/table>\n","protected":false},"excerpt":{"rendered":"<h3>Najwa\u017cniejsze cechy:<\/h3>\n<ul>\n<li>Platforma NVIDIA\u00ae Jetson AGX Xavier&#x2122; do zastosowa\u0144 komercyjnych<\/li>\n<li>2x Gigabit Ethernet (8p8c RJ-45)<\/li>\n<li>1x PCI Express x8 Edge Connector (PCIe Gen2)<\/li>\n<li>1x M.2 M-Key NVMe PCIe x2 1 x gniazdo karty Micro SD\/UFS<\/li>\n<li>Szeroki zakres zasilania wej\u015bciowego 9-19 V DC<\/li>\n<li>Wymiary: 119,5 mm x 105 mm<\/li>\n<\/ul>\n<h3>Wi\u0119cej informacji:<\/h3>\n<p class=\"p3\"><span class=\"HwtZe\" lang=\"pl\"><span class=\"jCAhz ChMk0b\"><span class=\"ryNqvb\">Rogue-X2 to w pe\u0142ni funkcjonalna p\u0142yta no\u015bna zaprojektowana specjalnie dla platform wdra\u017canych komercyjnie.<\/span><\/span><span class=\"jCAhz ChMk0b\"><span class=\"ryNqvb\"> Rogue-X2 umo\u017cliwia Jetson AGX Xavier pod\u0142\u0105czenie do dw\u00f3ch kamer XIMEA xiX embedded vision, ka\u017cda kamera mo\u017ce wykorzystywa\u0107 po\u0142\u0105czenie PCIe Gen2 x4.<\/span><\/span> <span class=\"jCAhz ChMk0b\"><span class=\"ryNqvb\">Ponadto Rogue-X2 mo\u017ce r\u00f3wnie\u017c pod\u0142\u0105czy\u0107 do 3x USB 3.1, 2x GbE, 2x HDMI i blokowanego z\u0142\u0105cza zasilania Mini-Fit Jr.<\/span><\/span><\/span><\/p>\n","protected":false},"featured_media":16805,"template":"","meta":{"_acf_changed":false,"inline_featured_image":false,"_monsterinsights_skip_tracking":false,"_monsterinsights_sitenote_active":false,"_monsterinsights_sitenote_note":"","_monsterinsights_sitenote_category":0},"product_brand":[],"product_cat":[1472,1714],"product_tag":[],"class_list":{"0":"post-16809","1":"product","2":"type-product","3":"status-publish","4":"has-post-thumbnail","6":"product_cat-connect-tech-inc","7":"product_cat-jetson-agx-xavier-pl","9":"first","10":"instock","11":"shipping-taxable","12":"product-type-simple"},"acf":[],"_links":{"self":[{"href":"https:\/\/quantum.com.pl\/pl\/wp-json\/wp\/v2\/product\/16809","targetHints":{"allow":["GET"]}}],"collection":[{"href":"https:\/\/quantum.com.pl\/pl\/wp-json\/wp\/v2\/product"}],"about":[{"href":"https:\/\/quantum.com.pl\/pl\/wp-json\/wp\/v2\/types\/product"}],"wp:featuredmedia":[{"embeddable":true,"href":"https:\/\/quantum.com.pl\/pl\/wp-json\/wp\/v2\/media\/16805"}],"wp:attachment":[{"href":"https:\/\/quantum.com.pl\/pl\/wp-json\/wp\/v2\/media?parent=16809"}],"wp:term":[{"taxonomy":"product_brand","embeddable":true,"href":"https:\/\/quantum.com.pl\/pl\/wp-json\/wp\/v2\/product_brand?post=16809"},{"taxonomy":"product_cat","embeddable":true,"href":"https:\/\/quantum.com.pl\/pl\/wp-json\/wp\/v2\/product_cat?post=16809"},{"taxonomy":"product_tag","embeddable":true,"href":"https:\/\/quantum.com.pl\/pl\/wp-json\/wp\/v2\/product_tag?post=16809"}],"curies":[{"name":"wp","href":"https:\/\/api.w.org\/{rel}","templated":true}]}}