{"id":16816,"date":"2025-06-16T11:34:27","date_gmt":"2025-06-16T09:34:27","guid":{"rendered":"https:\/\/quantum.com.pl\/?post_type=product&#038;p=16816"},"modified":"2025-06-16T12:06:03","modified_gmt":"2025-06-16T10:06:03","slug":"boson-for-framos-carrier-board-for-nvidia-jetson-tx2-nx","status":"publish","type":"product","link":"https:\/\/quantum.com.pl\/pl\/product\/boson-for-framos-carrier-board-for-nvidia-jetson-tx2-nx\/","title":{"rendered":"Boson for FRAMOS Carrier Board for NVIDIA\u00ae Jetson TX2 NX"},"content":{"rendered":"<h3>Dane techniczne:<\/h3>\n<table class=\"woocommerce-product-attributes shop_attributes\" aria-label=\"Product Details\">\n<tbody>\n<tr class=\"woocommerce-product-attributes-item woocommerce-product-attributes-item--attribute_display-output\">\n<th class=\"woocommerce-product-attributes-item__label\" scope=\"row\">Display Output<\/th>\n<td class=\"woocommerce-product-attributes-item__value\">1x HDMI 2.0<\/td>\n<\/tr>\n<tr class=\"woocommerce-product-attributes-item woocommerce-product-attributes-item--attribute_storage\">\n<th class=\"woocommerce-product-attributes-item__label\" scope=\"row\">Storage<\/th>\n<td class=\"woocommerce-product-attributes-item__value\">1x M.2 M-Key (2280) NVMe PCIe x4 (Gen 3)<br \/>\n1x Micro SD Card<\/td>\n<\/tr>\n<tr class=\"woocommerce-product-attributes-item woocommerce-product-attributes-item--attribute_m-2-e-key\">\n<th class=\"woocommerce-product-attributes-item__label\" scope=\"row\">M.2 E-Key<\/th>\n<td class=\"woocommerce-product-attributes-item__value\">1x 2230 E-Key Expansion for WiFi\/Bluetooth<br \/>\n1x PCIe x1 + USB 2.0<\/td>\n<\/tr>\n<tr class=\"woocommerce-product-attributes-item woocommerce-product-attributes-item--attribute_usb\">\n<th class=\"woocommerce-product-attributes-item__label\" scope=\"row\">USB<\/th>\n<td class=\"woocommerce-product-attributes-item__value\">1x USB 3.1 Gen 2 w\/ OTG capability (Type C)<br \/>\n1x USB 2.0 (Type A)<\/td>\n<\/tr>\n<tr class=\"woocommerce-product-attributes-item woocommerce-product-attributes-item--attribute_input-power-misc-power-details\">\n<th class=\"woocommerce-product-attributes-item__label\" scope=\"row\">Input Power \/ Misc Power Details<\/th>\n<td class=\"woocommerce-product-attributes-item__value\">+9V to +36V Input Voltage Range<br \/>\n\u2022 Auto-ON operation by default<\/td>\n<\/tr>\n<tr class=\"woocommerce-product-attributes-item woocommerce-product-attributes-item--attribute_rtc-battery\">\n<th class=\"woocommerce-product-attributes-item__label\" scope=\"row\">RTC Battery<\/th>\n<td class=\"woocommerce-product-attributes-item__value\">1x RTC Battery External Connector<\/td>\n<\/tr>\n<tr class=\"woocommerce-product-attributes-item woocommerce-product-attributes-item--attribute_fan\">\n<th class=\"woocommerce-product-attributes-item__label\" scope=\"row\">FAN<\/th>\n<td class=\"woocommerce-product-attributes-item__value\">1x FAN w\/ PWM Control<\/td>\n<\/tr>\n<tr class=\"woocommerce-product-attributes-item woocommerce-product-attributes-item--attribute_operating-temperature\">\n<th class=\"woocommerce-product-attributes-item__label\" scope=\"row\">Operating Temperature<\/th>\n<td class=\"woocommerce-product-attributes-item__value\">-40\u00b0C to +85\u00b0C ( -40\u00b0F to +185\u00b0F)<\/td>\n<\/tr>\n<tr class=\"woocommerce-product-attributes-item woocommerce-product-attributes-item--attribute_weight\">\n<th class=\"woocommerce-product-attributes-item__label\" scope=\"row\">Weight<\/th>\n<td class=\"woocommerce-product-attributes-item__value\">80g (2.82oz)<\/td>\n<\/tr>\n<tr class=\"woocommerce-product-attributes-item woocommerce-product-attributes-item--attribute_dimensions\">\n<th class=\"woocommerce-product-attributes-item__label\" scope=\"row\">Dimensions<\/th>\n<td class=\"woocommerce-product-attributes-item__value\">90mm x 75mm (3.54\u201d x 2.95\u201d)<\/td>\n<\/tr>\n<tr class=\"woocommerce-product-attributes-item woocommerce-product-attributes-item--attribute_warranty-and-support\">\n<th class=\"woocommerce-product-attributes-item__label\" scope=\"row\">Warranty and Support<\/th>\n<td class=\"woocommerce-product-attributes-item__value\">1 Year Warranty and Free Support<\/td>\n<\/tr>\n<tr class=\"woocommerce-product-attributes-item woocommerce-product-attributes-item--attribute_misc-interfaces\">\n<th class=\"woocommerce-product-attributes-item__label\" scope=\"row\">Misc Interfaces<\/th>\n<td class=\"woocommerce-product-attributes-item__value\">3x 3.3V TTL UARTs (1x CONSOLE)<br \/>\n8 GPIOs 3.3V TTL (2x PWM Capable)<br \/>\n2x I2C 3.3V<br \/>\n1x CAN 2.0b<br \/>\n2x SPI<br \/>\n2x 3.3V<br \/>\n2x 5V<br \/>\n8x GND<\/td>\n<\/tr>\n<\/tbody>\n<\/table>\n<p>Ordering information:<\/p>\n<table width=\"100%\">\n<tbody>\n<tr>\n<td align=\"left\"><strong>NGX007<\/strong><\/td>\n<td align=\"left\">Boson for FRAMOS Carrier Board<\/td>\n<\/tr>\n<tr>\n<td align=\"left\"><strong>NGX017<\/strong><\/td>\n<td align=\"left\">Boson for FRAMOS Carrier Board \u2013 Alternative Parts Version<\/td>\n<\/tr>\n<\/tbody>\n<\/table>\n<p>Cables\/Accessories<br \/>\n<strong>CBG408<\/strong>\u00a0 \u00a0 \u00a0Power Input Cable<br \/>\n<strong>CBG125<\/strong>\u00a0 \u00a0 \u00a0Misc. I\/O Cable \u2013 DF20A 40 Pin, unterminated<br \/>\n<strong>MSG085<\/strong>\u00a0 \u00a0 \u00a0AC\/DC Power Supply<br \/>\n<strong>XHG316<\/strong>\u00a0 \u00a0 \u00a0NVIDIA\u00ae Jetson&#x2122; TX2-NX Thermal Transfer Plate<br \/>\n<strong>XHG317<\/strong>\u00a0 \u00a0 \u00a0NVIDIA\u00ae Jetson&#x2122; TX2-NX Passive Heat Sink<br \/>\n<strong>XHG318\u00a0 \u00a0\u00a0<\/strong> NVIDIA\u00ae Jetson&#x2122; TX2-NX Active Heat Sink<\/p>\n","protected":false},"excerpt":{"rendered":"<h3>Najwa\u017cniejsze cechy:<\/h3>\n<ul>\n<li>Kompatybilny z Jetson Nano, TX2 NX i Xavier NX SoM<\/li>\n<li>Zintegruj do 4 modu\u0142\u00f3w czujnik\u00f3w MIPI FRAMOS 2-pasmowych lub 3 modu\u0142\u00f3w 4-pasmowych<\/li>\n<li>Podw\u00f3jny Gigabit Ethernet i podw\u00f3jny USB<\/li>\n<li>Karta NVMe i microSD dla dodatkowej pami\u0119ci<\/li>\n<li>Opcje rozbudowy WiFi i Bluetooth<\/li>\n<li>Szeroki zakres napi\u0119cia wej\u015bciowego od +9 V do +36 V<\/li>\n<\/ul>\n<h3>Wi\u0119cej informacji:<\/h3>\n<p>Boson for FRAMOS to pot\u0119ga wizji AI, integruj\u0105ca do czterech kamer MIPI na niezwykle ma\u0142ej powierzchni. Specjalnie zaprojektowany do u\u017cytku w ekosystemie czujnik\u00f3w FRAMOS, Boson maksymalizuje wej\u015bcia czujnik\u00f3w i rozwi\u0105zania pami\u0119ci masowej dla zaawansowanych aplikacji wizyjnych. Ta wsp\u00f3lna oferta produkt\u00f3w zapewnia klientom rozwi\u0105zanie wizji typu plug and play, kt\u00f3re przyspiesza czas opracowywania aplikacji. Zgodny z modu\u0142ami SoM Jetson Nano, TX2 NX i Xavier NX, u\u017cytkownicy mog\u0105 p\u0142ynnie przechodzi\u0107 mi\u0119dzy modu\u0142ami, je\u015bli ich potrzeby przetwarzania ulegn\u0105 zmianie.<\/p>\n<p>Boson for FRAMOS jest standardowo wyposa\u017cony w haki programowe w pakiecie obs\u0142ugi p\u0142yt, kt\u00f3re automatycznie \u0142\u0105cz\u0105 wybrane kamery w ekosystemie modu\u0142\u00f3w czujnik\u00f3w FRAMOS z pakietem JetPack SDK firmy NVIDIA, eliminuj\u0105c wszelkie dalsze wymagania rozwojowe zespo\u0142u ds. oprogramowania.<\/p>\n<p>Boson for FRAMOS ma cztery z\u0142\u0105cza FRAMOS PixelMate bezpo\u015brednio na p\u0142ycie no\u015bnej. Z\u0142\u0105cza te umo\u017cliwiaj\u0105 u\u017cytkownikom bezpo\u015brednie pod\u0142\u0105czenie do 4 kamer 2-pasmowych lub 3 kamer 4-pasmowych MIPI CSI-2 z ekosystemu modu\u0142\u00f3w czujnik\u00f3w FRAMOS.<\/p>\n<p>Chocia\u017c Boson for FRAMOS jest kompatybilny z NVIDIA Jetson Nano, TX2 NX i Xavier NX SoMs, dost\u0119pno\u015b\u0107 niekt\u00f3rych wej\u015b\u0107\/wyj\u015b\u0107 b\u0119dzie si\u0119 r\u00f3\u017cni\u0107 w zale\u017cno\u015bci od modu\u0142u. Zobacz <a href=\"https:\/\/connecttech.com\/pdf\/NGX007_Compatibility.pdf\" target=\"_blank\" rel=\"noopener\">specyfikacj\u0119 zgodno\u015bci Boson for FRAMOS<\/a>, aby uzyska\u0107 pe\u0142ne zestawienie.<\/p>\n<p>Boson jest dost\u0119pny w standardowym SKU (NGX007) i alternatywnej wersji cz\u0119\u015bci (NGX017). S\u0105 to r\u00f3wnowa\u017cne pod wzgl\u0119dem formy, dopasowania i funkcji. Daty realizacji zam\u00f3wienia mog\u0105 si\u0119 r\u00f3\u017cni\u0107 w zale\u017cno\u015bci od numeru cz\u0119\u015bci. Wi\u0119cej informacji mo\u017cna znale\u017a\u0107 <a href=\"https:\/\/connecttech.com\/ftp\/pdf\/CTIU-00046.pdf\" target=\"_blank\" rel=\"noopener\">tutaj<\/a>.<\/p>\n<h4>Opcje integracji Boson for FRAMOS<\/h4>\n<p>Bezpo\u015brednia integracja kamery z p\u0142yt\u0105 no\u015bn\u0105 eliminuje potrzeb\u0119 stosowania p\u0142yty adaptera i zmniejsza ca\u0142kowit\u0105 wysoko\u015b\u0107 stosu sprz\u0119towego. Klienci poszukuj\u0105cy opcji pe\u0142nego stosu mog\u0105 zdecydowa\u0107 si\u0119 na integracj\u0119 Boson for FRAMOS z wybranym przez siebie modu\u0142em NVIDIA, dost\u0119pnymi radiatorami, a tak\u017ce innymi opcjami \u0142\u0105czno\u015bci.<\/p>\n<h4>Opcje radiatora (wkr\u00f3tce).<\/h4>\n<h4>Dodatkowe opcje funkcji<\/h4>\n<ul>\n<li>Dodatki WiFi\/Bluetooth (poprzez rozszerzenie 2230 E-Key)<\/li>\n<li>Pami\u0119\u0107 masowa za po\u015brednictwem karty microSD<\/li>\n<li>Pami\u0119\u0107 masowa NVMe (poprzez M.2 M-Key (2280) NVMe PCIe x4)<\/li>\n<\/ul>\n","protected":false},"featured_media":16764,"template":"","meta":{"_acf_changed":false,"inline_featured_image":false,"_monsterinsights_skip_tracking":false,"_monsterinsights_sitenote_active":false,"_monsterinsights_sitenote_note":"","_monsterinsights_sitenote_category":0},"product_brand":[],"product_cat":[1472,1716],"product_tag":[],"class_list":{"0":"post-16816","1":"product","2":"type-product","3":"status-publish","4":"has-post-thumbnail","6":"product_cat-connect-tech-inc","7":"product_cat-jetson-tx2-nx","9":"first","10":"instock","11":"shipping-taxable","12":"product-type-simple"},"acf":[],"_links":{"self":[{"href":"https:\/\/quantum.com.pl\/pl\/wp-json\/wp\/v2\/product\/16816","targetHints":{"allow":["GET"]}}],"collection":[{"href":"https:\/\/quantum.com.pl\/pl\/wp-json\/wp\/v2\/product"}],"about":[{"href":"https:\/\/quantum.com.pl\/pl\/wp-json\/wp\/v2\/types\/product"}],"wp:featuredmedia":[{"embeddable":true,"href":"https:\/\/quantum.com.pl\/pl\/wp-json\/wp\/v2\/media\/16764"}],"wp:attachment":[{"href":"https:\/\/quantum.com.pl\/pl\/wp-json\/wp\/v2\/media?parent=16816"}],"wp:term":[{"taxonomy":"product_brand","embeddable":true,"href":"https:\/\/quantum.com.pl\/pl\/wp-json\/wp\/v2\/product_brand?post=16816"},{"taxonomy":"product_cat","embeddable":true,"href":"https:\/\/quantum.com.pl\/pl\/wp-json\/wp\/v2\/product_cat?post=16816"},{"taxonomy":"product_tag","embeddable":true,"href":"https:\/\/quantum.com.pl\/pl\/wp-json\/wp\/v2\/product_tag?post=16816"}],"curies":[{"name":"wp","href":"https:\/\/api.w.org\/{rel}","templated":true}]}}