{"id":16818,"date":"2025-06-16T12:11:58","date_gmt":"2025-06-16T10:11:58","guid":{"rendered":"https:\/\/quantum.com.pl\/?post_type=product&#038;p=16818"},"modified":"2025-06-16T12:24:58","modified_gmt":"2025-06-16T10:24:58","slug":"quark-carrier-for-nvidia-jetson-tx2-nx","status":"publish","type":"product","link":"https:\/\/quantum.com.pl\/pl\/product\/quark-carrier-for-nvidia-jetson-tx2-nx\/","title":{"rendered":"Quark Carrier for NVIDIA\u00ae Jetson&#x2122; TX2 NX"},"content":{"rendered":"<h3>Dane techniczne:<\/h3>\n<table class=\"woocommerce-product-attributes shop_attributes\" aria-label=\"Product Details\">\n<tbody>\n<tr class=\"woocommerce-product-attributes-item woocommerce-product-attributes-item--attribute_dimensions\">\n<th class=\"woocommerce-product-attributes-item__label\" scope=\"row\">Dimensions<\/th>\n<td class=\"woocommerce-product-attributes-item__value\">82.6mm x 58.8mm (3.25&#8243; x 2.31&#8243;)<\/td>\n<\/tr>\n<tr class=\"woocommerce-product-attributes-item woocommerce-product-attributes-item--attribute_ethernet\">\n<th class=\"woocommerce-product-attributes-item__label\" scope=\"row\">Ethernet<\/th>\n<td class=\"woocommerce-product-attributes-item__value\">2x 1000BASE-T Ports (Positive Locking MiniTek Connectors)<br \/>\n\u2022 1x GBE from Jetson GBE Port<br \/>\n\u2022 1x GBE from PCIe x1 i210 PHY<\/td>\n<\/tr>\n<tr class=\"woocommerce-product-attributes-item woocommerce-product-attributes-item--attribute_usb-otg\">\n<th class=\"woocommerce-product-attributes-item__label\" scope=\"row\">USB + OTG<\/th>\n<td class=\"woocommerce-product-attributes-item__value\">1x USB 3.1 (Gen 3) (USB Type-C Connector)<br \/>\nw\/ USB0 OTG connection<\/td>\n<\/tr>\n<tr class=\"woocommerce-product-attributes-item woocommerce-product-attributes-item--attribute_mipi-cameras\">\n<th class=\"woocommerce-product-attributes-item__label\" scope=\"row\">MIPI Cameras<\/th>\n<td class=\"woocommerce-product-attributes-item__value\">2x 2-lane MIPI CSI-2 (Connector: 1-1734248-5)<br \/>\n\u2022 15-pin FPC 1mm Pitch Connector<\/td>\n<\/tr>\n<tr class=\"woocommerce-product-attributes-item woocommerce-product-attributes-item--attribute_misc-interfaces\">\n<th class=\"woocommerce-product-attributes-item__label\" scope=\"row\">Misc Interfaces<\/th>\n<td class=\"woocommerce-product-attributes-item__value\">Connector: 40-pin DF20<br \/>\n\u2022 3x 3.3V TTL UARTs (1x CONSOLE)<br \/>\n\u2022 8 GPIOs 3.3V TTL (1x PWM Capable)<br \/>\n\u2022 2x I2C 3.3V<br \/>\n\u2022 1x CAN 2.0b<br \/>\n\u2022 1x SPI<\/td>\n<\/tr>\n<tr class=\"woocommerce-product-attributes-item woocommerce-product-attributes-item--attribute_storage\">\n<th class=\"woocommerce-product-attributes-item__label\" scope=\"row\">Storage<\/th>\n<td class=\"woocommerce-product-attributes-item__value\">1x Micro SD Card Slot<\/td>\n<\/tr>\n<tr class=\"woocommerce-product-attributes-item woocommerce-product-attributes-item--attribute_display-output\">\n<th class=\"woocommerce-product-attributes-item__label\" scope=\"row\">Display Output<\/th>\n<td class=\"woocommerce-product-attributes-item__value\">None (Headless Operation only)<\/td>\n<\/tr>\n<tr class=\"woocommerce-product-attributes-item woocommerce-product-attributes-item--attribute_fan\">\n<th class=\"woocommerce-product-attributes-item__label\" scope=\"row\">FAN<\/th>\n<td class=\"woocommerce-product-attributes-item__value\">1x 4-pin Fan Connector (5V, 1\u00d74 Picoblade)<\/td>\n<\/tr>\n<tr class=\"woocommerce-product-attributes-item woocommerce-product-attributes-item--attribute_power-input\">\n<th class=\"woocommerce-product-attributes-item__label\" scope=\"row\">Power Input<\/th>\n<td class=\"woocommerce-product-attributes-item__value\">+5V DC Input (Positive Locking MiniTek Connector)<\/td>\n<\/tr>\n<tr class=\"woocommerce-product-attributes-item woocommerce-product-attributes-item--attribute_power-%e2%80%93-rtc-battery\">\n<th class=\"woocommerce-product-attributes-item__label\" scope=\"row\">Power \u2013 RTC Battery<\/th>\n<td class=\"woocommerce-product-attributes-item__value\">3-Pin RTC Battery Connector (Rev C and onwards)<\/td>\n<\/tr>\n<tr class=\"woocommerce-product-attributes-item woocommerce-product-attributes-item--attribute_operating-temperature\">\n<th class=\"woocommerce-product-attributes-item__label\" scope=\"row\">Operating Temperature<\/th>\n<td class=\"woocommerce-product-attributes-item__value\">-25\u00b0C to +85\u00b0C (-13\u00b0F to +185\u00b0F) (module temp)<\/td>\n<\/tr>\n<tr class=\"woocommerce-product-attributes-item woocommerce-product-attributes-item--attribute_weight\">\n<th class=\"woocommerce-product-attributes-item__label\" scope=\"row\">Weight<\/th>\n<td class=\"woocommerce-product-attributes-item__value\">33g (1.16oz) (no module)<\/td>\n<\/tr>\n<tr class=\"woocommerce-product-attributes-item woocommerce-product-attributes-item--attribute_warranty-and-support\">\n<th class=\"woocommerce-product-attributes-item__label\" scope=\"row\">Warranty and Support<\/th>\n<td class=\"woocommerce-product-attributes-item__value\">1 Year Warranty and Free Support<\/td>\n<\/tr>\n<\/tbody>\n<\/table>\n<h3>Ordering information:<\/h3>\n<p><strong>NGX004<\/strong>\u00a0 \u00a0 \u00a0 \u00a0 \u00a0 \u00a0Quark Carrier Only<br \/>\n<strong>NGX004-07<\/strong>\u00a0 \u00a0 Quark Carrier + NVIDIA\u00ae Jetson&#x2122; TX2-NX Module + Thermal Transfer Plate<br \/>\n<strong>NGX004-08<\/strong>\u00a0 \u00a0 Quark Carrier + NVIDIA\u00ae Jetson&#x2122; TX2-NX Module + Active Thermal<br \/>\n<strong>NGX004-09<\/strong>\u00a0 \u00a0 Quark Carrier + NVIDIA\u00ae Jetson&#x2122; TX2-NX Module + Passive Thermal<br \/>\n<strong>NGX014<\/strong>\u00a0 \u00a0 \u00a0 \u00a0 \u00a0 \u00a0 Quark Carrier (Alternate Parts Version)<\/p>\n<p>Cables\/Accessories<br \/>\n<strong>CBG112<\/strong>\u00a0 \u00a0 \u00a0Power Cable \u2013 6-pin MiniTek w\/ Latch, unterminated<br \/>\n<strong>CBG117<\/strong>\u00a0 \u00a0 \u00a0Ethernet Cable \u2013 10-pin MiniTek w\/ Latch, RJ-45 Panel Mount<br \/>\n<strong>CBG125<\/strong>\u00a0 \u00a0 \u00a0I\/O Cable \u2013 DF20A 40 Pin, unterminated<br \/>\n<strong>XHG316<\/strong>\u00a0 \u00a0 \u00a0NVIDIA\u00ae Jetson&#x2122; TX2-NX Thermal Transfer Plate<br \/>\n<strong>XHG317<\/strong>\u00a0 \u00a0 \u00a0NVIDIA\u00ae Jetson&#x2122; TX2-NX Passive Heat Sink<br \/>\n<strong>XHG318<\/strong>\u00a0 \u00a0 \u00a0NVIDIA\u00ae Jetson&#x2122; TX2-NX Active Heat Sink<\/p>\n","protected":false},"excerpt":{"rendered":"<h3>Najwa\u017cniejsze cechy:<\/h3>\n<ul>\n<li>Kompatybilny z Jetson Nano, TX2 NX i Xavier NX SoM<\/li>\n<li>Niewielkie wymiary: 82,6 mm x 58,8 mm (3,25\u2033 x 2,31\u2033)<\/li>\n<li>1x USB 3.1, 2x GbE, 2x 2-pasmowy MIPI CSI-2, 1x USB OTG<\/li>\n<li>1x gniazdo karty SD, 3x 3,3 V UART, 2 x I2C, 1x CAN 2.0b i 1x SPI<\/li>\n<li>Wej\u015bcie +5 V DC<\/li>\n<\/ul>\n<h3>Wi\u0119cej\u00a0 \u00a0 informacji:<\/h3>\n<p>Quark Carrier firmy Connect Tech to niedrogi, ultrama\u0142y i bogaty w funkcje no\u015bnik do oblicze\u0144 AI na kraw\u0119dzi. Jest on nieco wi\u0119kszy od modu\u0142u Jetson SODIMM i idealnie nadaje si\u0119 do zastosowa\u0144 wizyjnych, wnioskowania i bezza\u0142ogowych \u0142adunk\u00f3w. Kompatybilny z modu\u0142ami Jetson Nano, TX2 NX i Xavier NX SoM, u\u017cytkownicy mog\u0105 p\u0142ynnie przechodzi\u0107 mi\u0119dzy modu\u0142ami, je\u015bli ich potrzeby przetwarzania ulegn\u0105 zmianie.<\/p>\n<p>Projekt Quark obejmuje bogaty zestaw I\/O, w tym 1x USB 3.1, 2x GbE, 2x 2-lane MIPI CSI-2, 1x USB OTG, 1x gniazdo karty SD, 3x 3,3 V UART, 2x I2C, 1x CAN 2.0b i 1x SPI, a tak\u017ce z\u0142\u0105cza IO z blokad\u0105 dodatni\u0105 zoptymalizowane pod k\u0105tem trudnych warunk\u00f3w.<\/p>\n<p>Chocia\u017c Quark jest kompatybilny z NVIDIA Jetson Nano, TX2 NX i Xavier NX SoMs, dost\u0119pno\u015b\u0107 niekt\u00f3rych wej\u015b\u0107\/wyj\u015b\u0107 b\u0119dzie si\u0119 r\u00f3\u017cni\u0107 w zale\u017cno\u015bci od modu\u0142u. Zapoznaj si\u0119 ze <a href=\"https:\/\/connecttech.com\/pdf\/NGX004_Compatibility.pdf\" target=\"_blank\" rel=\"noopener\">specyfikacjami zgodno\u015bci Quark<\/a>, aby uzyska\u0107 pe\u0142ne zestawienie.<\/p>\n<p>UWAGA: Nie u\u017cywaj zasilacza 19 V z zestawu Jetson Xavier&#x2122; NX Dev Kit z Quark Carrier.<\/p>\n<p>** Aby uzyska\u0107 wi\u0119cej informacji na temat NGX014, zapoznaj si\u0119 z numerem <a href=\"https:\/\/connecttech.com\/resource-center\/pcn-ctiu-00045-alternate-sku-part-number-for-quark-carrier-ngx004-ngx014\/\" target=\"_blank\" rel=\"noopener\">PCN: CTIU-00045<\/a> **<\/p>\n","protected":false},"featured_media":16749,"template":"","meta":{"_acf_changed":false,"inline_featured_image":false,"_monsterinsights_skip_tracking":false,"_monsterinsights_sitenote_active":false,"_monsterinsights_sitenote_note":"","_monsterinsights_sitenote_category":0},"product_brand":[],"product_cat":[1472,1716],"product_tag":[],"class_list":{"0":"post-16818","1":"product","2":"type-product","3":"status-publish","4":"has-post-thumbnail","6":"product_cat-connect-tech-inc","7":"product_cat-jetson-tx2-nx","9":"first","10":"instock","11":"shipping-taxable","12":"product-type-simple"},"acf":[],"_links":{"self":[{"href":"https:\/\/quantum.com.pl\/pl\/wp-json\/wp\/v2\/product\/16818","targetHints":{"allow":["GET"]}}],"collection":[{"href":"https:\/\/quantum.com.pl\/pl\/wp-json\/wp\/v2\/product"}],"about":[{"href":"https:\/\/quantum.com.pl\/pl\/wp-json\/wp\/v2\/types\/product"}],"wp:featuredmedia":[{"embeddable":true,"href":"https:\/\/quantum.com.pl\/pl\/wp-json\/wp\/v2\/media\/16749"}],"wp:attachment":[{"href":"https:\/\/quantum.com.pl\/pl\/wp-json\/wp\/v2\/media?parent=16818"}],"wp:term":[{"taxonomy":"product_brand","embeddable":true,"href":"https:\/\/quantum.com.pl\/pl\/wp-json\/wp\/v2\/product_brand?post=16818"},{"taxonomy":"product_cat","embeddable":true,"href":"https:\/\/quantum.com.pl\/pl\/wp-json\/wp\/v2\/product_cat?post=16818"},{"taxonomy":"product_tag","embeddable":true,"href":"https:\/\/quantum.com.pl\/pl\/wp-json\/wp\/v2\/product_tag?post=16818"}],"curies":[{"name":"wp","href":"https:\/\/api.w.org\/{rel}","templated":true}]}}