{"id":16826,"date":"2025-06-18T12:28:41","date_gmt":"2025-06-18T10:28:41","guid":{"rendered":"https:\/\/quantum.com.pl\/product\/oxy5363a\/"},"modified":"2025-06-24T09:56:14","modified_gmt":"2025-06-24T07:56:14","slug":"oxy5363a","status":"publish","type":"product","link":"https:\/\/quantum.com.pl\/pl\/product\/oxy5363a\/","title":{"rendered":"OXY5363A"},"content":{"rendered":"<h3>Specifications:<\/h3>\n<table>\n<tbody>\n<tr>\n<td>CPU Type<\/td>\n<td>Intel<sup>\u00ae<\/sup> Core&#x2122; i7-1185G7E Processor<\/p>\n<p>(4 Cores \/ 8 Threads, 12M Cache, up to 4.40 GHz),15W\/28W<\/p>\n<p>Intel<sup>\u00ae<\/sup> Core&#x2122; i5-1145G7E Processor<\/p>\n<p>(4 Cores \/ 8 Threads, 8M Cache, up to 4.10 GHz),15W\/28W<\/p>\n<p>Intel<sup>\u00ae<\/sup> Core&#x2122; i3-1115G4E Processor<\/p>\n<p>(2 Cores \/ 4 Threads, 6M Cache, up to 3.90 GHz),15W\/28W<\/p>\n<p>Intel<sup>\u00ae<\/sup> Celeron<sup>\u00ae<\/sup> 6305E<\/p>\n<p>(2 Cores \/ 2 Threads, 4M Cache, up to 1.80 GHz),15W<\/td>\n<td><\/td>\n<\/tr>\n<tr>\n<td>Memory type<\/td>\n<td>DDR4 3200MHz \/ 1 x 260-pin SO-DIMM \/ Max. 32GB (Non-ECC)<\/td>\n<td><\/td>\n<\/tr>\n<tr>\n<td>Chipset<\/td>\n<td>Intel<sup>\u00ae<\/sup> SoC Integrated<\/td>\n<td><\/td>\n<\/tr>\n<tr>\n<td>I\/O Chipset<\/td>\n<td>Nuvoton NCT6126D<\/td>\n<td><\/td>\n<\/tr>\n<tr>\n<td>Expansion Slot<\/td>\n<td>Storage \/ LTE \/ 5G: M.2 2242 \/ 2260 \/ 2280 \/ 3042 \/ 3052 B-key (USB2.0\/*PCIex1\/SATAIII)<\/p>\n<p>Wireless: M.2 2230 E-key (PCIe \/ USB)<\/td>\n<td><\/td>\n<\/tr>\n<tr>\n<td>TPM<\/td>\n<td>Nuvoton NPCT750AABYX TPM2.0<\/td>\n<td><\/td>\n<\/tr>\n<tr>\n<td>Watchdog Timer<\/td>\n<td>1~255 Steps by Software Program<\/td>\n<td><\/td>\n<\/tr>\n<tr>\n<td>H \/ W Monitor<\/td>\n<td>Temperature Monitor, Voltage Monitor, Fan Monitor<\/td>\n<td><\/td>\n<\/tr>\n<tr>\n<td>Smart Fan Control<\/td>\n<td>CPU Fan<\/td>\n<td><\/td>\n<\/tr>\n<tr>\n<td>BIOS<\/td>\n<td>AMI BIOS<\/td>\n<td><\/td>\n<\/tr>\n<tr>\n<th colspan=\"2\">Expansion Slot<\/th>\n<td><\/td>\n<\/tr>\n<tr>\n<td>M.2<\/td>\n<td>1 x M.2 2230 E-key ( Wifi &amp; BT , PCIe \/ USB)<\/p>\n<p>1 x M.2 2242 \/ 2260 \/ 2280 \/ 3042 \/ 3052 B-key<\/p>\n<p>(Storage \/ 5G \/ LTE,USB2.0 \/ PCIe x 1 \/ SATAIII)<\/td>\n<td><\/td>\n<\/tr>\n<tr>\n<th colspan=\"2\">Display<\/th>\n<td><\/td>\n<\/tr>\n<tr>\n<td>Chipset<\/p>\n<p>HDMI 2.0b<\/td>\n<td>Intel<sup>\u00ae<\/sup> Iris Xe Graphics<\/p>\n<p>Up to 4K (4096 x 2160) @ 60Hz<\/td>\n<td><\/td>\n<\/tr>\n<tr>\n<td>Display Port 1.4<\/td>\n<td>Up to 5120 x 3200 @ 60Hz<\/td>\n<td><\/td>\n<\/tr>\n<tr>\n<td>LVDS<\/td>\n<td>Up to 1920 x 1200 @ 60Hz<\/td>\n<td><\/td>\n<\/tr>\n<tr>\n<td>eDP (Option)<\/td>\n<td>Up to 5120 x 3200 @ 60Hz<\/td>\n<td><\/td>\n<\/tr>\n<tr>\n<th colspan=\"2\">Ethernet<\/th>\n<\/tr>\n<tr>\n<td>Chipset<\/td>\n<td>Intel<sup>\u00ae<\/sup> I219LM Giga LAN + I225LM 2.5G<\/td>\n<td><\/td>\n<\/tr>\n<tr>\n<th colspan=\"2\" rowspan=\"1\">Audio<\/th>\n<td><\/td>\n<\/tr>\n<tr>\n<td>Codec<\/td>\n<td>Realtek<sup>\u00ae<\/sup> LC256<\/td>\n<td><\/td>\n<\/tr>\n<tr>\n<th>Rear I\/O<\/th>\n<th><\/th>\n<td><\/td>\n<\/tr>\n<tr>\n<td>USB<\/td>\n<td>4 x USB3.1<\/td>\n<td><\/td>\n<\/tr>\n<tr>\n<td>Display I\/O<\/td>\n<td>1 x DP ; 2 x HDMI<\/td>\n<td><\/td>\n<\/tr>\n<tr>\n<td>LAN I\/O<\/td>\n<td>2(1 x GbE ; 1 x 2.5GbE)<\/td>\n<td><\/td>\n<\/tr>\n<tr>\n<th colspan=\"2\"><strong>Internal I\/O<\/strong><\/th>\n<\/tr>\n<tr>\n<td>SATAIII<\/td>\n<td>1<\/td>\n<td><\/td>\n<\/tr>\n<tr>\n<td>USB2.0<\/td>\n<td>2<\/td>\n<td><\/td>\n<\/tr>\n<tr>\n<td>Display I\/O<\/td>\n<td>1 x LVDS (colay eDP)<\/p>\n<p>1 x Backlight connector<\/td>\n<td><\/td>\n<\/tr>\n<tr>\n<td>Audio I\/O<\/td>\n<td>1 x Speaker connector<\/p>\n<p>1 x Mic-in &amp; Line-out<\/td>\n<td><\/td>\n<\/tr>\n<tr>\n<td>Serial<\/td>\n<td>4 (1 x Support RS232\/422\/485)<\/td>\n<td><\/td>\n<\/tr>\n<tr>\n<td>CPU Fan<\/p>\n<p>Power<\/td>\n<td>1<\/p>\n<p>1 x 8~24V 4-pin Power Connector, 1 x AT\/ATX Mode Select Jumper<\/td>\n<td><\/td>\n<\/tr>\n<tr>\n<td>Front Panel Control<\/td>\n<td>1 x Front IO Header (PWR ON\/RESET\/PWR LED\/HDD LED)<\/td>\n<td><\/td>\n<\/tr>\n<tr>\n<th colspan=\"2\"><strong>Mechanical and Environmental<\/strong><\/th>\n<\/tr>\n<tr>\n<td>Form Factor<\/p>\n<p>Power Type<\/p>\n<p>Dimension<\/td>\n<td>3.5&#8243;<\/p>\n<p>DC-IN 8~24V<\/p>\n<p>102mm x 147mm<\/td>\n<td><\/td>\n<\/tr>\n<tr>\n<td>Operating Temperature<\/td>\n<td>ET : -20\u2103\u00a0~ 70\u2103<\/p>\n<p>UT :\u00a0-40\u2103\u00a0~ 85\u2103<\/td>\n<td><\/td>\n<\/tr>\n<tr>\n<td>Storage Temperature<\/td>\n<td>-40 to 85\u2103<\/td>\n<td><\/td>\n<\/tr>\n<tr>\n<td>Relative Humidity<\/td>\n<td>10% to 90%, non-condensing<\/td>\n<td><\/td>\n<\/tr>\n<tr>\n<th colspan=\"2\"><strong>Standard Compliance<\/strong><\/th>\n<\/tr>\n<tr>\n<td>Standard Compliance<\/td>\n<td>CE\/FCC<\/td>\n<td><\/td>\n<\/tr>\n<tr>\n<th><strong>OS<\/strong><\/th>\n<th><\/th>\n<\/tr>\n<tr>\n<td>OS Support<\/td>\n<td>Windows<sup>\u00ae<\/sup> 10 64-bit<\/p>\n<p>Linux(Support by request)<\/td>\n<\/tr>\n<\/tbody>\n<\/table>\n<h3>Ordering information:<\/h3>\n<p><strong>OXY5363A-01ET<\/strong>\u00a0 \u00a0 Intel\u00ae 11th Gen. Tiger Lake-U Core&#x2122; i7-1185G7E, DDR4 up to 32GB, Dual M.2 expansion slots: M.2 2242\/2260\/2280\/3042\/3052 B-key,<br \/>\nM.2 2230 E-key, Extended Temp. -20 to 70\u00b0C<br \/>\n<strong>OXY5363A-01UT\u00a0<\/strong>\u00a0 Intel\u00ae 11th Gen. Tiger Lake-U Core&#x2122; i7-1185G7E, DDR4 up to 32GB,Dual M.2 expansion slots: M.2 2242\/2260\/2280\/3042\/3052 B-key,<br \/>\nM.2 2230 E-key, Extended Temp. -40 to 85\u00b0C<br \/>\n<strong>OXY5363A-02ET<\/strong>\u00a0 \u00a0Intel\u00ae 11th Gen. Tiger Lake-U Core&#x2122; i5-1145G7E, DDR4 up to 32GB, Dual M.2 expansion slots: M.2 2242\/2260\/2280\/3042\/3052 B-key,<br \/>\nM.2 2230 E-key, Extended Temp. -20 to 70\u00b0C<br \/>\n<strong>OXY5363A-02UT<\/strong>\u00a0 Intel\u00ae 11th Gen. Tiger Lake-U Core&#x2122; i5-1145G7E, DDR4 up to 32GB, Dual M.2 expansion slots: M.2 2242\/2260\/2280\/3042\/3052 B-key,<br \/>\nM.2 2230 E-key, Extended Temp. -40 to 85\u00b0C<br \/>\n<strong>OXY5363A-03ET<\/strong>\u00a0 Intel\u00ae 11th Gen. Tiger Lake-U Core&#x2122; i3-1115G4E, DDR4 up to 32GB, Dual M.2 expansion slots: M.2 2242\/2260\/2280\/3042\/3052 B-key,<br \/>\nM.2 2230 E-key, Extended Temp. -20 to 70\u00b0C<br \/>\n<strong>OXY5363A-03UT<\/strong>\u00a0 Intel\u00ae 11th Gen. Tiger Lake-U Core&#x2122; i3-1115G4E, DDR4 up to 32GB, Dual M.2 expansion slots: M.2 2242\/2260\/2280\/3042\/3052 B-key,<br \/>\nM.2 2230 E-key, Extended Temp. -40 to 85\u00b0C<br \/>\n<strong>OXY5363A-04ET<\/strong>\u00a0 Intel\u00ae 11th Gen. Tiger Lake-U Celeron\u00ae 6305E, DDR4 up to 32GB, Dual M.2 expansion slots: M.2 2242\/2260\/2280\/3042\/3052 B-key,<br \/>\nM.2 2230 E-key, Extended Temp. -20 to 70\u00b0C<br \/>\n<strong>OXY5363A-04UT<\/strong> Intel\u00ae 11th Gen. Tiger Lake-U Celeron\u00ae 6305E, DDR4 up to 32GB, Dual M.2 expansion slots: M.2 2242\/2260\/2280\/3042\/3052 B-key,<br \/>\nM.2 2230 E-key, Extended Temp. -40 to 85\u00b0C<\/p>\n","protected":false},"excerpt":{"rendered":"<h3>Najwa\u017cniejsze informacje<\/h3>\n<p>Intel\u00ae 11th Gen. Tiger Lake-UP3, DDR4 do 32 GB, Dwa gniazda rozszerze\u0144 M.2: 3042\/3052\/2280 B-key, 2230 E-key, Extended Temp. -40 do 85\u00b0C<\/p>\n<ul>\n<li>11th Tiger Lake-UP3 i7-1185G7E\/i5-1145G7E\/i3-1115G4E\/Celeron\u00ae 6305E<\/li>\n<li>Dwa gniazda M.2: 1 x M.2 2242\/2260\/2280 B-key (SATA, PCIe x1), 1x M.2 2230 E-key (PCIe,USB)<\/li>\n<li>Zgodny z M.2 3042\/3052 i gniazdem SIM do \u0142\u0105czno\u015bci sieciowej 5G<\/li>\n<li>1 x DDR4 SO-DIMM do 32 GB<\/li>\n<li>1 x SATA III, 2 x Intel\u00ae Gigabit Ethernet<\/li>\n<li>2 x USB 2.0, 4 x USB 3.1<\/li>\n<li>4 x COM (3 x RS232, 1 x RS232\/422\/485)<\/li>\n<li>Zasilanie szerokopasmowe 8~24 V Wej\u015bcie<\/li>\n<li>Rozszerzona temperatura ET: -20 do 70\u00b0C; UT: -40 do 85\u00b0C<\/li>\n<\/ul>\n<h4>Wprowadzenie<\/h4>\n<p>OXY5363A to wysoce zintegrowany 3,5-calowy wytrzyma\u0142y komputer SBC nap\u0119dzany przez 11. generacj\u0119 procesora Intel\u00ae Tiger Lake i7-1185G7E lutowanego na p\u0142ycie. Dzi\u0119ki procesorowi lutowanemu na p\u0142ycie, OXY5363A mo\u017ce znacznie zwi\u0119kszy\u0107 odporno\u015b\u0107 na wibracje i wstrz\u0105sy. Procesor obs\u0142uguje grafik\u0119 (seria HD Graphics 620) i wydajno\u015b\u0107 procesora oraz jest wyposa\u017cony w\u00a0 funkcje wej\u015bcia\/wyj\u015bcia, takie jak: 2 porty COM; 8-bitowe DIO; 6 port\u00f3w USB. Dzi\u0119ki 2 portom DisplayPort i dwukana\u0142owemu 24-bitowemu LVDS, OXY5363A mo\u017ce spe\u0142ni\u0107 r\u00f3\u017cne potrzeby nowoczesnych aplikacji do sterowania wy\u015bwietlaczami i monitorami. OXY5363A mo\u017ce dzia\u0142a\u0107 w trudnych warunkach w zakresie temperatur od -40\u2103 do 85\u00b0C i unika\u0107 uszkodze\u0144 spowodowanych nag\u0142ym skokiem napi\u0119cia dzi\u0119ki konstrukcji wej\u015bcia 8 V do 24 V DC.<\/p>\n<h4>Kluczowe cechy<\/h4>\n<h4>(1) Bogate Interfejs I\/O \u2013 rozbudowana funkcjonalno\u015b\u0107<\/h4>\n<p>Bogata konstrukcja I\/O zapewnia OXY5363A mo\u017cliwo\u015b\u0107 obs\u0142ugi wsp\u00f3\u0142czesnych urz\u0105dze\u0144 automatyki, wy\u015bwietlaczy i innych aplikacji wymagaj\u0105cych rozbudowanych funkcji I\/O. Dzi\u0119ki 2 portom COM, 6 portom USB, 2 portom LAN i dwukana\u0142owemu 24-bitowemu LVDS, OXY5363A zapewnia szeroki wachlarz mo\u017cliwo\u015bci rozbudowy i pod\u0142\u0105czania do r\u00f3\u017cnych urz\u0105dze\u0144<\/p>\n<h4>(2) Rozszerzona praca w temperaturze<\/h4>\n<p>7StarLake ma na celu zapewnienie doskona\u0142ej wydajno\u015bci we wszystkich typach stref temperaturowych. Od wyboru komponent\u00f3w po projekt uk\u0142adu, po\u015bwi\u0119camy nasz\u0105 wiedz\u0119, aby upewni\u0107 si\u0119, \u017ce nasze p\u0142yty wytrzymaj\u0105 ekstremalne temperatury. OXY5363A mo\u017ce dzia\u0142a\u0107 w temperaturach od -40\u2103 do 85 \u00b0C, nasza rygorystyczna procedura produkcyjna gwarantuje najwy\u017csz\u0105 wydajno\u015b\u0107 w trudnych warunkach.<\/p>\n<h4>(3) Wydajne rozwi\u0105zanie termiczne<\/h4>\n<p>7StarLake zapewnia in\u017cynierom dostosowany rozpraszacz ciep\u0142a, aby skr\u00f3ci\u0107 okres projektowania mechanicznego, a tak\u017ce zapewnia najwy\u017csz\u0105 skuteczno\u015b\u0107 rozpraszania. W przypadku OXY5363A umieszczany jest niestandardowy radiator na szczycie CPU i chipsetu, dzia\u0142aj\u0105c jako medium, kt\u00f3re wymienia ciep\u0142o do otaczaj\u0105cej atmosfery. Bardzo wydajny aluminiowy radiator ma przewodno\u015b\u0107 ciepln\u0105, aby absorbowa\u0107 ciep\u0142o wytwarzane przez CPU.<\/p>\n<h4>Umiejscowienie z\u0142\u0105czy I\/O<\/h4>\n<p><img loading=\"lazy\" decoding=\"async\" class=\"align-center aligncenter\" src=\"https:\/\/perfectron.com\/sites\/default\/files\/inline-images\/OXY5363A%E6%8B%89%E7%B7%9A%E5%9C%96%E7%B8%BD%E5%92%8C.jpg\" alt=\"OXY5363A_I\/O placement\" width=\"1070\" height=\"455\" data-entity-type=\"file\" data-entity-uuid=\"95a40d5f-7005-4e47-992c-e969ba62ef55\" \/><\/p>\n","protected":false},"featured_media":16847,"template":"","meta":{"_acf_changed":false,"inline_featured_image":false,"_monsterinsights_skip_tracking":false,"_monsterinsights_sitenote_active":false,"_monsterinsights_sitenote_note":"","_monsterinsights_sitenote_category":0},"product_brand":[],"product_cat":[565,509],"product_tag":[],"class_list":{"0":"post-16826","1":"product","2":"type-product","3":"status-publish","4":"has-post-thumbnail","6":"product_cat-35-sbc","7":"product_cat-perfectron","9":"first","10":"instock","11":"shipping-taxable","12":"product-type-simple"},"acf":[],"_links":{"self":[{"href":"https:\/\/quantum.com.pl\/pl\/wp-json\/wp\/v2\/product\/16826","targetHints":{"allow":["GET"]}}],"collection":[{"href":"https:\/\/quantum.com.pl\/pl\/wp-json\/wp\/v2\/product"}],"about":[{"href":"https:\/\/quantum.com.pl\/pl\/wp-json\/wp\/v2\/types\/product"}],"wp:featuredmedia":[{"embeddable":true,"href":"https:\/\/quantum.com.pl\/pl\/wp-json\/wp\/v2\/media\/16847"}],"wp:attachment":[{"href":"https:\/\/quantum.com.pl\/pl\/wp-json\/wp\/v2\/media?parent=16826"}],"wp:term":[{"taxonomy":"product_brand","embeddable":true,"href":"https:\/\/quantum.com.pl\/pl\/wp-json\/wp\/v2\/product_brand?post=16826"},{"taxonomy":"product_cat","embeddable":true,"href":"https:\/\/quantum.com.pl\/pl\/wp-json\/wp\/v2\/product_cat?post=16826"},{"taxonomy":"product_tag","embeddable":true,"href":"https:\/\/quantum.com.pl\/pl\/wp-json\/wp\/v2\/product_tag?post=16826"}],"curies":[{"name":"wp","href":"https:\/\/api.w.org\/{rel}","templated":true}]}}