{"id":16839,"date":"2025-06-25T12:29:48","date_gmt":"2025-06-25T10:29:48","guid":{"rendered":"https:\/\/quantum.com.pl\/product\/oxy5335a-2\/"},"modified":"2025-06-25T14:55:38","modified_gmt":"2025-06-25T12:55:38","slug":"oxy5335a-2","status":"publish","type":"product","link":"https:\/\/quantum.com.pl\/pl\/product\/oxy5335a-2\/","title":{"rendered":"OXY5335A"},"content":{"rendered":"<h3>Dane techniczne:<\/h3>\n<table class=\"Table\">\n<tbody>\n<tr>\n<th><strong>Operating Temp.<\/strong><\/th>\n<th><\/th>\n<\/tr>\n<tr>\n<td>-40\u00b0C to 85\u00b0C<\/td>\n<td><\/td>\n<\/tr>\n<tr>\n<th><strong>System<\/strong><\/th>\n<th><\/th>\n<\/tr>\n<tr>\n<td>CPU Type<\/td>\n<td>Intel<sup>\u00ae<\/sup> Ivy Bridge 22nm Core&#x2122; i7\/i5\/i3 BGA Type<\/p>\n<p>Intel<sup>\u00ae<\/sup> Core&#x2122; i7-3517UE (2C x 1.7 GHz), 4M L2 cache (17W)<\/p>\n<p>Intel<sup>\u00ae<\/sup> Core&#x2122; i5-3610ME (2C x 2.7 GHz), 3M L2 cache (35W)<\/p>\n<p>Intel<sup>\u00ae<\/sup> Core&#x2122; i3-3217UE (2C x 1.66 GHz), 3M L2 cache (17W)<\/td>\n<\/tr>\n<tr>\n<td>Chipset<\/td>\n<td>IntelR QM77 Express Chipset (IntelR BD82QM77 PCH)<\/td>\n<\/tr>\n<tr>\n<td>Memory Type<\/td>\n<td>1 x 204-pin SO-DIMM DDR3 1333\/1600 MHz up to 8 GB<\/td>\n<\/tr>\n<tr>\n<td>BIOS<\/td>\n<td>AMI<sup>\u00ae<\/sup> UEFI BIOS<\/td>\n<\/tr>\n<tr>\n<td>Watchdog<\/td>\n<td>1-255 sec. or 1-255 min. software programmable<\/td>\n<\/tr>\n<tr>\n<th><strong>Expansion Slot<\/strong><\/th>\n<th><\/th>\n<\/tr>\n<tr>\n<td>Mini PCIe<\/td>\n<td>1 x miniPCIe for Gen2<\/td>\n<\/tr>\n<tr>\n<td>mSATA<\/td>\n<td>1 x mSATA for Gen2<\/td>\n<\/tr>\n<tr>\n<th><strong>Display<\/strong><\/th>\n<th><\/th>\n<\/tr>\n<tr>\n<td>Chipset<\/td>\n<td>Intel<sup>\u00ae<\/sup> HD Grapics 4000 Integrated Graphics Engine<\/td>\n<\/tr>\n<tr>\n<td>VGA<\/td>\n<td>Yes (Max. resolution 2048 x 1536 @ 60Hz)<\/td>\n<\/tr>\n<tr>\n<td>LVDS<\/td>\n<td>Dual Channel 24-bit LVDS<\/td>\n<\/tr>\n<tr>\n<td>Display Type<\/td>\n<td>VGA, LVDS, DVI-I<\/td>\n<\/tr>\n<tr>\n<th><strong>Audio<\/strong><\/th>\n<th><\/th>\n<\/tr>\n<tr>\n<td>Codec<\/td>\n<td>Realtek ALC887 High Definition Audio Codec<\/td>\n<\/tr>\n<tr>\n<th><strong>Ethernet<\/strong><\/th>\n<th><\/th>\n<\/tr>\n<tr>\n<td>Chipset<\/td>\n<td>1 x Intel<sup>\u00ae<\/sup> 82579LM &amp; 1 x Intel<sup>\u00ae<\/sup> 82574L GbE LAN<br \/>\n(support 10\/100\/1000 Mbps for 2 x RJ45 ports)<\/td>\n<\/tr>\n<tr>\n<td>WOL<\/td>\n<td>Yes<\/td>\n<\/tr>\n<tr>\n<td>Boot from LAN<\/td>\n<td>Yes for PXE<\/td>\n<\/tr>\n<tr>\n<th><strong>Rear I\/O<\/strong><\/th>\n<th><\/th>\n<\/tr>\n<tr>\n<td>VGA<\/td>\n<td>1 x 15-pin VGA connector (female<\/td>\n<\/tr>\n<tr>\n<td>DVI-I<\/td>\n<td>1 x 29-pin DVI-I connector (female)<\/td>\n<\/tr>\n<tr>\n<td>Ethernet<\/td>\n<td>2 x RJ45 ports (support 10\/100\/1000 Mbps for 2 x RJ45 ports)<\/td>\n<\/tr>\n<tr>\n<td>COM<\/td>\n<td>1 x RS232\/422\/485<\/td>\n<\/tr>\n<tr>\n<td><\/td>\n<td><strong>Serial Signals<\/strong><\/p>\n<p>RS232: DCD-, RXD, TXD, DTR-, GND, DSR-, RTS-, CTS-<\/p>\n<p>RS422: TX-, RX+, TX+, RX-, GND<\/p>\n<p>RS485: DATA-, DATA+, GND<\/td>\n<\/tr>\n<tr>\n<td>USB<\/td>\n<td>2 x USB 3.0<\/td>\n<\/tr>\n<tr>\n<th><strong>Internal I\/O<\/strong><\/th>\n<th><\/th>\n<\/tr>\n<tr>\n<td>SATA<\/td>\n<td>2 x SATAIII (6 Gb\/s)<\/td>\n<\/tr>\n<tr>\n<td>USB<\/td>\n<td>8 x USB 2.0 ports by pin header<\/td>\n<\/tr>\n<tr>\n<td>COM<\/td>\n<td>3 x COM ports<\/p>\n<p>COM 1, 3, 4 ports support RS232 by pin header<\/td>\n<\/tr>\n<tr>\n<td>Audio<\/td>\n<td>Mic-in, Line-in, Line-out<\/td>\n<\/tr>\n<tr>\n<td>FAN<\/td>\n<td>1 x CPU fan<\/td>\n<\/tr>\n<tr>\n<td>LVDS<\/td>\n<td>30-pin connector<\/td>\n<\/tr>\n<tr>\n<td>PS\/2<\/td>\n<td>1 x 8-pin header<\/td>\n<\/tr>\n<tr>\n<td>Parellel Port<\/td>\n<td>2 x 13-pin header<\/td>\n<\/tr>\n<tr>\n<td>DIO<\/td>\n<td>8-bit (4 in\/4 out)<\/td>\n<\/tr>\n<tr>\n<td>SIM card holder<\/td>\n<td>1<\/td>\n<\/tr>\n<tr>\n<th><strong>OS support list<\/strong><\/th>\n<th><\/th>\n<\/tr>\n<tr>\n<td>Windows<\/td>\n<td>Windows 7 x32\u3001Windows 7 x64<\/td>\n<\/tr>\n<tr>\n<td>Linux<\/td>\n<td>Ubuntu 14.04<\/td>\n<\/tr>\n<tr>\n<th><strong>Mechanical and Environment<\/strong><\/th>\n<th><\/th>\n<\/tr>\n<tr>\n<td>Form Factor<\/td>\n<td>3.5&#8243; SBC<\/td>\n<\/tr>\n<tr>\n<td>Power Type<\/td>\n<td>12V DC-in, 4-pin ATX power connector, AT\/ATX mode support<\/td>\n<\/tr>\n<tr>\n<td>Dimension<\/td>\n<td>146 x 102 mm (5.7&#8243; x 4&#8243;)<\/td>\n<\/tr>\n<tr>\n<td>Operating Temp.<\/td>\n<td>-20\u00b0C to 70\u00b0C<\/td>\n<\/tr>\n<tr>\n<td>Storage Temp.<\/td>\n<td>-40\u00b0C to 85\u00b0C<\/td>\n<\/tr>\n<tr>\n<td>Relative Humidity<\/td>\n<td>10% to 90%, non-condensing<\/td>\n<\/tr>\n<tr>\n<th><strong>TEST STANDARD<\/strong><\/th>\n<th><\/th>\n<\/tr>\n<tr>\n<td>MIL-STD-810G<\/td>\n<td><\/td>\n<\/tr>\n<tr>\n<td>Temperature Shock<\/td>\n<td>MIL-STD-810G Test Method 503.5 Temperature Shock Procedure I-C \/ Storage (Multi-cycle shocks from constant extreme temperature, Form 85\u2103 to -40\u2103, Three cycle)<\/td>\n<\/tr>\n<tr>\n<td>High Temperature<\/td>\n<td>MIL-STD-810G Test Method 501.5 high Temp ( 96 hours @75\u2103 non-operating + 72 hours @ 75\u2103 operating )<\/td>\n<\/tr>\n<tr>\n<td>Low Temperature<\/td>\n<td>MIL-STD-810G Test Method 502.5 Low Temp ( 96 hours @ -40\u2103 non-operating +72 hours @ -40\u2103 operating )<\/td>\n<\/tr>\n<\/tbody>\n<\/table>\n<h3><\/h3>\n<h3>Ordering Information<\/h3>\n<p><strong>OXY5335A-ET-3517UE<\/strong>\u00a0 \u00a0 \u00a03.5&#8243; SBC Intel\u00ae Ivy Bridge Processor (Mobile) BGA CPU,<br \/>\nMulti-Display by DVI-I, VGA, LVDS, Dual Intel\u00ae GbE LAN, +12V DC-in (Core&#x2122; i7-3517UE) (-20 to 70\u00b0C)<\/p>\n<p><strong>OXY5335A-ET-3217UE<\/strong>\u00a0 \u00a0 \u00a03.5&#8243; SBC Intel\u00ae Ivy Bridge Processor (Mobile) BGA CPU,<br \/>\nMulti-Display by DVI-I, VGA, LVDS, Dual Intel\u00ae GbE LAN, +12V DC-in(Core&#x2122; i3-3217UE ) (-20 to 70\u00b0C)<\/p>\n<p><strong>OXY5335A-UT-3517UE\u00a0 \u00a0 \u00a0<\/strong>3.5&#8243;\u00a0SBC Intel\u00ae Ivy Bridge Processor (Mobile) BGA CPU,<br \/>\nMulti-Display by DVI-I, VGA, LVDS, Dual Intel\u00ae GbE LAN, +12V DC-in (Core&#x2122; i7-3517UE) (-40 to 85\u00b0C optional)<\/p>\n<p><strong>OXY5335A-UT-3217UE<\/strong>\u00a0 \u00a0 \u00a03.5&#8243; SBC Intel\u00ae Ivy Bridge Processor (Mobile) BGA CPU,<br \/>\nMulti-Display by DVI-I, VGA, LVDS, Dual Intel\u00ae GbE LAN, +12V DC-in (Core&#x2122; i3-3217UE) (-40 to 85\u00b0C optional)<\/p>\n","protected":false},"excerpt":{"rendered":"<div class=\"col-sm-9 col-md-9 col-main\">\n<p><strong>3,5-calowy procesor SBC Intel\u00ae Ivy Bridge (mobilny) BGA CPU (i7\/i5\/i3), Multi-Display przez DVI-D, VGA, LVDS, Dual Intel\u00ae GbE LAN, +12 V DC-in, od -40\u00b0C do 85\u00b0C<\/strong><\/p>\n<p>Procesor Intel\u00ae Ivy Bridge BGA + Intel QM77 PCH<br \/>\nMulti display: VGA, DVI-I, LVDS<br \/>\n4 COM, 10 USB, 2 LAN<br \/>\n2 SATAIII i HD Audio<br \/>\n1 x pe\u0142nowymiarowy miniPCIe i 1 x mSATA<br \/>\nWbudowane gniazdo karty SIM do \u0142\u0105czno\u015bci 3,5G<br \/>\nRozszerzona temperatura pracy. od -40\u00b0C do 85\u00b0C3,5-calowy procesor SBC Intel\u00ae Ivy Bridge (mobilny) BGA CPU (i7\/i5\/i3), Multi-Display przez DVI-D, VGA, LVDS, Dual Intel\u00ae GbE LAN, +12 V DC-in, od -40\u00b0C do 85\u00b0C<\/p>\n<p><strong>Wprowadzenie<\/strong><\/p>\n<p><img loading=\"lazy\" decoding=\"async\" class=\"align-right alignright\" src=\"https:\/\/perfectron.com\/sites\/default\/files\/inline-images\/New-product-page_new_03_02_2.jpg\" alt=\"New-product-page_new_03_02\" width=\"281\" height=\"176\" data-entity-type=\"file\" data-entity-uuid=\"da8616d4-594c-4dfd-a9dd-e1b884d2ec6e\" \/><span class=\"HwtZe\" lang=\"pl\"><span class=\"jCAhz ChMk0b\"><span class=\"ryNqvb\"> OXY5335A to wysoce zintegrowany, wytrzyma\u0142y komputer SBC 3,5\u201d nap\u0119dzany procesorem Intel\u00ae Ivy Bridge trzeciej generacji i chipsetem lutowanym na p\u0142ycie. Procesor i7-3517UE plus chipset Intel\u00ae QM77 obs\u0142uguje dwurdzeniowy ULV 1,7 GHz, zu\u017cywaj\u0105c indywidualnie tylko 17 W i 4,1 W. Ta pot\u0119\u017cna kombinacja sprawia, \u017ce \u200b\u200bkomputer SBC ma du\u017c\u0105 moc obliczeniow\u0105 do wykonywania wielu zada\u0144 jednocze\u015bnie, redukuj\u0105c zu\u017cycie energii w stanie bezczynno\u015bci. Aplikacje o znaczeniu krytycznym mog\u0105 wykorzysta\u0107 zalety procesor\u00f3w lutowanych na p\u0142ycie i rozszerzonej temperatury pracy od -40 do 85\u00b0C, aby zapewni\u0107 najwy\u017csz\u0105 trwa\u0142o\u015b\u0107, najwy\u017csz\u0105 odporno\u015b\u0107 na wstrz\u0105sy i wibracje. OXY5335A to naprawd\u0119 wytrzyma\u0142y komputer SBC idealny do zaawansowanych zastosowa\u0144 w automatyce, kolejnictwie, wiertnictwie i energetyce.<\/span><\/span><\/span><\/p>\n<\/div>\n<div class=\"col-sm-3 col-md-3 col-sidebar\">\n<h4><span class=\"HwtZe\" lang=\"pl\"><span class=\"jCAhz ChMk0b\"><span class=\"ryNqvb\">Rozwi\u0105zanie termiczne dla projekt\u00f3w system\u00f3w bezwentylatorowych<\/span><\/span><\/span><\/h4>\n<p>Radiatory s\u0142u\u017c\u0105 do obni\u017cania temperatury urz\u0105dzenia poprzez rozpraszanie ciep\u0142a do otaczaj\u0105cego powietrza. Poniewa\u017c konfiguracje i rozmieszczenie obwod\u00f3w zasilania ka\u017cdego modelu s\u0105 r\u00f3\u017cne, co prowadzi do r\u00f3\u017cnego stopnia generowania ciep\u0142a, PERFECTRON projektuje radiatory szyte na miar\u0119 dla ka\u017cdej p\u0142yty g\u0142\u00f3wnej. Specjalna konstrukcja wysokich i niskich \u017ceber tworzy przep\u0142yw powietrza w celu zmniejszenia oporu cieplnego. Ponadto linia fali przekroju poprzecznego na interfejsie zwi\u0119ksza si\u0119 do 30-40% powierzchni kontaktu z powietrzem. \u0141\u0105cz\u0105c te dwie cechy, wydajno\u015b\u0107 cieplna jest maksymalnie wykorzystana. Klienci mog\u0105 r\u00f3wnie\u017c skorzysta\u0107 z opcji wentylatora, je\u015bli konstrukcja bezwentylatorowa nie jest konieczna.<\/p>\n<h4><span class=\"HwtZe\" lang=\"pl\"><span class=\"jCAhz ChMk0b\"><span class=\"ryNqvb\">Zaawansowane rozwi\u0105zanie ch\u0142odz\u0105ce zapewniaj\u0105ce lepsze odprowadzanie ciep\u0142a<\/span><\/span><\/span><\/h4>\n<p><span class=\"HwtZe\" lang=\"pl\"><span class=\"jCAhz ChMk0b\"><span class=\"ryNqvb\">Aby sprosta\u0107 wymaganiom klienta dotycz\u0105cym rozszerzonej temperatury, ca\u0142e rozwi\u0105zanie termiczne OXY5335A obejmuje jednocze\u015bnie dwie metody transferu ciep\u0142a, przewodzenie ciep\u0142a i konwekcj\u0119 ciep\u0142a.<\/span><\/span> <span class=\"jCAhz ChMk0b\"><span class=\"ryNqvb\">Do przewodzenia ciep\u0142a rozwi\u0105zanie wykorzystuje miedziany rozpraszacz ciep\u0142a na dolnej warstwie, kt\u00f3ry bezpo\u015brednio styka si\u0119 z procesorem i chipsetem.<\/span><\/span> <span class=\"jCAhz ChMk0b\"><span class=\"ryNqvb\">Nast\u0119pnie ciep\u0142o jest przenoszone do g\u00f3rnego aluminiowego radiatora.<\/span><\/span> <span class=\"jCAhz ChMk0b\"><span class=\"ryNqvb\">Je\u015bli chodzi o konwekcj\u0119 ciep\u0142a, r\u00f3\u017cnice temperatur spowodowane przez konstrukcj\u0119 wysokich i niskich \u017ceber tworz\u0105 \u0142agodny przep\u0142yw powietrza, kt\u00f3ry mo\u017ce skutecznie odprowadza\u0107 ciep\u0142o.<\/span><\/span> <span class=\"jCAhz ChMk0b\"><span class=\"ryNqvb\">Wentylator mo\u017ce by\u0107 r\u00f3wnie\u017c pomocniczy poprzez umieszczenie wentylatora o odpowiedniej wielko\u015bci na g\u00f3rze radiatora.<\/span><\/span> <span class=\"jCAhz ChMk0b\"><span class=\"ryNqvb\">Rysunek podzia\u0142u przedstawiono poni\u017cej.<\/span><\/span><\/span><\/p>\n<h4><strong>Insrukcja instalacji<\/strong><\/h4>\n<p><span class=\"HwtZe\" lang=\"pl\"><span class=\"jCAhz ChMk0b\"><span class=\"ryNqvb\">Procedura: Przyklej podk\u0142adk\u0119 termiczn\u0105 do procesora i chipsetu, a nast\u0119pnie po prostu umie\u015b\u0107 pasywny radiator na podk\u0142adce termicznej.<\/span><\/span><span class=\"jCAhz ChMk0b\"><span class=\"ryNqvb\"> Miedziany rozpraszacz ciep\u0142a jest u\u017cywany do bezpo\u015bredniego kontaktu z procesorem i chipsetem, aby skutecznie poch\u0142ania\u0107 ciep\u0142o na dolnej warstwie, a nast\u0119pnie rozprowadza\u0107 zebrane ciep\u0142o do g\u00f3rnego aluminiowego radiatora.<\/span><\/span> <span class=\"jCAhz ChMk0b\"><span class=\"ryNqvb\">Aluminium jest u\u017cywane do wymuszania konwekcji ciep\u0142a.<\/span><\/span> <span class=\"jCAhz ChMk0b\"><span class=\"ryNqvb\">Po przeniesieniu ciep\u0142a z dolnej warstwy do radiatora przez rozpraszacz ciep\u0142a, konstrukcja wysokich i niskich \u017ceberek plus linia falowa tworz\u0105 przep\u0142yw powietrza w celu rozproszenia ciep\u0142a.<\/span><\/span><\/span><\/p>\n<p><span class=\"HwtZe\" lang=\"pl\"><span class=\"jCAhz ChMk0b\"><span class=\"ryNqvb\"><strong>Aluminiowy pasywny radiator<\/strong> <\/span><\/span><\/span><br \/>\nRadiator jest znany z obni\u017cania temperatury poprzez rozpraszanie ciep\u0142a do otaczaj\u0105cego powietrza. Chocia\u017c mied\u017a poch\u0142ania je szybciej, nie rozprasza si\u0119 szybciej ni\u017c aluminium.<br \/>\n\u2022 Zawiera 96% aluminium, ma 30,8 mm wysoko\u015bci i wa\u017cy 321 g<br \/>\n\u2022 Konstrukcja z wysokim i niskim \u017cebrem oraz linia fali zwi\u0119kszaj\u0105 powierzchni\u0119 styku do 30-40% i tworz\u0105 przep\u0142yw powietrza.<br \/>\n\u2022 Kr\u00f3tszy czas rozpraszania ciep\u0142a dzi\u0119ki mniejszej g\u0119sto\u015bci metalu<br \/>\n\u2022 Lepsza wydajno\u015b\u0107 rozpraszania ciep\u0142a<\/p>\n<p><strong><span class=\"HwtZe\" lang=\"pl\"><span class=\"jCAhz ChMk0b\"><span class=\"ryNqvb\">Miedziany p\u0142aski rozpraszacz ciep\u0142a<\/span><\/span><\/span><\/strong><br \/>\n<span class=\"HwtZe\" lang=\"pl\"><span class=\"jCAhz ChMk0b\"><span class=\"ryNqvb\">Rozpraszacz ciep\u0142a jest znany z poprawy rozprowadzania ciep\u0142a.<\/span><\/span> <span class=\"jCAhz ChMk0b\"><span class=\"ryNqvb\">Zgodnie z charakterystyk\u0105 metalu, mied\u017a ma lepsze w\u0142a\u015bciwo\u015bci absorpcji ciep\u0142a ni\u017c aluminium.<\/span><\/span> <span class=\"jCAhz ChMk0b\"><span class=\"ryNqvb\">Dlatego mied\u017a jest wybierana jako rozpraszacz ciep\u0142a.<\/span><\/span><\/span><\/p>\n<p><span class=\"HwtZe\" lang=\"pl\"><span class=\"jCAhz ChMk0b\"><span class=\"ryNqvb\">\u2022Zawiera 99,9% czysto\u015bci miedzi, 5,5 mm wysoko\u015bci i wa\u017cy 326 g<br \/>\n\u2022Absorbuje ciep\u0142o szybciej ni\u017c aluminium dzi\u0119ki wy\u017cszemu wsp\u00f3\u0142czynnikowi przewodnictwa cieplnego (mied\u017a 402: aluminium 266)<br \/>\n\u2022Lepsze w\u0142a\u015bciwo\u015bci absorpcji ciep\u0142a<br \/>\n<\/span><\/span> <\/span><\/p>\n<p><strong><span class=\"HwtZe\" lang=\"pl\"><span class=\"jCAhz ChMk0b\"><span class=\"ryNqvb\">Synergia miedzianego rozpraszacza ciep\u0142a i aluminiowego radiatora:<\/span><\/span><\/span><\/strong><br \/>\n<span class=\"HwtZe\" lang=\"pl\"><span class=\"jCAhz ChMk0b\"><span class=\"ryNqvb\">\u201eMied\u017a poch\u0142ania ciep\u0142o szybciej; aluminium rozprasza ciep\u0142o szybciej\u201d Posiadanie wiedzy fizycznej i do\u015bwiadczenia w zakresie w\u0142a\u015bciwo\u015bci metali pozwala na idealne dopasowanie rozwi\u0105zania termicznego.<\/span><\/span><\/span><\/p>\n<p><strong><span class=\"HwtZe\" lang=\"pl\"><span class=\"jCAhz ChMk0b\"><span class=\"ryNqvb\">Temperatura pracy <\/span><\/span><\/span><\/strong><br \/>\n<span class=\"HwtZe\" lang=\"pl\"><span class=\"jCAhz ChMk0b\"><span class=\"ryNqvb\">Mo\u017ce wytrzyma\u0107 rozszerzon\u0105 temperatur\u0119 od -40\u00b0C do 85\u00b0C<\/span><\/span><\/span><\/p>\n<\/div>\n","protected":false},"featured_media":16841,"template":"","meta":{"_acf_changed":false,"inline_featured_image":false,"_monsterinsights_skip_tracking":false,"_monsterinsights_sitenote_active":false,"_monsterinsights_sitenote_note":"","_monsterinsights_sitenote_category":0},"product_brand":[],"product_cat":[565,509],"product_tag":[],"class_list":{"0":"post-16839","1":"product","2":"type-product","3":"status-publish","4":"has-post-thumbnail","6":"product_cat-35-sbc","7":"product_cat-perfectron","9":"first","10":"instock","11":"shipping-taxable","12":"product-type-simple"},"acf":[],"_links":{"self":[{"href":"https:\/\/quantum.com.pl\/pl\/wp-json\/wp\/v2\/product\/16839","targetHints":{"allow":["GET"]}}],"collection":[{"href":"https:\/\/quantum.com.pl\/pl\/wp-json\/wp\/v2\/product"}],"about":[{"href":"https:\/\/quantum.com.pl\/pl\/wp-json\/wp\/v2\/types\/product"}],"wp:featuredmedia":[{"embeddable":true,"href":"https:\/\/quantum.com.pl\/pl\/wp-json\/wp\/v2\/media\/16841"}],"wp:attachment":[{"href":"https:\/\/quantum.com.pl\/pl\/wp-json\/wp\/v2\/media?parent=16839"}],"wp:term":[{"taxonomy":"product_brand","embeddable":true,"href":"https:\/\/quantum.com.pl\/pl\/wp-json\/wp\/v2\/product_brand?post=16839"},{"taxonomy":"product_cat","embeddable":true,"href":"https:\/\/quantum.com.pl\/pl\/wp-json\/wp\/v2\/product_cat?post=16839"},{"taxonomy":"product_tag","embeddable":true,"href":"https:\/\/quantum.com.pl\/pl\/wp-json\/wp\/v2\/product_tag?post=16839"}],"curies":[{"name":"wp","href":"https:\/\/api.w.org\/{rel}","templated":true}]}}