{"id":16863,"date":"2025-07-10T14:20:46","date_gmt":"2025-07-10T12:20:46","guid":{"rendered":"https:\/\/quantum.com.pl\/product\/oxy5336a-2\/"},"modified":"2025-07-11T14:23:36","modified_gmt":"2025-07-11T12:23:36","slug":"oxy5336a-2","status":"publish","type":"product","link":"https:\/\/quantum.com.pl\/pl\/product\/oxy5336a-2\/","title":{"rendered":"OXY5336A"},"content":{"rendered":"<p>&nbsp;<\/p>\n<table class=\"Table\">\n<tbody>\n<tr>\n<th colspan=\"2\">\n<p style=\"text-align: left;\">Operating Temp.<\/p>\n<\/th>\n<\/tr>\n<tr>\n<td colspan=\"2\">UT : -40\u00b0C to 85\u00b0C<\/td>\n<\/tr>\n<tr>\n<th>\n<h5>System<\/h5>\n<\/th>\n<th><\/th>\n<\/tr>\n<tr>\n<td>CPU Type<\/td>\n<td>Intel<sup>\u00ae<\/sup> Ivy Bridge 22nm Core&#x2122; i7\/i5\/i3, BGA type<\/p>\n<p>Core&#x2122; i7-3517UE (2C x 1.7 GHz), 4M L2 cache (17W)<br \/>\nCore&#x2122; i5-3610ME (2C x 2.7 GHz), 3M L2 cache (35W)<br \/>\nCore&#x2122; i3-3217UE (2C x 1.66 GHz), 3M L2 cache (17W)<\/td>\n<\/tr>\n<tr>\n<td>Chipset<\/td>\n<td>Intel<sup>\u00ae<\/sup> HM76<\/td>\n<\/tr>\n<tr>\n<td>Memory Type<\/td>\n<td>1 x 204-pin SO-DIMM DDR3 1333\/1600 MHz up to 8GB<\/td>\n<\/tr>\n<tr>\n<td>BIOS<\/td>\n<td>AMI<sup>\u00ae<\/sup> UEFI BIOS<\/td>\n<\/tr>\n<tr>\n<td>Super I\/O<\/td>\n<td>Fintek F81866AD-I<\/td>\n<\/tr>\n<tr>\n<th colspan=\"2\">\n<p style=\"text-align: left;\">Expansion Slot<\/p>\n<\/th>\n<\/tr>\n<tr>\n<td>Mini PCIe<\/td>\n<td>1 x miniPCIe for Gen2<\/td>\n<\/tr>\n<tr>\n<td>mSATA<\/td>\n<td>1 x mSATA for Gen2<\/td>\n<\/tr>\n<tr>\n<th>\n<h5>Display<\/h5>\n<\/th>\n<th><\/th>\n<\/tr>\n<tr>\n<td>Chipset<\/td>\n<td>Intel<sup>\u00ae<\/sup> HD Grapics 4000 Integrated Graphics Engine<\/td>\n<\/tr>\n<tr>\n<td>VGA<\/td>\n<td>Yes (Max. resolution 2048 x 1536)<\/td>\n<\/tr>\n<tr>\n<td>LVDS<\/td>\n<td>Dual channel 24-bit LVDS(Max. resolution 1920 x 1080 @ 60Hz)<\/td>\n<\/tr>\n<tr>\n<td>Display Type<\/td>\n<td>VGA, LVDS, DVI-I<\/td>\n<\/tr>\n<tr>\n<th>\n<h5>Audio<\/h5>\n<\/th>\n<th><\/th>\n<\/tr>\n<tr>\n<td>Codec<\/td>\n<td>Realtek ALC887 High Definition Audio Codec<\/td>\n<\/tr>\n<tr>\n<th>\n<h5>Ethernet<\/h5>\n<\/th>\n<th><\/th>\n<\/tr>\n<tr>\n<td>Chipset<\/td>\n<td>Intel<sup>\u00ae<\/sup> 82579LM &amp; 82574L GbE (support 10\/100\/1000 Mbps for 2 x RJ45 ports)<\/td>\n<\/tr>\n<tr>\n<td>WOL<\/td>\n<td>Yes<\/td>\n<\/tr>\n<tr>\n<td>Boot from LAN<\/td>\n<td>Yes for PXE<\/td>\n<\/tr>\n<tr>\n<th>\n<h5>Rear I\/O<\/h5>\n<\/th>\n<th><\/th>\n<\/tr>\n<tr>\n<td>VGA<\/td>\n<td>1 x 15-pin VGA connector (female)<\/td>\n<\/tr>\n<tr>\n<td>DVI-I<\/td>\n<td>1 x 29-pin DVI-I connector (female)<\/td>\n<\/tr>\n<tr>\n<td>Ethernet<\/td>\n<td>2 x RJ45 ports (support 10\/100\/1000 Mbps for2 x RJ45 ports)<\/td>\n<\/tr>\n<tr>\n<td>COM<\/td>\n<td>1 x RS232\/422\/485 with 5V\/12V selectable<\/td>\n<\/tr>\n<tr>\n<td><\/td>\n<td><strong>Serial Signals<\/strong><\/p>\n<p>RS232: DCD-, RXD, TXD, DTR-, GND, DSR-, RTS-, CTS-<\/p>\n<p>RS422: TX-, RX+, TX+, RX-, GND<\/p>\n<p>RS485: DATA-, DATA+, GND<\/td>\n<\/tr>\n<tr>\n<td>USB<\/td>\n<td>2 x USB 3.0<\/td>\n<\/tr>\n<tr>\n<th colspan=\"2\">\n<p style=\"text-align: left;\">Internal I\/O<\/p>\n<\/th>\n<\/tr>\n<tr>\n<td>SATA<\/td>\n<td>2 x SATAIII (6 Gb\/s)<\/td>\n<\/tr>\n<tr>\n<td>USB<\/td>\n<td>8 x USB 2.0 ports by 2 x 5-pin header<\/td>\n<\/tr>\n<tr>\n<td>COM<\/td>\n<td>3 x COM ports<\/p>\n<p>COM1\u30013\u30014 ports support RS232 only with 5V\/12V selectable by 1&#215;10-pin header<\/td>\n<\/tr>\n<tr>\n<td>Audio<\/td>\n<td>Mic-in, Line-in, Line-out<\/td>\n<\/tr>\n<tr>\n<td>LVDS<\/td>\n<td>30-pin connector<\/td>\n<\/tr>\n<tr>\n<td>FAN<\/td>\n<td>1 x CPU fan<\/td>\n<\/tr>\n<tr>\n<td>PS\/2<\/td>\n<td>1 x 8-pin header<\/td>\n<\/tr>\n<tr>\n<td>Parellel Port<\/td>\n<td>2 x 13-pin header<\/td>\n<\/tr>\n<tr>\n<td>DIO<\/td>\n<td>8-bit (4 in\/4 out)<\/td>\n<\/tr>\n<tr>\n<td>SIM card holder<\/td>\n<td>1<\/td>\n<\/tr>\n<tr>\n<th colspan=\"2\">\n<p style=\"text-align: left;\">OS support list<\/p>\n<\/th>\n<\/tr>\n<tr>\n<td>Windows<\/td>\n<td>Windows7 32bit\u3001Windows7 64bit<\/td>\n<\/tr>\n<tr>\n<td>Linux<\/td>\n<td>Ubuntu 13.10\u3001Ubuntu 14.04<\/td>\n<\/tr>\n<tr>\n<th colspan=\"2\">\n<p style=\"text-align: left;\">Mechanical and Environment<\/p>\n<\/th>\n<\/tr>\n<tr>\n<td>Form Factor<\/td>\n<td>3.5&#8243; SBC<\/td>\n<\/tr>\n<tr>\n<td>Power Type<\/td>\n<td>12V DC-in, 4-pin ATX power connector, AT\/ATX mode support<\/td>\n<\/tr>\n<tr>\n<td>Dimension<\/td>\n<td>146 x 102 mm (5.7&#8243; x 4&#8243;)<\/td>\n<\/tr>\n<tr>\n<td>Operating Temp.<\/td>\n<td>UT : -40\u00b0C to 85\u00b0C<\/td>\n<\/tr>\n<tr>\n<td>Storage Temp.<\/td>\n<td>-40\u00b0C to 85\u00b0C<\/td>\n<\/tr>\n<tr>\n<td>Relative Humidity<\/td>\n<td>10% to 90%, non-condensing<\/td>\n<\/tr>\n<tr>\n<th colspan=\"2\">\n<p style=\"text-align: left;\">Test Standard<\/p>\n<\/th>\n<\/tr>\n<tr>\n<td>MIL-STD-810G<\/td>\n<\/tr>\n<tr>\n<td>Temperature Shock<\/td>\n<td>MIL-STD-810G Test Method 503.5 Temperature Shock Procedure I-C \/ Storage (Multi-cycle shocks from constant extreme temperature, Form 85\u2103 to -40\u2103, Three cycle)<\/td>\n<\/tr>\n<tr>\n<td>High Temperature<\/td>\n<td>MIL-STD-810G Test Method 501.5 high Temp ( 96 hours @75\u2103 non-operating + 72 hours @ 75\u2103 operating )<\/td>\n<\/tr>\n<tr>\n<td>Low Temperature<\/td>\n<td>MIL-STD-810G Test Method 502.5 Low Temp ( 96 hours @ -40\u2103 non-operating +72 hours @ -40\u2103 operating )<\/td>\n<\/tr>\n<\/tbody>\n<\/table>\n<h3>Ordering Information<\/h3>\n<p><strong>OXY5336A-ET-3517UE<\/strong> 3.5&#8243; SBC Intel\u00ae Ivy Bridge Processor (Mobile) BGA CPU,<br \/>\nMulti-Display by DVI-I, VGA, LVDS, Dual Intel\u00ae GbE LAN, +12V DC-in (Core&#x2122; i7-3517UE) (-20 to 70\u00b0C)<\/p>\n<p><strong>OXY5336A-ET-3610ME<\/strong> 3.5&#8243; SBC Intel\u00ae Ivy Bridge Processor (Mobile) BGA CPU,<br \/>\nMulti-Display by DVI-I, VGA, LVDS, Dual Intel\u00ae GbE LAN, +12V DC-in (Core&#x2122; i5-3610ME) (-20 to 70\u00b0C)<\/p>\n<p><strong>OXY5336A-ET-3217UE<\/strong> 3.5&#8243; SBC Intel\u00ae Ivy Bridge Processor (Mobile) BGA CPU,<br \/>\nMulti-Display by DVI-I, VGA, LVDS, Dual Intel\u00ae GbE LAN, +12V DC-in(Core&#x2122; i3-3217UE ) (-20 to 70\u00b0C)<\/p>\n<p><strong>OXY5336A-UT-3517UE<\/strong> 3.5&#8243; SBC Intel\u00ae Ivy Bridge Processor (Mobile) BGA CPU,<br \/>\nMulti-Display by DVI-I, VGA, LVDS, Dual Intel\u00ae GbE LAN, +12V DC-in (Core&#x2122; i7-3517UE) (-40 to 85\u00b0C optional)<\/p>\n<p><strong>OXY5336A-UT-3610ME<\/strong> 3.5&#8243; SBC Intel\u00ae Ivy Bridge Processor (Mobile) BGA CPU,<br \/>\nMulti-Display by DVI-I, VGA, LVDS, Dual Intel\u00ae GbE LAN, +12V DC-in (Core&#x2122; i5-3610ME) (-40 to 85\u00b0C optional)<\/p>\n<p><strong>OXY5336A-UT-3217UE<\/strong> 3.5&#8243; SBC Intel\u00ae Ivy Bridge Processor (Mobile) BGA CPU,<br \/>\nMulti-Display by DVI-I, VGA, LVDS, Dual Intel\u00ae GbE LAN, +12V DC-in (Core&#x2122; i3-3217UE) (-40 to 85\u00b0C optional)<\/p>\n<p><strong>Cable Kit<\/strong><br \/>\nCable kit for OXY5336A<\/p>\n<p><strong>Thermal Kit<\/strong><br \/>\nActive heatsink(up to 60\u00b0C)<br \/>\nCopper heat spreader<br \/>\nPassive heatsink(up to 75\u00b0C)<\/p>\n","protected":false},"excerpt":{"rendered":"<div class=\"product__body\">\n<h3 class=\"js-quickedit-page-title page-title h3\">OXY5336A<\/h3>\n<p>3.5&#8243; SBC Intel<sup>\u00ae<\/sup> Ivy Bridge Processor i7-3517UE, Multi-Display by DVI-D, VGA, LVDS, Dual Intel\u00ae GbE LAN, +12V DC-in -40\u00b0C to 85\u00b0C<\/p>\n<\/div>\n<ul>\n<li>Procesor Intel\u00ae Ivy Bridge BGA + uk\u0142ad Intel\u00ae HM76 PCH<\/li>\n<li>Wiele niezale\u017cnych wy\u015bwietlaczy: VGA, DVI-I, LVDS<\/li>\n<li>Bogaty interfejs I\/O z 4 portami COM, 10 portami USB, 2 portami LAN, 2 portami SATAIII i HD Audio<\/li>\n<li>Elastyczna rozbudowa dzi\u0119ki 1 pe\u0142nowymiarowemu miniPCIe i 1 portowi mSATA<\/li>\n<li>Wbudowane gniazdo na kart\u0119 SIM do \u0142\u0105czno\u015bci 3,5G<\/li>\n<li>Wy\u017csza temperatura pracy. Od -40\u00b0C do 85\u00b0C<\/li>\n<\/ul>\n<h4>Wprowadzenie<\/h4>\n<p>OXY5336A to wysoce zintegrowany, wytrzyma\u0142y komputer jednop\u0142ytkowy (SBC) 3,5\u201d z procesorem Intel\u00ae Ivy Bridge trzeciej generacji i wbudowanym uk\u0142adem lutowniczym. Procesor i7-3517UE oraz chipset Intel\u00ae HM76 obs\u0142uguj\u0105 dwurdzeniowy procesor ULV 1,7 GHz, zu\u017cywaj\u0105c osobno tylko 17 W i 4,1 W. Dzi\u0119ki temu komputer SBC charakteryzuje si\u0119 wysok\u0105 moc\u0105 obliczeniow\u0105 do wielozadaniowo\u015bci, a jednocze\u015bnie zmniejsza zu\u017cycie energii w stanie spoczynku. Aplikacje o znaczeniu krytycznym mog\u0105 wykorzysta\u0107 zalety wbudowanego lutowania procesor\u00f3w i rozszerzy\u0107 zakres temperatur pracy z -40 do 85\u00b0C, zapewniaj\u0105c najwy\u017csz\u0105 trwa\u0142o\u015b\u0107 oraz odporno\u015b\u0107 na wstrz\u0105sy i wibracje. OXY5336A to prawdziwie wytrzyma\u0142y komputer SBC, idealny do zaawansowanych zastosowa\u0144 w automatyce, kolejnictwie, wiertnictwie i energetyce.<\/p>\n<h4>Rozwi\u0105zanie termiczne do projektowania system\u00f3w bezwentylatorowych<\/h4>\n<p>Radiatory s\u0142u\u017c\u0105 do obni\u017cania temperatury urz\u0105dzenia poprzez rozpraszanie ciep\u0142a do otaczaj\u0105cego powietrza. Poniewa\u017c konfiguracje i rozmieszczenie obwod\u00f3w zasilania ka\u017cdego modelu s\u0105 r\u00f3\u017cne,\u00a0<img loading=\"lazy\" decoding=\"async\" class=\"align-right alignright\" src=\"https:\/\/perfectron.com\/sites\/default\/files\/inline-images\/New-product-page_new_03_02%20%281%29_0.jpg\" alt=\"New-product-page_new_03_02 (1)\" width=\"350\" height=\"219\" data-entity-type=\"file\" data-entity-uuid=\"2e6dbee6-7d32-47d2-8c6b-d0b30470d5be\" \/>co prowadzi do r\u00f3\u017cnego stopnia generowania ciep\u0142a, PERFECTRON projektuje radiatory dopasowane do ka\u017cdej p\u0142yty g\u0142\u00f3wnej.<\/p>\n<p>Specjalna konstrukcja z wysokim\u00a0i i niskimi \u017cebrami zapewnia przep\u0142yw powietrza, zmniejszaj\u0105c op\u00f3r cieplny. Co wi\u0119cej, linia falista na interfejsie zwi\u0119ksza powierzchni\u0119 kontaktu z powietrzem nawet o 30-40%. Po\u0142\u0105czenie tych dw\u00f3ch cech pozwala na maksymalne wykorzystanie wydajno\u015bci cieplnej. Klienci mog\u0105 r\u00f3wnie\u017c skorzysta\u0107 z wentylatora, je\u015bli konstrukcja bezwentylatorowa nie jest konieczna.<\/p>\n<h4>Zaawansowane rozwi\u0105zanie ch\u0142odz\u0105ce dla lepszego odprowadzania ciep\u0142a<\/h4>\n<p>Aby sprosta\u0107 wysokim wymaganiom klient\u00f3w w zakresie temperatury, ca\u0142e rozwi\u0105zanie termiczne OXY5336A wykorzystuje jednocze\u015bnie dwie metody transferu ciep\u0142a: przewodzenie ciep\u0142a i konwekcj\u0119. Do przewodzenia ciep\u0142a zastosowano miedziany radiator na dolnej warstwie, kt\u00f3ry bezpo\u015brednio styka si\u0119 z procesorem i chipsetem. Ciep\u0142o jest nast\u0119pnie przekazywane do g\u00f3rnego aluminiowego radiatora. Je\u015bli chodzi o konwekcj\u0119 ciep\u0142a, r\u00f3\u017cnice temperatur spowodowane wysokimi i niskimi \u017cebrami tworz\u0105 \u0142agodny przep\u0142yw powietrza, kt\u00f3ry mo\u017ce odprowadza\u0107 ciep\u0142o. Efektywne odprowadzanie ciep\u0142a. Wentylator mo\u017ce r\u00f3wnie\u017c pe\u0142ni\u0107 funkcj\u0119 pomocnicz\u0105, umieszczaj\u0105c wentylator o odpowiedniej wielko\u015bci na radiatorze. Rysunek pogl\u0105dowy znajduje si\u0119 poni\u017cej.<\/p>\n<h4>Instrukcja monta\u017cu<\/h4>\n<p>Procedura: Przyklej podk\u0142adk\u0119 termiczn\u0105 do procesora i chipsetu, a nast\u0119pnie po prostu umie\u015b\u0107 na niej pasywny radiator.<\/p>\n<p>Miedziany radiator styka si\u0119 bezpo\u015brednio z procesorem i chipsetem, aby efektywnie absorbowa\u0107 ciep\u0142o na dolnej warstwie, a nast\u0119pnie rozprowadza\u0107 je do g\u00f3rnego aluminiowego radiatora. Aluminium natomiast wymusza konwekcj\u0119 ciep\u0142a. Po przeniesieniu ciep\u0142a z dolnej warstwy do radiatora, radiator przekazuje ciep\u0142o z g\u00f3rnej warstwy. Wysokie i niskie \u017ceberka oraz falista linia tworz\u0105 przep\u0142yw powietrza, kt\u00f3ry rozprasza ciep\u0142o.<\/p>\n<p><img loading=\"lazy\" decoding=\"async\" class=\"alignleft\" src=\"https:\/\/perfectron.com\/sites\/default\/files\/inline-images\/product-page_12_3.jpg\" alt=\"product-page_12\" width=\"361\" height=\"381\" data-entity-type=\"file\" data-entity-uuid=\"94191e26-5a84-4428-8f7d-39e2182ab9a2\" \/><\/p>\n<h4>Aluminiowy pasywny radiator<\/h4>\n<p>Radiator znany jest z obni\u017cania temperatury poprzez rozpraszanie ciep\u0142a do otaczaj\u0105cego powietrza. Chocia\u017c mied\u017a absorbuje ciep\u0142o szybciej, nie rozprasza go szybciej ni\u017c aluminium.<br \/>\n\u2022 Zawiera 96% aluminium, ma 30,8 mm wysoko\u015bci i wa\u017cy 321 g<br \/>\n\u2022 Wysokie i niskie \u017ceberka oraz falista linia zwi\u0119kszaj\u0105 powierzchni\u0119 styku do 30-40% i zapewnia przep\u0142yw powietrza.<br \/>\n\u2022 Kr\u00f3tszy czas rozpraszania ciep\u0142a dzi\u0119ki ni\u017cszej g\u0119sto\u015bci metalu<br \/>\n\u2022 Lepsza wydajno\u015b\u0107 rozpraszania ciep\u0142a<\/p>\n<h4>Miedziany p\u0142aski radiator<\/h4>\n<p>Rozpraszacz ciep\u0142a jest znany z poprawy rozprowadzania ciep\u0142a. Zgodnie z w\u0142a\u015bciwo\u015bciami metalu, mied\u017a ma lepsz\u0105 zdolno\u015b\u0107 poch\u0142aniania ciep\u0142a ni\u017c aluminium. Dlatego mied\u017a jest wybierana jako rozpraszacz ciep\u0142a.<br \/>\n\u2022 Zawiera 99,9% miedzi, ma 5,5 mm wysoko\u015bci i wa\u017cy 326 g<br \/>\n\u2022 Absorbuje ciep\u0142o szybciej ni\u017c aluminium dzi\u0119ki wy\u017cszemu wsp\u00f3\u0142czynnikowi przewodzenia ciep\u0142a (mied\u017a 402: aluminium 266)<br \/>\n\u2022 Lepsza wydajno\u015b\u0107 poch\u0142aniania ciep\u0142a<\/p>\n<p>Synergia miedzianego rozpraszacza ciep\u0142a i aluminiowego radiatora:<br \/>\n\u201eMied\u017a poch\u0142ania ciep\u0142o szybciej; aluminium rozprasza ciep\u0142o szybciej\u201d.<br \/>\nPosiadanie wiedzy fizycznej i do\u015bwiadczenia w zakresie w\u0142a\u015bciwo\u015bci metali pozwala na idealne dopasowanie rozwi\u0105zania termicznego.<\/p>\n<h4>Temperatura pracy<\/h4>\n<p>Wytrzymuje temperatury od -40\u00b0C do 85\u00b0C.<\/p>\n","protected":false},"featured_media":16859,"template":"","meta":{"_acf_changed":false,"inline_featured_image":false,"_monsterinsights_skip_tracking":false,"_monsterinsights_sitenote_active":false,"_monsterinsights_sitenote_note":"","_monsterinsights_sitenote_category":0},"product_brand":[],"product_cat":[565,509],"product_tag":[],"class_list":{"0":"post-16863","1":"product","2":"type-product","3":"status-publish","4":"has-post-thumbnail","6":"product_cat-35-sbc","7":"product_cat-perfectron","9":"first","10":"instock","11":"shipping-taxable","12":"product-type-simple"},"acf":[],"_links":{"self":[{"href":"https:\/\/quantum.com.pl\/pl\/wp-json\/wp\/v2\/product\/16863","targetHints":{"allow":["GET"]}}],"collection":[{"href":"https:\/\/quantum.com.pl\/pl\/wp-json\/wp\/v2\/product"}],"about":[{"href":"https:\/\/quantum.com.pl\/pl\/wp-json\/wp\/v2\/types\/product"}],"wp:featuredmedia":[{"embeddable":true,"href":"https:\/\/quantum.com.pl\/pl\/wp-json\/wp\/v2\/media\/16859"}],"wp:attachment":[{"href":"https:\/\/quantum.com.pl\/pl\/wp-json\/wp\/v2\/media?parent=16863"}],"wp:term":[{"taxonomy":"product_brand","embeddable":true,"href":"https:\/\/quantum.com.pl\/pl\/wp-json\/wp\/v2\/product_brand?post=16863"},{"taxonomy":"product_cat","embeddable":true,"href":"https:\/\/quantum.com.pl\/pl\/wp-json\/wp\/v2\/product_cat?post=16863"},{"taxonomy":"product_tag","embeddable":true,"href":"https:\/\/quantum.com.pl\/pl\/wp-json\/wp\/v2\/product_tag?post=16863"}],"curies":[{"name":"wp","href":"https:\/\/api.w.org\/{rel}","templated":true}]}}