{"id":16871,"date":"2025-07-14T12:13:45","date_gmt":"2025-07-14T10:13:45","guid":{"rendered":"https:\/\/quantum.com.pl\/product\/ins8267b\/"},"modified":"2025-07-14T15:18:54","modified_gmt":"2025-07-14T13:18:54","slug":"ins8267b","status":"publish","type":"product","link":"https:\/\/quantum.com.pl\/pl\/product\/ins8267b\/","title":{"rendered":"INS8267B"},"content":{"rendered":"<h4><strong>Dane techniczne:<\/strong><\/h4>\n<table>\n<tbody>\n<tr>\n<th>System<\/th>\n<th><\/th>\n<\/tr>\n<tr>\n<td>CPU<\/td>\n<td>14<sup>th<\/sup> Gen Intel<sup>\u00ae<\/sup> Raptor Lake-S Refresh<\/p>\n<p>i9\/i7\/i5\/i3 Pentium<sup>\u00ae<\/sup>\/ Celeron<sup>\u00ae<\/sup> IOTG Series Processor, TDP 35W~125W<\/p>\n<p>13th Gen Intel<sup>\u00ae<\/sup> Raptor Lake-S<\/p>\n<p>i9\/i7\/i5\/i3 Pentium<sup>\u00ae<\/sup>\/ Celeron<sup>\u00ae<\/sup> IOTG Series Processor, TDP 35W~125W<\/p>\n<p>12th Gen Intel<sup>\u00ae<\/sup> Alder Lake-S<\/p>\n<p>i9\/i7\/i5\/i3 Pentium<sup>\u00ae<\/sup>\/ Celeron<sup>\u00ae<\/sup> IOTG Series Processor, TDP 35W~125W<\/td>\n<\/tr>\n<tr>\n<td>Memory type<\/td>\n<td>4 x DDR5 UDIMM slots (288-pin, vertical), &#8211; Up to 4400 MT\/s, &#8211; Up to 128GB<\/td>\n<\/tr>\n<tr>\n<td>Chipset<\/td>\n<td>Intel<sup>\u00ae<\/sup> R680<\/td>\n<\/tr>\n<tr>\n<td>Ethernet<\/td>\n<td>4x Intel<sup>\u00ae<\/sup> I226-LM 2.5GbE RJ45 LAN<\/td>\n<\/tr>\n<tr>\n<td>TPM<\/td>\n<td>TPM 2.0 (on Board)<\/td>\n<\/tr>\n<tr>\n<td>Watchdog<\/td>\n<td>256-level Watchdog Timer<\/td>\n<\/tr>\n<tr>\n<td>Smart Fan Control<\/td>\n<td>1 x 4-pin PWM CPU fan connector<\/p>\n<p>3 x 4-pin PWM system fan connector<\/td>\n<\/tr>\n<tr>\n<th colspan=\"2\"><strong>Expansion Slot<\/strong><\/th>\n<\/tr>\n<tr>\n<td>M.2<\/td>\n<td>1 x M.2 2280\/22110 B+M-key (PCIe 4.0 x4 NVMe; Signal from CPU),<\/p>\n<p>1 x M.2 2242\/2280 B+M-key (PCIe 4.0 x4 &amp; SATA3.0 Signal from PCH)<\/p>\n<p>1 x M.0 2242\/2280 B+M-key (PCIe 3.0 x4 signal from PCH)<\/td>\n<\/tr>\n<tr>\n<td>PCIe Slot<\/td>\n<td>1 x PCIe 5.0 X16 slot + 2 x PCIe 4.0 X4 + 1 x PCIe 3.0 x4 slots.<\/td>\n<\/tr>\n<tr>\n<th colspan=\"2\"><strong>Graphic<\/strong><\/th>\n<\/tr>\n<tr>\n<td>Chipset<\/td>\n<td>Intel<sup>\u00ae<\/sup> UHD Graphics<\/td>\n<\/tr>\n<tr>\n<td>Display Port<\/td>\n<td>Up to 4K (4096 x 2304) @60 Hz<\/td>\n<\/tr>\n<tr>\n<td>1 x eDP 1.4b (4096 x 2160 @60 Hz)<\/td>\n<\/tr>\n<tr>\n<td>Independent modes<\/td>\n<td>DP1 + DP2 + HDMI&#x2122;1 + HDMI&#x2122;2<\/td>\n<\/tr>\n<tr>\n<td>DP1 + DP2 + HDMI&#x2122;1\/2 + eDP<\/td>\n<\/tr>\n<tr>\n<td>DP1\/2 + HDMI&#x2122;1 + HDMI&#x2122;2 + eDP<\/td>\n<\/tr>\n<tr>\n<th colspan=\"2\"><strong>Ethernet<\/strong><\/th>\n<\/tr>\n<tr>\n<td>Chipset<\/td>\n<td>Intel\u00ae I226-LM 2.5Giga LAN<\/td>\n<\/tr>\n<tr>\n<th colspan=\"2\"><strong>Audio<\/strong><\/th>\n<\/tr>\n<tr>\n<td>Codec<\/td>\n<td>Realtek<sup>\u00ae<\/sup> ALC897 Audio Codec<\/td>\n<\/tr>\n<tr>\n<th colspan=\"2\"><strong>Rear I\/O<\/strong><\/th>\n<\/tr>\n<tr>\n<td>USB<\/td>\n<td>8 x USB 3.2 Gen 2&#215;1 ports<\/td>\n<\/tr>\n<tr>\n<td>Display port<\/td>\n<td>2 x DP 1.4a Display Ports<\/p>\n<p>2 x HDMI&#x2122; 2.0b ports<\/td>\n<\/tr>\n<tr>\n<td>Audio<\/td>\n<td>1 x Line\u2013out\/Mic-in Jack<\/td>\n<\/tr>\n<tr>\n<td>LAN<\/td>\n<td>4 x 2.5GbE RJ45 LAN ports<\/td>\n<\/tr>\n<tr>\n<th colspan=\"2\"><strong>Internal I\/O<\/strong><\/th>\n<\/tr>\n<tr>\n<td>SATAIII<\/td>\n<td>4 x SATA3.0 6Gb\/s ports<\/p>\n<p>Support RAID 0\/1\/5\/10, AHCI mode<\/td>\n<\/tr>\n<tr>\n<td>USB<\/td>\n<td>1 x USB3.2 Gen 1 connector<\/p>\n<p>1 x USB2.0 connector<\/p>\n<p>2 x USB2.0 Type-A connectors<\/td>\n<\/tr>\n<tr>\n<td>Audio<\/td>\n<td>1 x Front Audio connector<\/td>\n<\/tr>\n<tr>\n<td>Panel<\/td>\n<td>1 x Front Panel connector<\/td>\n<\/tr>\n<tr>\n<td>1 x Front LAN LED connector<\/td>\n<\/tr>\n<tr>\n<td>1 x Front Audio connector (Lin-out &amp; Mic-in)<\/td>\n<\/tr>\n<tr>\n<td>Display<\/td>\n<td>1 x eDP connector<\/td>\n<\/tr>\n<tr>\n<td>Serial<\/td>\n<td>6 x COM ports connectors<\/td>\n<\/tr>\n<tr>\n<td>GPIO<\/td>\n<td>2 x GPIO connectors(5V, 16-bit 8x GPU\/GPO)<\/td>\n<\/tr>\n<tr>\n<td>Fan<\/td>\n<td>1 x 4-pin PWM CPU Fan connector<\/p>\n<p>3 x 4-pin PWM system Fan connectors<\/td>\n<\/tr>\n<tr>\n<td>Power<\/td>\n<td>1 x 8-pin ATX 12V power connector<\/p>\n<p>1 x 24-pin ATX power connector<\/td>\n<\/tr>\n<tr>\n<td>Others<\/td>\n<td>1 x CMOS battery header<\/p>\n<p>1 x Parallel port(LPT) header<\/p>\n<p>1 x JCASE Chassis intrusion header<\/p>\n<p>1 x S\/PDIF connector<\/p>\n<p>1 x JKBMS PS\/2 keyboard &amp; Mouse connector<\/p>\n<p>1 x PMBus connector (3.3V)<\/p>\n<p>1 x SMBus connector (5V)<\/p>\n<p>1 x I2C connector<\/p>\n<p>1 x FIO header \/ 1 x SPI TPM header<\/td>\n<\/tr>\n<tr>\n<td>Jumpers<\/td>\n<td>6 x COM voltage select jumpers<\/p>\n<p>1 x Clear CMOS jumper<\/p>\n<p>1 x ME jumper (for iAMT BIOS flash)<\/p>\n<p>1 x AT\/ ATX mode select jumper<\/p>\n<p>1 x eDP Power Select Jumper<\/td>\n<\/tr>\n<tr>\n<th colspan=\"2\"><strong>Mechanical and Environmental<\/strong><\/th>\n<\/tr>\n<tr>\n<td>Form Factor<\/td>\n<td>Micro ATX<\/td>\n<\/tr>\n<tr>\n<td>Power Type<\/td>\n<td>ATX 8-pin + ATX 24-pin<\/td>\n<\/tr>\n<tr>\n<td>Dimension<\/td>\n<td>244mm x 244mm x 1.6mm (9.6\u201d x 9.6\u201d)<\/td>\n<\/tr>\n<tr>\n<td>Operating<\/p>\n<p>Temperature<\/td>\n<td>ET : 0\u00b0C ~ 60\u00b0C<\/p>\n<p>UT : -20\u00b0C ~ 70\u00b0C<\/td>\n<\/tr>\n<tr>\n<td>Storage Temperature<\/td>\n<td>-40\u00b0C ~ 85\u00b0C<\/td>\n<\/tr>\n<tr>\n<td>Relative humidity<\/td>\n<td>10% to 95%, non-condensing<\/td>\n<\/tr>\n<tr>\n<th colspan=\"2\"><strong>Standard Compliance<\/strong><\/th>\n<\/tr>\n<tr>\n<td>Standard Compliance<\/td>\n<td>CE\/FCC Class B, BSMI<\/td>\n<\/tr>\n<tr>\n<th colspan=\"2\"><strong>OS<\/strong><\/th>\n<\/tr>\n<tr>\n<td>OS Support<\/td>\n<td>Windows 10 IoT Enterprise 2021 LTSC (64-bit)<\/p>\n<p>Windows 11 IoT Enterprise LTSC 24H2 (64-bit)<\/p>\n<p>Linux Kernel 5.xx, Ubuntu 22.04 LTS Pre-scan<\/td>\n<\/tr>\n<\/tbody>\n<\/table>\n<p>Ordering information:<\/p>\n<p>&nbsp;<\/p>\n","protected":false},"excerpt":{"rendered":"<p><strong>P\u0142yta Micro-ATX obs\u0142uguj\u0105ca procesory Intel\u00ae Core&#x2122; i9\/i7\/i5\/i3 14\/13\/12 generacji<\/strong><\/p>\n<h4>Najwa\u017cniejsze cechy:<\/h4>\n<ul>\n<li>Procesor Intel\u00ae Raptor Lake-S Refresh\/Raptor Lake-S\/Alder Lake-S Series 125 W<\/li>\n<li>Chipset Intel\u00ae R680<\/li>\n<li>4 gniazda DDR5 4400 MT\/s ECC\/non-ECC UDIMM do 128 GB<\/li>\n<li>Poczw\u00f3rne niezale\u017cne wy\u015bwietlacze: 2DP, 2HDMI, eDP<\/li>\n<li>4 gniazda LAN 2,5 GbE z RJ-45<\/li>\n<li>1 gniazdo PCIe x 16 (5. generacja), 2 gniazda PCIe x4 (4. generacja), 1\u00a0gniazdo PCIe x 4 (3. generacja)<\/li>\n<li>3 gniazda M.2 M, 4 gniazda SATA 3.0 do przechowywania danych, SATA RAID 0\/1\/5\/10<\/li>\n<li>8 x USB 3.2 Gen 2, 2 x USB 3.2 Gen 1, 4 x USB 2.0, 6 x COM, GPIO, PS\/2, Audio, 3 wentylatory systemowe<\/li>\n<li>Wbudowany modu\u0142 TPM 2.0<\/li>\n<li>SMBus, I2C, PMBus, iAMT 16.x, Chassis Intrusion<\/li>\n<li>Zasilanie ATX<\/li>\n<li>Temperatura pracy: ET: 0\u00b0C ~ 60\u00b0C; UT: -20\u00b0C ~ 70\u00b0C<\/li>\n<\/ul>\n<h4>Wi\u0119cej informacji:<\/h4>\n<p>INS8267B to wytrzyma\u0142a p\u0142yta g\u0142\u00f3wna Micro-ATX z procesorem Intel\u00ae Raptor Lake-S Refresh14th \/Raptor Lake-S 13th \/Alder Lake-S 12th i gniazdem LGA 1700, wyposa\u017cona w hybrydow\u0105 technologi\u0119 Intel\u00ae P&amp;E Cores, kt\u00f3ra zapewnia niespotykan\u0105 wydajno\u015b\u0107 w wnioskowaniu AI, uczeniu maszynowym i innych zadaniach wymagaj\u0105cych du\u017cej mocy obliczeniowej.<\/p>\n<p>Zapewniaj\u0105c 1 gniazdo PCIE 5.0 X16, 2 gniazda PCIE4.0 X8, 1 gniazdo PCIE3.0 X8 i 1 gniazdo M.2 2280\/22110 B+M-key PCIe4.0 x4 z sygna\u0142em z procesora, 1 gniazdo M.2 2280\/2242 B+M-key PCIe4.0 x4, 1 gniazdo M.2 2280\/2242 B+M-key PCIe3.0 x4, INS8267B obs\u0142uguje wymagaj\u0105ce karty rozszerze\u0144, takie jak karta graficzna do wydajnego przetwarzania grafiki i szybki dysk NVMe zapewniaj\u0105cy niezawodn\u0105 pami\u0119\u0107 masow\u0105, kt\u00f3ra b\u0119dzie stanowi\u0107 solidny fundament dla obs\u0142ugi program\u00f3w intensywnie korzystaj\u0105cych z grafiki i wymagaj\u0105cych du\u017cej pojemno\u015bci.<\/p>\n<p>Co wi\u0119cej, INS8267B jest kompatybilny ze standardem Wi-Fi 6E, kt\u00f3ry zapewnia najwy\u017csz\u0105 wydajno\u015b\u0107 Wi-Fi dzi\u0119ki wy\u017cszej przepustowo\u015bci i szerszym kana\u0142om, umo\u017cliwiaj\u0105c ultraszybk\u0105 \u0142\u0105czno\u015b\u0107 bezprzewodow\u0105, aby zapewni\u0107 optymaln\u0105 wydajno\u015b\u0107 ka\u017cdego pod\u0142\u0105czonego urz\u0105dzenia bez ograniczania elastyczno\u015bci lokalizacji.<\/p>\n<p>Wreszcie, zaprojektowany z my\u015bl\u0105 o utrzymaniu wysokiej wydajno\u015bci w najbardziej wymagaj\u0105cych warunkach, INS8267B mo\u017ce pracowa\u0107 w niskich i wysokich temperaturach, w zakresie od -20\u00b0C do 70\u00b0C, gwarantuj\u0105c sta\u0142\u0105, wysok\u0105 wydajno\u015b\u0107 pomimo waha\u0144 temperatury otoczenia.<\/p>\n<p><strong>Procesory Intel\u00ae Raptor Lake-S Refresh\/Raptor Lake-S\/Alder Lake-S<\/strong><\/p>\n<p>Dzi\u0119ki w pe\u0142ni zmodernizowanej hybrydowej architekturze wydajno\u015bci (konfiguracja \u0142\u0105cz\u0105ca rdzenie wydajno\u015bciowe i energooszcz\u0119dne), wi\u0119ksze rdzenie zorientowane na wydajno\u015b\u0107 (rdzenie P) obs\u0142uguj\u0105 obci\u0105\u017cenia wymagaj\u0105ce du\u017cej mocy obliczeniowej i AI, podczas gdy mniejsze, energooszcz\u0119dne rdzenie obs\u0142uguj\u0105 obci\u0105\u017cenia o wysokiej g\u0119sto\u015bci i skalowalno\u015bci w tle. INS8267B oferuje optymalizacj\u0119 wydajno\u015bci grafiki, wizji maszynowej i ulepszenie wnioskowania AI.<\/p>\n<p><strong>Bogate mo\u017cliwo\u015bci wej\u015bcia\/wyj\u015bcia i nowoczesne zarz\u0105dzanie<\/strong><\/p>\n<p>Obs\u0142uguj\u0105c do 4 port\u00f3w LAN 2,5 GbE, 4 porty SATAIII, 2 porty DisplayPort, 2 porty HDMI, 8 port\u00f3w USB 3.2 Gen i kilka opcji wej\u015bcia\/wyj\u015bcia, INS8267B oferuje r\u00f3\u017cnorodne funkcje wej\u015bcia\/wyj\u015bcia i funkcje krytyczne dla systemu. Kompatybilny z platform\u0105 Intel vPro\u00ae i SATAIII z RAID, INS8267B pozwala zwi\u0119kszy\u0107 produktywno\u015b\u0107 poprzez kontrol\u0119 zarz\u0105dzania i wzmocni\u0107 bezpiecze\u0144stwo danych poprzez optymalizacj\u0119 wydajno\u015bci przesy\u0142ania danych, a tak\u017ce zabezpieczenia awaryjne.<\/p>\n<p><strong>Najwy\u017csza trwa\u0142o\u015b\u0107<\/strong><\/p>\n<p>Dzi\u0119ki odporno\u015bci na wilgo\u0107, kurz, wstrz\u0105sy i wibracje oraz rozszerzonym mo\u017cliwo\u015bciom pracy w zakresie temperatur od -20\u00b0C do 70\u00b0C, INS8267B charakteryzuje si\u0119 wysok\u0105 stabilno\u015bci\u0105 i niezawodno\u015bci\u0105, spe\u0142niaj\u0105c wymagania ci\u0105g\u0142ej pracy 24\/7 w najbardziej krytycznych \u015brodowiskach.<\/p>\n","protected":false},"featured_media":16870,"template":"","meta":{"_acf_changed":false,"inline_featured_image":false,"_monsterinsights_skip_tracking":false,"_monsterinsights_sitenote_active":false,"_monsterinsights_sitenote_note":"","_monsterinsights_sitenote_category":0},"product_brand":[],"product_cat":[651,509],"product_tag":[],"class_list":{"0":"post-16871","1":"product","2":"type-product","3":"status-publish","4":"has-post-thumbnail","6":"product_cat-atx-imb","7":"product_cat-perfectron","9":"first","10":"instock","11":"shipping-taxable","12":"product-type-simple"},"acf":[],"_links":{"self":[{"href":"https:\/\/quantum.com.pl\/pl\/wp-json\/wp\/v2\/product\/16871","targetHints":{"allow":["GET"]}}],"collection":[{"href":"https:\/\/quantum.com.pl\/pl\/wp-json\/wp\/v2\/product"}],"about":[{"href":"https:\/\/quantum.com.pl\/pl\/wp-json\/wp\/v2\/types\/product"}],"wp:featuredmedia":[{"embeddable":true,"href":"https:\/\/quantum.com.pl\/pl\/wp-json\/wp\/v2\/media\/16870"}],"wp:attachment":[{"href":"https:\/\/quantum.com.pl\/pl\/wp-json\/wp\/v2\/media?parent=16871"}],"wp:term":[{"taxonomy":"product_brand","embeddable":true,"href":"https:\/\/quantum.com.pl\/pl\/wp-json\/wp\/v2\/product_brand?post=16871"},{"taxonomy":"product_cat","embeddable":true,"href":"https:\/\/quantum.com.pl\/pl\/wp-json\/wp\/v2\/product_cat?post=16871"},{"taxonomy":"product_tag","embeddable":true,"href":"https:\/\/quantum.com.pl\/pl\/wp-json\/wp\/v2\/product_tag?post=16871"}],"curies":[{"name":"wp","href":"https:\/\/api.w.org\/{rel}","templated":true}]}}