{"id":16878,"date":"2025-07-14T14:44:18","date_gmt":"2025-07-14T12:44:18","guid":{"rendered":"https:\/\/quantum.com.pl\/product\/ins8267a\/"},"modified":"2025-07-14T15:56:19","modified_gmt":"2025-07-14T13:56:19","slug":"ins8267a","status":"publish","type":"product","link":"https:\/\/quantum.com.pl\/pl\/product\/ins8267a\/","title":{"rendered":"INS8267A"},"content":{"rendered":"<h4>Specifications:<\/h4>\n<table>\n<tbody>\n<tr>\n<th>System<\/th>\n<th><\/th>\n<\/tr>\n<tr>\n<td>CPU<\/td>\n<td>13<sup>th<\/sup>\/12<sup>th<\/sup> Gen Intel<sup>\u00ae<\/sup> Raptor Lake-S\/Alder Lake-S LGA1700 Socket Processor \/ Core i9\/i7\/i5\/i3 Processor \/ TDP 125W<\/td>\n<\/tr>\n<tr>\n<td>Memory type<\/td>\n<td>4 x 288-pin U-DIMM \/ DDR4 3200 MHz \/ Max. 128 GB (Non-ECC)<\/td>\n<\/tr>\n<tr>\n<td>Chipset<\/td>\n<td>Intel<sup>\u00ae<\/sup> H610 \/ Q670<\/td>\n<\/tr>\n<tr>\n<td>Ethernet<\/td>\n<td>Intel<sup>\u00ae<\/sup> I219-LM Giga LAN + Intel<sup>\u00ae<\/sup> I225V 2.5 Giga LAN<\/td>\n<\/tr>\n<tr>\n<td>I\/O Chipset<\/td>\n<td>Nuvoton NCT6796D-E<\/td>\n<\/tr>\n<tr>\n<td>TPM<\/td>\n<td>TPM Header (support optional TPM module)<\/td>\n<\/tr>\n<tr>\n<td>H\/W Monitor<\/td>\n<td>Temperature Monitor \/ Voltage Monitor \/ Fan Monitor<\/td>\n<\/tr>\n<tr>\n<td>Watchdog<\/td>\n<td>1-255 sec. or 1-255 min. software programmable and can be generate system reset<\/td>\n<\/tr>\n<tr>\n<td>Smart Fan Control<\/td>\n<td>CPU Fan \/ System Fan<\/td>\n<\/tr>\n<tr>\n<th colspan=\"2\"><strong>Expansion Slot<\/strong><\/th>\n<\/tr>\n<tr>\n<td>M.2<\/td>\n<td>Q670 : M.2 2280 \/ 22110 M key(PCIe X4)\/ M.2 2280 \/ 22110 M key (PCIe X2)<\/p>\n<p>H610 : M.2 2280 \/ 22110 M key(PCIe X2)<\/td>\n<\/tr>\n<tr>\n<td>PCIe Slot<\/td>\n<td>Q670 : PCIe 3.0 X16 slot\/ 2 x PCIe 3.0 X8 slot (X4 Lanes)<\/p>\n<p>H610 : PCIe 3.0 X16 slot\/ 1 x PCIe 3.0 X8 slot (X4 Lanes)<\/td>\n<\/tr>\n<tr>\n<th colspan=\"2\"><strong>Graphic<\/strong><\/th>\n<\/tr>\n<tr>\n<td>Chipset<\/td>\n<td>Intel<sup>\u00ae<\/sup> UHD Graphics 770<\/td>\n<\/tr>\n<tr>\n<td>Display Port<\/td>\n<td>Up to 4K (4096 x 2304) @60 Hz<\/td>\n<\/tr>\n<tr>\n<th colspan=\"2\"><strong>Ethernet<\/strong><\/th>\n<\/tr>\n<tr>\n<td>Chipset<\/td>\n<td>Intel<sup>\u00ae<\/sup> I219-LM Giga LAN + 2 x Intel<sup>\u00ae<\/sup> I210-AT Giga LAN<\/td>\n<\/tr>\n<tr>\n<th colspan=\"2\"><strong>Audio<\/strong><\/th>\n<\/tr>\n<tr>\n<td>Codec<\/td>\n<td>Realtek<sup>\u00ae<\/sup> ALC888-VR<\/td>\n<\/tr>\n<tr>\n<th colspan=\"2\"><strong>Rear I\/O<\/strong><\/th>\n<\/tr>\n<tr>\n<td>USB<\/td>\n<td>Q670 : 4 x USB 3.1 \/ 2 x USB 2.0<\/p>\n<p>H610 : 2 x USB 3.1 \/ 4 x USB 2.0<\/td>\n<\/tr>\n<tr>\n<td>Display port<\/td>\n<td>3 x DisplayPort 1.2<\/td>\n<\/tr>\n<tr>\n<td>Audio<\/td>\n<td>1 x 6-stack Audio Jack<\/td>\n<\/tr>\n<tr>\n<td>LAN<\/td>\n<td>2 x RJ45(1 x GbE ; 1 x 2.5GbE)<\/td>\n<\/tr>\n<tr>\n<th colspan=\"2\"><strong>Internal I\/O<\/strong><\/th>\n<\/tr>\n<tr>\n<td>SATAIII<\/td>\n<td>Q670 : 6 x SATAIII<\/p>\n<p>H610 : 4 x SATAIII<\/td>\n<\/tr>\n<tr>\n<td>USB<\/td>\n<td>Q670 : 2 x USB 3.1 \/ 1 x USB3.1 TypeA \/ 2 x USB 2.0<\/p>\n<p>H610 : 2 x USB 3.1 \/ 1 x USB2.0 TypeA \/ 2 x USB 2.0<\/td>\n<\/tr>\n<tr>\n<td>Audio<\/td>\n<td>1 x Front Audio<\/td>\n<\/tr>\n<tr>\n<td>GPIO<\/td>\n<td>1 x MiAPI Header<\/td>\n<\/tr>\n<tr>\n<td>Serial<\/td>\n<td>2 x RS232<\/td>\n<\/tr>\n<tr>\n<td>Fan<\/td>\n<td>1 x 4-pin CPU Fan Header \/ 3 x 4-pin system Fan Header<\/td>\n<\/tr>\n<tr>\n<td>Power<\/td>\n<td>1 x ATX 8pin \/ 1 x ATX 24pin<\/td>\n<\/tr>\n<tr>\n<td>Others<\/td>\n<td>1 x CMOSJumper \/ 1 x FIO header \/ 1 x SPI TPM header<\/td>\n<\/tr>\n<tr>\n<th colspan=\"2\">Mechanical and Environmental<\/th>\n<\/tr>\n<tr>\n<td>Form Factor<\/td>\n<td>Micro ATX<\/td>\n<\/tr>\n<tr>\n<td>Power Type<\/td>\n<td>ATX 8-pin + ATX 24-pin<\/td>\n<\/tr>\n<tr>\n<td>Dimension<\/td>\n<td>244mm x 244mm(9.6\u201d x 9.6\u201d)<\/td>\n<\/tr>\n<tr>\n<td>Operating<\/p>\n<p>Temperature<\/td>\n<td>ET : -20\u00b0C ~ 70\u00b0C<\/p>\n<p>UT : -40\u00b0C ~ 85\u00b0C<\/td>\n<\/tr>\n<tr>\n<td>Storage Temperature<\/td>\n<td>-40\u00b0C ~ 85\u00b0C<\/td>\n<\/tr>\n<tr>\n<td>Relative humidity<\/td>\n<td>10% to 95%, non-condensing<\/td>\n<\/tr>\n<tr>\n<th colspan=\"2\">Standard Compliance<\/th>\n<\/tr>\n<tr>\n<td>Standard Compliance<\/td>\n<td>CE\/FCC Class B<\/td>\n<\/tr>\n<tr>\n<th colspan=\"2\">OS<\/th>\n<\/tr>\n<tr>\n<td>OS Support<\/td>\n<td>Windows<sup>\u00ae<\/sup> 10\/11 64-bit<\/p>\n<p>Linux(Support by request)<\/td>\n<\/tr>\n<\/tbody>\n<\/table>\n<p>&nbsp;<\/p>\n","protected":false},"excerpt":{"rendered":"<p>Format Micro-ATX, procesory Intel\u00ae Core&#x2122; i9\/i7\/i5\/i3 13.\/12. generacji<\/p>\n<h4>Najwa\u017cniejsze cechy:<\/h4>\n<ul>\n<li>Procesor Intel\u00ae Raptor Lake-S 13.\/Alder Lake-S 12. i9\/i7\/i5\/i3 125 W<\/li>\n<li>Chipset Intel\u00ae Q670<\/li>\n<li>Obs\u0142uga technologii Intel\u00ae vPro (Q670)<\/li>\n<li>4 gniazda DDR4 U-DIMM do 128 GB<\/li>\n<li>1 gniazdo PCIe x16, 2 gniazda PCIe x8 (4 linie), 2 gniazda M.2 2280\/2210 (NVME)<\/li>\n<li>Obs\u0142uga trzech wy\u015bwietlaczy: 3 x DisplayPort<\/li>\n<li>Do 6 x SATAIII (obs\u0142uga RAID 0, 1, 5, 10)<\/li>\n<li>Do 2 x Intel\u00ae Gigabit Ethernet<\/li>\n<li>Do 7 x USB 3.2 Gen1, 4 x USB 2.0, 2 porty COM<\/li>\n<li>Wej\u015bcie zasilania ATX<\/li>\n<li>Temperatura pracy: ET: -20\u00b0C ~ 70\u00b0C; UT: -40\u00b0C ~ 85\u00b0C<\/li>\n<\/ul>\n<h4>Wi\u0119cej informacji:<\/h4>\n<p>INS8267A to wytrzyma\u0142a p\u0142yta g\u0142\u00f3wna Micro-ATX z procesorem Intel\u00ae Raptor Lake-S 13th \/ Alder Lake-S 12th z gniazdem LGA 1700, wyposa\u017cona w hybrydow\u0105 technologi\u0119 Intel\u00ae P&amp;E Cores, kt\u00f3ra zapewnia niespotykan\u0105 wydajno\u015b\u0107 w wnioskowaniu AI, uczeniu maszynowym i innych zadaniach wymagaj\u0105cych du\u017cej mocy obliczeniowej.<\/p>\n<p>Zapewniaj\u0105c 1 gniazdo PCIe X16, 2 gniazda PCIe X8 i 2 gniazda M.2 2280\/2210, INS8267A obs\u0142uguje wymagaj\u0105ce karty rozszerze\u0144, takie jak karta graficzna do wydajnego przetwarzania grafiki i szybki dysk NVMe zapewniaj\u0105cy niezawodn\u0105 pami\u0119\u0107 masow\u0105, kt\u00f3ra b\u0119dzie stanowi\u0107 solidny fundament dla obs\u0142ugi program\u00f3w intensywnie korzystaj\u0105cych z grafiki i wymagaj\u0105cych du\u017cej pojemno\u015bci pami\u0119ci masowej.<\/p>\n<p>Co wi\u0119cej, dzi\u0119ki zgodno\u015bci ze standardem Wi-Fi 6E, kt\u00f3ry zapewnia najwy\u017csz\u0105 wydajno\u015b\u0107 Wi-Fi dzi\u0119ki wy\u017cszej przepustowo\u015bci i szerszym kana\u0142om, INS8267A umo\u017cliwia ultraszybk\u0105 \u0142\u0105czno\u015b\u0107 bezprzewodow\u0105, zapewniaj\u0105c optymaln\u0105 wydajno\u015b\u0107 ka\u017cdego pod\u0142\u0105czonego urz\u0105dzenia bez ograniczania elastyczno\u015bci lokalizacji.<\/p>\n<p>Co wi\u0119cej, zaprojektowany z my\u015bl\u0105 o utrzymaniu wysokiej wydajno\u015bci w najbardziej wymagaj\u0105cych warunkach, INS8267A mo\u017ce pracowa\u0107 w niskich i wysokich temperaturach w zakresie od -40\u00b0C do 85\u00b0C, gwarantuj\u0105c sta\u0142\u0105 wysok\u0105 wydajno\u015b\u0107 pomimo waha\u0144 temperatury otoczenia.<\/p>\n<p><strong>Procesory Intel\u00ae Raptor Lake-S\/Alder Lake-S<\/strong><\/p>\n<p>Dzi\u0119ki w pe\u0142ni zmodernizowanej hybrydowej architekturze wydajno\u015bci (konfiguracja \u0142\u0105cz\u0105ca rdzenie wydajno\u015bci i efektywno\u015bci), wi\u0119ksze rdzenie zorientowane na wydajno\u015b\u0107 (rdzenie P) obs\u0142uguj\u0105 obci\u0105\u017cenia wymagaj\u0105ce du\u017cej mocy obliczeniowej i sztucznej inteligencji, podczas gdy mniejsze, energooszcz\u0119dne rdzenie obs\u0142uguj\u0105 w tle obci\u0105\u017cenia o wysokiej g\u0119sto\u015bci i skalowalno\u015bci. INS8267A oferuje optymalizacj\u0119 wydajno\u015bci grafiki, wizji maszynowej i ulepszone wnioskowanie AI.<\/p>\n<p><strong>Bogaty interfejs I\/O i nowoczesne mo\u017cliwo\u015bci zarz\u0105dzania<\/strong><\/p>\n<p>Obs\u0142uguj\u0105c do 2 port\u00f3w LAN, 6 port\u00f3w SATAIII, 3 porty DisplayPort, 7 port\u00f3w USB 3.2 Gen i kilka opcji I\/O, INS8267A oferuje r\u00f3\u017cnorodne funkcje I\/O i funkcje krytyczne dla systemu. Kompatybilny z platform\u0105 Intel vPro\u00ae i SATAIII z RAID, INS8267A pozwala zwi\u0119kszy\u0107 produktywno\u015b\u0107 poprzez kontrol\u0119 zarz\u0105dzania i wzmocni\u0107 bezpiecze\u0144stwo danych poprzez optymalizacj\u0119 wydajno\u015bci przesy\u0142ania danych, a tak\u017ce zabezpieczenia awaryjne.<\/p>\n<p><strong>Najwy\u017csza trwa\u0142o\u015b\u0107<\/strong><\/p>\n<p>Dzi\u0119ki rozszerzonej temperaturze pracy od -40\u00b0C do 85\u00b0C oraz odporno\u015bci na wilgo\u0107, kurz, wstrz\u0105sy i wibracje, INS8267A charakteryzuje si\u0119 wysok\u0105 stabilno\u015bci\u0105 i niezawodno\u015bci\u0105, spe\u0142niaj\u0105c wymagania ci\u0105g\u0142ej pracy 24\/7 w najbardziej krytycznych \u015brodowiskach dzi\u0119ki solidnej konstrukcji.<\/p>\n","protected":false},"featured_media":16876,"template":"","meta":{"_acf_changed":false,"inline_featured_image":false,"_monsterinsights_skip_tracking":false,"_monsterinsights_sitenote_active":false,"_monsterinsights_sitenote_note":"","_monsterinsights_sitenote_category":0},"product_brand":[],"product_cat":[651,509],"product_tag":[],"class_list":{"0":"post-16878","1":"product","2":"type-product","3":"status-publish","4":"has-post-thumbnail","6":"product_cat-atx-imb","7":"product_cat-perfectron","9":"first","10":"instock","11":"shipping-taxable","12":"product-type-simple"},"acf":[],"_links":{"self":[{"href":"https:\/\/quantum.com.pl\/pl\/wp-json\/wp\/v2\/product\/16878","targetHints":{"allow":["GET"]}}],"collection":[{"href":"https:\/\/quantum.com.pl\/pl\/wp-json\/wp\/v2\/product"}],"about":[{"href":"https:\/\/quantum.com.pl\/pl\/wp-json\/wp\/v2\/types\/product"}],"wp:featuredmedia":[{"embeddable":true,"href":"https:\/\/quantum.com.pl\/pl\/wp-json\/wp\/v2\/media\/16876"}],"wp:attachment":[{"href":"https:\/\/quantum.com.pl\/pl\/wp-json\/wp\/v2\/media?parent=16878"}],"wp:term":[{"taxonomy":"product_brand","embeddable":true,"href":"https:\/\/quantum.com.pl\/pl\/wp-json\/wp\/v2\/product_brand?post=16878"},{"taxonomy":"product_cat","embeddable":true,"href":"https:\/\/quantum.com.pl\/pl\/wp-json\/wp\/v2\/product_cat?post=16878"},{"taxonomy":"product_tag","embeddable":true,"href":"https:\/\/quantum.com.pl\/pl\/wp-json\/wp\/v2\/product_tag?post=16878"}],"curies":[{"name":"wp","href":"https:\/\/api.w.org\/{rel}","templated":true}]}}