{"id":16883,"date":"2025-07-15T12:39:31","date_gmt":"2025-07-15T10:39:31","guid":{"rendered":"https:\/\/quantum.com.pl\/product\/ins8266a\/"},"modified":"2025-07-15T12:39:31","modified_gmt":"2025-07-15T10:39:31","slug":"ins8266a","status":"publish","type":"product","link":"https:\/\/quantum.com.pl\/pl\/product\/ins8266a\/","title":{"rendered":"INS8266A"},"content":{"rendered":"<h4>Specifications:<\/h4>\n<table>\n<tbody>\n<tr>\n<th colspan=\"2\">System<\/th>\n<\/tr>\n<tr>\n<td>CPU<\/td>\n<td>10th Gen Intel\u00ae Comet Lake LGA1200 Socket Processor, Core i9\/i7\/i5\/i3 up to 10-core TDP Max. 125W<\/td>\n<\/tr>\n<tr>\n<td>Memory type<\/td>\n<td>DDR4 U-DIMM 2933MHz \/ Max. 64 GB\u00a0\/ 4 x 288-pin<\/td>\n<\/tr>\n<tr>\n<td>Chipset<\/td>\n<td>Intel\u00ae H420E \/ Q470E \/ W480E\u00a0 (Support RAID 0 \/ 1 \/5 \/10 )<\/td>\n<\/tr>\n<tr>\n<td>I\/O Chipset<\/td>\n<td>Nuvoton NCT6126D<\/td>\n<\/tr>\n<tr>\n<td>TPM<\/td>\n<td>TPM Header<\/td>\n<\/tr>\n<tr>\n<td>H\/W Monitor<\/td>\n<td>Temperature Monitor \/ Voltage Monitor \/ Fan Monitor<\/td>\n<\/tr>\n<tr>\n<td>Watchdog<\/td>\n<td>1-255 sec. or 1-255 min. software programmable and can be generate system reset<\/td>\n<\/tr>\n<tr>\n<td>Smart Fan Control<\/td>\n<td>CPU Fan \/ System Fan<\/td>\n<\/tr>\n<tr>\n<th colspan=\"2\">Expansion Slot<\/th>\n<\/tr>\n<tr>\n<td>M.2<\/td>\n<td>1 x M.2 2242 \/ 2260 \/ 2280 M key (PCIe x4 ,SATA)(H420E Only support SATA)<\/p>\n<p>1 x M.2 2230 E key (PCIe x1, USB2.0, CNVi)<\/td>\n<\/tr>\n<tr>\n<td>PCI Slot<\/td>\n<td>1 x PCI<\/td>\n<\/tr>\n<tr>\n<td>PCIe Slot<\/td>\n<td>1 x PCIe 3.0 X16 slot \/ PCIe x16 support 3 options of PCIe switch:<br \/>\n#1: 1 x PCIe X16, #2: 2 x PCIe X8, #3: 1 x PCIe X8 + 2 x PCIe X4<\/p>\n<p>1 x PCIe 2.0 X8 slot (X4 Lanes) \/PCIe x4 lanes is switched with M.2 M-Key Slot<\/td>\n<\/tr>\n<tr>\n<th colspan=\"2\">Display<\/th>\n<\/tr>\n<tr>\n<td>Chipset<\/td>\n<td>Intel\u00ae HD Graphics<\/td>\n<\/tr>\n<tr>\n<td>DVI<\/td>\n<td>Up to 1920 x 1200 @60 Hz<\/td>\n<\/tr>\n<tr>\n<td>HDMI<\/td>\n<td>Up to 4K (4096 x 2160) @30 Hz<\/td>\n<\/tr>\n<tr>\n<td>Display Port<\/td>\n<td>Up to 4K (4096 x 2304) @60 Hz<\/td>\n<\/tr>\n<tr>\n<td>eDP (Option)<\/td>\n<td>Up to 4K (4096 x 2304) @60 Hz<\/td>\n<\/tr>\n<tr>\n<th colspan=\"2\">Ethernet<\/th>\n<\/tr>\n<tr>\n<td>Chipset<\/td>\n<td>Intel\u00ae I219-LM Giga LAN + 2 x Intel\u00ae I210-AT Giga LAN<\/td>\n<\/tr>\n<tr>\n<th colspan=\"2\">Audio<\/th>\n<\/tr>\n<tr>\n<td>Codec<\/td>\n<td>Realtek\u00ae ALC662\/ALC888<\/td>\n<\/tr>\n<tr>\n<th colspan=\"2\">Rear I\/O<\/th>\n<\/tr>\n<tr>\n<td>USB3.1<\/td>\n<td>4(Q470E\/W480E)<\/td>\n<\/tr>\n<tr>\n<td>USB3.0<\/td>\n<td>4(H420E)<\/td>\n<\/tr>\n<tr>\n<td>Display port<\/td>\n<td>1 x HDMI 1.4 ; 1 x DisplayPort 1.2 ; 1 x DVI-I(DVI-D Optional)<\/td>\n<\/tr>\n<tr>\n<td>Lan<\/td>\n<td>3(1 x Optional)<\/td>\n<\/tr>\n<tr>\n<td>Audio<\/td>\n<td>Mic-in, Line-in, and Line-out<\/td>\n<\/tr>\n<tr>\n<td>Serier Port<\/td>\n<td>1 (RS232)<\/td>\n<\/tr>\n<tr>\n<th colspan=\"2\">Internal I\/O<\/th>\n<\/tr>\n<tr>\n<td>SATAIII<\/td>\n<td>6(Q470E\/W480E) \/ 4(H420E)<\/td>\n<\/tr>\n<tr>\n<td>USB2.0<\/td>\n<td>2<\/td>\n<\/tr>\n<tr>\n<td>USB3.0<\/td>\n<td>2<\/td>\n<\/tr>\n<tr>\n<td>Display I\/O<\/td>\n<td>1 x eDP<\/p>\n<p>1 x Backlight connector<\/td>\n<\/tr>\n<tr>\n<td>GPIO<\/td>\n<td>1 x MiAPI Header<\/td>\n<\/tr>\n<tr>\n<td>Serial<\/td>\n<td>3 (1 x Support RS-232\/422\/485)<\/td>\n<\/tr>\n<tr>\n<td>Fan<\/td>\n<td>1 x 4-pin CPU Fan Connector \/ 1 x 4-pin System Fan Header<\/td>\n<\/tr>\n<tr>\n<td>Power<\/td>\n<td>1 x ATX 8pin \/ 1 x ATX 24pin (AT\/ATX mode by jumper setting)<\/td>\n<\/tr>\n<tr>\n<th colspan=\"2\">Mechanical and Environmental<\/th>\n<\/tr>\n<tr>\n<td>Form Factor<\/td>\n<td>Micro ATX<\/td>\n<\/tr>\n<tr>\n<td>Power Type<\/td>\n<td>ATX 8-pin + ATX 24-pin<\/td>\n<\/tr>\n<tr>\n<td>Dimension<\/td>\n<td>244mm x 244mm(9.6\u201d x 9.6\u201d)<\/td>\n<\/tr>\n<tr>\n<td>Operating<\/p>\n<p>Temperature<\/td>\n<td>ET : -20\u00b0C ~ 70\u00b0C<\/p>\n<p>UT : -40\u00b0C ~ 85\u00b0C<\/td>\n<\/tr>\n<tr>\n<td>Storage Temperature<\/td>\n<td>-40\u00b0C ~ 85\u00b0C<\/td>\n<\/tr>\n<tr>\n<td>Relative humidity<\/td>\n<td>10% to 95%, non-condensing<\/td>\n<\/tr>\n<tr>\n<th colspan=\"2\">Standard Compliance<\/th>\n<\/tr>\n<tr>\n<td>Standard Compliance<\/td>\n<td>CE\/FCC<\/td>\n<\/tr>\n<tr>\n<th colspan=\"2\">OS<\/th>\n<\/tr>\n<tr>\n<td>OS Support<\/td>\n<td>Windows\u00ae 10 64-bit<\/p>\n<p>Linux(Support by request)<\/td>\n<\/tr>\n<\/tbody>\n<\/table>\n","protected":false},"excerpt":{"rendered":"<h4>Najwa\u017cniejsze cechy:<\/h4>\n<p>Format Micro-ATX, procesory Intel\u00ae Core&#x2122; i9\/i7\/i5\/i3 10. generacji<\/p>\n<ul>\n<li>Procesor Intel\u00ae Comet Lake i9\/i7\/i5\/i3 10. generacji do 125 W (10 rdzeni), LGA1200<\/li>\n<li>Chipset Intel H420E \/ Q470E \/ W480E<\/li>\n<li>obs\u0142uga technologii Intel\u00ae vPro<\/li>\n<li>4 x DDR4 U-DIMM, obs\u0142uga do 64 GB<\/li>\n<li>Obs\u0142uga 1 x slot PCIe x16, 1 x slot PCIe x8 i 1 x slot PCI<br \/>\n1 x M.2 2280M-key (NVME), 1 x M.2 2230 E-key (CNVi)<\/li>\n<li>Obs\u0142uga trzech wy\u015bwietlaczy: 1 x DisplayPort, 1 x HDMI i 1 x DVI (opcjonalnie DVI-D)<\/li>\n<li>6 x SATAIII (Q470E\/W480) \/ 4 x SATAIII (H420E)<\/li>\n<li>3 x GbE (Q470E\/W480) \/ 2 x GbE (H420E)<\/li>\n<li>4 x USB 3.1, 2 x USB 3.0, 4 x USB 2.0 (Q470E\/W480E) \/ 5 x USB 3.0, 4 x USB 2.0 (H420E)<\/li>\n<li>4 x COM (1 x obs\u0142uga RS232\/422\/485) (Q470E\/W480E) \/ 3 x COM (1 x obs\u0142uga RS232\/422\/485) (H420E)<\/li>\n<li>Wej\u015bcie zasilania ATX<\/li>\n<li>Temperatura pracy: ET: -20\u00b0C ~ 70\u00b0C; UT: -40\u00b0C ~ 85\u00b0C<\/li>\n<\/ul>\n<h4>Wi\u0119cej informacji:<\/h4>\n<p>MicroATX, czasami nazywany mATX, to p\u0142yta g\u0142\u00f3wna microATX o maksymalnych wymiarach 9,6 \u00d7 9,6 cala (244 \u00d7 244 mm), natomiast p\u0142yta ATX ma wymiary 12 \u00d7 9,6 cala. MicroATX zosta\u0142 zaprojektowany z my\u015bl\u0105 o wstecznej kompatybilno\u015bci z ATX. Punkty monta\u017cowe p\u0142yt g\u0142\u00f3wnych microATX s\u0105 podzbiorem punkt\u00f3w monta\u017cowych stosowanych w pe\u0142nowymiarowych p\u0142ytach ATX, a panel I\/O jest identyczny. Dzi\u0119ki temu p\u0142yty g\u0142\u00f3wne microATX mo\u017cna stosowa\u0107 w pe\u0142nowymiarowych obudowach ATX. Ponadto wi\u0119kszo\u015b\u0107 p\u0142yt g\u0142\u00f3wnych microATX zazwyczaj wykorzystuje te same z\u0142\u0105cza zasilania, co p\u0142yty g\u0142\u00f3wne ATX, co pozwala na stosowanie pe\u0142nowymiarowych zasilaczy ATX z p\u0142ytami microATX.<\/p>\n<p>INS8266A to p\u0142yta g\u0142\u00f3wna microATX oparta na procesorze Intel\u00ae Comet Lake Core i9\/i7\/i5\/i3 10. generacji z gniazdem LGA1200 i chipsetem Intel H420E \/ Q470E \/ W480E, zapewniaj\u0105ca wysok\u0105 wydajno\u015b\u0107 i wiele wej\u015b\u0107\/wyj\u015b\u0107. INS8266A jest wyposa\u017cony w 1 x M.2 2242 \/ 2260 \/ 2280 klucz M (PCIe x 4, SATA) (H420E obs\u0142uguje tylko SATA) i 1 x M.2 2230 klucz E (PCIe x1, USB2.0, CNVi), 6 x SATAIII (Q470E\/W480E) \/ 4 x SATAIII (H420E), 4 x USB3.1, 2 x USB3.0, 4 x USB 2.0, (Q470E\/W480E) \/ 5 x USB3.0, 4 x USB2.0 (H420E), 4 x COM (1 x obs\u0142uga RS232\/422\/485) (Q470E\/W480E) \/ 3 x COM (1 x obs\u0142uga RS232\/422\/485) (H420E). P\u0142yta INS8266A posiada 1 gniazdo PCIe X16, 1 gniazdo PCIe X8 i 1 gniazdo PCI. Obs\u0142uguje r\u00f3wnie\u017c potr\u00f3jne wy\u015bwietlanie: 1 gniazdo DisplayPort, 1 gniazdo HDMI i 1 gniazdo DVI (opcjonalnie DVI-D). P\u0142yta INS8266A mo\u017ce pracowa\u0107 w temperaturach od -40\u00b0C do 85\u00b0C, co zapewnia odporno\u015b\u0107 na trudne warunki. Te wyj\u0105tkowe cechy sprawiaj\u0105, \u017ce INS8266A jest idealn\u0105 p\u0142yt\u0105 do wszelkiego rodzaju zaawansowanych zastosowa\u0144.<\/p>\n","protected":false},"featured_media":16882,"template":"","meta":{"_acf_changed":false,"inline_featured_image":false,"_monsterinsights_skip_tracking":false,"_monsterinsights_sitenote_active":false,"_monsterinsights_sitenote_note":"","_monsterinsights_sitenote_category":0},"product_brand":[],"product_cat":[651,509],"product_tag":[],"class_list":{"0":"post-16883","1":"product","2":"type-product","3":"status-publish","4":"has-post-thumbnail","6":"product_cat-atx-imb","7":"product_cat-perfectron","9":"first","10":"instock","11":"shipping-taxable","12":"product-type-simple"},"acf":[],"_links":{"self":[{"href":"https:\/\/quantum.com.pl\/pl\/wp-json\/wp\/v2\/product\/16883","targetHints":{"allow":["GET"]}}],"collection":[{"href":"https:\/\/quantum.com.pl\/pl\/wp-json\/wp\/v2\/product"}],"about":[{"href":"https:\/\/quantum.com.pl\/pl\/wp-json\/wp\/v2\/types\/product"}],"wp:featuredmedia":[{"embeddable":true,"href":"https:\/\/quantum.com.pl\/pl\/wp-json\/wp\/v2\/media\/16882"}],"wp:attachment":[{"href":"https:\/\/quantum.com.pl\/pl\/wp-json\/wp\/v2\/media?parent=16883"}],"wp:term":[{"taxonomy":"product_brand","embeddable":true,"href":"https:\/\/quantum.com.pl\/pl\/wp-json\/wp\/v2\/product_brand?post=16883"},{"taxonomy":"product_cat","embeddable":true,"href":"https:\/\/quantum.com.pl\/pl\/wp-json\/wp\/v2\/product_cat?post=16883"},{"taxonomy":"product_tag","embeddable":true,"href":"https:\/\/quantum.com.pl\/pl\/wp-json\/wp\/v2\/product_tag?post=16883"}],"curies":[{"name":"wp","href":"https:\/\/api.w.org\/{rel}","templated":true}]}}