{"id":16890,"date":"2025-07-17T09:20:27","date_gmt":"2025-07-17T07:20:27","guid":{"rendered":"https:\/\/quantum.com.pl\/product\/ins8145a-2\/"},"modified":"2025-07-17T11:28:55","modified_gmt":"2025-07-17T09:28:55","slug":"ins8145a-2","status":"publish","type":"product","link":"https:\/\/quantum.com.pl\/pl\/product\/ins8145a-2\/","title":{"rendered":"INS8145A"},"content":{"rendered":"<h4>Dane techniczne:<\/h4>\n<table class=\"Table\">\n<tbody>\n<tr>\n<th><strong>Operating Temp.<\/strong><\/th>\n<th><\/th>\n<\/tr>\n<tr>\n<td>ET : -20 to 70\u00b0C<\/td>\n<td><\/td>\n<\/tr>\n<tr>\n<th><strong>System<\/strong><\/th>\n<th><\/th>\n<\/tr>\n<tr>\n<td>CPU Type<\/td>\n<td>Intel\u00ae LGA 1155 socket Core&#x2122; i7\/i5\/i3 processor<\/p>\n<p>Core&#x2122; i7-2600 3.4 GHz (8M Cache, 95W)<\/p>\n<p>Core&#x2122; i5-2400 3.1 GHz (6M Cache, 95W)<\/p>\n<p>Core&#x2122; i3-2120 3.3 GHz (3M Cache, 65W)<\/p>\n<p>Pentium\u00ae G850 2.9 GHz (3M Cache, 65W)<\/p>\n<p>Pentium\u00ae G540 2.5 GHz (2M Cache, 65W)<\/td>\n<\/tr>\n<tr>\n<td>Chipset<\/td>\n<td>Intel\u00ae Q67 Express Chipset (Cougar Point)<\/p>\n<p>Controller Hub<\/td>\n<\/tr>\n<tr>\n<td>Memory Type<\/td>\n<td>4 x 240-pin 1066\/1333 MHz Dual channel DDR3 SDRAM<\/p>\n<p>Unbuffered DIMM support (MAX. 32GB)<\/td>\n<\/tr>\n<tr>\n<td>BIOS<\/td>\n<td>AMI\u00ae UEFI BIOS<\/td>\n<\/tr>\n<tr>\n<td>Watchdog<\/td>\n<td>1-255 sec. or 1-255 min. so<\/td>\n<\/tr>\n<tr>\n<th><strong>Expansion Slot<\/strong><\/th>\n<th><\/th>\n<\/tr>\n<tr>\n<td>PCIe x16 Gen.2<\/td>\n<td>1<\/td>\n<\/tr>\n<tr>\n<td>PCIe x4<\/td>\n<td>1 (x8 slot, one side open)<\/td>\n<\/tr>\n<tr>\n<td>PCIe x1<\/td>\n<td>1<\/td>\n<\/tr>\n<tr>\n<td>PCI<\/td>\n<td>4<\/td>\n<\/tr>\n<tr>\n<th><strong>Display<\/strong><\/th>\n<th><\/th>\n<\/tr>\n<tr>\n<td>Chipset<\/td>\n<td>Intel\u00ae HD Grapics 2000 Integrated Graphics Engine<\/td>\n<\/tr>\n<tr>\n<td>Display interface<\/td>\n<td>VGA\/HDMI\/DVI-D Integrated in the Intel\u00ae Q67<\/td>\n<\/tr>\n<tr>\n<td><\/td>\n<td><\/td>\n<\/tr>\n<tr>\n<th><strong>Audio<\/strong><\/th>\n<th><\/th>\n<\/tr>\n<tr>\n<td>Codec<\/td>\n<td>ALC892 High Definition Audio Codec<\/td>\n<\/tr>\n<tr>\n<th><strong>Ethernet<\/strong><\/th>\n<th><\/th>\n<\/tr>\n<tr>\n<td>Chipset<\/td>\n<td>Intel\u00ae 82579LM &amp; 82574L GbE<\/td>\n<\/tr>\n<tr>\n<th><strong>Rear I\/O<\/strong><\/th>\n<th><\/th>\n<\/tr>\n<tr>\n<td>VGA<\/td>\n<td>1<\/td>\n<\/tr>\n<tr>\n<td>DVI-D<\/td>\n<td>1<\/td>\n<\/tr>\n<tr>\n<td>HDMI<\/td>\n<td>1<\/td>\n<\/tr>\n<tr>\n<td>Ethernet<\/td>\n<td>2<\/td>\n<\/tr>\n<tr>\n<td>AUDIO<\/td>\n<td>Line-out, Mic-In, Line-in<\/td>\n<\/tr>\n<tr>\n<td>USB<\/td>\n<td>4 x USB2.0<\/td>\n<\/tr>\n<tr>\n<td>COM<\/td>\n<td>1 x RS232\/422\/485 with 5V\/12V selection<\/td>\n<\/tr>\n<tr>\n<td>PS\/2<\/td>\n<td>1 x PS\/2 Keyboard and mouse<\/td>\n<\/tr>\n<tr>\n<th><strong>I\/O Interface<\/strong><\/th>\n<th><\/th>\n<\/tr>\n<tr>\n<td>SATA<\/td>\n<td>2 x SATAIII (6 Gb\/s, reserve space)<\/p>\n<p>4 x SATAII (3 Gb\/s, reserve space)<\/p>\n<p>*6 x SATA RAID (S\/W 0, 1, 5, 10)<\/p>\n<p>*2 x SATAIII &amp; 4 x SATAII both support RAID 0,1, 5,10<\/td>\n<\/tr>\n<tr>\n<td>USB<\/td>\n<td>10 x USB 1.1\/2.0 port<\/p>\n<p>\u2022 8 port by 2 x 5-pin header<\/p>\n<p>\u2022 2 x Vertical USB connectors<\/td>\n<\/tr>\n<tr>\n<td>COM<\/td>\n<td>5 x COM ports<\/p>\n<p>\u2022 COM2 supports RS232\/422\/485 with 5V\/12V selectable by pin header<\/p>\n<p>\u2022 COM3~6 support RS232 with 5V\/12V selectable by pin header<\/td>\n<\/tr>\n<tr>\n<td>FAN<\/td>\n<td>CPU FAN (1 x 4-pin), System FAN (1 x 3-pin)<\/td>\n<\/tr>\n<tr>\n<td>DIO<\/td>\n<td>8-bit (4 in\/4 out)<\/td>\n<\/tr>\n<tr>\n<td>LPT<\/td>\n<td>1<\/td>\n<\/tr>\n<\/tbody>\n<\/table>\n","protected":false},"excerpt":{"rendered":"<h4>Najwa\u017cniejsze cechy:<\/h4>\n<p>Intel\u00ae Sandy Bridge Q67 ATX Industrial MB, procesor Intel\u00ae Core&#x2122; i7\/i5\/i3<\/p>\n<ul>\n<li>Obs\u0142uguje procesor Intel\u00ae LGA 1155 Core&#x2122; i7\/i5\/i3<\/li>\n<li>Wiele wy\u015bwietlaczy: VGA + DVI-D, VGA + HDMI, HDMI + DVI-D<\/li>\n<li>Dwukana\u0142owa pami\u0119\u0107 DDR3 1066\/1333 MHz do 32 GB<\/li>\n<li>Obs\u0142uga Intel\u00ae PCIe GbE z technologi\u0105 Intel\u00ae AMT 7.0<\/li>\n<li>PCIe x16, PCIe x4, PCIe x1, 4 gniazda PCI<\/li>\n<li>2 x SATAIII + 4 x SATAII<\/li>\n<li>14 port\u00f3w USB<\/li>\n<li>6 port\u00f3w COM<\/li>\n<\/ul>\n<h4>Wi\u0119cej informacji:<\/h4>\n<p>P\u0142yta g\u0142\u00f3wna INS8145A jest osadzona w obudowie Intel LGA1155, integruj\u0105cej czterokana\u0142ow\u0105 pami\u0119\u0107 DDR3 i kontroler PCI Express obs\u0142uguj\u0105cy linie PCI Express 2.0. Firma PERFECTRON wykorzysta\u0142a procesor Intel\u00ae Core&#x2122; drugiej generacji do stworzenia serii produkt\u00f3w i system\u00f3w na poziomie p\u0142yt g\u0142\u00f3wnych, kt\u00f3re spe\u0142niaj\u0105 r\u00f3\u017cnorodne wymagania przemys\u0142owe, oferuj\u0105c ekonomiczne rozwi\u0105zania o wysokiej wydajno\u015bci. Wprowadzaj\u0105c na rynek p\u0142yt\u0119 g\u0142\u00f3wn\u0105 ATX INS8145A z chipsetem Intel\u00ae Q67 Express, firma PERFECTRON spe\u0142ni wymagania wielu r\u00f3\u017cnych aplikacji wbudowanych, kt\u00f3re chc\u0105 wykorzysta\u0107 potencja\u0142 zaawansowanej technologii platformy.<\/p>\n","protected":false},"featured_media":16888,"template":"","meta":{"_acf_changed":false,"inline_featured_image":false,"_monsterinsights_skip_tracking":false,"_monsterinsights_sitenote_active":false,"_monsterinsights_sitenote_note":"","_monsterinsights_sitenote_category":0},"product_brand":[],"product_cat":[651,509],"product_tag":[],"class_list":{"0":"post-16890","1":"product","2":"type-product","3":"status-publish","4":"has-post-thumbnail","6":"product_cat-atx-imb","7":"product_cat-perfectron","9":"first","10":"instock","11":"shipping-taxable","12":"product-type-simple"},"acf":[],"_links":{"self":[{"href":"https:\/\/quantum.com.pl\/pl\/wp-json\/wp\/v2\/product\/16890","targetHints":{"allow":["GET"]}}],"collection":[{"href":"https:\/\/quantum.com.pl\/pl\/wp-json\/wp\/v2\/product"}],"about":[{"href":"https:\/\/quantum.com.pl\/pl\/wp-json\/wp\/v2\/types\/product"}],"wp:featuredmedia":[{"embeddable":true,"href":"https:\/\/quantum.com.pl\/pl\/wp-json\/wp\/v2\/media\/16888"}],"wp:attachment":[{"href":"https:\/\/quantum.com.pl\/pl\/wp-json\/wp\/v2\/media?parent=16890"}],"wp:term":[{"taxonomy":"product_brand","embeddable":true,"href":"https:\/\/quantum.com.pl\/pl\/wp-json\/wp\/v2\/product_brand?post=16890"},{"taxonomy":"product_cat","embeddable":true,"href":"https:\/\/quantum.com.pl\/pl\/wp-json\/wp\/v2\/product_cat?post=16890"},{"taxonomy":"product_tag","embeddable":true,"href":"https:\/\/quantum.com.pl\/pl\/wp-json\/wp\/v2\/product_tag?post=16890"}],"curies":[{"name":"wp","href":"https:\/\/api.w.org\/{rel}","templated":true}]}}