{"id":16906,"date":"2025-07-18T13:07:56","date_gmt":"2025-07-18T11:07:56","guid":{"rendered":"https:\/\/quantum.com.pl\/product\/sk515m\/"},"modified":"2025-07-25T15:32:40","modified_gmt":"2025-07-25T13:32:40","slug":"sk515m","status":"publish","type":"product","link":"https:\/\/quantum.com.pl\/pl\/product\/sk515m\/","title":{"rendered":"SK515M COM Express Type 6 carrier board"},"content":{"rendered":"<h4>Dane techniczne:<\/h4>\n<table>\n<tbody>\n<tr>\n<th>System<\/th>\n<\/tr>\n<tr>\n<td>COM Express CPU Options(Type6)<\/td>\n<td>Intel\u00ae Core&#x2122; Ultra 7 Processor 165H, 20-45W, Meteor Lake 14th Gen, 14+2C, Freq. 0.9\/1.4 Max. 5.0 GHz, 24MB cache<\/p>\n<p>Intel\u00ae Core&#x2122; Ultra 7 Processor 155H, 20-45W, Meteor Lake 14th Gen, 14+2C, Freq. 0.9\/1.4 Max. 4.8 GHz, 24MB cache<\/p>\n<p>Intel\u00ae Core&#x2122; Ultra 5 Processor 125H, 20-45W, Meteor Lake 14th Gen, 12+2C, Freq. 0.7\/1.2 Max. 4.5 GHz, 18MB cache<\/p>\n<p>Intel\u00ae Core&#x2122; i7-13800HRE 45W Raptor Lake 13th Gen, 14C , Freq. 2.5 \/5.0 GHz, 24MB cache<\/p>\n<p>Intel\u00ae Core&#x2122; i7-13800HE 45W Raptor Lake 13th Gen, 14C , Freq. 2.5 \/5.0 GHz, 24MB cache<\/td>\n<\/tr>\n<tr>\n<td>GPU Module Options<\/td>\n<td>NVIDIA\u00ae Ampere RTX A2000, 80W, 8GB GDDR6, 2,560 CUDA Cores<\/p>\n<p>NVIDIA\u00ae Ampere RTX A4500, 80W\/130W, 16GB GDDR6, 5,888 CUDA Cores<\/p>\n<p>NVIDIA\u00ae Ada Lovelace RTX 3500 Ada, 115W, 12GB GDDR6, 5,120 CUDA Cores<\/p>\n<p>NVIDIA\u00ae Ada Lovelace RTX 5000 Ada, 115W, 16GB GDDR6, 9,728 CUDA Cores<\/td>\n<\/tr>\n<tr>\n<td>COM Express Compatibility<\/td>\n<td>COM Express\u00ae Type 6<\/td>\n<\/tr>\n<tr>\n<th>Expansion<\/th>\n<\/tr>\n<tr>\n<td>Mini PCIe Expansion<\/td>\n<td>2x Full-size Mini PCIe (with SIM card slot)<\/td>\n<\/tr>\n<tr>\n<td>M.2 Expansion<\/td>\n<td>2x 2280 M-key (PCIe x4 from PEG)<\/td>\n<\/tr>\n<tr>\n<td>SATAIII<\/td>\n<td>2x SATAIII<\/td>\n<\/tr>\n<tr>\n<th>Display<\/th>\n<\/tr>\n<tr>\n<td>Display Port<\/td>\n<td>2x Display Port outputs from GPU<\/td>\n<\/tr>\n<tr>\n<td>VGA<\/td>\n<td>1x output from COM Express<\/td>\n<\/tr>\n<tr>\n<td>DVI<\/td>\n<td>1x output from COM Express<\/td>\n<\/tr>\n<tr>\n<td>LVDS<\/td>\n<td>1x dual channel 18\/24bit LVDS<\/td>\n<\/tr>\n<tr>\n<th>Ethernet<\/th>\n<\/tr>\n<tr>\n<td>Gigabit Ethernet<\/td>\n<td>2x 10\/100\/1000\/2.5G Ethernet Ports(One from CPU module)<\/td>\n<\/tr>\n<tr>\n<th>I\/O<\/th>\n<\/tr>\n<tr>\n<td>USB<\/td>\n<td>4x USB3.0 +\u00a02x USB2.0<\/td>\n<\/tr>\n<tr>\n<td>COM Port<\/td>\n<td>2x RS232 + 2x RS232\/422\/485(function select by jumper)<\/td>\n<\/tr>\n<tr>\n<td>Audio<\/td>\n<td>1x Line-out, 1x MIC-In<\/td>\n<\/tr>\n<tr>\n<td>SATA Power<\/td>\n<td>2x SATA Power<\/td>\n<\/tr>\n<tr>\n<td>DI\/DO<\/td>\n<td>1x DI\/DO (4 in \/ 4 out)<\/td>\n<\/tr>\n<tr>\n<td>CPU FAN<\/td>\n<td>1x\u00a0CPU FAN<\/td>\n<\/tr>\n<tr>\n<td>MXM FAN<\/td>\n<td>1x\u00a0MXM FAN<\/td>\n<\/tr>\n<tr>\n<td>Battery<\/td>\n<td>1x Battery Header<\/td>\n<\/tr>\n<tr>\n<th>Power System<\/th>\n<\/tr>\n<tr>\n<td>Input Power_SYS<\/td>\n<td>9V~36V (1x 4P Terminal Block)<\/td>\n<\/tr>\n<tr>\n<td>Input Power_MXM<\/td>\n<td>12V (ATX 4P)<\/td>\n<\/tr>\n<tr>\n<td>Power Consumption<\/td>\n<td>Varies per COM Express \/MXM with different CPU and GPU models<\/td>\n<\/tr>\n<tr>\n<td>RTC Battery<\/td>\n<td>3V CR2032<\/td>\n<\/tr>\n<tr>\n<th>Mechanical and Environment<\/th>\n<\/tr>\n<tr>\n<td>Dimensions<\/td>\n<td>170mm x 190mm<\/td>\n<\/tr>\n<tr>\n<td>Operating Temperature<\/td>\n<td>-40\u00b0C to 85\u00b0C<\/td>\n<\/tr>\n<tr>\n<td>Storage Temperature<\/td>\n<td>-40\u00b0C to 85\u00b0C<\/td>\n<\/tr>\n<tr>\n<td>Relative Humidity<\/td>\n<td>10% to 90%, non-condensing<\/td>\n<\/tr>\n<tr>\n<th>Standard Compliance<\/th>\n<\/tr>\n<tr>\n<td>Standard Compliance<\/td>\n<td>CE\/FCC<\/td>\n<\/tr>\n<tr>\n<th>OS<\/th>\n<\/tr>\n<tr>\n<td>OS Support<\/td>\n<td>Windows\u00ae10 64-bit<\/p>\n<p>Linux(Support by request)<\/td>\n<\/tr>\n<\/tbody>\n<\/table>\n","protected":false},"excerpt":{"rendered":"<h4>Najwa\u017cniejszc cechy:<\/h4>\n<p>P\u0142yta no\u015bna COM Express typu 6 z MXM, 2 gniazda M.2 M-key, 9~36 V DC-IN, rozszerzona temperatura pracy od -40 do 85\u00b0C<\/p>\n<ul>\n<li>Obs\u0142uga COM Express typu 6: Raptor Lake-H 13th, Meteor Lake 14th<\/li>\n<li>Standardowa obs\u0142uga MXM typu 3.1: NVIDIA\u00ae GTX\u00ae \/ RTX\u00ae GPU<\/li>\n<li>Wiele gniazd rozszerze\u0144, w tym dwa gniazda Mini PCIe Express, dwa gniazda M.2 2280 M-key<\/li>\n<li>Obs\u0142uga ekstremalnych temperatur od -40\u00b0C do 85\u00b0C<\/li>\n<li>GPU mo\u017ce obs\u0142ugiwa\u0107 2 wyj\u015bcia Display Port<\/li>\n<\/ul>\n<h4>Wi\u0119cej informacji:<\/h4>\n<p>Komputer modu\u0142owy (COM) to wysoce zintegrowana p\u0142yta z procesorem, chipsetem, pami\u0119ci\u0105 i urz\u0105dzeniami peryferyjnymi zaprojektowanymi w module. Standard COM Express Type 6 sta\u0142 si\u0119 najbardziej wszechstronnym i skalowalnym standardem COM, obs\u0142uguj\u0105cym wszystko, od aplikacji ma\u0142ej skali i wra\u017cliwych na koszty, po zaawansowane rozwi\u0105zania obliczeniowe i graficzne.<\/p>\n<p>Model SK515M-T6 COM Express firmy 7StarLake definiuje otwart\u0105, skalowaln\u0105 architektur\u0119 modu\u0142ow\u0105 i platform\u0119 typu 6, kt\u00f3ra zapewnia niesamowit\u0105 wydajno\u015b\u0107 obliczeniow\u0105 i oferuje szeroki zakres interfejs\u00f3w wej\u015bcia\/wyj\u015bcia, w tym zaawansowane wsparcie graficzne, interfejsy Digital Display Interface (Display Port, HDMI) i superszybki USB 3.0, spe\u0142niaj\u0105c wymagania r\u00f3\u017cnorodnych aplikacji.<\/p>\n<p>Schemat wyprowadze\u0144 SK515M-T6 typu 6 to specyfikacja uzupe\u0142niaj\u0105ca istniej\u0105cy uk\u0142ad typu 6. Zast\u0119puje on obs\u0142ug\u0119 grafiki, oferuj\u0105c wiele port\u00f3w 10GbE-KR i definiuj\u0105c 32 linie PCIe. Typ 6 idealnie nadaje si\u0119 do projektowania platform klasy serwerowej dla aplikacji wymagaj\u0105cych wysokiej przepustowo\u015bci danych i sieci.<\/p>\n<p>SK515M-T6 obs\u0142uguje szerok\u0105 gam\u0119 procesor\u00f3w Intel, w tym 14. generacj\u0119 Core&#x2122; Ultra 7 Processor 165H, 13. generacj\u0119 Core i7-13800HE i Industrial Temp grade i7-13800HRE. Wyposa\u017cono go w zaawansowan\u0105 architektur\u0119 hybrydow\u0105 z rdzeniami Performance i Efficient, co pozwala na zoptymalizowane zu\u017cycie energii. Co wi\u0119cej, SK515M-T6 mo\u017ce pracowa\u0107 w trudnych warunkach. Obs\u0142uguje rozszerzony zakres temperatur od -40 do 85\u00b0C. Dzi\u0119ki wyj\u0105tkowej mocy obliczeniowej i wydajnej konstrukcji termicznej, SK515M-T6 doskonale nadaje si\u0119 do zastosowa\u0144 przemys\u0142owych, wojskowych\/lotniczych i transportowych.<\/p>\n","protected":false},"featured_media":16898,"template":"","meta":{"_acf_changed":false,"inline_featured_image":false,"_monsterinsights_skip_tracking":false,"_monsterinsights_sitenote_active":false,"_monsterinsights_sitenote_note":"","_monsterinsights_sitenote_category":0},"product_brand":[],"product_cat":[513,509],"product_tag":[],"class_list":{"0":"post-16906","1":"product","2":"type-product","3":"status-publish","4":"has-post-thumbnail","6":"product_cat-com-express","7":"product_cat-perfectron","9":"first","10":"instock","11":"shipping-taxable","12":"product-type-simple"},"acf":[],"_links":{"self":[{"href":"https:\/\/quantum.com.pl\/pl\/wp-json\/wp\/v2\/product\/16906","targetHints":{"allow":["GET"]}}],"collection":[{"href":"https:\/\/quantum.com.pl\/pl\/wp-json\/wp\/v2\/product"}],"about":[{"href":"https:\/\/quantum.com.pl\/pl\/wp-json\/wp\/v2\/types\/product"}],"wp:featuredmedia":[{"embeddable":true,"href":"https:\/\/quantum.com.pl\/pl\/wp-json\/wp\/v2\/media\/16898"}],"wp:attachment":[{"href":"https:\/\/quantum.com.pl\/pl\/wp-json\/wp\/v2\/media?parent=16906"}],"wp:term":[{"taxonomy":"product_brand","embeddable":true,"href":"https:\/\/quantum.com.pl\/pl\/wp-json\/wp\/v2\/product_brand?post=16906"},{"taxonomy":"product_cat","embeddable":true,"href":"https:\/\/quantum.com.pl\/pl\/wp-json\/wp\/v2\/product_cat?post=16906"},{"taxonomy":"product_tag","embeddable":true,"href":"https:\/\/quantum.com.pl\/pl\/wp-json\/wp\/v2\/product_tag?post=16906"}],"curies":[{"name":"wp","href":"https:\/\/api.w.org\/{rel}","templated":true}]}}