{"id":16912,"date":"2025-07-18T15:02:13","date_gmt":"2025-07-18T13:02:13","guid":{"rendered":"https:\/\/quantum.com.pl\/product\/sk518-com-hpc-carrier-board-server\/"},"modified":"2025-07-18T15:13:28","modified_gmt":"2025-07-18T13:13:28","slug":"sk518-com-hpc-carrier-board-server","status":"publish","type":"product","link":"https:\/\/quantum.com.pl\/pl\/product\/sk518-com-hpc-carrier-board-server\/","title":{"rendered":"SK518 COM HPC Carrier Board -Server"},"content":{"rendered":"<h4>Dane techniczne:<\/h4>\n<table>\n<tbody>\n<tr>\n<th colspan=\"2\">System<\/th>\n<\/tr>\n<tr>\n<td>CPU<\/td>\n<td>Ampere Altra : Up to 80 Arm-based cores at 175W TDP<\/p>\n<p>Intel ICE-Lake HCC : Up to 20 cores at 118W TDP<\/td>\n<\/tr>\n<tr>\n<td>GPU Module Options<\/td>\n<td>NVIDIA\u00ae RTX A4500, 115W, 16GB GDDR6, 5,888 CUDA Cores<\/p>\n<p>NVIDIA\u00ae RTX A2000, 60W, 8GB GDDR6, 2,560 CUDA Cores<\/p>\n<p>Intel\u00ae\u00a0Arc&#x2122; A370M, 30-50W, 4GB GDDR6, 8Xe Cores<\/p>\n<p>Intel\u00ae\u00a0Arc&#x2122; A730M, 80-120W, 12GB GDDR6, 24Xe Cores<\/td>\n<\/tr>\n<tr>\n<td>Memory type<\/td>\n<td>DDR4 R-DIMMs up to 768GB<\/td>\n<\/tr>\n<tr>\n<td>Chipset<\/td>\n<td>On CPU Module<\/td>\n<\/tr>\n<tr>\n<td>Storage<\/td>\n<td>SlimSAS\/M.2\/SATA interface<\/td>\n<\/tr>\n<tr>\n<td>Watchdog<\/td>\n<td>On CPU module :<\/p>\n<p>1-255 sec. or 1-255 min.<\/p>\n<p>software programmable and can be generate system reset.<\/td>\n<\/tr>\n<tr>\n<th colspan=\"2\">Expansion Slot<\/th>\n<\/tr>\n<tr>\n<td>PCIe\/104\u00a0(Type2)<\/td>\n<td>1x\u00a0(2*PCIe Gen3 x 4\u30014*PCIe Gen3 x 1\u30012*SATA)<\/td>\n<\/tr>\n<tr>\n<td>SlimSAS (Vertical)<\/td>\n<td>2x (PCIe Gen4 x 8)<\/td>\n<\/tr>\n<tr>\n<td>SlimSAS (Vertical)<\/td>\n<td>2x (PCIe Gen4 x 4)<\/td>\n<\/tr>\n<tr>\n<td>MiniPCIe (Full Size)<\/td>\n<td>1x (PCIe Gen3 x 1)<\/td>\n<\/tr>\n<tr>\n<td>M.2<\/td>\n<td>2x (M.2 2280 M-Key) (PCIe Gen4 x4)<\/td>\n<\/tr>\n<tr>\n<th colspan=\"2\">Display<\/th>\n<\/tr>\n<tr>\n<td>Chipset<\/td>\n<td>On CPU Module \/ AST2510<\/td>\n<\/tr>\n<tr>\n<td>VGA<\/td>\n<td>1x<\/td>\n<\/tr>\n<tr>\n<th colspan=\"2\">Ethernet<\/th>\n<\/tr>\n<tr>\n<td>Chipset<\/td>\n<td>1x Intel<sup>\u00ae<\/sup> I210iT<\/p>\n<p>1x C827<\/td>\n<\/tr>\n<tr>\n<td>IPMI<\/td>\n<td>AST2500 by request<\/td>\n<\/tr>\n<tr>\n<th colspan=\"2\">External I\/O<\/th>\n<\/tr>\n<tr>\n<td>VGA<\/td>\n<td>1x<\/td>\n<\/tr>\n<tr>\n<td>USB3.0<\/td>\n<td>4x<\/td>\n<\/tr>\n<tr>\n<td>10GbE<\/td>\n<td>4x<\/td>\n<\/tr>\n<tr>\n<td>GbE<\/td>\n<td>2x<\/td>\n<\/tr>\n<tr>\n<th colspan=\"2\">Internal I\/O<\/th>\n<\/tr>\n<tr>\n<td>USB2.0<\/td>\n<td>2x (Header)<\/td>\n<\/tr>\n<tr>\n<td>DIDO<\/td>\n<td>1x (4in\/4out)<\/td>\n<\/tr>\n<tr>\n<td>SATAIII<\/td>\n<td>2x<\/td>\n<\/tr>\n<tr>\n<td>SATA Power<\/td>\n<td>2x<\/td>\n<\/tr>\n<tr>\n<td>Serial<\/td>\n<td>2x (RS232)<\/td>\n<\/tr>\n<tr>\n<td>SM BUS\/I2C BUS<\/td>\n<td>1x<\/td>\n<\/tr>\n<tr>\n<td>LPC<\/td>\n<td>1x<\/td>\n<\/tr>\n<tr>\n<td>System Fan<\/td>\n<td>1x<\/td>\n<\/tr>\n<tr>\n<td>CPU Fan<\/td>\n<td>1x<\/td>\n<\/tr>\n<tr>\n<td>Front Panel Control<\/td>\n<td>1x<\/td>\n<\/tr>\n<tr>\n<td>Power Connector<\/td>\n<td>1x (2x 4-pin terminal block)<\/td>\n<\/tr>\n<tr>\n<th colspan=\"2\">Mechanical and Environmental<\/th>\n<\/tr>\n<tr>\n<td>Form Factor<\/td>\n<td>COM-HPC Carrier Server Size\u00a0D<\/td>\n<\/tr>\n<tr>\n<td>Power Type<\/td>\n<td>12V\u00a0DC-IN<\/td>\n<\/tr>\n<tr>\n<td>Dimension<\/td>\n<td>350 mm x 210 mm<\/td>\n<\/tr>\n<tr>\n<td>Operating Temperature<\/td>\n<td>-40\u00b0C to 85\u00b0C<\/td>\n<\/tr>\n<tr>\n<td>Storage Temperature<\/td>\n<td>-40\u00b0C to 85\u00b0C<\/td>\n<\/tr>\n<tr>\n<td>Relative humidity<\/td>\n<td>10% to 90%, non-condensing<\/td>\n<\/tr>\n<tr>\n<th colspan=\"2\">Standard Compliance<\/th>\n<\/tr>\n<tr>\n<td>Standard Compliance<\/td>\n<td>CE\/FCC<\/td>\n<\/tr>\n<tr>\n<th colspan=\"2\">OS<\/th>\n<\/tr>\n<tr>\n<td>OS<\/td>\n<td>On CPU Module<\/td>\n<\/tr>\n<\/tbody>\n<\/table>\n","protected":false},"excerpt":{"rendered":"<h4>Najwa\u017cniejsze cechy:<\/h4>\n<p>P\u0142yta no\u015bna serwera COM-HPC w rozmiarze D z gniazdami rozszerze\u0144 PCIe\/104, Slim-SAS, temperatura ekstremalna -40\u00b0C do 85\u00b0C<\/p>\n<ul>\n<li>Serwer COM-HPC (D) obs\u0142uguje procesory Ampere Altra\/Intel Ice-Lake HCC<\/li>\n<li>Intel Ice Lake Xeon D-2796TE, D-2775TE, D-2752TER<\/li>\n<li>Gniazdo rozszerze\u0144 PCIe\/104 Express do komputer\u00f3w Rugged StackPC<\/li>\n<li>Wiele gniazd rozszerze\u0144:<br \/>\n4 gniazda Slim-SAS (pionowe) (2 x PCIe Gen4 x 4 \/ 2 x PCIe Gen4 x 8)<br \/>\n1 x mPCIe (pe\u0142nowymiarowe)<br \/>\n2 x M.2 2280 Klawisz M (PCIe Gen4 x 4)<\/li>\n<li>We\/Wy: 2x GbE, 4x 10GbE, 1x VGA, 2x SATAIII, 2x COM (RS232), 4x USB 3.0, 2x USB 2.0<\/li>\n<li>Wej\u015bcie 12 V DC<\/li>\n<li>Wymiary: 350 mm x 210 mm<\/li>\n<li>Ekstremalne temperatury: od -40\u00b0C do 85\u00b0C<\/li>\n<\/ul>\n<p>W stale ewoluuj\u0105cym krajobrazie wysokowydajnych system\u00f3w wbudowanych, prze\u0142omowy krok naprz\u00f3d zajmuje centralne miejsce: poznaj rozwi\u0105zanie PERFECTRON COM-HPC Server Size D SK518-SDHSE. To rewolucyjne cudo, nap\u0119dzane pot\u0119\u017cnym procesorem Intel Xeon D HCC (20 rdzeni) i pot\u0119\u017cn\u0105 kart\u0105 graficzn\u0105 Nvidia RTX A4500 MXM (5888 rdzeni CUDA), odmienia istot\u0119 Twojej komputerowej przygody. Przekraczaj\u0105c granice mocy obliczeniowej klasy serwerowej, SK518-SDHSE z \u0142atwo\u015bci\u0105 radzi sobie z intensywnymi obliczeniowo obci\u0105\u017ceniami w zakresie analizy AI Targeting i Vision, szybko przetwarzaj\u0105c ogromne, nieustrukturyzowane dane w kr\u00f3tkich terminach.<\/p>\n<p>To, co naprawd\u0119 wyr\u00f3\u017cnia SK518-SDHSE, to obs\u0142uga do 2 port\u00f3w 100 GbE, tworz\u0105c p\u0142ynn\u0105 sie\u0107 \u0142\u0105cz\u0105c\u0105 w\u0119z\u0142y obliczeniowe i czujniki z praktycznie zerowym op\u00f3\u017anieniem, zapewniaj\u0105c p\u0142ynn\u0105 realizacj\u0119 projekt\u00f3w z pr\u0119dko\u015bci\u0105 my\u015bli. Co wi\u0119cej, SK518-SDHSE oferuje wyj\u0105tkowe po\u0142\u0105czenie architektury PCIe\/104, dwa gniazda rozszerze\u0144 M.2 i cztery interfejsy Slim SAS (2 x PCIe Gen4 x 8 i 2 x PCIe Gen4 x 4), oferuj\u0105c niezr\u00f3wnan\u0105 elastyczno\u015b\u0107, umo\u017cliwiaj\u0105c kszta\u0142towanie w pe\u0142ni funkcjonalnych projekt\u00f3w w spos\u00f3b wcze\u015bniej niewyobra\u017calny. Wkrocz w przysz\u0142o\u015b\u0107 komputer\u00f3w wbudowanych z SK518-SDHSE i poszerz swoje mo\u017cliwo\u015bci.<\/p>\n<p><strong>Procesor Intel Ice Lake Xeon D HCC<\/strong><\/p>\n<p>Wzboga\u0107 swoje projekty dzi\u0119ki 20-rdzeniowemu procesorowi Xeon D i 768 GB pami\u0119ci DDR4 w komputerze SK518, zapewniaj\u0105cemu niezr\u00f3wnan\u0105 przepustowo\u015b\u0107 obliczeniow\u0105. Idealny do celowania AI i wykrywania obiekt\u00f3w, zapewnia niezr\u00f3wnan\u0105 wydajno\u015b\u0107 w obs\u0142udze wymagaj\u0105cych obci\u0105\u017ce\u0144.<\/p>\n<p><strong>Karta graficzna RTX A4500 MXM oparta na Nvidia GA104<\/strong><\/p>\n<p>Wy\u017csza wydajno\u015b\u0107 przetwarzania danych dzi\u0119ki karcie graficznej MXM opartej na Nvidia GA104 w komputerze SK518, zawieraj\u0105cej do 5888 rdzeni CUDA. Od EO\/IR po kamery termowizyjne i radar 3D, SK518 doskonale przekszta\u0142ca dane wizualne w praktyczne wnioski, kt\u00f3re pozwalaj\u0105 na osi\u0105gni\u0119cie lepszych rezultat\u00f3w projekt\u00f3w.<\/p>\n<p>System COM-HPC firmy PERFECTRON mo\u017ce pracowa\u0107 w trudnych warunkach, wytrzymuj\u0105c rozszerzony zakres temperatur od -40\u00b0C do 85\u00b0C. Dzi\u0119ki wyj\u0105tkowym mo\u017cliwo\u015bciom obliczeniowym i wydajnej konstrukcji termicznej, SK518 doskonale nadaje si\u0119 do zastosowa\u0144 przemys\u0142owych, wojskowych\/lotniczych i transportowych, b\u0119d\u0105c przyk\u0142adem wydajnej konstrukcji produktu.<\/p>\n","protected":false},"featured_media":16911,"template":"","meta":{"_acf_changed":false,"inline_featured_image":false,"_monsterinsights_skip_tracking":false,"_monsterinsights_sitenote_active":false,"_monsterinsights_sitenote_note":"","_monsterinsights_sitenote_category":0},"product_brand":[],"product_cat":[513,509],"product_tag":[],"class_list":{"0":"post-16912","1":"product","2":"type-product","3":"status-publish","4":"has-post-thumbnail","6":"product_cat-com-express","7":"product_cat-perfectron","9":"first","10":"instock","11":"shipping-taxable","12":"product-type-simple"},"acf":[],"_links":{"self":[{"href":"https:\/\/quantum.com.pl\/pl\/wp-json\/wp\/v2\/product\/16912","targetHints":{"allow":["GET"]}}],"collection":[{"href":"https:\/\/quantum.com.pl\/pl\/wp-json\/wp\/v2\/product"}],"about":[{"href":"https:\/\/quantum.com.pl\/pl\/wp-json\/wp\/v2\/types\/product"}],"wp:featuredmedia":[{"embeddable":true,"href":"https:\/\/quantum.com.pl\/pl\/wp-json\/wp\/v2\/media\/16911"}],"wp:attachment":[{"href":"https:\/\/quantum.com.pl\/pl\/wp-json\/wp\/v2\/media?parent=16912"}],"wp:term":[{"taxonomy":"product_brand","embeddable":true,"href":"https:\/\/quantum.com.pl\/pl\/wp-json\/wp\/v2\/product_brand?post=16912"},{"taxonomy":"product_cat","embeddable":true,"href":"https:\/\/quantum.com.pl\/pl\/wp-json\/wp\/v2\/product_cat?post=16912"},{"taxonomy":"product_tag","embeddable":true,"href":"https:\/\/quantum.com.pl\/pl\/wp-json\/wp\/v2\/product_tag?post=16912"}],"curies":[{"name":"wp","href":"https:\/\/api.w.org\/{rel}","templated":true}]}}