{"id":16920,"date":"2025-07-22T15:54:54","date_gmt":"2025-07-22T13:54:54","guid":{"rendered":"https:\/\/quantum.com.pl\/product\/sk517-t7lcc-com-express-type-7\/"},"modified":"2025-07-23T10:28:12","modified_gmt":"2025-07-23T08:28:12","slug":"sk517-t7lcc-com-express-type-7","status":"publish","type":"product","link":"https:\/\/quantum.com.pl\/pl\/product\/sk517-t7lcc-com-express-type-7\/","title":{"rendered":"SK517-T7LCC COM Express Type 7"},"content":{"rendered":"<h4>Dane techniczne:<\/h4>\n<p>&nbsp;<\/p>\n<table>\n<tbody>\n<tr>\n<th>System<\/th>\n<\/tr>\n<tr>\n<td>COM Express CPU Options(Type7)<\/td>\n<td>Intel\u00ae Xeon\u00ae D-1700 processor (Ice Lake-D LCC)<\/td>\n<\/tr>\n<tr>\n<td>GPU Module Options<\/td>\n<td>NVIDIA\u00ae Quadro\u00ae A4500, 80\/130W, 16GB GDDR6 256bit,\u00a05,888\u00a0CUDA Cores<\/p>\n<p>NVIDIA\u00ae Quadro\u00ae A2000, 35\/60\/80W, 8GB GDDR6 128bit, 2,560 CUDA Cores<\/p>\n<p>NVIDIA\u00ae RTX3080Tim, 110\/160W, 16GB GDDR6 256bit, 7424 CUDA cores<\/p>\n<p>NVIDIA\u00ae RTX3060m, 75\/110W, 12GB GDDR6 192bit, 3584 CUDA cores<\/td>\n<\/tr>\n<tr>\n<td>COM Express Compatibility<\/td>\n<td>COM Express\u00ae Type 7<\/td>\n<\/tr>\n<tr>\n<th>Expansion<\/th>\n<\/tr>\n<tr>\n<td>Mini PCIe Expansion<\/td>\n<td>2x Full-size Mini PCIe<\/td>\n<\/tr>\n<tr>\n<td>M.2 Expansion<\/td>\n<td>1x 2280 M-key (PCIe Gen3, x4 NVMe)<\/td>\n<\/tr>\n<tr>\n<td>PCIe\/104 Expansion<\/td>\n<td>4x PCIe x1+ 2x\u00a0PCIe x4<\/td>\n<\/tr>\n<tr>\n<td>SATAIII<\/td>\n<td>2x SATAIII<\/td>\n<\/tr>\n<tr>\n<th>Display<\/th>\n<\/tr>\n<tr>\n<td>Display Port<\/td>\n<td>4x Display Port outputs from GPU(Port A\/B\/C\/D)<\/p>\n<p>2x Display Port outputs from GPU(Port E\/F)<\/td>\n<\/tr>\n<tr>\n<td>VGA<\/td>\n<td>1x (AST2500)<\/td>\n<\/tr>\n<tr>\n<th>Ethernet<\/th>\n<\/tr>\n<tr>\n<td>LAN1<\/td>\n<td>1x GbE from CPU module<\/td>\n<\/tr>\n<tr>\n<td>LAN2<\/td>\n<td>1x GbE (Intel i210IT)<\/td>\n<\/tr>\n<tr>\n<td>LAN3~6<\/td>\n<td>10GbE SFP+ Filber PHY (Intel C827 10G Retimer)<\/td>\n<\/tr>\n<tr>\n<th>Internal I\/O<\/th>\n<\/tr>\n<tr>\n<td>USB<\/td>\n<td>4x USB3.0, 2x USB2.0<\/td>\n<\/tr>\n<tr>\n<td>Audio<\/td>\n<td>1x Line-out, 1x MIC-In<\/td>\n<\/tr>\n<tr>\n<td>SATA Power<\/td>\n<td>2x SATA Power<\/td>\n<\/tr>\n<tr>\n<td>Display Port Header(1x20pin)<\/td>\n<td>2x<\/td>\n<\/tr>\n<tr>\n<td>VGA(2x5pin)<\/td>\n<td>1x (AST2500)<\/td>\n<\/tr>\n<tr>\n<td>SATA Port (standard 7pin)<\/td>\n<td>2x (up t 6Gb\/s)<\/td>\n<\/tr>\n<tr>\n<td>SATA Power<\/td>\n<td>2x<\/td>\n<\/tr>\n<tr>\n<td>RJ45 GbE LAN<\/td>\n<td>2x\u00a0(One from module; One from AST2500 for remote management)<\/td>\n<\/tr>\n<tr>\n<td>COM Port(1x 10pin)<\/td>\n<td>6x\u00a0RS232\/422\/485 (2 TX\/RX form COMe module)<\/td>\n<\/tr>\n<tr>\n<td>DI\/DO<\/td>\n<td>4x DI\/4x DO<\/td>\n<\/tr>\n<tr>\n<td>CPU FAN<\/td>\n<td>1x\u00a0CPU FAN<\/td>\n<\/tr>\n<tr>\n<td>MXM FAN<\/td>\n<td>1x\u00a0MXM FAN<\/td>\n<\/tr>\n<tr>\n<td>Battery<\/td>\n<td>1x Battery Header<\/td>\n<\/tr>\n<tr>\n<th>Power System<\/th>\n<\/tr>\n<tr>\n<td>Input Power_SYS<\/td>\n<td>9V~36V (1x 4P Terminal Block)<\/td>\n<\/tr>\n<tr>\n<td>Input Power_MXM<\/td>\n<td>12V (ATX 4P)<\/td>\n<\/tr>\n<tr>\n<td>Power Consumption<\/td>\n<td>Varies per COM Express \/MXM with different CPU and GPU models<\/td>\n<\/tr>\n<tr>\n<td>RTC Battery<\/td>\n<td>3V CR2032<\/td>\n<\/tr>\n<tr>\n<th>Mechanical and Environment<\/th>\n<\/tr>\n<tr>\n<td>Dimensions<\/td>\n<td>190mm x 210mm<\/td>\n<\/tr>\n<tr>\n<td>Operating Temperature<\/td>\n<td>-40\u00b0C to 85\u00b0C<\/td>\n<\/tr>\n<tr>\n<td>Storage Temperature<\/td>\n<td>-40\u00b0C to 85\u00b0C<\/td>\n<\/tr>\n<tr>\n<td>Relative Humidity<\/td>\n<td>10% to 90%, non-condensing<\/td>\n<\/tr>\n<tr>\n<th>Standard Compliance<\/th>\n<\/tr>\n<tr>\n<td>Standard Compliance<\/td>\n<td>CE\/FCC<\/td>\n<\/tr>\n<tr>\n<th>OS<\/th>\n<\/tr>\n<tr>\n<td>OS Support<\/td>\n<td>Windows\u00ae10 64-bit<\/p>\n<p>Linux(Support by request)<\/td>\n<\/tr>\n<\/tbody>\n<\/table>\n","protected":false},"excerpt":{"rendered":"<p>COM Express Type 7 carrier board w\/PCIe 104, MXM, 9V~36V DC-IN, Extended\u00a0Temp. -40 to 85\u00b0C<\/p>\n<h4><\/h4>\n<h4>Najwa\u017cniejsze cechy:<\/h4>\n<ul>\n<li>Obs\u0142uga procesor\u00f3w Intel Ice Lake D-LCC<\/li>\n<li>Obs\u0142uga standardu MXM typu 3.1 NVIDIA\u00ae Quadro\u00ae RTX\/ Intel\u00ae Arc&#x2122;<\/li>\n<li>Gniazdo rozszerze\u0144 PCIe\/104 Express dla modu\u0142owej, otwartej struktury<\/li>\n<li>Wielokrotne gniazda rozszerze\u0144 obejmuj\u0105 dwa gniazda Mini PCIe Express, 1 gniazdo M.2<\/li>\n<li>Obs\u0142uga ekstremalnych temperatur od -40 do 85\u00b0C<\/li>\n<li>Mo\u017cliwo\u015b\u0107 pod\u0142\u0105czenia 4 wyj\u015b\u0107 Displayport do procesora graficznego<\/li>\n<\/ul>\n<p>&nbsp;<\/p>\n<h4>Wi\u0119cej informacji:<\/h4>\n<p>Computer-On-Module (COM) to wysoce zintegrowana p\u0142yta g\u0142\u00f3wna z procesorem, chipsetem, pami\u0119ci\u0105 i urz\u0105dzeniami peryferyjnymi zaprojektowanymi w module.<\/p>\n<p>COM Express typu 7 sta\u0142 si\u0119 r\u00f3wnie\u017c najbardziej wszechstronnym i skalowalnym standardem COM, obs\u0142uguj\u0105cym wszystko, od aplikacji ma\u0142ej skali i oszcz\u0119dnych, po zaawansowane rozwi\u0105zania obliczeniowe i graficzne.<\/p>\n<p>Platforma SK517 COM Express firmy PERFECTRON definiuje platform\u0119 Open Scalable Modular Architecture, kt\u00f3ra zapewnia niesamowit\u0105 wydajno\u015b\u0107 obliczeniow\u0105 i oferuje szerok\u0105 gam\u0119 interfejs\u00f3w wej\u015bcia\/wyj\u015bcia, w tym intensywne wsparcie graficzne, interfejsy Digital Display Interfaces (Display Port, HDMI) i superszybki USB 3.0, aby sprosta\u0107 wszelkim wymaganiom r\u00f3\u017cnych aplikacji.<\/p>\n<p>Wyprowadzenia SK517 typu 7 zast\u0119puj\u0105 obs\u0142ug\u0119 grafiki, oferuj\u0105c wiele port\u00f3w 10GbE-KR i definiuj\u0105c 32 linie PCIe. Typ 7 to idealne rozwi\u0105zanie do projektowania platform klasy serwerowej dla aplikacji wymagaj\u0105cych wysokiej przepustowo\u015bci danych i sieci.<\/p>\n<p>SK517 obs\u0142uguje szerok\u0105 gam\u0119 procesor\u00f3w Intel, od procesor\u00f3w Ice Lake D-LCC po seri\u0119 Atom C3000, charakteryzuj\u0105cych si\u0119 zaawansowan\u0105 architektur\u0105 hybrydow\u0105 z rdzeniami Performance i Efficient, co optymalizuje zu\u017cycie energii. Co wi\u0119cej, SK517 mo\u017ce pracowa\u0107 w trudnych warunkach. Akceptuje rozszerzony zakres temperatur od -40 do 85\u00b0C. Dzi\u0119ki wyj\u0105tkowym mo\u017cliwo\u015bciom obliczeniowym i wydajnej konstrukcji termicznej, SK517 doskonale nadaje si\u0119 do zastosowa\u0144 przemys\u0142owych, wojskowych\/lotniczych i transportowych.<\/p>\n<dl><\/dl>\n","protected":false},"featured_media":16918,"template":"","meta":{"_acf_changed":false,"inline_featured_image":false,"_monsterinsights_skip_tracking":false,"_monsterinsights_sitenote_active":false,"_monsterinsights_sitenote_note":"","_monsterinsights_sitenote_category":0},"product_brand":[],"product_cat":[513,509],"product_tag":[],"class_list":{"0":"post-16920","1":"product","2":"type-product","3":"status-publish","4":"has-post-thumbnail","6":"product_cat-com-express","7":"product_cat-perfectron","9":"first","10":"instock","11":"shipping-taxable","12":"product-type-simple"},"acf":[],"_links":{"self":[{"href":"https:\/\/quantum.com.pl\/pl\/wp-json\/wp\/v2\/product\/16920","targetHints":{"allow":["GET"]}}],"collection":[{"href":"https:\/\/quantum.com.pl\/pl\/wp-json\/wp\/v2\/product"}],"about":[{"href":"https:\/\/quantum.com.pl\/pl\/wp-json\/wp\/v2\/types\/product"}],"wp:featuredmedia":[{"embeddable":true,"href":"https:\/\/quantum.com.pl\/pl\/wp-json\/wp\/v2\/media\/16918"}],"wp:attachment":[{"href":"https:\/\/quantum.com.pl\/pl\/wp-json\/wp\/v2\/media?parent=16920"}],"wp:term":[{"taxonomy":"product_brand","embeddable":true,"href":"https:\/\/quantum.com.pl\/pl\/wp-json\/wp\/v2\/product_brand?post=16920"},{"taxonomy":"product_cat","embeddable":true,"href":"https:\/\/quantum.com.pl\/pl\/wp-json\/wp\/v2\/product_cat?post=16920"},{"taxonomy":"product_tag","embeddable":true,"href":"https:\/\/quantum.com.pl\/pl\/wp-json\/wp\/v2\/product_tag?post=16920"}],"curies":[{"name":"wp","href":"https:\/\/api.w.org\/{rel}","templated":true}]}}