{"id":16929,"date":"2025-07-23T11:14:46","date_gmt":"2025-07-23T09:14:46","guid":{"rendered":"https:\/\/quantum.com.pl\/product\/sk517-t7ac-com-express-type-7\/"},"modified":"2025-07-23T11:49:52","modified_gmt":"2025-07-23T09:49:52","slug":"sk517-t7ac-com-express-type-7","status":"publish","type":"product","link":"https:\/\/quantum.com.pl\/pl\/product\/sk517-t7ac-com-express-type-7\/","title":{"rendered":"SK517-T7AC COM Express Type 7"},"content":{"rendered":"<h4>Dane techniczne:<\/h4>\n<table>\n<tbody>\n<tr>\n<th>System<\/th>\n<\/tr>\n<tr>\n<td>COM Express CPU Options(Type7)<\/td>\n<td>Intel Atom\u00ae Processor C3000 SoC(Denverton-NS)<\/td>\n<\/tr>\n<tr>\n<td>GPU Module Options<\/td>\n<td>Intel\u00ae Arc&#x2122; A730M, 80\/120W, 12GB GDDR6 192bit<\/p>\n<p>Intel\u00ae Arc&#x2122; A370M, 35\/50W, 4GB GDDR6 64bit<\/td>\n<\/tr>\n<tr>\n<td>COM Express Compatibility<\/td>\n<td>COM Express\u00ae Type 7<\/td>\n<\/tr>\n<tr>\n<th>Expansion<\/th>\n<\/tr>\n<tr>\n<td>Mini PCIe Expansion<\/td>\n<td>2x Full-size Mini PCIe<\/td>\n<\/tr>\n<tr>\n<td>M.2 Expansion<\/td>\n<td>1x 2280 M-key (PCIe Gen3, x4 NVMe)<\/td>\n<\/tr>\n<tr>\n<td>PCIe\/104 Expansion<\/td>\n<td>4x PCIe x1+ 2x\u00a0PCIe x4<\/td>\n<\/tr>\n<tr>\n<td>SATAIII<\/td>\n<td>2x SATAIII<\/td>\n<\/tr>\n<tr>\n<th>Display<\/th>\n<\/tr>\n<tr>\n<td>Display Port<\/td>\n<td>4x Display Port outputs from GPU(Port A\/B\/C\/D)<\/p>\n<p>2x Display Port outputs from GPU(Port E\/F)<\/td>\n<\/tr>\n<tr>\n<td>VGA<\/td>\n<td>1x (AST2500)<\/td>\n<\/tr>\n<tr>\n<th>Ethernet<\/th>\n<\/tr>\n<tr>\n<td>LAN1<\/td>\n<td>1x GbE from CPU module<\/td>\n<\/tr>\n<tr>\n<td>LAN2<\/td>\n<td>1x GbE (Intel i210IT)<\/td>\n<\/tr>\n<tr>\n<td>LAN3~6<\/td>\n<td>10GbE SFP+ Filber PHY (Intel C827 10G Retimer)<\/td>\n<\/tr>\n<tr>\n<th>Internal I\/O<\/th>\n<\/tr>\n<tr>\n<td>USB<\/td>\n<td>4x USB3.0, 2x USB2.0<\/td>\n<\/tr>\n<tr>\n<td>Audio<\/td>\n<td>1x Line-out, 1x MIC-In<\/td>\n<\/tr>\n<tr>\n<td>SATA Power<\/td>\n<td>2x SATA Power<\/td>\n<\/tr>\n<tr>\n<td>Display Port Header(1x20pin)<\/td>\n<td>2x<\/td>\n<\/tr>\n<tr>\n<td>VGA(2x5pin)<\/td>\n<td>1x (AST2500)<\/td>\n<\/tr>\n<tr>\n<td>SATA Port (standard 7pin)<\/td>\n<td>2x (up t 6Gb\/s)<\/td>\n<\/tr>\n<tr>\n<td>SATA Power<\/td>\n<td>2x<\/td>\n<\/tr>\n<tr>\n<td>RJ45 GbE LAN<\/td>\n<td>2x\u00a0(One from module; One from AST2500 for remote management)<\/td>\n<\/tr>\n<tr>\n<td>COM Port(1x 10pin)<\/td>\n<td>6x\u00a0RS232\/422\/485 (2 TX\/RX form COMe module)<\/td>\n<\/tr>\n<tr>\n<td>DI\/DO<\/td>\n<td>4x DI\/4x DO<\/td>\n<\/tr>\n<tr>\n<td>CPU FAN<\/td>\n<td>1x\u00a0CPU FAN<\/td>\n<\/tr>\n<tr>\n<td>MXM FAN<\/td>\n<td>1x\u00a0MXM FAN<\/td>\n<\/tr>\n<tr>\n<td>Battery<\/td>\n<td>1x Battery Header<\/td>\n<\/tr>\n<tr>\n<th>Power System<\/th>\n<\/tr>\n<tr>\n<td>Input Power_SYS<\/td>\n<td>9V~36V (1x 4P Terminal Block)<\/td>\n<\/tr>\n<tr>\n<td>Input Power_MXM<\/td>\n<td>12V (ATX 4P)<\/td>\n<\/tr>\n<tr>\n<td>Power Consumption<\/td>\n<td>Varies per COM Express \/MXM with different CPU and GPU models<\/td>\n<\/tr>\n<tr>\n<td>RTC Battery<\/td>\n<td>3V CR2032<\/td>\n<\/tr>\n<tr>\n<th>Mechanical and Environment<\/th>\n<\/tr>\n<tr>\n<td>Dimensions<\/td>\n<td>190mm x 210mm<\/td>\n<\/tr>\n<tr>\n<td>Operating Temperature<\/td>\n<td>-40\u00b0C to 85\u00b0C<\/td>\n<\/tr>\n<tr>\n<td>Storage Temperature<\/td>\n<td>-40\u00b0C to 85\u00b0C<\/td>\n<\/tr>\n<tr>\n<td>Relative Humidity<\/td>\n<td>10% to 90%, non-condensing<\/td>\n<\/tr>\n<tr>\n<th>Standard Compliance<\/th>\n<\/tr>\n<tr>\n<td>Standard Compliance<\/td>\n<td>CE\/FCC<\/td>\n<\/tr>\n<tr>\n<th>OS<\/th>\n<\/tr>\n<tr>\n<td>OS Support<\/td>\n<td>Windows\u00ae10 64-bit<\/p>\n<p>Linux(Support by request)<\/td>\n<\/tr>\n<\/tbody>\n<\/table>\n","protected":false},"excerpt":{"rendered":"<p>P\u0142yta no\u015bna COM Express typu 7 z PCIe 104, MXM, 9 V~36 V DC-IN, rozszerzona temperatura pracy od -40 do 85\u00b0C<\/p>\n<p>&nbsp;<\/p>\n<h4>Najwa\u017cniejsze cechy:<\/h4>\n<ul>\n<li>Obs\u0142uga procesor\u00f3w Intel Atom z rodziny C3000 w standardzie COM Express typu 7<\/li>\n<li>Obs\u0142uga procesor\u00f3w NVIDIA\u00ae Quadro\u00ae RTX\/ Intel\u00ae Arc&#x2122; w standardzie MXM typu 3.1<\/li>\n<li>Gniazdo rozszerze\u0144 PCIe\/104 Express dla modu\u0142owej, otwartej struktury<\/li>\n<li>Wiele gniazd rozszerze\u0144 obejmuje dwa gniazda Mini PCIe Express, 1 gniazdo M.2<\/li>\n<li>Obs\u0142uga ekstremalnych temperatur od -40 do 85\u00b0C<\/li>\n<li>Mo\u017cliwo\u015b\u0107 pod\u0142\u0105czenia 4 wyj\u015b\u0107 DisplayPort do procesora graficznego<\/li>\n<\/ul>\n<h4><\/h4>\n<h4>Wi\u0119cej informacji:<\/h4>\n<p>Komputer w module (COM) to wysoce zintegrowana p\u0142yta z procesorem, chipsetem, pami\u0119ci\u0105 i urz\u0105dzeniami peryferyjnymi zaprojektowanymi w module.<\/p>\n<p>Standard COM Express Type 7 sta\u0142 si\u0119 r\u00f3wnie\u017c najbardziej wszechstronnym i skalowalnym standardem COM, obs\u0142uguj\u0105cym wszystko, od aplikacji ma\u0142ej skali i wra\u017cliwych na koszty, po zaawansowane rozwi\u0105zania obliczeniowe i graficzne.<\/p>\n<p>Modu\u0142 SK517 COM Express firmy PERFECTRON definiuje platform\u0119 Open Scalable Modular Architecture, kt\u00f3ra zapewnia niesamowit\u0105 wydajno\u015b\u0107 obliczeniow\u0105 i oferuje szeroki zakres interfejs\u00f3w wej\u015bcia\/wyj\u015bcia, w tym intensywne wsparcie graficzne, interfejsy Digital Display Interfaces (Display Port, HDMI) i superszybki USB 3.0, aby sprosta\u0107 r\u00f3\u017cnorodnym wymaganiom aplikacji.<\/p>\n<p>Wyprowadzenia SK517 Type 7 zast\u0119puj\u0105 wsparcie graficzne, oferuj\u0105c wiele port\u00f3w 10GbE-KR i definiuj\u0105c 32 linie PCIe. Model Type 7 idealnie nadaje si\u0119 do projektowania platform klasy serwerowej dla aplikacji wymagaj\u0105cych wysokiej przepustowo\u015bci danych i sieci.<\/p>\n<p>SK517 obs\u0142uguje szerok\u0105 gam\u0119 procesor\u00f3w Intel, od procesor\u00f3w Ice Lake D-LCC do serii Atom C3000, charakteryzuje si\u0119 zaawansowan\u0105 hybrydow\u0105 architektur\u0105 z rdzeniami Performance i Efficient, co optymalizuje zu\u017cycie energii. Co wi\u0119cej, SK517 ma mo\u017cliwo\u015b\u0107 pracy w trudnych warunkach. Akceptuje rozszerzony zakres temperatur od -40 do 85\u00b0C. Dzi\u0119ki wyj\u0105tkowej mocy obliczeniowej i wydajnej konstrukcji termicznej, SK517 doskonale nadaje si\u0119 do zastosowa\u0144 przemys\u0142owych, wojskowych\/lotniczych i transportowych.<\/p>\n","protected":false},"featured_media":16924,"template":"","meta":{"_acf_changed":false,"inline_featured_image":false,"_monsterinsights_skip_tracking":false,"_monsterinsights_sitenote_active":false,"_monsterinsights_sitenote_note":"","_monsterinsights_sitenote_category":0},"product_brand":[],"product_cat":[513,509],"product_tag":[],"class_list":{"0":"post-16929","1":"product","2":"type-product","3":"status-publish","4":"has-post-thumbnail","6":"product_cat-com-express","7":"product_cat-perfectron","9":"first","10":"instock","11":"shipping-taxable","12":"product-type-simple"},"acf":[],"_links":{"self":[{"href":"https:\/\/quantum.com.pl\/pl\/wp-json\/wp\/v2\/product\/16929","targetHints":{"allow":["GET"]}}],"collection":[{"href":"https:\/\/quantum.com.pl\/pl\/wp-json\/wp\/v2\/product"}],"about":[{"href":"https:\/\/quantum.com.pl\/pl\/wp-json\/wp\/v2\/types\/product"}],"wp:featuredmedia":[{"embeddable":true,"href":"https:\/\/quantum.com.pl\/pl\/wp-json\/wp\/v2\/media\/16924"}],"wp:attachment":[{"href":"https:\/\/quantum.com.pl\/pl\/wp-json\/wp\/v2\/media?parent=16929"}],"wp:term":[{"taxonomy":"product_brand","embeddable":true,"href":"https:\/\/quantum.com.pl\/pl\/wp-json\/wp\/v2\/product_brand?post=16929"},{"taxonomy":"product_cat","embeddable":true,"href":"https:\/\/quantum.com.pl\/pl\/wp-json\/wp\/v2\/product_cat?post=16929"},{"taxonomy":"product_tag","embeddable":true,"href":"https:\/\/quantum.com.pl\/pl\/wp-json\/wp\/v2\/product_tag?post=16929"}],"curies":[{"name":"wp","href":"https:\/\/api.w.org\/{rel}","templated":true}]}}