{"id":16941,"date":"2025-07-23T15:15:36","date_gmt":"2025-07-23T13:15:36","guid":{"rendered":"https:\/\/quantum.com.pl\/product\/sk515-t6rl-com-express-type-6-carrier-board\/"},"modified":"2025-07-23T15:22:29","modified_gmt":"2025-07-23T13:22:29","slug":"sk515-t6rl-com-express-type-6-carrier-board","status":"publish","type":"product","link":"https:\/\/quantum.com.pl\/pl\/product\/sk515-t6rl-com-express-type-6-carrier-board\/","title":{"rendered":"SK515-T6RL COM Express Type 6 Carrier Board"},"content":{"rendered":"<h4>Dane techniczne:<\/h4>\n<p>&nbsp;<\/p>\n<table>\n<tbody>\n<tr>\n<th>System<\/th>\n<\/tr>\n<tr>\n<td>COM Express CPU Options(Type6)<\/td>\n<td>Intel\u00ae Core&#x2122; i7-13800HE, 45W Raptor Lake 13th Gen, 14C , Freq. 2.5 \/5.0 GHz, 24MB cache<\/p>\n<p>Intel\u00ae Core&#x2122; i7-13800HRE, 45W Raptor Lake 13th Gen, 14C , Freq. 2.5 \/5.0 GHz, 24MB cache<\/p>\n<p>Intel\u00ae Core&#x2122; i7-1370PE, 28W Raptor Lake 13th Gen, 14C , Freq. 1.9 \/4.8 GHz, 24MB cache<\/td>\n<\/tr>\n<tr>\n<td>GPU Module Options<\/td>\n<td>NVIDIA\u00ae RTX A4500, 115W, 16GB GDDR6, 5,888 CUDA Cores<\/p>\n<p>NVIDIA\u00ae RTX A2000, 60W, 8GB GDDR6, 2,560 CUDA Cores<\/p>\n<p>NVIDIA\u00ae RTX A1000, 35W, 4GB GDDR6, 2,048 CUDA Cores<\/td>\n<\/tr>\n<tr>\n<td>COM Express Compatibility<\/td>\n<td>COM Express\u00ae Type 6<\/td>\n<\/tr>\n<tr>\n<th>Expansion<\/th>\n<\/tr>\n<tr>\n<td>Mini PCIe Expansion<\/td>\n<td>2x Full-size Mini PCIe (1 with mSATA supported)<\/td>\n<\/tr>\n<tr>\n<td>M.2 Expansion<\/td>\n<td>1x 2280 M-key (SATA only)<\/td>\n<\/tr>\n<tr>\n<td>PCIe\/104 Expansion<\/td>\n<td>4x PCIe x1\u30011x PCIe x4\u30015x USB2.0\u30011x LPC\u30011x SPI<\/td>\n<\/tr>\n<tr>\n<td>SATAIII<\/td>\n<td>2x SATAIII<\/td>\n<\/tr>\n<tr>\n<th>Display<\/th>\n<\/tr>\n<tr>\n<td>Display Port<\/td>\n<td>4x Display Port outputs from GPU(Port A\/B\/C\/D)<\/p>\n<p>2x Display Port outputs from GPU(Port E\/F)(By option)<\/td>\n<\/tr>\n<tr>\n<td>VGA<\/td>\n<td>1x output from COM Express\u00ae, 1x output from GPU<\/td>\n<\/tr>\n<tr>\n<td>LVDS<\/td>\n<td>1x dual channel 18\/24bit LVDS<\/td>\n<\/tr>\n<tr>\n<th>Ethernet<\/th>\n<\/tr>\n<tr>\n<td>Gigabit Ethernet<\/td>\n<td>2x 10\/100\/1000 Ethernet Ports<\/td>\n<\/tr>\n<tr>\n<th>I\/O<\/th>\n<\/tr>\n<tr>\n<td>USB<\/td>\n<td>4x USB3.0, 2x USB2.0<\/td>\n<\/tr>\n<tr>\n<td>COM Port<\/td>\n<td>4x RS232\/422\/485(function select by jumper)<\/td>\n<\/tr>\n<tr>\n<td>Audio<\/td>\n<td>1x Line-out, 1x MIC-In<\/td>\n<\/tr>\n<tr>\n<td>SATA Power<\/td>\n<td>2x SATA Power<\/td>\n<\/tr>\n<tr>\n<td>DI\/DO<\/td>\n<td>4x DI\/4x DO<\/td>\n<\/tr>\n<tr>\n<td>CPU FAN<\/td>\n<td>1x\u00a0CPU FAN<\/td>\n<\/tr>\n<tr>\n<td>MXM FAN<\/td>\n<td>1x\u00a0MXM FAN<\/td>\n<\/tr>\n<tr>\n<td>Battery<\/td>\n<td>1x Battery Header<\/td>\n<\/tr>\n<tr>\n<th>Power System<\/th>\n<\/tr>\n<tr>\n<td>Input Power_SYS<\/td>\n<td>9V~36V (1x 4P Terminal Block)<\/td>\n<\/tr>\n<tr>\n<td>Input Power_MXM<\/td>\n<td>12V (ATX 4P)<\/td>\n<\/tr>\n<tr>\n<td>Power Consumption<\/td>\n<td>Varies per COM Express \/MXM with different CPU and GPU models<\/td>\n<\/tr>\n<tr>\n<td>RTC Battery<\/td>\n<td>3V CR2032<\/td>\n<\/tr>\n<tr>\n<th>Mechanical and Environment<\/th>\n<\/tr>\n<tr>\n<td>Dimensions<\/td>\n<td>190mm x 185mm<\/td>\n<\/tr>\n<tr>\n<td>Operating Temperature<\/td>\n<td>-40\u00b0C to 85\u00b0C<\/td>\n<\/tr>\n<tr>\n<td>Storage Temperature<\/td>\n<td>-40\u00b0C to 85\u00b0C<\/td>\n<\/tr>\n<tr>\n<td>Relative Humidity<\/td>\n<td>10% to 90%, non-condensing<\/td>\n<\/tr>\n<tr>\n<th>Standard Compliance<\/th>\n<\/tr>\n<tr>\n<td>Standard Compliance<\/td>\n<td>CE\/FCC<\/td>\n<\/tr>\n<tr>\n<th>OS<\/th>\n<\/tr>\n<tr>\n<td>OS Support<\/td>\n<td>Windows\u00ae10 64-bit<\/p>\n<p>Linux(Support by request)<\/td>\n<\/tr>\n<\/tbody>\n<\/table>\n","protected":false},"excerpt":{"rendered":"<p>P\u0142yta no\u015bna COM Express typu 6 z PCIe 104, MXM, 9~36 V DC-IN, rozszerzona temperatura pracy od -40 do 85\u00b0C<\/p>\n<h4>Najwa\u017cniejsze cechy:<\/h4>\n<ul>\n<li>Obs\u0142uga COM Express typu 6 przez procesor Intel\u00ae 13. generacji z serii Raptor Lake<\/li>\n<li>Standardowa obs\u0142uga MXM typu 3.1 przez kart\u0119 graficzn\u0105 NVIDIA\u00ae RTX\u00ae<\/li>\n<li>Gniazdo rozszerze\u0144 PCI\/104 Express do modu\u0142owej, otwartej struktury<\/li>\n<li>Wiele gniazd rozszerze\u0144, w tym dwa gniazda Mini PCIe Express, 1 gniazdo M.2<\/li>\n<li>Obs\u0142uga ekstremalnych temperatur od -40 do 85\u00b0C<\/li>\n<li>Mo\u017cliwo\u015b\u0107 pod\u0142\u0105czenia 4 wyj\u015b\u0107 Displayport do karty graficznej<\/li>\n<\/ul>\n<p>&nbsp;<\/p>\n<h4>Wi\u0119cej informacji:<\/h4>\n<p>Komputer w module (COM) to wysoce zintegrowana p\u0142yta z procesorem, chipsetem, pami\u0119ci\u0105 i urz\u0105dzeniami peryferyjnymi zaprojektowanymi w module. Standard COM Express Type 6 sta\u0142 si\u0119 najbardziej wszechstronnym i skalowalnym standardem COM, obs\u0142uguj\u0105cym wszystko, od aplikacji ma\u0142ej skali i ekonomicznych, po zaawansowane rozwi\u0105zania obliczeniowe i graficzne.<\/p>\n<p>Model SK515-T6 COM Express firmy PERFECTRON definiuje otwart\u0105, skalowaln\u0105 architektur\u0119 modu\u0142ow\u0105 i platform\u0119 typu 6, kt\u00f3ra zapewnia niesamowit\u0105 wydajno\u015b\u0107 obliczeniow\u0105 i oferuje szeroki zakres interfejs\u00f3w wej\u015bcia\/wyj\u015bcia, w tym zaawansowane wsparcie graficzne, interfejsy Digital Display Interface (Display Port, HDMI) i superszybki USB 3.0, spe\u0142niaj\u0105c wymagania r\u00f3\u017cnorodnych aplikacji.<\/p>\n<p>Schemat wyprowadze\u0144 SK515-T6 typu 6 to specyfikacja uzupe\u0142niaj\u0105ca istniej\u0105cy typ 6. Zast\u0119puje on obs\u0142ug\u0119 grafiki, oferuj\u0105c wiele port\u00f3w 10GbE-KR i definiuj\u0105c 32 linie PCIe. Typ 6 idealnie nadaje si\u0119 do projektowania platform klasy serwerowej dla aplikacji wymagaj\u0105cych wysokiej przepustowo\u015bci danych i sieci.<\/p>\n<p>SK515-T6 obs\u0142uguje szerok\u0105 gam\u0119 procesor\u00f3w Intel, w tym 13. generacj\u0119 rdzeni i7-13800HE i przemys\u0142owy procesor i7-13800HRE, a tak\u017ce zaawansowan\u0105 architektur\u0119 hybrydow\u0105 z rdzeniami Performance i Efficient, co optymalizuje zu\u017cycie energii. Co wi\u0119cej, SK515-T6 mo\u017ce pracowa\u0107 w trudnych warunkach. Obs\u0142uguje szeroki zakres temperatur od -40 do 85\u00b0C. Dzi\u0119ki wyj\u0105tkowej mocy obliczeniowej i wydajnej konstrukcji termicznej, SK515-T6 doskonale nadaje si\u0119 do zastosowa\u0144 przemys\u0142owych, wojskowych\/lotniczych i transportowych.<\/p>\n","protected":false},"featured_media":16934,"template":"","meta":{"_acf_changed":false,"inline_featured_image":false,"_monsterinsights_skip_tracking":false,"_monsterinsights_sitenote_active":false,"_monsterinsights_sitenote_note":"","_monsterinsights_sitenote_category":0},"product_brand":[],"product_cat":[513,509],"product_tag":[],"class_list":{"0":"post-16941","1":"product","2":"type-product","3":"status-publish","4":"has-post-thumbnail","6":"product_cat-com-express","7":"product_cat-perfectron","9":"first","10":"instock","11":"shipping-taxable","12":"product-type-simple"},"acf":[],"_links":{"self":[{"href":"https:\/\/quantum.com.pl\/pl\/wp-json\/wp\/v2\/product\/16941","targetHints":{"allow":["GET"]}}],"collection":[{"href":"https:\/\/quantum.com.pl\/pl\/wp-json\/wp\/v2\/product"}],"about":[{"href":"https:\/\/quantum.com.pl\/pl\/wp-json\/wp\/v2\/types\/product"}],"wp:featuredmedia":[{"embeddable":true,"href":"https:\/\/quantum.com.pl\/pl\/wp-json\/wp\/v2\/media\/16934"}],"wp:attachment":[{"href":"https:\/\/quantum.com.pl\/pl\/wp-json\/wp\/v2\/media?parent=16941"}],"wp:term":[{"taxonomy":"product_brand","embeddable":true,"href":"https:\/\/quantum.com.pl\/pl\/wp-json\/wp\/v2\/product_brand?post=16941"},{"taxonomy":"product_cat","embeddable":true,"href":"https:\/\/quantum.com.pl\/pl\/wp-json\/wp\/v2\/product_cat?post=16941"},{"taxonomy":"product_tag","embeddable":true,"href":"https:\/\/quantum.com.pl\/pl\/wp-json\/wp\/v2\/product_tag?post=16941"}],"curies":[{"name":"wp","href":"https:\/\/api.w.org\/{rel}","templated":true}]}}