{"id":16973,"date":"2025-08-01T14:32:38","date_gmt":"2025-08-01T12:32:38","guid":{"rendered":"https:\/\/quantum.com.pl\/product\/sk513-t6tl\/"},"modified":"2025-08-01T14:49:47","modified_gmt":"2025-08-01T12:49:47","slug":"sk513-t6tl","status":"publish","type":"product","link":"https:\/\/quantum.com.pl\/pl\/product\/sk513-t6tl\/","title":{"rendered":"SK513-T6TL"},"content":{"rendered":"<h4>Dane techniczne:<\/h4>\n<table>\n<tbody>\n<tr>\n<th>System<\/th>\n<\/tr>\n<tr>\n<td>COM Express CPU Options(Type6)<\/td>\n<td>Intel\u00ae Xeon\u00ae W-11865MRE, 45W Tiger Lake 11th Gen, 8C , Freq. 2.6 \/4.7 GHz, 24MB cache<\/p>\n<p>Intel\u00ae Xeon\u00ae W-11865MLE, 25W Tiger Lake 11th Gen, 8C , Freq. 1.5 \/4.5 GHz, 24MB cache<\/p>\n<p>Intel\u00ae Core&#x2122; i7-11850HE, 45W Tiger Lake 11th Gen, 8C , Freq. 2.6 \/4.7 GHz, 24MB cache<\/td>\n<\/tr>\n<tr>\n<td>GPU Module Options<\/td>\n<td>NVIDIA\u00ae Quadro&#x2122; RTX 5000, 110W, 16GB GDDR6, 3,072 CUDA Cores<\/p>\n<p>NVIDIA\u00ae Quadro&#x2122; RTX 3000, 80W, 6GB GDDR6, 1,920 CUDA Cores<\/td>\n<\/tr>\n<tr>\n<td>COM Express Compatibility<\/td>\n<td>COM Express\u00ae Type 6<\/td>\n<\/tr>\n<tr>\n<td><\/td>\n<td><\/td>\n<\/tr>\n<tr>\n<th>Expansion<\/th>\n<\/tr>\n<tr>\n<td>MiniPCIe Expansion<\/td>\n<td>2x Full-size mini PCIe (1 with mSATA supported)<\/td>\n<\/tr>\n<tr>\n<td>M.2 Expansion<\/td>\n<td>1x 2280 M-key (SATA only)<\/td>\n<\/tr>\n<tr>\n<td>PCIe\/104 Expansion<\/td>\n<td>4x PCIe x1\u30011x PCIe x4\u30015x USB2.0\u30011x LPC\u30011x SPI<\/td>\n<\/tr>\n<tr>\n<td>SATAIII<\/td>\n<td>2x SATAIII<\/td>\n<\/tr>\n<tr>\n<th>Display<\/th>\n<\/tr>\n<tr>\n<td>Display Port<\/td>\n<td>2x Display Port outputs from COM Express\u00ae\u00a0, 4x outputs from GPU, 6 total<\/td>\n<\/tr>\n<tr>\n<td>VGA<\/td>\n<td>1x output from COM Express\u00ae\u00a0, 1x output from GPU<\/td>\n<\/tr>\n<tr>\n<td>LVDS<\/td>\n<td>1x dual channel 18\/24-bit LVDS<\/td>\n<\/tr>\n<tr>\n<td>DVI<\/td>\n<td>1x<\/td>\n<\/tr>\n<tr>\n<th>Ethernet<\/th>\n<\/tr>\n<tr>\n<td>Gigabit Ethernet<\/td>\n<td>2x 10\/100\/1000 Ethernet Ports<\/td>\n<\/tr>\n<tr>\n<th>I\/O<\/th>\n<\/tr>\n<tr>\n<td>USB<\/td>\n<td>4x USB3.0;\u00a02x USB2.0<\/td>\n<\/tr>\n<tr>\n<td>COM Port<\/td>\n<td>4x RS232\/422\/485<\/td>\n<\/tr>\n<tr>\n<td>Audio<\/td>\n<td>1x Line-out, 1x MIC-In<\/td>\n<\/tr>\n<tr>\n<th>Power System<\/th>\n<\/tr>\n<tr>\n<td>Input Power_SYS<\/td>\n<td>9V~36V (4P Terminal Block)<\/td>\n<\/tr>\n<tr>\n<td>Input Power_MXM<\/td>\n<td>12V (ATX 4P)<\/td>\n<\/tr>\n<tr>\n<td>Power Consumption<\/td>\n<td>Varies per COM Express \/MXM with different CPU and GPU models<\/td>\n<\/tr>\n<tr>\n<td>RTC Battery<\/td>\n<td>3V CR2032<\/td>\n<\/tr>\n<tr>\n<th>Mechanical and Environment<\/th>\n<\/tr>\n<tr>\n<td>Dimensions<\/td>\n<td>190\u00a0x 185 mm<\/td>\n<\/tr>\n<tr>\n<td>Operating Temperature<\/td>\n<td>-40 to 85\u00b0C<\/td>\n<\/tr>\n<tr>\n<td>Storage Temperature<\/td>\n<td>-40 to 85\u00b0C<\/td>\n<\/tr>\n<tr>\n<td>Relative Humidity<\/td>\n<td>10% to 90%, non-condensing<\/td>\n<\/tr>\n<tr>\n<th>Standard Compliance<\/th>\n<\/tr>\n<tr>\n<td>Standard Compliance<\/td>\n<td>CE\/FCC<\/td>\n<\/tr>\n<tr>\n<th>OS<\/th>\n<\/tr>\n<tr>\n<td>OS Support<\/td>\n<td>Windows\u00ae10 64-bit<\/p>\n<p>Linux(Support by request)<\/td>\n<\/tr>\n<\/tbody>\n<\/table>\n","protected":false},"excerpt":{"rendered":"<div class=\"col-sm-6 bs-region bs-region--right\">\n<p>P\u0142yta no\u015bna Mezzanine COM Express typu 6 z gniazdami rozszerze\u0144 MXM i PCI\/104 Express<\/p>\n<h4>Najwa\u017cniejsze cechy:<\/h4>\n<ul>\n<li>Obs\u0142uga procesora Intel\u00ae 11th Tiger Lake-H z COM Express typu 6<\/li>\n<li>Obs\u0142uga procesora NVIDIA\u00ae Quadro\u00ae RTX z MXM typu 3.1<\/li>\n<li>Gniazdo rozszerze\u0144 PCI\/104 Express dla modu\u0142owej, otwartej struktury<\/li>\n<li>Wiele gniazd rozszerze\u0144, w tym dwa gniazda Mini PCIe Express i 1 gniazdo M.2<\/li>\n<li>Obs\u0142uga ekstremalnych temperatur od -40\u00b0C do 85\u00b0C<\/li>\n<li>2x DP, 1x LVDS, 4x COM, 6x USB, 2x miniPCIe, 1x M.2, 2x SATA<\/li>\n<li>9V~36V DC-IN<\/li>\n<\/ul>\n<h4>Wi\u0119cej informacji:<\/h4>\n<p>Komputer modu\u0142owy (COM) to wysoce zintegrowana p\u0142yta z procesorem, chipsetem, pami\u0119ci\u0105 i urz\u0105dzeniami peryferyjnymi zaprojektowanymi jako modu\u0142. Standard COM Express Type 6 sta\u0142 si\u0119 najbardziej wszechstronnym i skalowalnym standardem COM, obs\u0142uguj\u0105cym wszystko, od aplikacji ma\u0142ej skali i ekonomicznych, po zaawansowane rozwi\u0105zania obliczeniowe i graficzne.<\/p>\n<p>Platforma SK513-T6 COM Express firmy PERFECTRON definiuje otwart\u0105, skalowaln\u0105 architektur\u0119 modu\u0142ow\u0105 i platform\u0119 typu pin-out 6, co zapewnia niesamowit\u0105 wydajno\u015b\u0107 obliczeniow\u0105 i oferuje szeroki wachlarz interfejs\u00f3w wej\u015bcia\/wyj\u015bcia, w tym obs\u0142ug\u0119 zaawansowanych funkcji graficznych, interfejsy Digital Display Interface (Display Port, HDMI) oraz superszybki USB 3.0, spe\u0142niaj\u0105c wymagania r\u00f3\u017cnorodnych aplikacji.<\/p>\n<p>SK513-T6 jest wyposa\u017cony w szereg procesor\u00f3w Intel, w tym Intel 11th Tiger Lake-H i 9th Coffee Lake-H. Od niskiego zu\u017cycia energii po wysok\u0105 wydajno\u015b\u0107 przetwarzania, SK513-T6 zosta\u0142 zaprojektowany z my\u015bl\u0105 o szerokim zakresie zastosowa\u0144 obliczeniowych, od przetwarzania sygna\u0142\u00f3w po pojazdy bezza\u0142ogowe.<\/p>\n<p>Ponadto SK513-T6 zosta\u0142 specjalnie zaprojektowany do pracy w szerokim zakresie temperatur od -40\u00b0C do 85\u00b0C, dzi\u0119ki czemu doskonale sprawdza si\u0119 w trudnych warunkach \u015brodowiskowych w przemy\u015ble wojskowym, lotniczym i transportowym.<\/p>\n<\/div>\n","protected":false},"featured_media":16972,"template":"","meta":{"_acf_changed":false,"inline_featured_image":false,"_monsterinsights_skip_tracking":false,"_monsterinsights_sitenote_active":false,"_monsterinsights_sitenote_note":"","_monsterinsights_sitenote_category":0},"product_brand":[],"product_cat":[513,509],"product_tag":[],"class_list":{"0":"post-16973","1":"product","2":"type-product","3":"status-publish","4":"has-post-thumbnail","6":"product_cat-com-express","7":"product_cat-perfectron","9":"first","10":"instock","11":"shipping-taxable","12":"product-type-simple"},"acf":[],"_links":{"self":[{"href":"https:\/\/quantum.com.pl\/pl\/wp-json\/wp\/v2\/product\/16973","targetHints":{"allow":["GET"]}}],"collection":[{"href":"https:\/\/quantum.com.pl\/pl\/wp-json\/wp\/v2\/product"}],"about":[{"href":"https:\/\/quantum.com.pl\/pl\/wp-json\/wp\/v2\/types\/product"}],"wp:featuredmedia":[{"embeddable":true,"href":"https:\/\/quantum.com.pl\/pl\/wp-json\/wp\/v2\/media\/16972"}],"wp:attachment":[{"href":"https:\/\/quantum.com.pl\/pl\/wp-json\/wp\/v2\/media?parent=16973"}],"wp:term":[{"taxonomy":"product_brand","embeddable":true,"href":"https:\/\/quantum.com.pl\/pl\/wp-json\/wp\/v2\/product_brand?post=16973"},{"taxonomy":"product_cat","embeddable":true,"href":"https:\/\/quantum.com.pl\/pl\/wp-json\/wp\/v2\/product_cat?post=16973"},{"taxonomy":"product_tag","embeddable":true,"href":"https:\/\/quantum.com.pl\/pl\/wp-json\/wp\/v2\/product_tag?post=16973"}],"curies":[{"name":"wp","href":"https:\/\/api.w.org\/{rel}","templated":true}]}}