{"id":16989,"date":"2025-08-06T09:57:29","date_gmt":"2025-08-06T07:57:29","guid":{"rendered":"https:\/\/quantum.com.pl\/?post_type=product&#038;p=16989"},"modified":"2025-08-06T12:19:05","modified_gmt":"2025-08-06T10:19:05","slug":"oxy5740c","status":"publish","type":"product","link":"https:\/\/quantum.com.pl\/pl\/product\/oxy5740c\/","title":{"rendered":"OXY5740C"},"content":{"rendered":"<p><strong>Dane techniczne:<\/strong><\/p>\n<table>\n<tbody>\n<tr>\n<th><strong>System<\/strong><\/th>\n<th><\/th>\n<\/tr>\n<tr>\n<td>CPU Type<\/td>\n<td>Intel\u00ae Kabylake-H Core&#x2122; Processor<\/p>\n<p>Intel\u00ae Core&#x2122; i7-7820EQ (4 Cores\/8 Threads, 8M Cache, up to 3.70GHz), 45W<\/td>\n<\/tr>\n<tr>\n<td>Chipset<\/td>\n<td>Intel\u00aeQM175<\/td>\n<\/tr>\n<tr>\n<td>Memory Type<\/td>\n<td>1 x SO-DIMM up to 32GB<\/td>\n<\/tr>\n<tr>\n<td>NAND Flash<\/td>\n<td>64GB SATA SSD onboard<\/td>\n<\/tr>\n<tr>\n<td><\/td>\n<td><\/td>\n<\/tr>\n<tr>\n<td>BIOS<\/td>\n<td>AMI\u00ae UEFI BIOS<\/td>\n<\/tr>\n<tr>\n<td>Watchdog<\/td>\n<td>1-255 sec. or 1-255 min. software programmable, can generate system reset<\/td>\n<\/tr>\n<tr>\n<td>Expansion Slot<\/td>\n<td>StackPC + FPE<\/p>\n<p>1 x Half-size mPCIe<\/p>\n<p>1 x Full-size mPCIe\/mSATA<\/td>\n<\/tr>\n<tr>\n<th><strong>Display<\/strong><\/th>\n<th><\/th>\n<\/tr>\n<tr>\n<td>Chipset<\/td>\n<td>Intel\u00ae HD Graphics<\/td>\n<\/tr>\n<tr>\n<td>Display Port<\/td>\n<td>2, Max resolution up to 3840 x 2160<\/td>\n<\/tr>\n<tr>\n<td>DVI-D<\/td>\n<td>1, Max resolution up to 2048 x 1536<\/td>\n<\/tr>\n<tr>\n<td>LVDS<\/td>\n<td>Dual channel 24-bit LVDS<\/td>\n<\/tr>\n<tr>\n<th><strong>Audio<\/strong><\/th>\n<th><\/th>\n<\/tr>\n<tr>\n<td>Codec<\/td>\n<td>Realtek ALC888S<\/td>\n<\/tr>\n<tr>\n<th><strong>Ethernet<\/strong><\/th>\n<th><\/th>\n<\/tr>\n<tr>\n<td>Chipset<\/td>\n<td>1 x Intel\u00aeI210-IT &amp; 1 x Intel\u00aeI219-LM GbE LAN<\/p>\n<p>(support 10\/100\/1000 Mbps)<\/td>\n<\/tr>\n<tr>\n<td>WOL<\/td>\n<td>Yes<\/td>\n<\/tr>\n<tr>\n<td>Boot from LAN<\/td>\n<td>Yes for PXE<\/td>\n<\/tr>\n<tr>\n<th><strong>External I\/O<\/strong><\/th>\n<th><\/th>\n<\/tr>\n<tr>\n<td>Display Port<\/td>\n<td>2<\/td>\n<\/tr>\n<tr>\n<td>DVI-D<\/td>\n<td>1<\/td>\n<\/tr>\n<tr>\n<td>Ethernet<\/td>\n<td>2 x RJ45<\/td>\n<\/tr>\n<tr>\n<td>USB 3.0<\/td>\n<td>4<\/td>\n<\/tr>\n<tr>\n<td>Audio Jack<\/td>\n<td>1 x Mic-In, 1 x Line-Out<\/td>\n<\/tr>\n<tr>\n<td>COM<\/td>\n<td>1 x RS-232\/422\/485<\/p>\n<p>(1 with 5V\/12V Selectable)<\/td>\n<\/tr>\n<tr>\n<th><strong>Internal I\/O<\/strong><\/th>\n<th><\/th>\n<\/tr>\n<tr>\n<td>SATAIII<\/td>\n<td>2 (0,1 RAID)<\/td>\n<\/tr>\n<tr>\n<td>COM<\/td>\n<td>3 x RS-232<\/p>\n<p>(1 with 5V\/12V Selectable)<\/td>\n<\/tr>\n<tr>\n<td>USB 2.0<\/td>\n<td>4<\/td>\n<\/tr>\n<tr>\n<td>SIM card holder<\/td>\n<td>1<\/td>\n<\/tr>\n<tr>\n<td>DIO<\/td>\n<td>8-bit, 6-in \/ 2-out<\/td>\n<\/tr>\n<tr>\n<td>LPC<\/td>\n<td>1<\/td>\n<\/tr>\n<tr>\n<td>LVDS<\/td>\n<td>1<\/td>\n<\/tr>\n<tr>\n<th><strong>Mechanical and Environment<\/strong><\/th>\n<th><\/th>\n<\/tr>\n<tr>\n<td>Form Factor<\/td>\n<td>EBX<\/td>\n<\/tr>\n<tr>\n<td>Power type<\/td>\n<td>DV-IN 12V<\/td>\n<\/tr>\n<tr>\n<td>Dimension<\/td>\n<td>203mm x 146mm<\/td>\n<\/tr>\n<tr>\n<td>Operating Temp.<\/td>\n<td>-40 to 85\u00b0C<\/td>\n<\/tr>\n<tr>\n<td>Storage Temp.<\/td>\n<td>-40 to 85\u00b0C<\/td>\n<\/tr>\n<tr>\n<td>Relative Humidity<\/td>\n<td>10% to 90%, non-condensing<\/td>\n<\/tr>\n<tr>\n<th><strong>Standard Compliance<\/strong><\/th>\n<th><\/th>\n<\/tr>\n<tr>\n<td>Standard Compliance<\/td>\n<td>CE\/FCC<\/td>\n<\/tr>\n<tr>\n<th><strong>OS<\/strong><\/th>\n<th><\/th>\n<\/tr>\n<tr>\n<td>OS Support<\/td>\n<td>Windows\u00ae10 64-bit<\/p>\n<p>Linux(Support by request)<\/td>\n<\/tr>\n<\/tbody>\n<\/table>\n","protected":false},"excerpt":{"rendered":"<div class=\"product__body\">\n<p>Intel\u00ae 7th Gen. Kabylake-H\u00ae Core&#x2122; i7 processors, Stackable with PCIe\/104 &amp; FPE Expansion, Extended Temperature -40 to 85\u00b0C<\/p>\n<h4>Najwa\u017cniejsze cechy:<\/h4>\n<\/div>\n<div class=\"product__field-features\"><\/div>\n<div class=\"views-element-container\">\n<div class=\"view view-eva view-also-available-in-stackrack view-id-also_available_in_stackrack view-display-id-entity_view_1 js-view-dom-id-6e94353c19a11858909d65e623d1c808c1e5089e4ea7b8b1879c0395e29db6cb\">\n<ul>\n<li>Obs\u0142uga procesora Intel\u00ae Kabylake-H Core&#x2122; i7-7820EQ<\/li>\n<li>1 x SO-DIMM do 32 GB SDRAM DDR4-2133<\/li>\n<li>1 x PCIe\/104 typu II, 1 x FPE przez PCI-E x16<\/li>\n<li>2 x Mini PCIe (1 x rozmiar po\u0142\u00f3wkowy; 1 x rozmiar obudowy)<\/li>\n<li>Wiele wy\u015bwietlaczy: 2 x DisplayPort; 1 x DVI-D; dwukana\u0142owy 24-bitowy LVDS<\/li>\n<li>Dwa porty LAN (1 x Intel\u00aeI210-IT i 1 x Intel\u00aeI219-LM GbE LAN)<\/li>\n<li>8 port\u00f3w USB: 4 x USB 3.0, 4 x USB 2.0<\/li>\n<li>Rozszerzona temperatura pracy: od -40 do 85\u00b0C<\/li>\n<\/ul>\n<h4>Wi\u0119cej informacji:<\/h4>\n<p>OXY5740C, wydajny i wytrzyma\u0142y komputer jednop\u0142ytkowy EBX, jest nap\u0119dzany procesorem Intel\u00ae Kabylake 7. generacji i wbudowanym lutowaniem chipsetu. Procesor i7-7820EQ oraz chipset Intel\u00ae QM175 obs\u0142uguj\u0105 taktowanie do 3,7 GHz. Czterordzeniowa p\u0142yta g\u0142\u00f3wna (SBC) o wysokiej mocy obliczeniowej umo\u017cliwia wielozadaniowo\u015b\u0107 przy jednoczesnym zmniejszeniu poboru mocy w stanie bezczynno\u015bci. Aby sprosta\u0107 zr\u00f3\u017cnicowanym potrzebom, OXY5740C integruje liczne interfejsy I\/O na jednej p\u0142ycie, co zapewnia mo\u017cliwo\u015b\u0107 rozbudowy i \u0142atw\u0105 integracj\u0119 systemu. W zastosowaniach o znaczeniu krytycznym, OXY5740C wykorzystuje kluczowe komponenty lutowane na p\u0142ycie g\u0142\u00f3wnej oraz rozszerzon\u0105 temperatur\u0119 pracy od -40 do 85\u00b0C, aby zapewni\u0107 najwy\u017csz\u0105 trwa\u0142o\u015b\u0107 oraz odporno\u015b\u0107 na wstrz\u0105sy i wibracje. OXY5740C to prawdziwie wytrzyma\u0142y komputer jednop\u0142ytkowy (SBC), idealny do zastosowa\u0144 w obronno\u015bci, wojsku, zaawansowanej automatyce i kolejnictwie.<\/p>\n<p>PERFECTRON dostarcza spersonalizowany zestaw termoprzewodz\u0105cy do p\u0142yty g\u0142\u00f3wnej, oparty na ocenie ka\u017cdej p\u0142yty g\u0142\u00f3wnej pod k\u0105tem w\u0142a\u015bciwo\u015bci termicznych i mechanicznych. Radiatory s\u0142u\u017c\u0105 do przenoszenia ciep\u0142a z punktu generowania ciep\u0142a do radiatora, a radiator obni\u017ca temperatur\u0119 urz\u0105dzenia poprzez rozpraszanie ciep\u0142a do otaczaj\u0105cego powietrza.<\/p>\n<p>Specjalnie zaprojektowany radiator PERFECTRON zapewnia optymalne odprowadzanie ciep\u0142a poprzez lini\u0119 falow\u0105 na interfejsie, co zwi\u0119ksza powierzchni\u0119 kontaktu z powietrzem nawet o 30-40%. Wyj\u0105tkowa konstrukcja termiczna zast\u0119puje tradycyjny wentylator, a tak\u017ce zapewnia wysok\u0105 niezawodno\u015b\u0107 i stabilno\u015b\u0107 pracy w szerokim zakresie temperatur od -40 do 70\u00b0C.<\/p>\n<p>Bogata karta OXY5740C oferuje tw\u00f3rcom system\u00f3w wbudowanych r\u00f3\u017cnorodne mo\u017cliwo\u015bci zastosowa\u0144. Oferuje wiele wy\u015bwietlaczy, w tym 2 x DisplayPort i DVI-D Display Port z dwukana\u0142owym 24-bitowym LVDS. OXY5740C oferuje r\u00f3wnie\u017c szeroki zakres mo\u017cliwo\u015bci rozbudowy: 1 x pe\u0142nowymiarowe z\u0142\u0105cze mPCIe\/mSATA i 1 x p\u00f3\u0142wymiarowe z\u0142\u0105cze mPCIe, co zapewnia kompaktow\u0105 i wytrzyma\u0142\u0105 pami\u0119\u0107 masow\u0105. P\u0142yta zawiera r\u00f3wnie\u017c cztery porty COM, osiem port\u00f3w USB, dwa porty GBE LAN i dwa porty SATAIII, co u\u0142atwia integratorom system\u00f3w szybkie opracowywanie rozwi\u0105za\u0144.<\/p>\n<\/div>\n<\/div>\n","protected":false},"featured_media":16990,"template":"","meta":{"_acf_changed":false,"inline_featured_image":false,"_monsterinsights_skip_tracking":false,"_monsterinsights_sitenote_active":false,"_monsterinsights_sitenote_note":"","_monsterinsights_sitenote_category":0},"product_brand":[],"product_cat":[623,509],"product_tag":[],"class_list":{"0":"post-16989","1":"product","2":"type-product","3":"status-publish","4":"has-post-thumbnail","6":"product_cat-ebx-sbc","7":"product_cat-perfectron","9":"first","10":"instock","11":"shipping-taxable","12":"product-type-simple"},"acf":[],"_links":{"self":[{"href":"https:\/\/quantum.com.pl\/pl\/wp-json\/wp\/v2\/product\/16989","targetHints":{"allow":["GET"]}}],"collection":[{"href":"https:\/\/quantum.com.pl\/pl\/wp-json\/wp\/v2\/product"}],"about":[{"href":"https:\/\/quantum.com.pl\/pl\/wp-json\/wp\/v2\/types\/product"}],"wp:featuredmedia":[{"embeddable":true,"href":"https:\/\/quantum.com.pl\/pl\/wp-json\/wp\/v2\/media\/16990"}],"wp:attachment":[{"href":"https:\/\/quantum.com.pl\/pl\/wp-json\/wp\/v2\/media?parent=16989"}],"wp:term":[{"taxonomy":"product_brand","embeddable":true,"href":"https:\/\/quantum.com.pl\/pl\/wp-json\/wp\/v2\/product_brand?post=16989"},{"taxonomy":"product_cat","embeddable":true,"href":"https:\/\/quantum.com.pl\/pl\/wp-json\/wp\/v2\/product_cat?post=16989"},{"taxonomy":"product_tag","embeddable":true,"href":"https:\/\/quantum.com.pl\/pl\/wp-json\/wp\/v2\/product_tag?post=16989"}],"curies":[{"name":"wp","href":"https:\/\/api.w.org\/{rel}","templated":true}]}}