{"id":17006,"date":"2025-08-06T13:29:10","date_gmt":"2025-08-06T11:29:10","guid":{"rendered":"https:\/\/quantum.com.pl\/product\/oxy5741a\/"},"modified":"2025-08-06T14:48:53","modified_gmt":"2025-08-06T12:48:53","slug":"oxy5741a","status":"publish","type":"product","link":"https:\/\/quantum.com.pl\/pl\/product\/oxy5741a\/","title":{"rendered":"OXY5741A"},"content":{"rendered":"<h4>Dane techniczne:<\/h4>\n<table>\n<tbody>\n<tr>\n<th><strong>System<\/strong><\/th>\n<th><\/th>\n<td><\/td>\n<\/tr>\n<tr>\n<td>CPU<\/td>\n<td>Intel\u00ae Core&#x2122;\u00a0i7-9850HE Processor<\/p>\n<p>(6 Cores\/12 Threads, 9M Cache, up to 4.40 GHz), 45W<\/p>\n<p>Intel\u00ae Core&#x2122;\u00a0i7-9850HL Processor<\/p>\n<p>(6 Cores\/12 Threads, 9M Cache, up to 4.10 GHz), 25W<\/p>\n<p>Intel\u00ae\u00a0Xeon<strong>\u00ae<\/strong>\u00a0E-2276ME Processor<\/p>\n<p>(6 Cores\/12 Threads, 12M Cache, up to 4.50 GHz), 45W<\/p>\n<p>Intel\u00ae\u00a0Xeon\u00ae\u00a0E-2276ML\u00a0Processor<\/p>\n<p>(6 Cores\/12 Threads, 12M Cache, up to 4.20 GHz), 25W<\/p>\n<p>Intel\u00ae Core&#x2122;\u00a0i5-8400H\u00a0Processor<\/p>\n<p>(6 Cores\/12 Threads, 8M Cache, up to 4.20 GHz), 45W<\/td>\n<\/tr>\n<tr>\n<td>Memory Type<\/td>\n<td>2 x 260 Pin DDR4\u00a02400MHz\u00a0SO-DIMM (up to 128GB, XEON\u00aeSKU support ECC)<\/td>\n<\/tr>\n<tr>\n<td>Chipset<\/td>\n<td>CM246<\/td>\n<\/tr>\n<tr>\n<td>BIOS Core<\/td>\n<td>AMI UEFI BIOS<\/td>\n<\/tr>\n<tr>\n<td>BIOS Flash<\/p>\n<p>Super I\/O<\/td>\n<td>SPI Flash<\/p>\n<p>ITE8786<\/td>\n<\/tr>\n<tr>\n<td>TPM<\/td>\n<td>TPM 2.0(SLB9665)<\/td>\n<\/tr>\n<tr>\n<td>iAMT<\/td>\n<td>iAMT 12.0<\/td>\n<\/tr>\n<tr>\n<td>Watchdog<\/td>\n<td>1-255 sec. or 1-255 min. software programmable and can be generate system reset<\/td>\n<\/tr>\n<tr>\n<th><strong>Expansion slot<\/strong><\/th>\n<th><\/th>\n<td><\/td>\n<\/tr>\n<tr>\n<td>M.2<\/td>\n<td>1 x M.2(M-key,Type: 2280 , SATA\/PCIe 3.0 x 4 NVMe)<\/td>\n<\/tr>\n<tr>\n<td>Mini PCIe<\/td>\n<td>2 x Full size (USB \/ PCIe and 1 x micro SIM Card)<\/td>\n<\/tr>\n<tr>\n<td>FPE<\/td>\n<td>1<\/td>\n<\/tr>\n<tr>\n<td>PCIe\/104<\/td>\n<td>1 x TYPE 2<\/td>\n<\/tr>\n<tr>\n<th><strong>Display<\/strong><\/th>\n<th><\/th>\n<td><\/td>\n<\/tr>\n<tr>\n<td>Chipset<\/td>\n<td>Intel\u00ae UHD Graphics 630<\/td>\n<\/tr>\n<tr>\n<td>LVDS<\/td>\n<td>Dual channel 24-bit LVDS, max resolution up to 1920 x 1080 @ 60Hz<\/td>\n<\/tr>\n<tr>\n<td>Display Port<\/p>\n<p>Multi-Display<\/td>\n<td>Up to 4096 x 2304 @ 60Hz<\/p>\n<p>Triple simultaneous displays with 48-bit LVDS+DP<\/td>\n<\/tr>\n<tr>\n<th><strong>Ethernet<\/strong><\/th>\n<th><\/th>\n<td><\/td>\n<\/tr>\n<tr>\n<td>Chipset<\/td>\n<td>Intel\u00ae I210 &amp; I219LM GbE LAN(10\/100\/1000 Mbps supported)<\/td>\n<\/tr>\n<tr>\n<td>WOL<\/td>\n<td>Yes<\/td>\n<\/tr>\n<tr>\n<td>Boot from LAN<\/td>\n<td>Yes for XPE<\/td>\n<\/tr>\n<tr>\n<th><strong>Audio<\/strong><\/th>\n<th><\/th>\n<td><\/td>\n<\/tr>\n<tr>\n<td>Codec<\/td>\n<td>ALC888S<\/td>\n<\/tr>\n<tr>\n<th><strong>Rear I\/O<\/strong><\/th>\n<th><\/th>\n<td><\/td>\n<\/tr>\n<tr>\n<td>Display Port<\/td>\n<td>2<\/td>\n<\/tr>\n<tr>\n<td>USB<\/td>\n<td>4 x USB 3.0<\/td>\n<\/tr>\n<tr>\n<td>LAN<\/td>\n<td>2<\/td>\n<\/tr>\n<tr>\n<th><strong>Front I\/O<\/strong><\/th>\n<th><\/th>\n<td><\/td>\n<\/tr>\n<tr>\n<td>LED<\/td>\n<td>6 (HDD, 2 x LAN ACT+LINK) RED\/GREEN LED<\/td>\n<\/tr>\n<tr>\n<td>PW Button<\/td>\n<td>1<\/td>\n<\/tr>\n<tr>\n<td>USB<\/td>\n<td>2 x USB 3.0<\/td>\n<\/tr>\n<tr>\n<th><strong>Internal I\/O<\/strong><\/th>\n<th><\/th>\n<td><\/td>\n<\/tr>\n<tr>\n<td>USB2.0<\/td>\n<td>4<\/td>\n<\/tr>\n<tr>\n<td>GPIO<\/td>\n<td>1\u00a0(4in\/4out)<\/td>\n<\/tr>\n<tr>\n<td>SATAIII<\/td>\n<td>4 (0,1,5 RAID)<\/td>\n<\/tr>\n<tr>\n<td>SATA Power<\/td>\n<td>4<\/td>\n<td><\/td>\n<\/tr>\n<tr>\n<td>DP<\/td>\n<td>1<\/td>\n<td><\/td>\n<\/tr>\n<tr>\n<td>Audio<\/td>\n<td>1 (Line-out \/Mic-in)<\/td>\n<\/tr>\n<tr>\n<td>Serial<\/td>\n<td>2 (RS-232\/422\/485 autoflow control)<\/td>\n<\/tr>\n<tr>\n<td>DC connector<\/td>\n<td>1<\/td>\n<\/tr>\n<tr>\n<td>LVDS Inverter<\/td>\n<td>1<\/td>\n<\/tr>\n<tr>\n<td>LVDS connector<\/td>\n<td>1<\/td>\n<\/tr>\n<tr>\n<td>LPC<\/td>\n<td>1<\/td>\n<\/tr>\n<tr>\n<td>CPU Fan<\/td>\n<td>1<\/td>\n<\/tr>\n<tr>\n<td>Front Panel Control<\/td>\n<td>Power LED, HD LED, Reset, Power Switch, Buzzer<\/td>\n<\/tr>\n<tr>\n<th colspan=\"2\" rowspan=\"1\"><strong>Mechanical and\u00a0<\/strong><strong>Environmental<\/strong><\/th>\n<td><\/td>\n<\/tr>\n<tr>\n<td>Form Factor<\/td>\n<td>EBX<\/td>\n<\/tr>\n<tr>\n<td>Power Type<\/td>\n<td>DC-IN 12V<\/td>\n<\/tr>\n<tr>\n<td>Power Consumption<\/td>\n<td>180W<\/td>\n<\/tr>\n<tr>\n<td>Dimension<\/td>\n<td>146mm X 243mm<\/td>\n<\/tr>\n<tr>\n<td>Operating Temperature<\/td>\n<td>UT : -40\u00a0to 85\u2103<\/td>\n<\/tr>\n<tr>\n<td>Storage Temperature<\/td>\n<td>-40\u00a0to\u00a085\u2103<\/td>\n<\/tr>\n<tr>\n<td>Relative humidity<\/td>\n<td>10% to 90%, non-condensing<\/td>\n<\/tr>\n<tr>\n<th colspan=\"2\" rowspan=\"1\">Standard Compliance<\/th>\n<\/tr>\n<tr>\n<td>Standard Compliance<\/td>\n<td>CE\/FCC<\/td>\n<\/tr>\n<tr>\n<th colspan=\"2\" rowspan=\"1\">OS<\/th>\n<\/tr>\n<tr>\n<td>OS Support<\/td>\n<td>Windows\u00ae10 64-bit<\/p>\n<p>Linux(Support by request)<\/td>\n<\/tr>\n<\/tbody>\n<\/table>\n","protected":false},"excerpt":{"rendered":"<div class=\"product__body\">\n<p><span class=\"HwtZe\" lang=\"pl\"><span class=\"jCAhz ChMk0b\"><span class=\"ryNqvb\">9. generacja Intel\u00ae Xeon\u00ae, Core&#x2122; i7 EBX SBC z PCIe\/104 Rugged Extreme Temp. -40 do 85\u00b0C<\/span><\/span><\/span><\/p>\n<h4>Najwa\u017cniejsze cechy:<\/h4>\n<\/div>\n<div class=\"product__field-features\">\n<ul>\n<li>Procesor Intel\u00ae Xeon\u00ae \/ Core&#x2122; 9. \/ 8. generacji z maksymalnie 6 procesorami Intel\u00ae Xeon\u00ae E-2276ME \/ Xeon\u00ae E-2276ML \/ Core&#x2122; i7-9850HE \/ Core&#x2122; i7-9850HL \/ Core&#x2122; i5-8400H<\/li>\n<li>Buseta PCIe\/104 (typ 2)<\/li>\n<li>Z\u0142\u0105cze FPE (1 x PCIe x 16 lub 2 x PCIe x 8 lub 1 x PCIe x 8 + 2 x PCIe x 4)<\/li>\n<li>4 x DDR4 SO-DIMM 2666 MHz, do 128 GB, ECC dla Xeon\u00ae SKU<\/li>\n<li>Multi-wy\u015bwietlacz. Trzy jednoczesne wy\u015bwietlacze z 48-bitowym LVDS+DP<\/li>\n<li>1 x M.2 2280 M-key, 2 x pe\u0142nowymiarowe mPCIe, 1 x PCIe\/104, 1 x FPE<\/li>\n<li>Podw\u00f3jny GbE, 4 x SATA III, 2 x RS232\/422\/485<\/li>\n<li>6 x USB 3.0, 4 x USB 2.0<\/li>\n<li>Rozszerzona temperatura pracy: od -40 do 85\u00b0C<\/li>\n<\/ul>\n<p>PERFECTRON, wiod\u0105cy pionier w dziedzinie wzmocnionych i wbudowanych system\u00f3w, wprowadza na rynek najnowsz\u0105 p\u0142yt\u0119 g\u0142\u00f3wn\u0105 EBX SBC OXY5741A. P\u0142yta g\u0142\u00f3wna EBX SBC ma wymiary 243 x 146 mm, zapewniaj\u0105c wyj\u0105tkow\u0105 wydajno\u015b\u0107 obliczeniow\u0105 w ekstremalnych warunkach.<\/p>\n<p>Jest nap\u0119dzana procesorami Intel\u00ae Xeon\u00ae \/ Core&#x2122; 9.\/8. generacji. Wyposa\u017cona w procesor Intel Xeon E-2276ME i wzmocnion\u0105 architektur\u0119 EBX opart\u0105 na otwartym standardzie, seria PERFECTRON EBX zosta\u0142a opracowana wst\u0119pnie i pomy\u015blnie przesz\u0142a testy \u015brodowiskowe. Nadal dzia\u0142a efektywnie w trudnych warunkach, w zakresie temperatur od -40 do 85\u00b0C, dzi\u0119ki czemu stanowi idealne rozwi\u0105zanie dla zastosowa\u0144 w sektorze obronnym, transportowym i automatyce. Dodatkowe kluczowe funkcje to mo\u017cliwo\u015b\u0107 rozbudowy o magistral\u0119 PCIe\/104, elastyczne wej\u015bcia\/wyj\u015bcia i Interfejs NVMe Gen 3.0 PCIex4 zapewniaj\u0105cy szybk\u0105 i pojemn\u0105 pami\u0119\u0107 masow\u0105, to wszystko sk\u0142ada si\u0119 na wszechstronn\u0105 architektur\u0119, kt\u00f3ra mo\u017ce sprosta\u0107 potrzebom klient\u00f3w.<\/p>\n<h4>Najwa\u017cniejsze cechy:<\/h4>\n<ul>\n<li>Procesor Intel\u00ae Xeon\u00ae \/ Core&#x2122; 9. \/ 8. generacji z maksymalnie 6 rdzeniami i TDP 45 W \/ 25 W<\/li>\n<li>Komputer jednop\u0142ytkowy EBX z dedykowanym gniazdem PCIe\/104 typu 2<\/li>\n<li>Dwukana\u0142owa pami\u0119\u0107 SO-DIMM DDR4-2666 o pojemno\u015bci do 128 GB*, z korekcj\u0105 ECC dla procesor\u00f3w Xeon<\/li>\n<li>Trzy jednoczesne wy\u015bwietlacze z 48-bitowym LVDS + HDMI + DP<\/li>\n<li>USB 3.0, TPM 2.0 i dysk SSD NVMe \/ PCIe Gen3x4<\/li>\n<li>Podw\u00f3jny port GbE, SATA III, RS-232\/422\/485<\/li>\n<li>M.2 M-Key 2280 i pe\u0142nowymiarowy mPCIe (jeden obs\u0142uguje kart\u0119 SIM)<\/li>\n<\/ul>\n<\/div>\n","protected":false},"featured_media":17001,"template":"","meta":{"_acf_changed":false,"inline_featured_image":false,"_monsterinsights_skip_tracking":false,"_monsterinsights_sitenote_active":false,"_monsterinsights_sitenote_note":"","_monsterinsights_sitenote_category":0},"product_brand":[],"product_cat":[623,509],"product_tag":[],"class_list":{"0":"post-17006","1":"product","2":"type-product","3":"status-publish","4":"has-post-thumbnail","6":"product_cat-ebx-sbc","7":"product_cat-perfectron","9":"first","10":"instock","11":"shipping-taxable","12":"product-type-simple"},"acf":[],"_links":{"self":[{"href":"https:\/\/quantum.com.pl\/pl\/wp-json\/wp\/v2\/product\/17006","targetHints":{"allow":["GET"]}}],"collection":[{"href":"https:\/\/quantum.com.pl\/pl\/wp-json\/wp\/v2\/product"}],"about":[{"href":"https:\/\/quantum.com.pl\/pl\/wp-json\/wp\/v2\/types\/product"}],"wp:featuredmedia":[{"embeddable":true,"href":"https:\/\/quantum.com.pl\/pl\/wp-json\/wp\/v2\/media\/17001"}],"wp:attachment":[{"href":"https:\/\/quantum.com.pl\/pl\/wp-json\/wp\/v2\/media?parent=17006"}],"wp:term":[{"taxonomy":"product_brand","embeddable":true,"href":"https:\/\/quantum.com.pl\/pl\/wp-json\/wp\/v2\/product_brand?post=17006"},{"taxonomy":"product_cat","embeddable":true,"href":"https:\/\/quantum.com.pl\/pl\/wp-json\/wp\/v2\/product_cat?post=17006"},{"taxonomy":"product_tag","embeddable":true,"href":"https:\/\/quantum.com.pl\/pl\/wp-json\/wp\/v2\/product_tag?post=17006"}],"curies":[{"name":"wp","href":"https:\/\/api.w.org\/{rel}","templated":true}]}}