{"id":17018,"date":"2025-08-06T15:43:07","date_gmt":"2025-08-06T13:43:07","guid":{"rendered":"https:\/\/quantum.com.pl\/product\/oxy5741b\/"},"modified":"2025-08-06T15:43:07","modified_gmt":"2025-08-06T13:43:07","slug":"oxy5741b","status":"publish","type":"product","link":"https:\/\/quantum.com.pl\/pl\/product\/oxy5741b\/","title":{"rendered":"OXY5741B"},"content":{"rendered":"<h4>Dane techniczne:<\/h4>\n<table>\n<tbody>\n<tr>\n<th>System<\/th>\n<\/tr>\n<tr>\n<td>CPU<\/td>\n<td>Intel\u00ae Core&#x2122; i7-9850HE Processor<\/p>\n<p>(6 Cores\/12 Threads, 9M Cache, up to 4.40 GHz), 45W<\/p>\n<p>Intel\u00ae Core i7-9850HL Processor<\/p>\n<p>(6 Cores\/12 Threads, 9M Cache, up to 4.10 GHz), 25W<\/p>\n<p>XEON\u00ae E-2276ME Processor<\/p>\n<p>(6 Cores\/12 Threads, 12M Cache, up to 4.50 GHz), 45W<\/p>\n<p>XEON\u00ae E-2276ML Processor<\/p>\n<p>(6 Cores\/12 Threads, 12M Cache, up to 4.20 GHz), 25W<\/p>\n<p>Intel\u00ae Core&#x2122; i5-8400H Processor<\/p>\n<p>(6 Cores\/12 Threads, 8M Cache, up to 4.20 GHz),\u00a045W<\/td>\n<\/tr>\n<tr>\n<td>Memory type<\/td>\n<td>4x DDR4 2666MHz\u00a0260 Pin SO-DIMM<\/p>\n<p>(up to 128GB, Xeon\u00ae Sku Support ECC)<\/td>\n<\/tr>\n<tr>\n<td>Chipset<\/td>\n<td>CM246<\/td>\n<\/tr>\n<tr>\n<td>BIOS Core<\/td>\n<td>AMI\u00ae UEFI BIOS<\/td>\n<\/tr>\n<tr>\n<td>BIOS Flash<\/td>\n<td>SPI Flash<\/td>\n<\/tr>\n<tr>\n<td>Super I\/O<\/td>\n<td>ITE 8786<\/td>\n<\/tr>\n<tr>\n<td>TPM<\/td>\n<td>TPM 2.0 (SLB9665)<\/td>\n<\/tr>\n<tr>\n<td>iAMT<\/td>\n<td>iAMT 12.0<\/td>\n<\/tr>\n<tr>\n<td>Watchdog<\/td>\n<td>1-255 sec. or 1-255 min. software programmable and can be generate system reset<\/td>\n<\/tr>\n<tr>\n<th>Display<\/th>\n<\/tr>\n<tr>\n<td>Display Port<\/td>\n<td>Resolution up to 4096 x 2304 @ 60Hz<\/td>\n<\/tr>\n<tr>\n<td>Chipset<\/td>\n<td>Intel\u00ae UHD Graphics 630<\/td>\n<\/tr>\n<tr>\n<td>Multi-Display<\/td>\n<td>Triple simultaneous display with LVDS + 2x Mini-DP<\/td>\n<\/tr>\n<tr>\n<td>LVDS<\/td>\n<td>1* Dual Channel 24-bit LVDS, max resolution up to 1920 x 1080 @60Hz (w\/auto-dimming support)<\/td>\n<\/tr>\n<tr>\n<td><strong>Audio<\/strong><\/td>\n<td><\/td>\n<\/tr>\n<tr>\n<td>Codec<\/td>\n<td>ALC888S<\/td>\n<\/tr>\n<tr>\n<td><strong>Expansion Slot<\/strong><\/td>\n<\/tr>\n<tr>\n<td>M.2<\/td>\n<td>1x M.2 (M-key, type:2280, SATA\/PCIe 3.0 x4 NVMe)<\/td>\n<\/tr>\n<tr>\n<td>miniPCIe<\/td>\n<td>2x Full size (USB\/PCIe and 1x Micro SIM Card)<\/td>\n<\/tr>\n<tr>\n<td>PCIe\/104<\/td>\n<td>TYPE 2<\/td>\n<\/tr>\n<tr>\n<td>FPE<\/td>\n<td>1x FPE slot.<\/td>\n<\/tr>\n<tr>\n<td><strong>Ethernet<\/strong><\/td>\n<\/tr>\n<tr>\n<td>Chipset<\/td>\n<td>Intel\u00ae I210 &amp; I219LM GbE LAN (10\/100\/1000 Mbps supported )<\/td>\n<\/tr>\n<tr>\n<td>WOL<\/td>\n<td>Yes<\/td>\n<\/tr>\n<tr>\n<td>Boot from LAN<\/td>\n<td>Yes for PXE<\/td>\n<\/tr>\n<tr>\n<td><strong>Rear I\/O<\/strong><\/td>\n<td><\/td>\n<\/tr>\n<tr>\n<td>Display Port<\/td>\n<td>2*mini-DIP Display Port Female 20P 90D<\/td>\n<\/tr>\n<tr>\n<td><strong>Internal I\/O header (No Edge I\/O Needed)<\/strong><\/td>\n<\/tr>\n<tr>\n<td>SATA<\/td>\n<td>4x SATAIII (RAID 0,1,5) , from 2 up to 4 ports<\/td>\n<\/tr>\n<tr>\n<td>SATA power<\/td>\n<td>4x<\/td>\n<\/tr>\n<tr>\n<td>LVDS connector<\/td>\n<td>1x (30 pins) or equal &#8212;&gt; W\/Auto-dimming supports), Bright light control<\/td>\n<\/tr>\n<tr>\n<td>LVDS Inverter<\/td>\n<td>1x (10 pins) box header<\/td>\n<\/tr>\n<tr>\n<td>8 bit GPIO<\/td>\n<td>1x (4in\/4out) in a (10 pins) box header<\/td>\n<\/tr>\n<tr>\n<td>Serial<\/td>\n<td>2x RS232\/422\/485 (2x 10 pins) box header<\/td>\n<\/tr>\n<tr>\n<td>SIM card holder<\/td>\n<td>1x (Micro SIM) in mini-PCIe slot<\/td>\n<\/tr>\n<tr>\n<td>LAN<\/td>\n<td>2x 10\/100\/1000 Base (20 x 1.0 wire to Board connector)<\/td>\n<\/tr>\n<tr>\n<td>USB 3.0<\/td>\n<td>4x USB3.0 (2x 20GU 2.0 x 2.0mm box header)<\/td>\n<\/tr>\n<tr>\n<td>USB2.0<\/td>\n<td>4x USB2.0(2&#215;5 Pins) box header<\/td>\n<\/tr>\n<tr>\n<td>LPC<\/td>\n<td>1x LPC (10 pins ) box header<\/td>\n<\/tr>\n<tr>\n<td>Front Panel<\/td>\n<td>1 (2x 5 pins) Power BTN\/HDD LED\/Reset BTN\/PWR LED\/Buzzer<\/td>\n<\/tr>\n<tr>\n<td>Smart Fan<\/td>\n<td>1x CPU Fan &#8212;&gt;1x 4 pins for CPU(PWM mode)<\/td>\n<\/tr>\n<tr>\n<td>Audio<\/td>\n<td>1x MIC-IN \/ LINE OUT (10 pins) box header<\/td>\n<\/tr>\n<tr>\n<td>Battery<\/td>\n<td>1x RTC battery holder<\/td>\n<\/tr>\n<tr>\n<td>Power DC-IN<\/td>\n<td>1x (4 x 2pin) horizontal type<\/td>\n<\/tr>\n<tr>\n<td><strong>Mechanical and Environmental<\/strong><\/td>\n<\/tr>\n<tr>\n<td>Form Factor<\/td>\n<td>EBX<\/td>\n<\/tr>\n<tr>\n<td>Dimension<\/td>\n<td>146mm x\u00a0243mm<\/td>\n<\/tr>\n<tr>\n<td>Power Type<\/td>\n<td>DC-IN 12V<\/td>\n<\/tr>\n<tr>\n<td>Power Consumption<\/td>\n<td>180W<\/td>\n<\/tr>\n<tr>\n<td>Operation Temperature<\/td>\n<td>-40\u2103 ~ 85\u2103(ambient with air flow)<\/td>\n<\/tr>\n<tr>\n<td>Storage Temperature<\/td>\n<td>-40\u2103 ~ 85\u2103<\/td>\n<\/tr>\n<tr>\n<td>Relative humidity<\/td>\n<td>10% to 90%, non-condensing<\/td>\n<\/tr>\n<tr>\n<td><strong>Standard Compliance<\/strong><\/td>\n<\/tr>\n<tr>\n<td>Standard Compliance<\/td>\n<td>CE\/FCC<\/td>\n<\/tr>\n<tr>\n<td><strong>OS<\/strong><\/td>\n<\/tr>\n<tr>\n<td>OS Support<\/td>\n<td>Windows\u00ae 10 64-bit<\/p>\n<p>Linux (Support by request)<\/td>\n<\/tr>\n<\/tbody>\n<\/table>\n","protected":false},"excerpt":{"rendered":"<p>P\u0142yta g\u0142\u00f3wna SBC Intel\u00ae Xeon\u00ae 9. generacji, Core&#x2122; i7 EBX z PCIe\/104 Rugged Extreme Temperature &#8211; od -40\u00b0C do 85\u00b0C<\/p>\n<h4>Najwa\u017cniejsze cechy:<\/h4>\n<ul>\n<li>Procesor Intel\u00ae Xeon\u00ae \/ Core&#x2122; 9. \/ 8. generacji z maksymalnie 6 procesorami Intel\u00ae Xeon\u00ae E-2276ME \/ E-2276ML \/ Core&#x2122; i7-9850HE \/ i7-9850HL \/ i5-8400H<\/li>\n<li>Stakowalna magistrala PCIe\/104 (typ 2)<\/li>\n<li>Z\u0142\u0105cze FPE (1 x PCIe x16 lub 2 x PCIe x8 lub 1 x PCIe x8 + 2 x PCIe x4)<\/li>\n<li>4 modu\u0142y pami\u0119ci DDR4-2666 MHz SO-DIMM, do 128 GB, ECC dla procesor\u00f3w Xeon\u00ae<\/li>\n<li>Obs\u0142uga wielu wy\u015bwietlaczy jednocze\u015bnie przez trzy wy\u015bwietlacze z 48-bitowym LVDS+DP<\/li>\n<li>1 x M.2 2280 Klawisz M, 2x pe\u0142nowymiarowe mPCIe, 1x PCIe\/104, 1x FPE<\/li>\n<li>Dwa porty GbE, 4x SATA III, 2x RS232\/422\/485<\/li>\n<li>6x USB 3.0, 4x USB 2.0<\/li>\n<li>Rozszerzona temperatura pracy: od -40\u00b0C do 85\u00b0C<\/li>\n<\/ul>\n<h4>Wi\u0119cej informacji:<\/h4>\n<p>PERFECTRON, wiod\u0105cy pionier w dziedzinie system\u00f3w wzmocnionych i wbudowanych, wprowadza na rynek najnowszy komputer jednop\u0142ytkowy EBX OXY5741B. Komputer jednop\u0142ytkowy EBX ma wymiary 243 x 146 mm, zapewniaj\u0105c niezwyk\u0142\u0105 wydajno\u015b\u0107 obliczeniow\u0105 w ekstremalnych warunkach. Jest nap\u0119dzany procesorami Intel\u00ae Xeon\u00ae \/ Core&#x2122; 9. \/ 8. generacji. Wyposa\u017cony w procesor Intel Xeon E-2276ME i wzmocnion\u0105 architektur\u0119 EBX opart\u0105 na otwartym standardzie, PERFECTRON EBX zosta\u0142 opracowany wst\u0119pnie i pomy\u015blnie przeszed\u0142 testy \u015brodowiskowe. Nadal dzia\u0142a efektywnie w trudnych warunkach, w zakresie od -40\u00b0C do 85\u00b0C, dzi\u0119ki czemu jest&#8230; Idealne rozwi\u0105zanie dla zastosowa\u0144 w obronno\u015bci, transporcie i automatyce. Dodatkowe kluczowe funkcje, takie jak mo\u017cliwo\u015b\u0107 pi\u0119trowej rozbudowy PCIe\/104, elastyczne wej\u015bcia\/wyj\u015bcia oraz NVMe Gen 3.0 PCIex4 dla szybkiej i pojemnej pami\u0119ci masowej, sk\u0142adaj\u0105 si\u0119 na wszechstronn\u0105 architektur\u0119, kt\u00f3ra mo\u017ce sprosta\u0107 potrzebom klient\u00f3w.<\/p>\n<p><strong>Kluczowe cechy:<\/strong><\/p>\n<ul>\n<li>Procesor Intel\u00ae Xeon\u00ae\/Core&#x2122; 9.\/8. generacji z maksymalnie 6 rdzeniami i TDP 45 W\/25 W<\/li>\n<li>Komputer jednop\u0142ytkowy EBX z dedykowanym PCIe\/104 typu 2<\/li>\n<li>Dwukana\u0142owa pami\u0119\u0107 DDR4-2666 MHz do 128 GB*, ECC dla procesor\u00f3w Xeon<\/li>\n<li>Trzy jednoczesne wy\u015bwietlacze z 48-bitowym LVDS + HDMI + DP<\/li>\n<li>USB 3.0, TPM 2.0 i dysk SSD NVMe\/PCIe Gen3x4<\/li>\n<li>Podw\u00f3jny GbE, SATA III, RS-232\/422\/485<\/li>\n<li>M.2 M-Key 2280 i pe\u0142nowymiarowy mPCIe (jeden (obs\u0142uguje kart\u0119 SIM)<\/li>\n<\/ul>\n","protected":false},"featured_media":17011,"template":"","meta":{"_acf_changed":false,"inline_featured_image":false,"_monsterinsights_skip_tracking":false,"_monsterinsights_sitenote_active":false,"_monsterinsights_sitenote_note":"","_monsterinsights_sitenote_category":0},"product_brand":[],"product_cat":[623,509],"product_tag":[],"class_list":{"0":"post-17018","1":"product","2":"type-product","3":"status-publish","4":"has-post-thumbnail","6":"product_cat-ebx-sbc","7":"product_cat-perfectron","9":"first","10":"instock","11":"shipping-taxable","12":"product-type-simple"},"acf":[],"_links":{"self":[{"href":"https:\/\/quantum.com.pl\/pl\/wp-json\/wp\/v2\/product\/17018","targetHints":{"allow":["GET"]}}],"collection":[{"href":"https:\/\/quantum.com.pl\/pl\/wp-json\/wp\/v2\/product"}],"about":[{"href":"https:\/\/quantum.com.pl\/pl\/wp-json\/wp\/v2\/types\/product"}],"wp:featuredmedia":[{"embeddable":true,"href":"https:\/\/quantum.com.pl\/pl\/wp-json\/wp\/v2\/media\/17011"}],"wp:attachment":[{"href":"https:\/\/quantum.com.pl\/pl\/wp-json\/wp\/v2\/media?parent=17018"}],"wp:term":[{"taxonomy":"product_brand","embeddable":true,"href":"https:\/\/quantum.com.pl\/pl\/wp-json\/wp\/v2\/product_brand?post=17018"},{"taxonomy":"product_cat","embeddable":true,"href":"https:\/\/quantum.com.pl\/pl\/wp-json\/wp\/v2\/product_cat?post=17018"},{"taxonomy":"product_tag","embeddable":true,"href":"https:\/\/quantum.com.pl\/pl\/wp-json\/wp\/v2\/product_tag?post=17018"}],"curies":[{"name":"wp","href":"https:\/\/api.w.org\/{rel}","templated":true}]}}