{"id":17031,"date":"2025-08-07T13:47:09","date_gmt":"2025-08-07T11:47:09","guid":{"rendered":"https:\/\/quantum.com.pl\/product\/oxy5641a\/"},"modified":"2025-08-07T15:01:38","modified_gmt":"2025-08-07T13:01:38","slug":"oxy5641a","status":"publish","type":"product","link":"https:\/\/quantum.com.pl\/pl\/product\/oxy5641a\/","title":{"rendered":"OXY5641A"},"content":{"rendered":"<h4>Dane techniczne:<\/h4>\n<p>&nbsp;<\/p>\n<table>\n<tbody>\n<tr>\n<th><strong>System<\/strong><\/th>\n<th><\/th>\n<\/tr>\n<tr>\n<td>CPU<\/td>\n<td>Intel\u00ae Core&#x2122; i7-9850HE Processor<\/p>\n<p>(6 Cores\/12 Threads, 9M Cache, up to 4.40 GHz), 45W<\/p>\n<p>Intel\u00ae Core&#x2122;\u00a0i7-9850HL Processor<\/p>\n<p>(6 Cores\/12 Threads, 9M Cache, up to 4.10 GHz), 25W<\/p>\n<p>Intel\u00ae\u00a0Xeon<strong>\u00ae<\/strong> E-2276ME Processor<\/p>\n<p>(6 Cores\/12 Threads, 12M Cache, up to 4.50 GHz), 45W<\/p>\n<p>Intel\u00ae\u00a0Xeon<strong>\u00ae<\/strong> E-2276ML\u00a0Processor<\/p>\n<p>(6 Cores\/12 Threads, 12M Cache, up to 4.20 GHz), 25W<\/p>\n<p>Intel\u00ae Core&#x2122;\u00a0i5-8400H\u00a0Processor<\/p>\n<p>(6 Cores\/12 Threads, 8M Cache, up to 4.20 GHz), 45W<\/td>\n<\/tr>\n<tr>\n<td>Memory type<\/p>\n<p>Chipset<\/td>\n<td>2 x 260 Pin DDR4 2666MHz SO-DIMM(up to 64G. XEON SKU support ECC)<\/p>\n<p>CM246<\/td>\n<\/tr>\n<tr>\n<td>BIOS Core<\/td>\n<td>AMI\u00ae UEFI BIOS<\/td>\n<\/tr>\n<tr>\n<td>BIOS Flash<\/td>\n<td>SPI Flash<\/td>\n<\/tr>\n<tr>\n<td>Super I\/O<\/td>\n<td>ITE 8786<\/td>\n<\/tr>\n<tr>\n<td>TPM<\/td>\n<td>TPM 2.0(SLB9665)<\/td>\n<\/tr>\n<tr>\n<td>iAMT<\/td>\n<td>iAMT 12.0<\/td>\n<\/tr>\n<tr>\n<td>Watchdog<\/td>\n<td>1-255 sec. or 1-255 min. software programmable and can be generate system reset<\/td>\n<\/tr>\n<tr>\n<th><strong>Expansion Slot<\/strong><\/th>\n<th><\/th>\n<\/tr>\n<tr>\n<td>M.2<\/td>\n<td>1 x M.2 2230 E-key ( Wifi &amp; BT)<\/td>\n<\/tr>\n<tr>\n<td>Mini PCIe<\/td>\n<td>2 x Full size (USB \/ PCIe and 1 x micro SIM card)<\/td>\n<\/tr>\n<tr>\n<td>Mini SAS<\/td>\n<td>1<\/td>\n<\/tr>\n<tr>\n<th><strong>Display<\/strong><\/th>\n<th><\/th>\n<\/tr>\n<tr>\n<td>Chipset<\/td>\n<td>Intel\u00ae UHD Graphics 630<\/td>\n<\/tr>\n<tr>\n<td>LVDS<\/td>\n<td>Dual Channel 24bit LVDS, max resolution up to 1920 x 1200 @ 60Hz<\/td>\n<\/tr>\n<tr>\n<td>Display Port<\/td>\n<td>Up to 4096 x 2304 @ 60Hz<\/td>\n<\/tr>\n<tr>\n<td>HDMI<\/td>\n<td>Up to 4096 x 2160 @ 30Hz<\/td>\n<\/tr>\n<tr>\n<td>Multi-Display<\/td>\n<td>Triple simultaneous display with 48-bit LVDS+DP+HDMI<\/td>\n<\/tr>\n<tr>\n<th><strong>Audio<\/strong><\/th>\n<th><\/th>\n<\/tr>\n<tr>\n<td>Codec<\/td>\n<td>ALC888S<\/td>\n<\/tr>\n<tr>\n<th><strong>Ethernet<\/strong><\/th>\n<th><\/th>\n<\/tr>\n<tr>\n<td>Chipset<\/td>\n<td>Intel\u00aeI210 &amp; I219LM GbE LAN(10\/100\/1000 Mbps supported)<\/td>\n<\/tr>\n<tr>\n<td>WOL<\/td>\n<td>Yes<\/td>\n<\/tr>\n<tr>\n<td>Boot from LAN<\/td>\n<td>Yes for PXE<\/td>\n<\/tr>\n<tr>\n<th><strong>External I\/O<\/strong><\/th>\n<th><\/th>\n<td><\/td>\n<\/tr>\n<tr>\n<td>Display Port<\/td>\n<td>1<\/td>\n<\/tr>\n<tr>\n<td>HDMI<\/td>\n<td>1<\/td>\n<\/tr>\n<tr>\n<td>USB3.0<\/td>\n<td>4<\/td>\n<\/tr>\n<tr>\n<td>LAN<\/td>\n<td>4<\/td>\n<\/tr>\n<tr>\n<th><strong>Internal I\/O<\/strong><\/th>\n<th><\/th>\n<\/tr>\n<tr>\n<td>USB2.0<\/td>\n<td>2(Bottom side)<\/td>\n<\/tr>\n<tr>\n<td>GPIO<\/td>\n<td>1(4in\/4out)<\/td>\n<\/tr>\n<tr>\n<td>SATAIII<\/td>\n<td>2(0 , 1 RAID)<\/td>\n<\/tr>\n<tr>\n<td>SATA power<\/td>\n<td>2<\/td>\n<\/tr>\n<tr>\n<td>Audio<\/td>\n<td>1(Mic-in\/Line-out)<\/td>\n<\/tr>\n<tr>\n<td>Serial<\/td>\n<td>2(1 x RS232\/422\/485 autoflow control)<\/td>\n<\/tr>\n<tr>\n<td>LVDS connector<\/td>\n<td>1<\/td>\n<\/tr>\n<tr>\n<td>LVDS inverter<\/td>\n<td>1(Bottom side)<\/td>\n<\/tr>\n<tr>\n<td>LPC<\/td>\n<td>1<\/td>\n<\/tr>\n<tr>\n<td>CPU Fan<\/td>\n<td>1<\/td>\n<\/tr>\n<tr>\n<td>SIM card<\/td>\n<td>1(Push-Push Micro SIM)(Bottom side)<\/td>\n<\/tr>\n<tr>\n<td>Front Panel Control<\/td>\n<td>1(Power LED, HD LED, Reset, Power Switch, Buzzer)<\/td>\n<\/tr>\n<tr>\n<td>Power connector<\/td>\n<td>1(2-pin terminal block)<\/td>\n<\/tr>\n<tr>\n<th><strong>Mechanical and Environmental<\/strong><\/th>\n<th><\/th>\n<\/tr>\n<tr>\n<td>Form Factor<\/td>\n<td>EPIC<\/td>\n<\/tr>\n<tr>\n<td>Power Type<\/td>\n<td>DC-IN\u00a09~36V<\/td>\n<\/tr>\n<tr>\n<td>Power Consumption<\/td>\n<td>120W<\/td>\n<\/tr>\n<tr>\n<td>Dimension<\/td>\n<td>180mm x 115mm<\/td>\n<\/tr>\n<tr>\n<td>Operating Temperature<\/td>\n<td>UT : -40 to 85\u2103<\/td>\n<\/tr>\n<tr>\n<td>Storage Temperature<\/td>\n<td>-40 to 85\u2103<\/td>\n<\/tr>\n<tr>\n<td>Relative humidity<\/td>\n<td>10% to 90%, non-condensing<\/td>\n<\/tr>\n<tr>\n<th>Standard Compliance<\/th>\n<th><\/th>\n<\/tr>\n<tr>\n<td>Standard Compliance<\/td>\n<td>CE\/FCC<\/td>\n<\/tr>\n<tr>\n<th>OS<\/th>\n<th><\/th>\n<\/tr>\n<tr>\n<td>OS Support<\/td>\n<td>Windows\u00ae10 64-bit<\/p>\n<p>Linux(Support by request)<\/td>\n<\/tr>\n<\/tbody>\n<\/table>\n","protected":false},"excerpt":{"rendered":"<p>Procesor Intel\u00ae Xeon\u00ae 9. generacji, Core&#x2122; i7 EPIC z interfejsem Mini SAS, odporny na ekstremalne temperatury od -40 do 85\u00b0C<\/p>\n<h4>Najwa\u017cniejsze cechy:<\/h4>\n<ul>\n<li>Procesor Intel\u00ae Xeon\u00ae \/ Core&#x2122; 9. \/ 8. generacji z maksymalnie 6 rdzeniami i moc\u0105 45 W \/ 25 W<\/li>\n<li>Rozszerzenia Mini SAS obs\u0142uguj\u0105 sygna\u0142 PCIe Gen3 x 4<\/li>\n<li>Dwukana\u0142owa pami\u0119\u0107 DDR4-2666 do 64 GB, ECC dla procesor\u00f3w Xeon<\/li>\n<li>Obs\u0142uga wielu wy\u015bwietlaczy jednocze\u015bnie: trzy wy\u015bwietlacze z 48-bitowym LVDS + DP + HDMI<\/li>\n<li>4 x USB 3.0, 2 x USB 2.0, 1 x TPM 2.0, 2 x COM (1 x obs\u0142uguje RS-232\/422\/485)<\/li>\n<li>4 x GbE LAN, 2 x SATA III (RAID 0, 1)<\/li>\n<li>Klucz M.2 E-key 2230 (Wi-Fi i Bluetooth)<\/li>\n<li>2 x Pe\u0142nowymiarowe mPCIe (1 x obs\u0142uga karty SIM)<\/li>\n<li>Temperatura rozszerzona: od -40 do 85\u00b0C<\/li>\n<\/ul>\n","protected":false},"featured_media":17021,"template":"","meta":{"_acf_changed":false,"inline_featured_image":false,"_monsterinsights_skip_tracking":false,"_monsterinsights_sitenote_active":false,"_monsterinsights_sitenote_note":"","_monsterinsights_sitenote_category":0},"product_brand":[],"product_cat":[615,509],"product_tag":[],"class_list":{"0":"post-17031","1":"product","2":"type-product","3":"status-publish","4":"has-post-thumbnail","6":"product_cat-epic-sbc","7":"product_cat-perfectron","9":"first","10":"instock","11":"shipping-taxable","12":"product-type-simple"},"acf":[],"_links":{"self":[{"href":"https:\/\/quantum.com.pl\/pl\/wp-json\/wp\/v2\/product\/17031","targetHints":{"allow":["GET"]}}],"collection":[{"href":"https:\/\/quantum.com.pl\/pl\/wp-json\/wp\/v2\/product"}],"about":[{"href":"https:\/\/quantum.com.pl\/pl\/wp-json\/wp\/v2\/types\/product"}],"wp:featuredmedia":[{"embeddable":true,"href":"https:\/\/quantum.com.pl\/pl\/wp-json\/wp\/v2\/media\/17021"}],"wp:attachment":[{"href":"https:\/\/quantum.com.pl\/pl\/wp-json\/wp\/v2\/media?parent=17031"}],"wp:term":[{"taxonomy":"product_brand","embeddable":true,"href":"https:\/\/quantum.com.pl\/pl\/wp-json\/wp\/v2\/product_brand?post=17031"},{"taxonomy":"product_cat","embeddable":true,"href":"https:\/\/quantum.com.pl\/pl\/wp-json\/wp\/v2\/product_cat?post=17031"},{"taxonomy":"product_tag","embeddable":true,"href":"https:\/\/quantum.com.pl\/pl\/wp-json\/wp\/v2\/product_tag?post=17031"}],"curies":[{"name":"wp","href":"https:\/\/api.w.org\/{rel}","templated":true}]}}