{"id":17037,"date":"2025-08-08T15:30:52","date_gmt":"2025-08-08T13:30:52","guid":{"rendered":"https:\/\/quantum.com.pl\/product\/ins8365a\/"},"modified":"2025-08-08T15:41:31","modified_gmt":"2025-08-08T13:41:31","slug":"ins8365a","status":"publish","type":"product","link":"https:\/\/quantum.com.pl\/pl\/product\/ins8365a\/","title":{"rendered":"INS8365A"},"content":{"rendered":"<h4>Dane techniczne:<\/h4>\n<table class=\"Table\">\n<tbody>\n<tr>\n<th><strong>Operating Temp.<\/strong><\/th>\n<th><\/th>\n<\/tr>\n<tr>\n<td>ET : -20\u00b0C to 70\u00b0C<\/td>\n<td><\/td>\n<\/tr>\n<tr>\n<th><strong>System<\/strong><\/th>\n<th><\/th>\n<\/tr>\n<tr>\n<td>CPU Type<\/td>\n<td>LGA1151 for Intel\u00ae 9th\/ 8th Gen (Coffee Lake-S) Core&#x2122; Processors,up to 65W<\/td>\n<\/tr>\n<tr>\n<td>Chipset<\/p>\n<p>TPM2.0<\/td>\n<td>Intel\u00ae Q370<\/p>\n<p>On board<\/td>\n<\/tr>\n<tr>\n<td>Memory Type<\/td>\n<td>Intel Core i9\/i7\/i5 CPUs support up to 64GB (32GB per DIMM)<\/p>\n<p>Intel Core i3\/Pentium\/Celeron CPUs support up to 32GB (16GB per DIMM)<\/td>\n<\/tr>\n<tr>\n<td>BIOS<\/td>\n<td>AMI\u00ae UEFI BIOS<\/td>\n<\/tr>\n<tr>\n<td>Watchdog<\/td>\n<td>1-255 sec<\/td>\n<\/tr>\n<tr>\n<th><strong>Expansion Slot<\/strong><\/th>\n<th><\/th>\n<\/tr>\n<tr>\n<td>Mini PCIe<\/td>\n<td>1 x (PCIex1, USB 2.0)<\/td>\n<\/tr>\n<tr>\n<td>PCIe<\/td>\n<td>1 x PCIex16<\/td>\n<\/tr>\n<tr>\n<td>M.2 Slot<\/td>\n<td>1 x 2230 (PCIex1, USB 2.0)<\/p>\n<p>1 x 2242\/2260\/2280 (PCIex4, SATA3)<\/td>\n<\/tr>\n<tr>\n<th><strong>Display<\/strong><\/th>\n<th><\/th>\n<\/tr>\n<tr>\n<td>Chipset<\/td>\n<td>Intel\u00ae HD Graphics Gen9 Engines with Low power 16 execution unit,<\/p>\n<p>Supports DX11.3\/12, OpenGL 4.3\/4.4\/4.5and OpenCL1.2\/2.0\/2.1<\/td>\n<\/tr>\n<tr>\n<td>DisplayPort<\/td>\n<td>Resolution up to 4096&#215;2304@60Hz<\/td>\n<\/tr>\n<tr>\n<td>eDP<\/td>\n<td>Resolution up to 4096&#215;2304@60Hz<\/td>\n<\/tr>\n<tr>\n<td>LVDS<\/td>\n<td>Dual Channel 24-bit, max resolution up to 1920&#215;1200@60Hz<\/td>\n<\/tr>\n<tr>\n<th><strong>Ethernet<\/strong><\/th>\n<th><\/th>\n<\/tr>\n<tr>\n<td>Chipset<\/td>\n<td>1 x Intel I210-AT, 1 x I219-LM GbE<\/td>\n<\/tr>\n<tr>\n<th><strong>Power Requirements<\/strong><\/th>\n<th><\/th>\n<\/tr>\n<tr>\n<td>Power Type<\/td>\n<td>12V\/19~28V DC-IN<\/td>\n<\/tr>\n<tr>\n<th><strong>Audio<\/strong><\/th>\n<th><\/th>\n<\/tr>\n<tr>\n<td>Codec<\/td>\n<td>Realtek ALC887<\/td>\n<\/tr>\n<tr>\n<th><strong>Rear I\/O<\/strong><\/th>\n<th><\/th>\n<\/tr>\n<tr>\n<td>DisplayPort<\/td>\n<td>3<\/td>\n<\/tr>\n<tr>\n<td>Ethernet<\/td>\n<td>2 x RJ45<\/td>\n<\/tr>\n<tr>\n<td>USB<\/td>\n<td>4 x USB 3.0<\/td>\n<\/tr>\n<tr>\n<td>Audio<\/td>\n<td>1 x Line-Out, 1 x MIC-In<\/td>\n<\/tr>\n<tr>\n<td>DC-IN<\/td>\n<td>1<\/td>\n<\/tr>\n<tr>\n<th><strong>Internal I\/O<\/strong><\/th>\n<th><\/th>\n<\/tr>\n<tr>\n<td>SATA<\/td>\n<td>2 x SATAIII (6Gb\/s)<\/td>\n<\/tr>\n<tr>\n<td>COM<\/td>\n<td>2 x RS232, 2 x RS232\/422\/485<\/td>\n<\/tr>\n<tr>\n<td>eDP<\/td>\n<td>1<\/td>\n<\/tr>\n<tr>\n<td>LVDS<\/td>\n<td>1<\/td>\n<\/tr>\n<tr>\n<td>USB<\/td>\n<td>4 x USB2.0<\/td>\n<\/tr>\n<tr>\n<td>GPIO<\/td>\n<td>4 x GPI, 4 x GPO<\/td>\n<\/tr>\n<tr>\n<td><\/td>\n<td><\/td>\n<\/tr>\n<tr>\n<th><strong>Mechanical and Environment<\/strong><\/th>\n<th><\/th>\n<\/tr>\n<tr>\n<td>Form Factor<\/td>\n<td>Mini ITX<\/td>\n<\/tr>\n<tr>\n<td>Power Type<\/td>\n<td>12V\/19-28V DC-in<\/td>\n<\/tr>\n<tr>\n<td>Dimension<\/td>\n<td>170mm x 170mm<\/td>\n<\/tr>\n<tr>\n<td>Operating Temp.<\/td>\n<td>ET : -20\u00b0C to 70\u00b0C<\/td>\n<\/tr>\n<tr>\n<td>Storage Temp.<\/td>\n<td>-40\u00b0C to 85\u00b0C<\/td>\n<\/tr>\n<tr>\n<td>Relative Humidity<\/td>\n<td>10%-90% (non-condensing)<\/td>\n<\/tr>\n<\/tbody>\n<\/table>\n","protected":false},"excerpt":{"rendered":"<div class=\"col-sm-6 bs-region bs-region--right\">\n<div class=\"product__body\"><\/div>\n<p>P\u0142yta g\u0142\u00f3wna Mini ITX z procesorem Intel\u00ae Coffee Lake Refresh 9\/8 generacji i chipsetem Q370 Express<\/p>\n<h4>Najwa\u017cniejsze cechy:<\/h4>\n<ul>\n<li>Obs\u0142uguje procesory Intel\u00ae Core&#x2122; 9\/8 generacji (Coffee Lake-S), do 65 W<\/li>\n<li>Obs\u0142uguje dwukana\u0142ow\u0105 pami\u0119\u0107 DDR4 SODIMM 2400\/2666, do 64 GB<\/li>\n<li>3 x DisplayPort, 1 x eDP, 1 x dwukana\u0142owy 24-bitowy LVDS<\/li>\n<li>4 x USB 3.0, 4 x USB 2.0, 2 x SATA, 4 x COM<\/li>\n<li>1 x PCIe x16, 1 x mini-PCIe, 2 x gniazdo rozszerze\u0144 M.2<\/li>\n<li>2 x Intel Gigabit Ethernet<\/li>\n<li>Wbudowany modu\u0142 TPM2.0<\/li>\n<li>12 V\/19~28 V DC-in<\/li>\n<li>Rozszerzona temperatura pracy: od -20\u00b0C do 70\u00b0C<\/li>\n<\/ul>\n<\/div>\n","protected":false},"featured_media":17036,"template":"","meta":{"_acf_changed":false,"inline_featured_image":false,"_monsterinsights_skip_tracking":false,"_monsterinsights_sitenote_active":false,"_monsterinsights_sitenote_note":"","_monsterinsights_sitenote_category":0},"product_brand":[],"product_cat":[633,509],"product_tag":[],"class_list":{"0":"post-17037","1":"product","2":"type-product","3":"status-publish","4":"has-post-thumbnail","6":"product_cat-mini-itx-imb","7":"product_cat-perfectron","9":"first","10":"instock","11":"shipping-taxable","12":"product-type-simple"},"acf":[],"_links":{"self":[{"href":"https:\/\/quantum.com.pl\/pl\/wp-json\/wp\/v2\/product\/17037","targetHints":{"allow":["GET"]}}],"collection":[{"href":"https:\/\/quantum.com.pl\/pl\/wp-json\/wp\/v2\/product"}],"about":[{"href":"https:\/\/quantum.com.pl\/pl\/wp-json\/wp\/v2\/types\/product"}],"wp:featuredmedia":[{"embeddable":true,"href":"https:\/\/quantum.com.pl\/pl\/wp-json\/wp\/v2\/media\/17036"}],"wp:attachment":[{"href":"https:\/\/quantum.com.pl\/pl\/wp-json\/wp\/v2\/media?parent=17037"}],"wp:term":[{"taxonomy":"product_brand","embeddable":true,"href":"https:\/\/quantum.com.pl\/pl\/wp-json\/wp\/v2\/product_brand?post=17037"},{"taxonomy":"product_cat","embeddable":true,"href":"https:\/\/quantum.com.pl\/pl\/wp-json\/wp\/v2\/product_cat?post=17037"},{"taxonomy":"product_tag","embeddable":true,"href":"https:\/\/quantum.com.pl\/pl\/wp-json\/wp\/v2\/product_tag?post=17037"}],"curies":[{"name":"wp","href":"https:\/\/api.w.org\/{rel}","templated":true}]}}