{"id":17060,"date":"2025-08-11T12:32:47","date_gmt":"2025-08-11T10:32:47","guid":{"rendered":"https:\/\/quantum.com.pl\/product\/ins8370a\/"},"modified":"2025-08-11T15:51:27","modified_gmt":"2025-08-11T13:51:27","slug":"ins8370a","status":"publish","type":"product","link":"https:\/\/quantum.com.pl\/pl\/product\/ins8370a\/","title":{"rendered":"INS8370A"},"content":{"rendered":"<h4>Dane techniczne:<\/h4>\n<table>\n<tbody>\n<tr>\n<th colspan=\"2\"><strong>System<\/strong><\/th>\n<\/tr>\n<tr>\n<td>CPU<\/td>\n<td>10th Gen Intel\u00ae Comet Lake LGA1200 Socket Processor \/ 10core TDP Max 35W \/ 8ccore TDP 65W \/ (ATX support 6core 95W)<\/td>\n<\/tr>\n<tr>\n<td>System Memory<\/td>\n<td>DDR4 2933\/2666\/2400MHz \/ 2 x 260-pin SO-DIMM \/ Max. 64 GB (Non-ECC)<\/td>\n<\/tr>\n<tr>\n<td>Chipset<\/td>\n<td>Intel\u00ae Q470E (Support RAID 0 \/ 1 \/ 5, VPro) \/ colay H420E<\/td>\n<\/tr>\n<tr>\n<td>Graphics<\/td>\n<td>Intel\u00ae I219-LM Giga LAN + Intel\u00ae I210-AT Giga LAN<\/td>\n<\/tr>\n<tr>\n<td>Ethernet<\/td>\n<td>Intel\u00ae I219-LM Giga LAN + Intel\u00ae I210-AT Giga LAN<\/td>\n<\/tr>\n<tr>\n<td>Audio<\/td>\n<td>Realtek\u00ae ALC662 \/ ALC888<\/td>\n<\/tr>\n<tr>\n<td>I\/O Chipset<\/td>\n<td>Nuvoton NCT6126D(eSPI)<\/td>\n<\/tr>\n<tr>\n<td>TPM<\/td>\n<td>Nuvoton NPCT750AAAYX TPM2.0 (Optional)<\/td>\n<\/tr>\n<tr>\n<td>Eepansion Slot<\/td>\n<td>1 x M.2 2230 E-key(PCIe \/ USB) \/ PCIe 3.0 X16 slot \/ M.2 2242 \/ 2280 M-key (PCIeX4, SATA) \/ Mini PCIe Full size (PCIe \/ USB \/ SATA)<\/td>\n<\/tr>\n<tr>\n<td>BIOS<\/td>\n<td>AMI BIOS \/ 256 Mbit SPI<\/td>\n<\/tr>\n<tr>\n<td>H\/W Monitor<\/td>\n<td>Temperature Monitor \/ Voltage Monitor \/ Fan Monitor<\/td>\n<\/tr>\n<tr>\n<td>Watchdog Timer<\/td>\n<td>1~255 steps by software program<\/td>\n<\/tr>\n<tr>\n<td>Smart Fan Control<\/td>\n<td>CPU Fan \/ System Fan<\/td>\n<\/tr>\n<tr>\n<th colspan=\"2\"><strong>Graphic<\/strong><\/th>\n<\/tr>\n<tr>\n<td>HDMI<\/td>\n<td>Up to 4K (4096 x 2160) @30 Hz<\/td>\n<\/tr>\n<tr>\n<td>Displayport<\/td>\n<td>Up to 4K (4096 x 2304) @60 Hz<\/td>\n<\/tr>\n<tr>\n<td>LVDS<\/td>\n<td>Up to 1920 x 1200 @60 Hz<\/td>\n<\/tr>\n<tr>\n<td>eDP (Option)<\/td>\n<td>Up to 4K (4096 x 2304) @60 Hz<\/td>\n<\/tr>\n<tr>\n<th colspan=\"2\"><strong>Rear I\/O<\/strong><\/th>\n<td><\/td>\n<\/tr>\n<tr>\n<td>USB<\/td>\n<td>4 x USB 2.0 \/ 4 x USB 3.2 Gen 2 (Q470E)<\/td>\n<\/tr>\n<tr>\n<td>Display I\/O<\/td>\n<td>1 x HDMI 1.4 \/ 1 x DisplayPort 1.2<\/td>\n<\/tr>\n<tr>\n<td>Audio I\/O<\/td>\n<td>1 x Mic-in \/ 1 x Line-out \/ 1 x Line-in<\/td>\n<\/tr>\n<tr>\n<td>Lan I\/O<\/td>\n<td>2 x RJ-45<\/td>\n<\/tr>\n<tr>\n<td>Serial Port<\/td>\n<td>2 x RS232 (one support RS422,\/485)<\/td>\n<\/tr>\n<tr>\n<th colspan=\"2\"><strong>INTERNAL I\/O<\/strong><\/th>\n<\/tr>\n<tr>\n<td>Storage<\/td>\n<td>2 x SATAIII<\/td>\n<\/tr>\n<tr>\n<td>USB<\/td>\n<td>1 x USB 3.0 \/ 2 x USB 2.0<\/td>\n<\/tr>\n<tr>\n<td>Display I\/O<\/td>\n<td>1 x LVDS (*Optional eDP SKU available) \/ 1 x Backlight Connector<\/td>\n<\/tr>\n<tr>\n<td>GPIO<\/td>\n<td>1 x MiAPI Header (Programmable. Support 10-bit GPIO)<\/td>\n<\/tr>\n<tr>\n<td>Fan<\/td>\n<td>1 x 4-pin CPU Fan Header \/ 1 x 4-pin System Fan Header<\/td>\n<\/tr>\n<tr>\n<td>Power<\/td>\n<td>1 x ATX Power Connector \/ 1 x AT \/ ATX Mode Select Jumper \/ ATX 12V Power Connector (24-pin + 4-pin)<\/td>\n<\/tr>\n<tr>\n<td>Others<\/td>\n<td>1 x CMOS Jumper \/ 1 x Front Audio Header (Mic-in &amp; Line-out) \/ 1 x panel power select header \/ 1x buzzer header \/ 1 x SPDIF<\/td>\n<\/tr>\n<tr>\n<th colspan=\"2\"><strong>POWER REQUIREMENT<\/strong><\/th>\n<\/tr>\n<tr>\n<td>Power Input<\/td>\n<td>ATX 24-pin + 4-pin \/ 12V DC (3pin terminal connector via cable by connecting to ATX 24-pin + 4-pin )<\/td>\n<\/tr>\n<tr>\n<th colspan=\"2\"><strong>Environmental<\/strong><\/th>\n<\/tr>\n<tr>\n<td>Operating Temp.<\/td>\n<td>ET: -20\u00b0C ~ 70\u00b0C (-4\u00b0F ~158\u00b0F)<\/p>\n<p>UT:\u00a0-40\u00b0C ~ 85\u00b0C (-40\u00b0F ~185\u00b0F)<\/td>\n<\/tr>\n<tr>\n<td>Storage Temp.<\/td>\n<td>-40\u00b0C ~ 85\u00b0C (-40\u00b0F ~185\u00b0F)<\/td>\n<\/tr>\n<tr>\n<td>Operating Hum.<\/td>\n<td>10% ~ 95% R\/H (Non-condensing)<\/td>\n<\/tr>\n<tr>\n<th colspan=\"2\"><strong>Standard Compliance<\/strong><\/th>\n<\/tr>\n<tr>\n<td>Standard Compliance<\/td>\n<td>CE \/ FCC<\/td>\n<\/tr>\n<tr>\n<th colspan=\"2\"><strong>OS<\/strong><\/th>\n<\/tr>\n<tr>\n<td>OS Support<\/td>\n<td>Windows\u00ae 10 64-bit \/ Linux (support by request)<\/td>\n<\/tr>\n<\/tbody>\n<\/table>\n","protected":false},"excerpt":{"rendered":"<p>P\u0142yta Mini-ITX z procesorem Intel\u00ae Comet Lake 10th oraz chipsetem Q470E \/ H420E<\/p>\n<h4>Najwa\u017cniejsze cechy:<\/h4>\n<ul>\n<li>Procesor Intel\u00ae Comet Lake 10th i9 35W i i5 95W LGA<\/li>\n<li>Chipset Intel\u00ae Q470E \/ H420E<\/li>\n<li>Obs\u0142uga technologii Intel\u00ae vPro (Q470E)<\/li>\n<li>2 x DDR4 SO-DIMM do 64 GB<\/li>\n<li>Obs\u0142uga trzech wy\u015bwietlaczy dla HDMI, DisplayPort i LVDS\/eDP (Q470E)<\/li>\n<li>1 x M.2 2280 M-key (NVME), 1 x M.2 2230 E-key (CNVi), 1 x mPCIe Full Size, 1 x PCIe X16<\/li>\n<li>2 x Intel\u00ae Gigabit Ethernet<\/li>\n<li>Wej\u015bcie ATX lub pojedyncze 12 V DC<\/li>\n<li>Temperatura pracy: ET: -20\u00b0C ~ 70\u00b0C; UT: -40\u00b0C ~ 85\u00b0C<\/li>\n<\/ul>\n<p>&nbsp;<\/p>\n<p><span class=\"HwtZe\" lang=\"pl\"><span class=\"jCAhz ChMk0b\"><span class=\"ryNqvb\">INS8370A to wydajne rozwi\u0105zanie Mini-ITX oparte na dziesi\u0105tym procesorze Intel\u00ae Comet Lake z chipsetem Q470E\/H420E, przeznaczone do sieci brzegowych, p\u0142aszczyzny sterowania i rozwi\u0105za\u0144 pami\u0119ci masowej klasy \u015bredniej wymagaj\u0105cych wysokiej wydajno\u015bci na rdze\u0144.<\/span><\/span> <span class=\"jCAhz ChMk0b\"><span class=\"ryNqvb\">Wyposa\u017cone jest w potr\u00f3jny wy\u015bwietlacz (HDMI, DisplayPort i LVDS\/eDP), dwa porty Intel Gigabit Ethernet LAN oraz wiele mo\u017cliwo\u015bci rozbudowy: gniazdo PCIe 3.0 x16, klucz E M.2 2230 \/ klucz M M.2 2242\/2280 oraz pe\u0142nowymiarowe gniazdo Mini PCIe.<\/span><\/span><span class=\"jCAhz ChMk0b\"><span class=\"ryNqvb\"> INS8370A mo\u017ce by\u0107 wdra\u017cany do r\u00f3\u017cnorodnych obci\u0105\u017ce\u0144 \u2013 od centr\u00f3w danych po inteligentne rozwi\u0105zania brzegowe \u2013 w rozwi\u0105zaniach sieciowych, bezprzewodowych stacjach bazowych, rozwi\u0105zaniach pami\u0119ci masowej klasy \u015bredniej, przemys\u0142owym Internecie Rzeczy (IoT), dynamicznym serwowaniu stron internetowych, g\u0119stych\/wytrzyma\u0142ych \u015brodowiskach poza centrum danych i wielu innych.<\/span><\/span><\/span><\/p>\n","protected":false},"featured_media":17055,"template":"","meta":{"_acf_changed":false,"inline_featured_image":false,"_monsterinsights_skip_tracking":false,"_monsterinsights_sitenote_active":false,"_monsterinsights_sitenote_note":"","_monsterinsights_sitenote_category":0},"product_brand":[],"product_cat":[633,509],"product_tag":[],"class_list":{"0":"post-17060","1":"product","2":"type-product","3":"status-publish","4":"has-post-thumbnail","6":"product_cat-mini-itx-imb","7":"product_cat-perfectron","9":"first","10":"instock","11":"shipping-taxable","12":"product-type-simple"},"acf":[],"_links":{"self":[{"href":"https:\/\/quantum.com.pl\/pl\/wp-json\/wp\/v2\/product\/17060","targetHints":{"allow":["GET"]}}],"collection":[{"href":"https:\/\/quantum.com.pl\/pl\/wp-json\/wp\/v2\/product"}],"about":[{"href":"https:\/\/quantum.com.pl\/pl\/wp-json\/wp\/v2\/types\/product"}],"wp:featuredmedia":[{"embeddable":true,"href":"https:\/\/quantum.com.pl\/pl\/wp-json\/wp\/v2\/media\/17055"}],"wp:attachment":[{"href":"https:\/\/quantum.com.pl\/pl\/wp-json\/wp\/v2\/media?parent=17060"}],"wp:term":[{"taxonomy":"product_brand","embeddable":true,"href":"https:\/\/quantum.com.pl\/pl\/wp-json\/wp\/v2\/product_brand?post=17060"},{"taxonomy":"product_cat","embeddable":true,"href":"https:\/\/quantum.com.pl\/pl\/wp-json\/wp\/v2\/product_cat?post=17060"},{"taxonomy":"product_tag","embeddable":true,"href":"https:\/\/quantum.com.pl\/pl\/wp-json\/wp\/v2\/product_tag?post=17060"}],"curies":[{"name":"wp","href":"https:\/\/api.w.org\/{rel}","templated":true}]}}