{"id":17072,"date":"2025-08-11T14:52:25","date_gmt":"2025-08-11T12:52:25","guid":{"rendered":"https:\/\/quantum.com.pl\/product\/ins8324a\/"},"modified":"2025-08-11T15:49:56","modified_gmt":"2025-08-11T13:49:56","slug":"ins8324a","status":"publish","type":"product","link":"https:\/\/quantum.com.pl\/pl\/product\/ins8324a\/","title":{"rendered":"INS8324A"},"content":{"rendered":"<p>Dane techniczne:<\/p>\n<table>\n<tbody>\n<tr>\n<th colspan=\"2\"><strong>System<\/strong><\/th>\n<\/tr>\n<tr>\n<td>CPU<\/td>\n<td>Intel\u00ae Elkhart Lake:<\/p>\n<p>Celeron J6413 (1.5M Cache, up to 3.00 GHz , TDP 10W)<\/p>\n<p>Pentium N6415(1.5M Cache, up to 3.00 GHz, TDP 6.5W)<\/p>\n<p>Celeron N6211(1.5M Cache, up to 3.00 GHz, TDP 6.5W)<\/p>\n<p>Celeron N6210(1.5M Cache, up to 2.60 GHz, TDP 6.5W)<\/p>\n<p>Atom x6413E(1.5M Cache, up to 2.60 GHz, TDP 9W)<\/td>\n<\/tr>\n<tr>\n<td>Memory type<\/td>\n<td>DDR4 3200 MHz \/ 2 x 260-pin SO-DIMM \/ Max. 32GB (Non-ECC)<\/td>\n<\/tr>\n<tr>\n<td>Chipset<\/td>\n<td>Intel\u00ae SoC Integrated<\/td>\n<\/tr>\n<tr>\n<td>TPM<\/td>\n<td>Nuvoton NPCT750AABYX TPM2.0 (Optional)<\/td>\n<\/tr>\n<tr>\n<td>I\/O Chipset<\/td>\n<td>Nuvoton NCT6126D(eSPI)<\/td>\n<\/tr>\n<tr>\n<td>Watchdog<\/td>\n<td>1-255 sec. or 1-255 min. software programmable and can be generate system reset<\/td>\n<\/tr>\n<tr>\n<th colspan=\"2\"><strong>Display<\/strong><\/th>\n<\/tr>\n<tr>\n<td>Display Port<\/td>\n<td>Up to 4K (4096 x 2160) @60 Hz<\/td>\n<\/tr>\n<tr>\n<td>HDMI<\/td>\n<td>Up to 4K (4096 x 2160) @60 Hz<\/td>\n<\/tr>\n<tr>\n<td>eDP (Option)<\/td>\n<td>Up to 4K (4096 x 2160) @60 Hz<\/td>\n<\/tr>\n<tr>\n<td>LVDS<\/td>\n<td>Up to 1920 x 1200 @60 Hz<\/td>\n<\/tr>\n<tr>\n<th colspan=\"2\"><strong>Audio<\/strong><\/th>\n<\/tr>\n<tr>\n<td>Codec<\/td>\n<td>Realtek\u00ae ALC888S<\/td>\n<\/tr>\n<tr>\n<th colspan=\"2\"><strong>Expansion<\/strong><\/th>\n<\/tr>\n<tr>\n<td>M.2<\/td>\n<td>1 x M.2 3042 \/ 3052 \/ 2242 \/ 2260 \/ 2280 B key (USB2.0, SATAIII, PCIex1)<\/p>\n<p>1 x M.2 2230 E key (PCIe X1, USB2.0)<\/td>\n<\/tr>\n<tr>\n<td>miniPCIe<\/td>\n<td>1 x mPCIe Full size (USB2.0 \/ PCIe X1 \/ SATAIII)<\/td>\n<\/tr>\n<tr>\n<td>PCIe x 1<\/td>\n<td>1<\/td>\n<\/tr>\n<tr>\n<th colspan=\"2\"><strong>Ethernet<\/strong><\/th>\n<\/tr>\n<tr>\n<td>Chipset<\/td>\n<td>Intel\u00ae I211AT<\/td>\n<\/tr>\n<tr>\n<th colspan=\"2\"><strong>Front I\/O<\/strong><\/th>\n<td><\/td>\n<\/tr>\n<tr>\n<td>USB<\/td>\n<td>2 x USB 3.1, 2 x USB 2.0<\/td>\n<\/tr>\n<tr>\n<td>Display I\/O<\/td>\n<td>1 x HDMI 1.4, 1 x DisplayPort 1.4<\/td>\n<\/tr>\n<tr>\n<td>LAN<\/td>\n<td>2 x RJ45<\/td>\n<\/tr>\n<tr>\n<td>Audio<\/td>\n<td>1 x Mic-in, 1 x Line-out<\/td>\n<\/tr>\n<tr>\n<th colspan=\"2\"><strong>Internal I\/O header (No Edge I\/O Needed)<\/strong><\/th>\n<\/tr>\n<tr>\n<td>SATA<\/td>\n<td>2x SATAIII(Multiplexed with M.2 and mSATA port)<\/td>\n<\/tr>\n<tr>\n<td>USB<\/td>\n<td>2 x USB 2.0 Header<\/td>\n<\/tr>\n<tr>\n<td>Display I\/O<\/td>\n<td>1 x LVDS \/ 1 x Backlight Connector<\/td>\n<\/tr>\n<tr>\n<td>Audio I\/O<\/td>\n<td>1 x Speaker Header<\/p>\n<p>1 x Front Audio Header (Mic-in \/ Line-out)<\/td>\n<\/tr>\n<tr>\n<td>Serial Port<\/td>\n<td>2 x RS232 Header (Extra 1 x RS232\/422\/485 Header + 3 x RS232 Header for Option, total 6 x COM)<\/td>\n<\/tr>\n<tr>\n<td>Parallel Port<\/td>\n<td>1 x MiAPI Header (Optional for Parallel Port Header)<\/td>\n<\/tr>\n<tr>\n<td>Fan<\/td>\n<td>1 x 4-pin CPU Fan Header<\/td>\n<\/tr>\n<tr>\n<td>Power<\/td>\n<td>1 x AT \/ ATX Mode Select Jumper \/ 1 x ATX 4-pin Power Connector<\/td>\n<\/tr>\n<tr>\n<td>Others<\/td>\n<td>1 x Clear CMOS Button \/ MiAPI: Programmable header (support 10 x GPIO, 1 x SMBUS, 1 x UART, 1 x Watchdog) with API library supported for Windows OS \/ 1 x Buzzer \/ 1 x 3-pin CAN-FD Bus Header<\/td>\n<\/tr>\n<tr>\n<th colspan=\"2\"><strong>Mechanical and Environmental<\/strong><\/th>\n<\/tr>\n<tr>\n<td>Form Factor<\/td>\n<td>Mini ITX<\/td>\n<\/tr>\n<tr>\n<td>Power Type<\/td>\n<td>DC-in 8~24V\/ ATX 4-pin Power Connector + DC Jack<\/td>\n<\/tr>\n<tr>\n<td>Dimension<\/td>\n<td>170 mm x 170mm<\/td>\n<\/tr>\n<tr>\n<td>Operating Temperature<\/td>\n<td>ET : -20\u2103 ~ 70\u2103<\/p>\n<p>UT : -40\u2103 ~ 85\u2103<\/td>\n<\/tr>\n<tr>\n<td>Storage Temperature<\/td>\n<td>-40\u2103 ~ 85\u2103<\/td>\n<\/tr>\n<tr>\n<td>Relative humidity<\/td>\n<td>10% to 90%, non-condensing<\/td>\n<\/tr>\n<tr>\n<th colspan=\"2\"><strong>Standard Compliance<\/strong><\/th>\n<\/tr>\n<tr>\n<td>Standard Compliance<\/td>\n<td>CE\/FCC<\/td>\n<\/tr>\n<\/tbody>\n<\/table>\n","protected":false},"excerpt":{"rendered":"<div class=\"col-sm-6 bs-region bs-region--right\">\n<p>P\u0142yta Mini-ITX z procesorem Intel\u00ae Elkhart Lake J6413\/N6415\/N6211\/N6210\/x6413<\/p>\n<h4>Najwa\u017cniejsze cechy:<\/h4>\n<ul>\n<li>Procesor Intel\u00ae Elkhart Lake ATOM\/Celeron\/Pentium BGA<\/li>\n<li>Obs\u0142uga 2 modu\u0142\u00f3w DDR4 SO-DIMM (do 32 GB) i Intel\u00ae IBECC<\/li>\n<li>Kompatybilny z gniazdami M.2 3042\/3052 + SIM dla \u0142\u0105czno\u015bci z sieci\u0105 kom\u00f3rkow\u0105 5G<\/li>\n<li>Obs\u0142uga Triple Display dla HDMI, DisplayPort i LVDS\/eDP<\/li>\n<li>Obs\u0142uga 1 gniazda PCIe X1 (Gen 3), 1 gniazda M.2 2280 B-Key (SATA, PCIe X1), 1 gniazda M.2 2230 E-Key, 2 gniazda SATA III i 1 gniazda mPCIe<\/li>\n<li>4 gniazda USB 2.0, 2 gniazda USB 3.1 Gen 2, 6 gniazd COM i 1 gniazdo Port r\u00f3wnoleg\u0142y \/ MiAPI (konfigurowalne cyfrowe wej\u015bcia\/wyj\u015bcia)<\/li>\n<li>Zasilanie w szerokim zakresie 8 V~24 V<\/li>\n<li>Rozszerzony zakres temperatur ET: od -20 do 70\u00b0C; UT: od -40 do 85\u00b0C<\/li>\n<\/ul>\n<h4>Wi\u0119cej informacji:<\/h4>\n<p>INS8324A to wydajne, wytrzyma\u0142e rozwi\u0105zanie Mini-ITX oparte na procesorze Intel\u00ae Elkhart Lake. Intel Celeron J6413 to uk\u0142ad SoC klasy B o maksymalnej cz\u0119stotliwo\u015bci taktowania 3,0 GHz i poborze mocy zaledwie 10 W, kt\u00f3ry zapewnia 70% wzrost wydajno\u015bci dzi\u0119ki mikroarchitekturze Intel 10 nm. Obs\u0142uguje 2 modu\u0142y pami\u0119ci SO-DIMM DDR4 o pojemno\u015bci do 32 GB oraz technologi\u0119 Intel IBECC, kt\u00f3ra koryguje b\u0142\u0119dy pojedynczych bit\u00f3w w standardowej pami\u0119ci bez korekcji b\u0142\u0119d\u00f3w (non-ECC).<\/p>\n<p>Jest kompatybilny z gniazdami M.2 3042\/3052 i gniazdem SIM do \u0142\u0105czno\u015bci z sieci\u0105 kom\u00f3rkow\u0105 5G. Trzy niezale\u017cne wy\u015bwietlacze mog\u0105 by\u0107 obs\u0142ugiwane w rozdzielczo\u015bci do 4K przez DisplayPort, HDMI i opcjonalnie eDP. Ponadto INS8324A posiada bogate porty I\/O, w tym 4 x USB 2.0, 2 x USB 3.1, 2 x COM (dodatkowy 1 x z\u0142\u0105cze RS232\/422\/485 + 3 x z\u0142\u0105cze RS232 dla opcji, \u0142\u0105cznie 6 x COM) i 1 x port r\u00f3wnoleg\u0142y \/ MiAPI, co zapewnia kompletne i elastyczne mo\u017cliwo\u015bci rozbudowy dla \u0142atwej integracji systemu.<\/p>\n<p>Szeroki zakres napi\u0119cia wej\u015bciowego 8 V~24 V pozwala u\u017cytkownikom chroni\u0107 p\u0142yt\u0119 przed uszkodzeniami spowodowanymi nag\u0142ymi skokami napi\u0119cia, co dodatkowo zwi\u0119ksza niezawodno\u015b\u0107. W przypadku zastosowa\u0144 o znaczeniu krytycznym, INS8324A wykorzystuje kluczowe komponenty lutowane na p\u0142ycie, aby zapewni\u0107 najwy\u017csz\u0105 trwa\u0142o\u015b\u0107 oraz odporno\u015b\u0107 na wstrz\u0105sy i wibracje. INS8324A to naprawd\u0119 wytrzyma\u0142a p\u0142yta g\u0142\u00f3wna IMB, idealna do zastosowa\u0144 w energetyce, u\u017cyteczno\u015bci publicznej i wymagaj\u0105cych wysokiej wydajno\u015bci. Posiada r\u00f3\u017cnorodne, szerokie mo\u017cliwo\u015bci i du\u017c\u0105 moc obliczeniow\u0105, co umo\u017cliwia jego wykorzystanie w takich zastosowaniach jak wielkogabarytowe kioski, identyfikacja twarzy i przemys\u0142 gier.<\/p>\n<\/div>\n","protected":false},"featured_media":17065,"template":"","meta":{"_acf_changed":false,"inline_featured_image":false,"_monsterinsights_skip_tracking":false,"_monsterinsights_sitenote_active":false,"_monsterinsights_sitenote_note":"","_monsterinsights_sitenote_category":0},"product_brand":[],"product_cat":[633,509],"product_tag":[],"class_list":{"0":"post-17072","1":"product","2":"type-product","3":"status-publish","4":"has-post-thumbnail","6":"product_cat-mini-itx-imb","7":"product_cat-perfectron","9":"first","10":"instock","11":"shipping-taxable","12":"product-type-simple"},"acf":[],"_links":{"self":[{"href":"https:\/\/quantum.com.pl\/pl\/wp-json\/wp\/v2\/product\/17072","targetHints":{"allow":["GET"]}}],"collection":[{"href":"https:\/\/quantum.com.pl\/pl\/wp-json\/wp\/v2\/product"}],"about":[{"href":"https:\/\/quantum.com.pl\/pl\/wp-json\/wp\/v2\/types\/product"}],"wp:featuredmedia":[{"embeddable":true,"href":"https:\/\/quantum.com.pl\/pl\/wp-json\/wp\/v2\/media\/17065"}],"wp:attachment":[{"href":"https:\/\/quantum.com.pl\/pl\/wp-json\/wp\/v2\/media?parent=17072"}],"wp:term":[{"taxonomy":"product_brand","embeddable":true,"href":"https:\/\/quantum.com.pl\/pl\/wp-json\/wp\/v2\/product_brand?post=17072"},{"taxonomy":"product_cat","embeddable":true,"href":"https:\/\/quantum.com.pl\/pl\/wp-json\/wp\/v2\/product_cat?post=17072"},{"taxonomy":"product_tag","embeddable":true,"href":"https:\/\/quantum.com.pl\/pl\/wp-json\/wp\/v2\/product_tag?post=17072"}],"curies":[{"name":"wp","href":"https:\/\/api.w.org\/{rel}","templated":true}]}}