{"id":17098,"date":"2025-08-20T11:35:17","date_gmt":"2025-08-20T09:35:17","guid":{"rendered":"https:\/\/quantum.com.pl\/product\/ins8366a\/"},"modified":"2025-08-20T15:31:20","modified_gmt":"2025-08-20T13:31:20","slug":"ins8366a","status":"publish","type":"product","link":"https:\/\/quantum.com.pl\/pl\/product\/ins8366a\/","title":{"rendered":"INS8366A"},"content":{"rendered":"<h4>Dane techniczne:<\/h4>\n<table>\n<tbody>\n<tr>\n<th><strong>System<\/strong><\/th>\n<th><\/th>\n<\/tr>\n<tr>\n<td>CPU<\/td>\n<td>10th Gen Intel\u00ae Comet Lake-S LGA1200 Socket Processor \/ Core i9\/i7\/i5\/i3 Processor, TDP 35\/65W<\/td>\n<\/tr>\n<tr>\n<td>Memory type<\/td>\n<td>DDR4 2933 MHz \/ 2 x 260-pin SO-DIMM \/ Max. 64GB (Non-ECC) Horizontal<\/td>\n<\/tr>\n<tr>\n<td>Chipset<\/td>\n<td>Intel\u00ae H410<\/td>\n<\/tr>\n<tr>\n<td>I\/O Chipset<\/td>\n<td>Nuvoton NCT6126D<\/td>\n<\/tr>\n<tr>\n<td>TPM<\/td>\n<td>TPM Header<\/td>\n<\/tr>\n<tr>\n<td>H \/ W Monitor<\/td>\n<td>Temperature Monitor, Voltage Monitor, Fan Monitor<\/td>\n<\/tr>\n<tr>\n<td>Watchdog<\/td>\n<td>1-255 sec. or 1-255 min. software programmable and can be generate system reset<\/td>\n<\/tr>\n<tr>\n<td>Smart Fan Control<\/td>\n<td>CPU FAN \/ System FAN<\/td>\n<\/tr>\n<tr>\n<td>BIOS<\/td>\n<td>AMI BIOS<\/td>\n<\/tr>\n<tr>\n<th><strong>Expansion Slot<\/strong><\/th>\n<th><\/th>\n<\/tr>\n<tr>\n<td>M.2<\/td>\n<td>1 x M.2 2242 \/ 2280 M key (Gen3 PCIe X4, SATAIII)<\/p>\n<p>1 x M.2 2230 E key (PCIe, USB 2.0)<\/td>\n<\/tr>\n<tr>\n<td>Mini PCIe<\/td>\n<td>1 x Mini PCIe Full size (SATA\/ USB)<\/td>\n<\/tr>\n<tr>\n<td>PCIe Slot<\/td>\n<td>1 x PCIe3.0 X4 slot<\/td>\n<\/tr>\n<tr>\n<th><strong>Display<\/strong><\/th>\n<th><\/th>\n<\/tr>\n<tr>\n<td>Chipset<\/td>\n<td>Intel\u00ae HD Graphics<\/td>\n<\/tr>\n<tr>\n<td>HDMI<\/td>\n<td>Up to 4K (4096 x 2160) @30 Hz<\/td>\n<\/tr>\n<tr>\n<td>Display Port<\/td>\n<td>Up to 4K (4096 x 2304) @60 Hz<\/td>\n<\/tr>\n<tr>\n<td>LVDS<\/td>\n<td>Up to 1920 x 1200 @60 Hz<\/td>\n<\/tr>\n<tr>\n<th><strong>Ethernet<\/strong><\/th>\n<th><\/th>\n<\/tr>\n<tr>\n<td>Chipset<\/td>\n<td>Intel \u00ae I219-LM Giga LAN + Intel \u00ae I211-AT Giga LAN<\/td>\n<\/tr>\n<tr>\n<th>Audio<\/th>\n<th><\/th>\n<\/tr>\n<tr>\n<td>Codec<\/td>\n<td>Realtek\u00ae ALC662\/ALC888<\/td>\n<\/tr>\n<tr>\n<th>Front I\/O<\/th>\n<th><\/th>\n<\/tr>\n<tr>\n<td>USB3.1<\/td>\n<td>4<\/td>\n<\/tr>\n<tr>\n<td>Display port<\/td>\n<td>1 x DP 1.2 ; 1 x HDMI 1.4<\/td>\n<\/tr>\n<tr>\n<td>LAN<\/td>\n<td>2<\/td>\n<\/tr>\n<tr>\n<td>Audio<\/td>\n<td>1 x Mic-in, 1 x Line-out<\/td>\n<\/tr>\n<tr>\n<th><strong>Internal I\/O\u00a0<\/strong><\/th>\n<th><\/th>\n<\/tr>\n<tr>\n<td>SATAIII<\/td>\n<td>2<\/td>\n<\/tr>\n<tr>\n<td>SATA Power<\/td>\n<td>1(Header)<\/td>\n<\/tr>\n<tr>\n<td>USB<\/td>\n<td>5 x USB2.0(1 x USB share mPCIe)<\/td>\n<\/tr>\n<tr>\n<td>Display I\/O<\/td>\n<td>1 x LVDS<\/p>\n<p>1 x Backlight connector<\/td>\n<\/tr>\n<tr>\n<td>Audio<\/td>\n<td>1 x Stereo Speaker Header<\/td>\n<\/tr>\n<tr>\n<td>GPIO<\/td>\n<td>1 x MiAPI Header\u00a0(10-bit)<\/td>\n<\/tr>\n<tr>\n<td>Serial<\/td>\n<td>4 (1 x Support RS-232\/422\/485)<\/td>\n<\/tr>\n<tr>\n<td>Fan<\/td>\n<td>1 x 4-pin CPU Fan Connector \/ 1 x 4-pin System Fan Header<\/td>\n<\/tr>\n<tr>\n<td>Power<\/td>\n<td>1 x AT \/ ATX Mode Select Jumper<\/p>\n<p>\/ 1 x 4-pin ATX Power Connector<\/td>\n<\/tr>\n<tr>\n<td>Others<\/td>\n<td>1 x Front Audio Header (Mic-in \/ Line-out), 1 x CMOS Jumper,<\/p>\n<p>1 x panel power select header,1 x SATA power,<\/p>\n<p>1x buzzer header,1x Digital MIC<\/td>\n<\/tr>\n<tr>\n<th><strong>Mechanical and Environmental<\/strong><\/th>\n<th><\/th>\n<\/tr>\n<tr>\n<td>Form Factor<\/td>\n<td>Mini ITX<\/td>\n<\/tr>\n<tr>\n<td>Power Type<\/td>\n<td>12V DC-IN(Optional : 19V)<\/td>\n<\/tr>\n<tr>\n<td>Dimension<\/td>\n<td>170mm x 170mm<\/td>\n<\/tr>\n<tr>\n<td>Operating\u00a0\u00a0Temperature<\/td>\n<td>ET : -20\u00b0C ~ 70\u00b0C<\/p>\n<p>UT : -40\u00b0C ~ 85\u00b0C<\/td>\n<\/tr>\n<tr>\n<td>Storage Temperature<\/td>\n<td>-40\u00b0C ~ 85\u00b0C<\/td>\n<\/tr>\n<tr>\n<td>Relative humidity<\/td>\n<td>10% to 95%, non-condensing<\/td>\n<\/tr>\n<tr>\n<th>Standard Compliance<\/th>\n<th><\/th>\n<\/tr>\n<tr>\n<td>Standard Compliance<\/td>\n<td>CE\/FCC<\/td>\n<\/tr>\n<tr>\n<th>OS<\/th>\n<th><\/th>\n<\/tr>\n<tr>\n<td>OS Support<\/td>\n<td>Windows\u00ae 10 64-bit<\/p>\n<p>Linux(Support by request)<\/td>\n<\/tr>\n<\/tbody>\n<\/table>\n","protected":false},"excerpt":{"rendered":"<p>P\u0142yta g\u0142\u00f3wna Mini-ITX z procesorem Intel\u00ae Comet Lake-S 10th z chipsetem H410, Thin Mini-ITX<\/p>\n<h4>Najwa\u017cniejsze cechy:<\/h4>\n<ul>\n<li>Obs\u0142uga procesor\u00f3w Intel\u00ae 10th Core&#x2122; i9\/i7\/i5\/i3 Comet Lake-S LGA1200 z gniazdem 35W\/65W<\/li>\n<li>Chipset Intel\u00ae H410<\/li>\n<li>2 x DDR4 SO-DIMM do 64 GB<\/li>\n<li>Obs\u0142uga trzech wy\u015bwietlaczy dla HDMI, DisplayPort i LVDS<\/li>\n<li>1 x M.2 2280M-key (NVME), 1 x M.2 2230 E-key (CNVi), 1 x mPCIe Full Size, 1 x PCIe X4<\/li>\n<li>2 x Intel\u00ae Gigabit Ethernet<\/li>\n<li>2 x SATAIII, 4 x USB3.1, 5 x USB2.0, 4 x COM (1 x obs\u0142uga RS232\/422\/485)<br \/>\nDC-IN 12 V \/ (opcjonalnie: 19 V)<\/li>\n<li>Praca Temperatura: ET: -20\u00b0C ~ 70\u00b0C; UT: -40\u00b0C ~ 85\u00b0C (opcjonalnie)<\/li>\n<\/ul>\n<h4>Wi\u0119cej informacji:<\/h4>\n<p>INS8366A, wydajne rozwi\u0105zanie Thin Mini-ITX oparte na dziesi\u0105tym procesorze Intel\u00ae Comet Lake-S z chipsetem H410, przeznaczone do sieci brzegowych, p\u0142aszczyzny sterowania i rozwi\u0105za\u0144 pami\u0119ci masowej klasy \u015bredniej wymagaj\u0105cych wysokiej wydajno\u015bci na rdze\u0144. Wyposa\u017cone jest w potr\u00f3jny wy\u015bwietlacz (HDMI, DisplayPort i LVDS), dwa porty Intel Gigabit Ethernet LAN oraz wiele gniazd rozszerze\u0144: gniazdo PCIe 3.0 x 4, klucz E M.2 2230, klucz M M.2 2242\/2280 oraz pe\u0142nowymiarowe gniazdo Mini PCIe.<\/p>\n<p>INS8366A mo\u017cna wdro\u017cy\u0107 w r\u00f3\u017cnych obci\u0105\u017ceniach \u2014 od centr\u00f3w danych po inteligentne urz\u0105dzenia brzegowe \u2014 w rozwi\u0105zaniach sieciowych, bezprzewodowych stacjach bazowych, rozwi\u0105zaniach pami\u0119ci masowej \u015bredniej klasy, przemys\u0142owym Internecie rzeczy (IoT), dynamicznym serwowaniu stron internetowych, g\u0119stych\/wytrzyma\u0142ych \u015brodowiskach poza centrami danych i wielu innych.<\/p>\n","protected":false},"featured_media":17091,"template":"","meta":{"_acf_changed":false,"inline_featured_image":false,"_monsterinsights_skip_tracking":false,"_monsterinsights_sitenote_active":false,"_monsterinsights_sitenote_note":"","_monsterinsights_sitenote_category":0},"product_brand":[],"product_cat":[633,509],"product_tag":[],"class_list":{"0":"post-17098","1":"product","2":"type-product","3":"status-publish","4":"has-post-thumbnail","6":"product_cat-mini-itx-imb","7":"product_cat-perfectron","9":"first","10":"instock","11":"shipping-taxable","12":"product-type-simple"},"acf":[],"_links":{"self":[{"href":"https:\/\/quantum.com.pl\/pl\/wp-json\/wp\/v2\/product\/17098","targetHints":{"allow":["GET"]}}],"collection":[{"href":"https:\/\/quantum.com.pl\/pl\/wp-json\/wp\/v2\/product"}],"about":[{"href":"https:\/\/quantum.com.pl\/pl\/wp-json\/wp\/v2\/types\/product"}],"wp:featuredmedia":[{"embeddable":true,"href":"https:\/\/quantum.com.pl\/pl\/wp-json\/wp\/v2\/media\/17091"}],"wp:attachment":[{"href":"https:\/\/quantum.com.pl\/pl\/wp-json\/wp\/v2\/media?parent=17098"}],"wp:term":[{"taxonomy":"product_brand","embeddable":true,"href":"https:\/\/quantum.com.pl\/pl\/wp-json\/wp\/v2\/product_brand?post=17098"},{"taxonomy":"product_cat","embeddable":true,"href":"https:\/\/quantum.com.pl\/pl\/wp-json\/wp\/v2\/product_cat?post=17098"},{"taxonomy":"product_tag","embeddable":true,"href":"https:\/\/quantum.com.pl\/pl\/wp-json\/wp\/v2\/product_tag?post=17098"}],"curies":[{"name":"wp","href":"https:\/\/api.w.org\/{rel}","templated":true}]}}