{"id":17114,"date":"2025-08-21T11:03:34","date_gmt":"2025-08-21T09:03:34","guid":{"rendered":"https:\/\/quantum.com.pl\/product\/ins8367a\/"},"modified":"2025-08-21T12:49:07","modified_gmt":"2025-08-21T10:49:07","slug":"ins8367a","status":"publish","type":"product","link":"https:\/\/quantum.com.pl\/pl\/product\/ins8367a\/","title":{"rendered":"INS8367A"},"content":{"rendered":"<h4>Dane techniczne:<\/h4>\n<table>\n<tbody>\n<tr>\n<th><strong>System<\/strong><\/th>\n<th><\/th>\n<\/tr>\n<tr>\n<td>CPU<\/td>\n<td>13\/12th Gen Intel\u00ae Alder Lake LGA1700 Socket Processor \/ Core i9\/i7\/i5\/i3 Processor,<\/p>\n<p>TDP 35\/65W<\/td>\n<\/tr>\n<tr>\n<td>Memory type<\/td>\n<td>DDR4 3200 MHz \/ 2 x 262-pin SO-DIMM \/ Max. 64GB (Non-ECC) Vertical<\/td>\n<\/tr>\n<tr>\n<td>Chipset<\/td>\n<td>Intel\u00ae H610\/Q670<\/td>\n<\/tr>\n<tr>\n<td>I\/O Chipset<\/td>\n<td>Nuvoton NCT6126D<\/td>\n<\/tr>\n<tr>\n<td>TPM<\/td>\n<td>TPM Header<\/td>\n<\/tr>\n<tr>\n<td>H \/ W Monitor<\/td>\n<td>Temperature Monitor, Voltage Monitor, Fan Monitor<\/td>\n<\/tr>\n<tr>\n<td>Watchdog<\/td>\n<td>1-255 sec. or 1-255 min. software programmable and can be generate system reset<\/td>\n<\/tr>\n<tr>\n<td>Smart Fan Control<\/td>\n<td>CPU FAN \/ System FAN<\/td>\n<\/tr>\n<tr>\n<td>BIOS<\/td>\n<td>AMI BIOS<\/td>\n<\/tr>\n<tr>\n<th><strong>Expansion Slot<\/strong><\/th>\n<th><\/th>\n<\/tr>\n<tr>\n<td>M.2<\/td>\n<td>1 x M.2 2280M-Key (PCIe3.0 X4, SATAIII)<\/td>\n<\/tr>\n<tr>\n<td>PCIe Slot<\/td>\n<td>1 x PCIe 4.0 X16 slot<\/td>\n<\/tr>\n<tr>\n<th><strong>Display<\/strong><\/th>\n<th><\/th>\n<\/tr>\n<tr>\n<td>Chipset<\/td>\n<td>Intel\u00ae UHD Graphics 770<\/td>\n<\/tr>\n<tr>\n<td>Display Port<\/td>\n<td>Up to 4K (4096 x 2304) @60 Hz<\/td>\n<\/tr>\n<tr>\n<td>2nd Display Port<\/td>\n<td>Up to 4K (4096 x 2304) @60 Hz<\/td>\n<\/tr>\n<tr>\n<th><strong>Ethernet<\/strong><\/th>\n<th><\/th>\n<\/tr>\n<tr>\n<td>Chipset<\/td>\n<td>Intel\u00ae I219-LM GbE LAN + Intel\u00ae I225V 2.5 GbE LAN<\/td>\n<\/tr>\n<tr>\n<th>Rear I\/O<\/th>\n<th><\/th>\n<\/tr>\n<tr>\n<td>USB<\/td>\n<td>2 x USB3.1 ; 2 x USB2.0<\/td>\n<\/tr>\n<tr>\n<td>Display port<\/td>\n<td>2 x DP<\/td>\n<\/tr>\n<tr>\n<td>LAN<\/td>\n<td>2(1 x GbE ; 1 x 2.5GbE)<\/td>\n<\/tr>\n<tr>\n<th><strong>Internal I\/O\u00a0<\/strong><\/th>\n<th><\/th>\n<\/tr>\n<tr>\n<td>SATAIII<\/td>\n<td>2<\/td>\n<\/tr>\n<tr>\n<td>SATADOM<\/td>\n<td>1<\/td>\n<\/tr>\n<tr>\n<td>USB3.0<\/td>\n<td>2<\/td>\n<\/tr>\n<tr>\n<td>USB2.0<\/td>\n<td>2<\/td>\n<\/tr>\n<tr>\n<td>Serial<\/td>\n<td>2 (1 x Support RS-232\/422\/485)<\/td>\n<\/tr>\n<tr>\n<td>FAN<\/td>\n<td>1 x 4-pin CPU Fan Connector \/ 1 x 4-pin System Fan Header<\/td>\n<\/tr>\n<tr>\n<td>Power<\/td>\n<td>1 x 12V DC IN Jack<\/p>\n<p>1 x ATX 4pin (AT\/ATX mode by jumper setting)<\/td>\n<\/tr>\n<tr>\n<td>Others<\/td>\n<td>1 x CMOS Jumper<\/p>\n<p>1 x FIO header<\/p>\n<p>1 x intrusion switch header<\/td>\n<\/tr>\n<tr>\n<th><strong>Mechanical and Environmental<\/strong><\/th>\n<th><\/th>\n<\/tr>\n<tr>\n<td>Form Factor<\/td>\n<td>Mini ITX<\/td>\n<\/tr>\n<tr>\n<td>Power Type<\/td>\n<td>12V DC-IN<\/td>\n<\/tr>\n<tr>\n<td>Dimension<\/td>\n<td>170mm x 170mm<\/td>\n<\/tr>\n<tr>\n<td>Operating\u00a0\u00a0Temperature<\/td>\n<td>ET : -20\u00b0C ~ 70\u00b0C<\/p>\n<p>UT : -40\u00b0C ~ 85\u00b0C<\/td>\n<\/tr>\n<tr>\n<td>Storage Temperature<\/td>\n<td>-40\u00b0C ~ 85\u00b0C<\/td>\n<\/tr>\n<tr>\n<td>Relative humidity<\/td>\n<td>10% to 95%, non-condensing<\/td>\n<\/tr>\n<tr>\n<th>Standard Compliance<\/th>\n<th><\/th>\n<\/tr>\n<tr>\n<td>Standard Compliance<\/td>\n<td>CE\/FCC<\/td>\n<\/tr>\n<tr>\n<th>OS<\/th>\n<th><\/th>\n<\/tr>\n<tr>\n<td>OS Support<\/td>\n<td>Windows\u00ae 10 64-bit<\/p>\n<p>Linux(Support by request)<\/td>\n<\/tr>\n<\/tbody>\n<\/table>\n","protected":false},"excerpt":{"rendered":"<div class=\"col-sm-6 bs-region bs-region--right\">\n<p>P\u0142yta w formacie Mini-ITX\u00a0 przeznaczona dla procesor\u00f3w Intel\u00ae Core&#x2122; generacji i9\/i7\/i5\/i3 13\/12<\/p>\n<h4>Najwa\u017cniejsze cechy:<\/h4>\n<ul>\n<li>Obs\u0142uga procesor\u00f3w Intel\u00ae Core&#x2122; i9\/i7\/i5\/i3 13\/12 generacji Alder Lake-S LGA1700 o mocy 35 W\/65 W<\/li>\n<li>Chipset Intel\u00ae Q670\/H610<\/li>\n<li>2 x DDR4 SO-DIMM do 64 GB<\/li>\n<li>2 x USB 3.1; 2 x USB 3.0; 4 x USB 2.0<\/li>\n<li>Obs\u0142uga dw\u00f3ch wy\u015bwietlaczy (2 x DP)<\/li>\n<li>1 x M.2 M-Key 2280; 1 x PCIe 4.0 x16<\/li>\n<li>2 x SATAIII<\/li>\n<li>1 x 2,5 GbE + 1 x GbE LAN<\/li>\n<li>DC-IN 12 V<\/li>\n<li>Temperatura pracy: ET: -20\u00b0C ~ 70\u00b0C; UT: -40\u00b0C ~ 85\u00b0C<\/li>\n<\/ul>\n<h4>Wi\u0119cej informacji:<\/h4>\n<p>INS8367A to wydajne, wytrzyma\u0142e rozwi\u0105zanie Mini-ITX oparte na procesorze Intel\u00ae Alder Lake-S LGA1700 13.\/12. generacji. Wi\u0119ksze gniazdo LGA 1700 zast\u0119puje gniazdo LGA 1200. Nowa konstrukcja jest podzielona na rdzenie wydajno\u015bciowe, tzw. rdzenie P, i energooszcz\u0119dne rdzenie E, co pozwala na obs\u0142ug\u0119 24 w\u0105tk\u00f3w. Procesor to pojedyncza i skalowalna architektura SoC oparta na procesorze Intel i9, zapewniaj\u0105ca 19% wzrost wydajno\u015bci dzi\u0119ki nowemu rdzeniowi wydajno\u015bciowemu.<\/p>\n<p>Jest kompatybilny z 1 gniazdem M.2 2280M-Key (PCIe 3.0 x4, SATAIII), 1 gniazdem PCIe 4.0 x16. Dwa niezale\u017cne wy\u015bwietlacze mog\u0105 by\u0107 obs\u0142ugiwane w rozdzielczo\u015bci do 4K przez DisplayPort. Poza tym, INS8367A posiada bogate porty I\/O, w tym 2 x USB 3.1, 2 x USB 3.0, 4 x USB 2.0, 2 x port COM (1 x obs\u0142uguje RS-232\/422\/485) i 2 x LAN (1 x 2.5GbE), co zapewnia pe\u0142n\u0105 i elastyczn\u0105 mo\u017cliwo\u015b\u0107 rozbudowy dla \u0142atwej integracji systemu.<\/p>\n<p>Rozszerzona temperatura pracy od -40\u00b0C do 85\u00b0C zapewnia najwy\u017csz\u0105 trwa\u0142o\u015b\u0107 oraz odporno\u015b\u0107 na wstrz\u0105sy i wibracje. INS8367A to prawdziwie wytrzyma\u0142a p\u0142yta g\u0142\u00f3wna Mini-ITX, idealna do zastosowa\u0144 w energetyce, u\u017cyteczno\u015bci publicznej i wymagaj\u0105cych wysokiej wydajno\u015bci. Dzi\u0119ki r\u00f3\u017cnorodnym, rozbudowanym mo\u017cliwo\u015bciom i du\u017cej mocy obliczeniowej, p\u0142yta mo\u017ce by\u0107 wykorzystywana w takich zastosowaniach jak wielkogabarytowe kioski, identyfikacja twarzy i przemys\u0142 gier.<\/p>\n<\/div>\n","protected":false},"featured_media":17103,"template":"","meta":{"_acf_changed":false,"inline_featured_image":false,"_monsterinsights_skip_tracking":false,"_monsterinsights_sitenote_active":false,"_monsterinsights_sitenote_note":"","_monsterinsights_sitenote_category":0},"product_brand":[],"product_cat":[633,509],"product_tag":[],"class_list":{"0":"post-17114","1":"product","2":"type-product","3":"status-publish","4":"has-post-thumbnail","6":"product_cat-mini-itx-imb","7":"product_cat-perfectron","9":"first","10":"instock","11":"shipping-taxable","12":"product-type-simple"},"acf":[],"_links":{"self":[{"href":"https:\/\/quantum.com.pl\/pl\/wp-json\/wp\/v2\/product\/17114","targetHints":{"allow":["GET"]}}],"collection":[{"href":"https:\/\/quantum.com.pl\/pl\/wp-json\/wp\/v2\/product"}],"about":[{"href":"https:\/\/quantum.com.pl\/pl\/wp-json\/wp\/v2\/types\/product"}],"wp:featuredmedia":[{"embeddable":true,"href":"https:\/\/quantum.com.pl\/pl\/wp-json\/wp\/v2\/media\/17103"}],"wp:attachment":[{"href":"https:\/\/quantum.com.pl\/pl\/wp-json\/wp\/v2\/media?parent=17114"}],"wp:term":[{"taxonomy":"product_brand","embeddable":true,"href":"https:\/\/quantum.com.pl\/pl\/wp-json\/wp\/v2\/product_brand?post=17114"},{"taxonomy":"product_cat","embeddable":true,"href":"https:\/\/quantum.com.pl\/pl\/wp-json\/wp\/v2\/product_cat?post=17114"},{"taxonomy":"product_tag","embeddable":true,"href":"https:\/\/quantum.com.pl\/pl\/wp-json\/wp\/v2\/product_tag?post=17114"}],"curies":[{"name":"wp","href":"https:\/\/api.w.org\/{rel}","templated":true}]}}