{"id":17128,"date":"2025-08-21T14:11:30","date_gmt":"2025-08-21T12:11:30","guid":{"rendered":"https:\/\/quantum.com.pl\/product\/ins8325a\/"},"modified":"2025-08-28T14:30:39","modified_gmt":"2025-08-28T12:30:39","slug":"ins8325a","status":"publish","type":"product","link":"https:\/\/quantum.com.pl\/pl\/product\/ins8325a\/","title":{"rendered":"INS8325A"},"content":{"rendered":"<h4>Dane techniczne:<\/h4>\n<table>\n<tbody>\n<tr>\n<th><strong>System<\/strong><\/th>\n<th><\/th>\n<\/tr>\n<tr>\n<td>CPU<\/td>\n<td>Intel\u00ae Alder Lake N :<\/p>\n<p>N50(2C\/6M Cache, up to 3.40 GHz , TDP<\/p>\n<p>Core i3-N305(8C\/6M Cache, up to 3.80 GHz, TDP 15W)<\/p>\n<p>Atom x7425E 4C\/6M Cache, up to 3.40 GHz, TDP 12W)<\/td>\n<\/tr>\n<tr>\n<td>Memory type<\/td>\n<td>DDR5 4800 MHz \/ 1 x 260 pin SO DIMM \/ Max. 16 GB (Non ECC)<\/td>\n<\/tr>\n<tr>\n<td>Chipset<\/td>\n<td>Intel\u00ae SoC Integrated<\/td>\n<\/tr>\n<tr>\n<td>Graphic<\/td>\n<td>Intel\u00ae HD Graphics<\/td>\n<\/tr>\n<tr>\n<td>TPM<\/td>\n<td>Nuvoton NPCT750AABYX TPM2.0 (Optional)<\/td>\n<\/tr>\n<tr>\n<td>I\/O Chipset<\/td>\n<td>Nuvoton NCT6126D<\/td>\n<\/tr>\n<tr>\n<td>Watchdog<\/td>\n<td>1-255 sec. or 1-255 min. software programmable and can be generate system reset<\/td>\n<\/tr>\n<tr>\n<th><strong>Display<\/strong><\/th>\n<th><\/th>\n<\/tr>\n<tr>\n<td>Display Port<\/td>\n<td>Up to 4K (4096 x 2160) @30 Hz<\/td>\n<\/tr>\n<tr>\n<td>HDMI<\/td>\n<td>Up to 4K (4096 x 2160) @60 Hz<\/td>\n<\/tr>\n<tr>\n<td>LVDS<\/td>\n<td>Up to 1920 x 1200 @60 Hz<\/td>\n<\/tr>\n<tr>\n<th><strong>Audio<\/strong><\/th>\n<th><\/th>\n<\/tr>\n<tr>\n<td>Codec<\/td>\n<td>Realtek\u00ae ALC888<\/td>\n<\/tr>\n<tr>\n<th>Expansion<\/th>\n<th><\/th>\n<\/tr>\n<tr>\n<td>Expansion Slot<\/td>\n<td>&#8211; i3-N305 &amp; x7425E :<\/p>\n<p>PCIe 3.0 x 1 slot \/M.2 3042 \/ 3052 \/ 2242 \/ 2260 \/ 2280 B key (USB3.1 Gen 1, USB2.0, SATAIII, PCIex1) with nano SIM slot support M.2 M Key NVMe SSD ; M.2 2230 E key (PCIex1, USB2.0) *Support CNVi.<\/p>\n<p>&#8211; N50 :<\/p>\n<p>PCIe 3.0 x 1 slot M.2 3042 \/ 3052 \/ 2242 \/ 2260 \/ 2280 B key ( USB2.0, SATAIII, PCIex1) with nano SIM slot*Not support; M.2 2230 E key (PCIex1, USB2.0)*Support<\/td>\n<\/tr>\n<tr>\n<th><strong>Ethernet<\/strong><\/th>\n<th><\/th>\n<\/tr>\n<tr>\n<td>Chipset<\/td>\n<td>2 x Intel\u00ae I226V 2.5 Giga LAN<\/td>\n<\/tr>\n<tr>\n<th>Front I\/O<\/th>\n<th><\/th>\n<\/tr>\n<tr>\n<td>USB<\/td>\n<td>&#8211; i3-N305 &amp; x7425E : 1 x USB 3.2 Gen2, 3 x USB 3.2 Gen1<\/p>\n<p>&#8211; N50 : 1 x USB 3.2 Gen2, 1 x USB 3.2 Gen1, 2 x USB 2.0<\/td>\n<\/tr>\n<tr>\n<td>Display I\/O<\/td>\n<td>1 x HDMI1.4, 1 x DisplayPort1.4<\/td>\n<\/tr>\n<tr>\n<td>LAN<\/td>\n<td>2 x 2.5GbE RJ45<\/td>\n<\/tr>\n<tr>\n<td>DC IN<\/td>\n<td>1 x DC-IN Jack<\/td>\n<\/tr>\n<tr>\n<th><strong>Internal I\/O Header (No Edge I\/O Needed)<\/strong><\/th>\n<th><\/th>\n<\/tr>\n<tr>\n<td>SATA<\/td>\n<td>1 x SATA power header \/ 1 x SATAIII (Multiplexed with M.2 M Key)<\/td>\n<\/tr>\n<tr>\n<td>USB<\/td>\n<td>&#8211; I3-N305 &amp; 7425E :\u00a04 x USB 2.0 \/ 1 x USB2.0 Vertical Type A<\/p>\n<p>&#8211; N50 :\u00a02 x USB 2.0<\/td>\n<\/tr>\n<tr>\n<td>Display I\/O<\/td>\n<td>1 x LVDS 1 x Backlight Connector<\/td>\n<\/tr>\n<tr>\n<td>Audio I\/O<\/td>\n<td>1 x Speaker Header<\/p>\n<p>1 x Front Audio Header (Mic-in \/ Line-out)<\/td>\n<\/tr>\n<tr>\n<td>Serial Port<\/td>\n<td>&#8211; i3-N305 &amp; x7425E :\u00a01 x RS232\/RS422\/485\/3 x RS232<\/p>\n<p>&#8211; N50 :\u00a03 x RS232<\/td>\n<\/tr>\n<tr>\n<td>Parellel Port<\/td>\n<td>1 x MiAPI Header<\/td>\n<\/tr>\n<tr>\n<td>FAN<\/td>\n<td>1 x 4 pin CPU Fan Header<\/td>\n<\/tr>\n<tr>\n<td>Power<\/td>\n<td>1 x AT \/ ATX Mode Select Jumper \/ 1 x ATX 4 pin Power Connector<\/td>\n<\/tr>\n<tr>\n<td>Others<\/td>\n<td>1 x CMOS Jumper<\/p>\n<p>\/ 1 x Chassis Front Panel Header (2 x 5 pin)<\/p>\n<p>\/ 1 x Front Audio Header (Mic in &amp; Line out)<\/p>\n<p>\/ 1 x Buzzer<\/p>\n<p>\/ 1 x Panel power select header (default 3.3V, option to 5V, 12)<\/td>\n<\/tr>\n<tr>\n<th><strong>Mechanical and Environmental<\/strong><\/th>\n<th><\/th>\n<\/tr>\n<tr>\n<td>Form Factor<\/td>\n<td>Mini ITX<\/td>\n<\/tr>\n<tr>\n<td>Power Type<\/td>\n<td>DC-IN\u00a0\u00a08~24V\/ ATX 4 pin Power Connector<\/td>\n<\/tr>\n<tr>\n<td>Dimension<\/td>\n<td>170mm x 170mm<\/td>\n<\/tr>\n<tr>\n<td>Operating\u00a0\u00a0Temperature<\/td>\n<td>ET : -20\u00b0C ~ 70\u00b0C<\/p>\n<p>UT : -40\u00b0C ~ 85\u00b0C<\/td>\n<\/tr>\n<tr>\n<td>Storage Temperature<\/td>\n<td>-40\u00b0C ~ 85\u00b0C<\/td>\n<\/tr>\n<tr>\n<td>Relative humidity<\/td>\n<td>10% to 95%, non-condensing<\/td>\n<\/tr>\n<tr>\n<th>Standard Compliance<\/th>\n<th><\/th>\n<\/tr>\n<tr>\n<td>Standard Compliance<\/td>\n<td>CE\/FCC<\/td>\n<\/tr>\n<tr>\n<th>OS<\/th>\n<th><\/th>\n<\/tr>\n<tr>\n<td>OS Support<\/td>\n<td>Support Windows \u00ae 10 \/11 64 bit, Linux(Support by request)<\/td>\n<\/tr>\n<\/tbody>\n<\/table>\n","protected":false},"excerpt":{"rendered":"<p>P\u0142yta w formacie Mini-ITX z obs\u0142ug\u0105 procesor\u00f3w Intel\u00ae Alder Lake &#8211; N<\/p>\n<p>&nbsp;<\/p>\n<h4>Najwa\u017cniejsze cechy:<\/h4>\n<ul>\n<li>Procesor Intel\u00ae Alder Lake-N N50 (2 rdzenie) \/ Atom x7425E (8 rdzeni) \/ i3-N305 (8 rdzeni\/8 w\u0105tk\u00f3w) BGA<\/li>\n<li>1 x DDR5 SO-DIMM do 16 GB<\/li>\n<li>Potr\u00f3jny wy\u015bwietlacz dla LVDS, HDMI i Display Port<\/li>\n<li>Obs\u0142uga 1 gniazda PCIe Gen3 x 1, 1 gniazda M.2 3042\/3052 z kluczem B (USB 2.0, PCIe x 1), 1 gniazda M.2 2230 z kluczem E (PCIe x 1, USB 2.0), 1 gniazda M.2 2280 z kluczem M (SATA III), 1 gniazda SATA III<\/li>\n<li>2 gniazda Intel\u00ae i226-V 2,5 Gigabit Ethernet<\/li>\n<li>1 gniazdo USB 3.2 Gen2, 3 gniazda USB3.2 Gen1, 4 x USB2.0, 1 x USB2.0 pionowy typ A, 4 x COM i 1 x MiAPI (konfigurowalne cyfrowe wej\u015bcie\/wyj\u015bcie)<\/li>\n<li>4 x COM (3 x RS232, 1 x RS232\/422\/485); 1 x MiAPI (konfigurowalne DIDO)<\/li>\n<li>Szeroki zakres napi\u0119cia zasilania 8\u201324 V<\/li>\n<li>Temperatura pracy: ET: -20\u00b0C ~ 70\u00b0C; UT: -40\u00b0C ~ 85\u00b0C<\/li>\n<\/ul>\n<h4><\/h4>\n<h4>Wi\u0119cej informacji:<\/h4>\n<p>INS8325A to wydajne, wytrzyma\u0142e rozwi\u0105zanie Mini-ITX oparte na procesorze Intel\u00ae Alder Lake-N BGA.<\/p>\n<p>Platforma procesorowa Intel\u00ae Core&#x2122; 12. generacji stanowi znacz\u0105cy krok naprz\u00f3d dzi\u0119ki wprowadzeniu innowacyjnej, wydajnej architektury hybrydowej. Ta prze\u0142omowa konstrukcja \u0142\u0105czy dwa r\u00f3\u017cne typy rdzeni na jednym chipie: rdzenie wydajno\u015bciowe (P) i rdzenie wydajne (E). Zalet\u0105 tej architektury jest mo\u017cliwo\u015b\u0107 optymalizacji zar\u00f3wno wydajno\u015bci, jak i energooszcz\u0119dno\u015bci. Rdzenie P s\u0105 dedykowane do obs\u0142ugi zada\u0144 wymagaj\u0105cych du\u017cej ilo\u015bci zasob\u00f3w, podczas gdy rdzenie E skutecznie radz\u0105 sobie z mniejszymi obci\u0105\u017ceniami. Jednak nie ka\u017cda aplikacja wymaga wysokiej mocy obliczeniowej oferowanej przez rdzenie P. W odpowiedzi na to zapotrzebowanie opracowano ekonomiczne platformy klasy podstawowej oparte na mikroarchitekturze procesor\u00f3w Gracemont, oferuj\u0105ce unikalne po\u0142\u0105czenie wydajno\u015bci, przyst\u0119pnej ceny i niskiego zu\u017cycia energii.<\/p>\n<p>Ta nowa generacja, wcze\u015bniej znana jako Alder Lake-N, oferuje szereg procesor\u00f3w, w tym procesory Intel\u00ae serii N, procesory Intel Atom\u00ae serii X, a przede wszystkim procesory Intel\u00ae Core&#x2122; i3 serii N. G\u0142\u00f3wnym motywem przewodnim tej kolekcji jest energooszcz\u0119dno\u015b\u0107, a procesory charakteryzuj\u0105 si\u0119 moc\u0105 obliczeniow\u0105 (TDP) od 6 W do 15 W, co odpowiada r\u00f3\u017cnym mo\u017cliwo\u015bciom przetwarzania. Procesory te s\u0105 przeznaczone do szerokiego spektrum zastosowa\u0144, od 2-rdzeniowego Intel N50 do solidnego 8-rdzeniowego Intel\u00ae Core&#x2122; i3-N305, oferuj\u0105c wszechstronn\u0105 lini\u0119 procesor\u00f3w odpowiedni\u0105 do zasilania rozwi\u0105za\u0144 na r\u00f3\u017cnych rynkach.<\/p>\n","protected":false},"featured_media":17119,"template":"","meta":{"_acf_changed":false,"inline_featured_image":false,"_monsterinsights_skip_tracking":false,"_monsterinsights_sitenote_active":false,"_monsterinsights_sitenote_note":"","_monsterinsights_sitenote_category":0},"product_brand":[],"product_cat":[633,509],"product_tag":[],"class_list":{"0":"post-17128","1":"product","2":"type-product","3":"status-publish","4":"has-post-thumbnail","6":"product_cat-mini-itx-imb","7":"product_cat-perfectron","9":"first","10":"instock","11":"shipping-taxable","12":"product-type-simple"},"acf":[],"_links":{"self":[{"href":"https:\/\/quantum.com.pl\/pl\/wp-json\/wp\/v2\/product\/17128","targetHints":{"allow":["GET"]}}],"collection":[{"href":"https:\/\/quantum.com.pl\/pl\/wp-json\/wp\/v2\/product"}],"about":[{"href":"https:\/\/quantum.com.pl\/pl\/wp-json\/wp\/v2\/types\/product"}],"wp:featuredmedia":[{"embeddable":true,"href":"https:\/\/quantum.com.pl\/pl\/wp-json\/wp\/v2\/media\/17119"}],"wp:attachment":[{"href":"https:\/\/quantum.com.pl\/pl\/wp-json\/wp\/v2\/media?parent=17128"}],"wp:term":[{"taxonomy":"product_brand","embeddable":true,"href":"https:\/\/quantum.com.pl\/pl\/wp-json\/wp\/v2\/product_brand?post=17128"},{"taxonomy":"product_cat","embeddable":true,"href":"https:\/\/quantum.com.pl\/pl\/wp-json\/wp\/v2\/product_cat?post=17128"},{"taxonomy":"product_tag","embeddable":true,"href":"https:\/\/quantum.com.pl\/pl\/wp-json\/wp\/v2\/product_tag?post=17128"}],"curies":[{"name":"wp","href":"https:\/\/api.w.org\/{rel}","templated":true}]}}