{"id":17135,"date":"2025-09-01T15:12:37","date_gmt":"2025-09-01T13:12:37","guid":{"rendered":"https:\/\/quantum.com.pl\/product\/sk801\/"},"modified":"2025-09-01T15:23:38","modified_gmt":"2025-09-01T13:23:38","slug":"sk801","status":"publish","type":"product","link":"https:\/\/quantum.com.pl\/pl\/product\/sk801\/","title":{"rendered":"SK801"},"content":{"rendered":"<h4>Specifications:<\/h4>\n<table class=\"Table\">\n<tbody>\n<tr>\n<th width=\"170\">\n<p align=\"center\"><b>Interface<\/b><\/p>\n<\/th>\n<td width=\"385\">Low Pin Count (LPC)<\/td>\n<\/tr>\n<tr>\n<th width=\"170\">\n<p align=\"center\"><b>Chipset ID<\/b><\/p>\n<\/th>\n<td width=\"385\">Infineon SLB9660 XT 1.2<\/td>\n<\/tr>\n<tr>\n<th width=\"170\">\n<p align=\"center\"><b>Power<\/b><\/p>\n<\/th>\n<td width=\"385\">V = 3.3\u00b10.3V<br \/>\nI(Latchup immunity) = 100mA (EIA\/JESD78)<br \/>\nI = 25mA (Max)<\/td>\n<\/tr>\n<tr>\n<th width=\"170\">\n<p align=\"center\"><b>ESD<\/b><\/p>\n<\/th>\n<td width=\"385\">HBM = 2,000V (EIA\/JESD22-A114-B)<br \/>\nCDM = 500V (ESD Association Standard STM5.3.1 &#8211; 1999)<\/td>\n<\/tr>\n<tr>\n<th width=\"170\">\n<p align=\"center\"><b>Certification Level<\/b><\/p>\n<\/th>\n<td width=\"385\">TCG TPM 1.2 Rev. 116<br \/>\nTCG and Common Criteria certified with EAL4+<\/td>\n<\/tr>\n<tr>\n<th width=\"170\">\n<p align=\"center\"><b>Dimension<\/b><\/p>\n<\/th>\n<td width=\"385\">32 x 32 mm (W x L)<\/td>\n<\/tr>\n<tr>\n<th width=\"170\">\n<p align=\"center\"><b>Environment<\/b><\/p>\n<\/th>\n<td width=\"385\">Operating temperature: -40\u00b0C to 85\u00b0C<br \/>\nStorage temperature: -40\u00b0C to 125\u00b0C<\/td>\n<\/tr>\n<tr>\n<th width=\"170\">\n<p align=\"center\"><b>OS\u00a0<\/b><b>Compatibility<\/b><\/p>\n<\/th>\n<td width=\"385\">Windows Vista, Windows 7, Windows 8\/8.1<br \/>\nLinux support: device drivers in the standard kernel;<br \/>\nAdditional software available e.g. TrouSerS, jTSS<\/td>\n<\/tr>\n<\/tbody>\n<\/table>\n","protected":false},"excerpt":{"rendered":"<p>Modu\u0142 TPM TCG TPM 1.2 Rev. 116 firmy Infineon SLB9660 XT 1.2 z interfejsem Low Pin Count (LPC), rozszerzony zakres temperatur od -40\u00b0C do 85\u00b0C<\/p>\n<h4>Najwa\u017cniejsze cechy:<\/h4>\n<ul>\n<li>Infineon SLB9660 XT 1.2<\/li>\n<li>Zgodny ze standardem TCG TPM 1.2 Rev. 116<\/li>\n<li>Niska liczba pin\u00f3w (LPC) umo\u017cliwiaj\u0105ca \u0142atw\u0105 integracj\u0119 z systemem<\/li>\n<li>Certyfikat TCG i Common Criteria z EAL4+<\/li>\n<li>Tryb zgodno\u015bci z FIPS 140-2 (certyfikat w toku)<\/li>\n<li>Spe\u0142nienie kryteri\u00f3w certyfikacji Intel TXT i Microsoft Windows dla pomy\u015blnej kwalifikacji platformy<\/li>\n<li>Rozszerzony zakres temperatur pracy od -40\u00b0C do 85\u00b0C<\/li>\n<\/ul>\n<h4>Wi\u0119cej informacji:<\/h4>\n<p>SK801 to rozszerzony zakres temperatur pracy (od -40\u00b0C do +85\u00b0C) Trusted Platform Module (TPM), zaprojektowany w celu zabezpieczenia sprz\u0119tu poprzez integracj\u0119 kluczy kryptograficznych z urz\u0105dzeniami. Dzi\u0119ki procesorowi Infineon SLB 9660, SK801 umo\u017cliwia bezpieczniejsze uruchamianie aplikacji w systemie komputerowym, bezpieczny dost\u0119p zdalny, bezpieczniejsze przeprowadzanie transakcji elektronicznych i komunikacj\u0119. SK801 jest zgodny ze standardem TCG TPM1.2, co umo\u017cliwia obs\u0142ug\u0119 funkcji bezpiecze\u0144stwa, takich jak Advanced Crypto Engine (ACE) z RSA, ochrona przed atakami s\u0142ownikowymi, szyfrowanie\/deszyfrowanie pami\u0119ci (MED) i wiele innych. To najlepszy wyb\u00f3r dla aplikacji zwi\u0105zanych z bezpiecze\u0144stwem, takich jak bankowo\u015b\u0107, serwery IT, instytucje rz\u0105dowe i przemys\u0142.<\/p>\n","protected":false},"featured_media":17134,"template":"","meta":{"_acf_changed":false,"inline_featured_image":false,"_monsterinsights_skip_tracking":false,"_monsterinsights_sitenote_active":false,"_monsterinsights_sitenote_note":"","_monsterinsights_sitenote_category":0},"product_brand":[],"product_cat":[509,673],"product_tag":[],"class_list":{"0":"post-17135","1":"product","2":"type-product","3":"status-publish","4":"has-post-thumbnail","6":"product_cat-perfectron","7":"product_cat-peryferia-2","9":"first","10":"instock","11":"shipping-taxable","12":"product-type-simple"},"acf":[],"_links":{"self":[{"href":"https:\/\/quantum.com.pl\/pl\/wp-json\/wp\/v2\/product\/17135","targetHints":{"allow":["GET"]}}],"collection":[{"href":"https:\/\/quantum.com.pl\/pl\/wp-json\/wp\/v2\/product"}],"about":[{"href":"https:\/\/quantum.com.pl\/pl\/wp-json\/wp\/v2\/types\/product"}],"wp:featuredmedia":[{"embeddable":true,"href":"https:\/\/quantum.com.pl\/pl\/wp-json\/wp\/v2\/media\/17134"}],"wp:attachment":[{"href":"https:\/\/quantum.com.pl\/pl\/wp-json\/wp\/v2\/media?parent=17135"}],"wp:term":[{"taxonomy":"product_brand","embeddable":true,"href":"https:\/\/quantum.com.pl\/pl\/wp-json\/wp\/v2\/product_brand?post=17135"},{"taxonomy":"product_cat","embeddable":true,"href":"https:\/\/quantum.com.pl\/pl\/wp-json\/wp\/v2\/product_cat?post=17135"},{"taxonomy":"product_tag","embeddable":true,"href":"https:\/\/quantum.com.pl\/pl\/wp-json\/wp\/v2\/product_tag?post=17135"}],"curies":[{"name":"wp","href":"https:\/\/api.w.org\/{rel}","templated":true}]}}