{"id":17144,"date":"2025-09-02T10:40:01","date_gmt":"2025-09-02T08:40:01","guid":{"rendered":"https:\/\/quantum.com.pl\/product\/roc386b\/"},"modified":"2025-09-02T10:40:01","modified_gmt":"2025-09-02T08:40:01","slug":"roc386b","status":"publish","type":"product","link":"https:\/\/quantum.com.pl\/pl\/product\/roc386b\/","title":{"rendered":"ROC386B"},"content":{"rendered":"<p>Dane techniczne:<\/p>\n<table class=\"Table\">\n<tbody>\n<tr>\n<th colspan=\"2\">\n<h6><strong>Operating Temp.<\/strong><\/h6>\n<\/th>\n<\/tr>\n<tr>\n<td>-40\u00b0C to 70\u00b0C<\/td>\n<td><\/td>\n<\/tr>\n<tr>\n<th colspan=\"2\">\n<h6><strong>System<\/strong><\/h6>\n<\/th>\n<\/tr>\n<tr>\n<td>CPU<\/td>\n<td>9th &amp; 8th Gen Intel\u00ae Coffee Lake LGA1151 Socket Processor<\/p>\n<p>Core i9-9900T (8core\/35W)<\/p>\n<p>Core i7-9700TE (8core\/35W)<\/p>\n<p>Core i5-9500TE (6core\/35W)<\/td>\n<\/tr>\n<tr>\n<td>Chipset<\/td>\n<td>Intel\u00ae Q370 Chipset<\/td>\n<\/tr>\n<tr>\n<td>Memory<\/td>\n<td>2 x DDR4 SO DIMM up to 64 GB<\/td>\n<\/tr>\n<tr>\n<td>Display Port<\/td>\n<td>Resolution up to 4096 x 2304 60@Hz<\/td>\n<\/tr>\n<tr>\n<td>Storage Device<\/td>\n<td>2 x SATAIII, 2.5\u201d SSD<\/td>\n<\/tr>\n<tr>\n<td>Ethernet Chipset<\/td>\n<td>Intel I219 LM Giga LAN + Intel I210 AT Giga LAN<\/td>\n<\/tr>\n<tr>\n<th colspan=\"2\">\n<h6><strong>Front I\/O<\/strong><\/h6>\n<\/th>\n<\/tr>\n<tr>\n<td>Power Button<\/td>\n<td>1 x Power Button w\/indicator LED<\/td>\n<\/tr>\n<tr>\n<td>COM<\/td>\n<td>2xRS232; 2xRS232\/422\/485 ( Select by BIOS)<\/td>\n<\/tr>\n<tr>\n<td>SSD Tray<\/td>\n<td>2 x Easy Swap SSD Tray<\/td>\n<\/tr>\n<tr>\n<td>DC-IN<\/td>\n<td>9-36V, 1 x 3P terminal<\/td>\n<\/tr>\n<tr>\n<th colspan=\"2\">\n<h6><strong>Rear I\/O<\/strong><\/h6>\n<\/th>\n<\/tr>\n<tr>\n<td>DisplayPort&gt;<\/td>\n<td>\n<table>\n<tbody>\n<tr>\n<td>1 x HDMI 1.4, 2 x DisplayPort 1.2<\/td>\n<\/tr>\n<\/tbody>\n<\/table>\n<\/td>\n<\/tr>\n<tr>\n<td>Ethernet<\/td>\n<td>\n<table>\n<tbody>\n<tr>\n<td>2 x RJ45<\/td>\n<\/tr>\n<\/tbody>\n<\/table>\n<\/td>\n<\/tr>\n<tr>\n<td>Audio<\/td>\n<td>\n<table>\n<tbody>\n<tr>\n<td>1 x Mic in ,1 x Line out<\/td>\n<\/tr>\n<\/tbody>\n<\/table>\n<\/td>\n<\/tr>\n<tr>\n<td>USB Port<\/td>\n<td>\n<table>\n<tbody>\n<tr>\n<td>4 x USB 3.1 Gen. 2 (10Gb\/S)<\/td>\n<\/tr>\n<\/tbody>\n<\/table>\n<\/td>\n<\/tr>\n<tr>\n<td>Antenna Hole<\/td>\n<td>2<\/td>\n<\/tr>\n<tr>\n<th colspan=\"2\">\n<h6><b>Power Requirement<\/b><\/h6>\n<\/th>\n<\/tr>\n<tr>\n<td>Power Input<\/td>\n<td>9-36V DC-IN<\/td>\n<\/tr>\n<tr>\n<th colspan=\"2\">\n<h6><b>Applications, Operating System<\/b><\/h6>\n<\/th>\n<\/tr>\n<tr>\n<td>Applications<\/td>\n<td>Energy\/Smart Grid\/Power Plant Management, Intelligent Automation and\u00a0manufacturing applications<\/td>\n<\/tr>\n<tr>\n<td>Operating System<\/td>\n<td>Windows 10 64Bit, Windows server 2012 r2, Windows server 2016<\/p>\n<p>Ubuntu13.04, Ubuntu13.10, Ubuntu14.04, Fedora20<\/td>\n<\/tr>\n<tr>\n<th colspan=\"2\">\n<h6><b>Physical<\/b><\/h6>\n<\/th>\n<\/tr>\n<tr>\n<td>Dimension<\/td>\n<td>237 x293 x 88\u00a0mm (W x D x H)<\/td>\n<\/tr>\n<tr>\n<td>Weight<\/td>\n<td>&gt;5.56 Kg<\/td>\n<\/tr>\n<tr>\n<td>Chassis<\/td>\n<td>SECC<\/td>\n<\/tr>\n<tr>\n<td>Heatsink<\/td>\n<td>Aluminum Alloy, Corrosion Resistant&gt;<\/td>\n<\/tr>\n<tr>\n<td>Finish<\/td>\n<td>Anodic aluminum oxide<\/td>\n<\/tr>\n<tr>\n<th colspan=\"2\">\n<h6><strong>Environment<\/strong><\/h6>\n<\/th>\n<\/tr>\n<tr>\n<td>Compliances<\/td>\n<td>MIL-STD-810G, CE and FCC, RoHS<\/td>\n<\/tr>\n<tr>\n<td>Operating Temp.<\/td>\n<td>-40\u00b0C to 70\u00b0C, Ambient with air flow<\/td>\n<\/tr>\n<tr>\n<td>Storage Temp.<\/td>\n<td>-40\u00b0C to 85\u00b0C<\/td>\n<\/tr>\n<tr>\n<td>Relative Humidity<\/td>\n<td>5% to 95%, non-condensing<\/td>\n<\/tr>\n<\/tbody>\n<\/table>\n","protected":false},"excerpt":{"rendered":"<div class=\"col-sm-6 bs-region bs-region--right\">\n<div class=\"product__body\">\n<p><span lang=\"EN-US\">Intel\u00ae<\/span> <span lang=\"EN-US\">Q370<\/span> <span lang=\"EN-US\">Fanless<\/span> <span lang=\"EN-US\">Rugged<\/span> <span lang=\"EN-US\">System<\/span> <span lang=\"EN-US\">with<\/span> <span lang=\"EN-US\">Intel\u00ae<\/span> <span lang=\"EN-US\">9th &amp; 8th<\/span> <span lang=\"EN-US\">Generation<\/span> <span lang=\"EN-US\">Core&#x2122;<\/span> <span lang=\"EN-US\">i7\/i9\u00a0<\/span><span lang=\"EN-US\"> Processor,9<\/span><span lang=\"EN-US\">~36V<\/span> <span lang=\"EN-US\">DC-in,<\/span> <span lang=\"EN-US\">Wide<\/span> <span lang=\"EN-US\">Temp.<\/span> <span lang=\"EN-US\">-40<\/span> <span lang=\"EN-US\">to<\/span> <span lang=\"EN-US\">70\u00b0C<\/span><\/p>\n<h4>Najwa\u017cniejsze cechy:<\/h4>\n<ul>\n<li>Procesor Intel\u00ae Coffee Lake LGA1151 9. i 8. generacji<\/li>\n<li>Chipset Intel\u00aeQ370<\/li>\n<li>DDR4 2666 MHz, 2 x 260-pinowe SO-DIMM, maks. 64 GB (bez ECC)<\/li>\n<li>4 x USB 3.0, 2 x DP1.2, 1 x HDMI, 2 x LAN, 1 x wej\u015bcie mikrofonowe\/wyj\u015bcie liniowe<\/li>\n<li>2 x 2,5-calowy dysk twardy SATA HDD\/SSD z \u0142atw\u0105 wymian\u0105 tacek<\/li>\n<li>4 x porty COM (2 x RS232; 2 x RS232\/422\/485)<\/li>\n<li>Szeroki zakres napi\u0119cia wej\u015bciowego DC 9-36 V DC<\/li>\n<li>Rozszerzony zakres temperatur pracy od -40\u00b0C do 70\u00b0C<\/li>\n<\/ul>\n<\/div>\n<div class=\"product__field-features\">\n<h4 class=\"lRu31\" dir=\"ltr\"><span class=\"HwtZe\" lang=\"pl\"><span class=\"jCAhz ChMk0b\"><span class=\"ryNqvb\">Wi\u0119cej informacji: <\/span><\/span><\/span><\/h4>\n<div dir=\"ltr\"><\/div>\n<div class=\"lRu31\" dir=\"ltr\"><span class=\"HwtZe\" lang=\"pl\"><span class=\"jCAhz ChMk0b\"><span class=\"ryNqvb\">Dzi\u0119ki procesorowi Intel\u00ae Core&#x2122; i9\/i7 dziewi\u0105tej generacji i chipsetowi Intel\u00ae Q370, wytrzyma\u0142y komputer ROC386B obs\u0142uguje szeroki zakres temperatur pracy, od -40 do 70\u00b0C, oraz szeroki zakres napi\u0119cia wej\u015bciowego 9 V~36 V DC.<\/span><\/span> <span class=\"jCAhz ChMk0b\"><span class=\"ryNqvb\">Charakteryzuje si\u0119 wysok\u0105 wydajno\u015bci\u0105 w zarz\u0105dzaniu danymi i obrazami.<\/span><\/span> <span class=\"jCAhz ChMk0b\"><span class=\"ryNqvb\">G\u0142\u00f3wne cechy komputera, takie jak 4 porty USB 3.0, 4 porty COM, 2 porty Ethernet RJ45 i 2 porty SATAIII oraz dysk SSD 2,5&#8243;, a tak\u017ce odporno\u015b\u0107 na wibracje i korozj\u0119, sprawiaj\u0105, \u017ce jest to idealne rozwi\u0105zanie w zastosowaniach automatyki przemys\u0142owej i wojskowych.<\/span><\/span><\/span><\/div>\n<\/div>\n<\/div>\n","protected":false},"featured_media":17139,"template":"","meta":{"_acf_changed":false,"inline_featured_image":false,"_monsterinsights_skip_tracking":false,"_monsterinsights_sitenote_active":false,"_monsterinsights_sitenote_note":"","_monsterinsights_sitenote_category":0},"product_brand":[],"product_cat":[531,509],"product_tag":[],"class_list":{"0":"post-17144","1":"product","2":"type-product","3":"status-publish","4":"has-post-thumbnail","6":"product_cat-komputery-typu-rugged","7":"product_cat-perfectron","9":"first","10":"instock","11":"shipping-taxable","12":"product-type-simple"},"acf":[],"_links":{"self":[{"href":"https:\/\/quantum.com.pl\/pl\/wp-json\/wp\/v2\/product\/17144","targetHints":{"allow":["GET"]}}],"collection":[{"href":"https:\/\/quantum.com.pl\/pl\/wp-json\/wp\/v2\/product"}],"about":[{"href":"https:\/\/quantum.com.pl\/pl\/wp-json\/wp\/v2\/types\/product"}],"wp:featuredmedia":[{"embeddable":true,"href":"https:\/\/quantum.com.pl\/pl\/wp-json\/wp\/v2\/media\/17139"}],"wp:attachment":[{"href":"https:\/\/quantum.com.pl\/pl\/wp-json\/wp\/v2\/media?parent=17144"}],"wp:term":[{"taxonomy":"product_brand","embeddable":true,"href":"https:\/\/quantum.com.pl\/pl\/wp-json\/wp\/v2\/product_brand?post=17144"},{"taxonomy":"product_cat","embeddable":true,"href":"https:\/\/quantum.com.pl\/pl\/wp-json\/wp\/v2\/product_cat?post=17144"},{"taxonomy":"product_tag","embeddable":true,"href":"https:\/\/quantum.com.pl\/pl\/wp-json\/wp\/v2\/product_tag?post=17144"}],"curies":[{"name":"wp","href":"https:\/\/api.w.org\/{rel}","templated":true}]}}