{"id":17148,"date":"2025-09-02T13:18:51","date_gmt":"2025-09-02T11:18:51","guid":{"rendered":"https:\/\/quantum.com.pl\/product\/iv310tu\/"},"modified":"2025-09-02T15:13:19","modified_gmt":"2025-09-02T13:13:19","slug":"iv310tu","status":"publish","type":"product","link":"https:\/\/quantum.com.pl\/pl\/product\/iv310tu\/","title":{"rendered":"IV310TU"},"content":{"rendered":"<p>Dane techniczne:<\/p>\n<table>\n<tbody>\n<tr>\n<th><strong>System<\/strong><\/th>\n<\/tr>\n<tr>\n<td>\n<table>\n<tbody>\n<tr>\n<td>CPU<\/td>\n<td>Intel\u00ae 11th Gen Tiger Lake-UP3 i7-1185G7E (up to 4.40 GHz)<\/td>\n<\/tr>\n<tr>\n<td>Memory type<\/td>\n<td>DDR4 3200MHz \/ 1 x 260-pin SO-DIMM \/ Max. 32GB (Non-ECC)<\/td>\n<\/tr>\n<tr>\n<td>CHIPSET<\/td>\n<td>Intel\u00ae SoC Integrated<\/td>\n<\/tr>\n<tr>\n<td>I\/O CHIPSET<\/td>\n<td>Nuvoton NCT6126D (eSPI)<\/td>\n<\/tr>\n<tr>\n<td>GRAPHICS<\/td>\n<td>Intel\u00ae Iris Xe Graphics<\/td>\n<\/tr>\n<tr>\n<td>Expansion Slot<\/td>\n<td>1 x M.2 2280 B-Key (SATA, PCIe X1),<\/p>\n<p>1 x M.2 2230 E-Key<\/td>\n<\/tr>\n<tr>\n<td>BIOS<\/td>\n<td>AMI BIOS<\/td>\n<\/tr>\n<\/tbody>\n<\/table>\n<\/td>\n<\/tr>\n<tr>\n<td>\n<table>\n<tbody>\n<tr>\n<th colspan=\"2\"><strong>Display<\/strong><\/th>\n<\/tr>\n<tr>\n<td>Display<\/td>\n<td>Quadruple display<\/p>\n<p>2 x HDMI, Up to 4K (3840 x 2160) @30 Hz<\/p>\n<p>2 x DisplayPort, Up to 4K (4096 x 2160) @60 Hz<\/td>\n<\/tr>\n<tr>\n<th colspan=\"2\"><strong>Storage<\/strong><\/th>\n<\/tr>\n<tr>\n<td>SATA<\/td>\n<td>1x 2.5\u201d SSD, Hot Swappable SSD\/HDD slot<\/p>\n<p>1x 2.5\u201d SSD (optional)<\/td>\n<\/tr>\n<tr>\n<td>M.2<\/td>\n<td>1 x M.2 2280 B-Key (SATA, PCIe X1)<\/td>\n<\/tr>\n<tr>\n<th colspan=\"2\"><strong>Ethernet<\/strong><\/th>\n<\/tr>\n<tr>\n<td>Ethernet<\/td>\n<td>2 x Intel\u00ae Gigabit Ethernet (Option: additional 2 x LAN)<\/td>\n<\/tr>\n<tr>\n<th colspan=\"2\"><strong>Rear I\/O<\/strong><\/th>\n<\/tr>\n<tr>\n<td>Display<\/td>\n<td>2 x Display Port 1.2,<\/p>\n<p>2 x HDMI 1.4<\/td>\n<\/tr>\n<tr>\n<td>Ethernet<\/td>\n<td>2 x LAN with RJ45<\/p>\n<p>(Option: additional 2 x LAN with Rugged M12 connectors)<\/td>\n<\/tr>\n<tr>\n<td>USB<\/td>\n<td>4 x USB 3.1 Gen 2 (10 Gbps)<\/td>\n<\/tr>\n<tr>\n<td>HDD Tray<\/td>\n<td>1 x 2.5\u201d SSD Tray<\/p>\n<p>(Option: additional 1 x 2.5\u201d SSD Tray)<\/td>\n<\/tr>\n<tr>\n<td>DC-IN<\/td>\n<td>1 x 4P Rugged M12 connector<\/td>\n<\/tr>\n<tr>\n<th colspan=\"2\"><strong>Power <\/strong><\/th>\n<\/tr>\n<tr>\n<td>Power Input<\/td>\n<td>24 \/ 36 \/ 48 \/ 110 VDC with isolation<\/td>\n<\/tr>\n<tr>\n<td>Power Management<\/td>\n<td>\u2022\u00a0\u00a0\u00a0\u00a0\u00a0 Ignition On\/Off control<\/p>\n<p>\u2022\u00a0\u00a0\u00a0\u00a0\u00a0 Programmable On\/Off delay timer<\/p>\n<p>\u2022\u00a0\u00a0\u00a0\u00a0\u00a0 System wake up event<\/p>\n<p>-From Ignition switch<\/p>\n<p>-RTC timer ALARM interrupt<\/p>\n<p>-From Cellular modem module wakeup signal<\/p>\n<p>\u2022\u00a0\u00a0\u00a0\u00a0\u00a0 System wake up condition<\/p>\n<p>-Wake up event is triggered,<\/p>\n<p>-DC-in voltage is greater than UVP threshold<\/p>\n<p>-Timer delay is only applicable for ignition on<\/p>\n<p>\u2022\u00a0\u00a0\u00a0\u00a0\u00a0 System power down condition<\/p>\n<p>-Soft off, or ignition off<\/p>\n<p>\u2022\u00a0\u00a0\u00a0\u00a0\u00a0 Timer delay is only applicable for ignition off<\/td>\n<\/tr>\n<tr>\n<th colspan=\"2\"><strong>Operating System<\/strong><\/th>\n<\/tr>\n<tr>\n<td>OS<\/td>\n<td>Windows\u00ae 10 64-bit \/ Linux (support by request)<\/td>\n<\/tr>\n<tr>\n<th colspan=\"2\"><strong>Physical <\/strong><\/th>\n<\/tr>\n<tr>\n<td>Dimension (W x D x H)<\/td>\n<td>246(L) x 268.5(W) x 100 (H)mm<\/td>\n<\/tr>\n<tr>\n<td>Weight<\/td>\n<td>5.1 Kg (TBD)<\/td>\n<\/tr>\n<tr>\n<td>Chassis<\/td>\n<td>SECC<\/td>\n<\/tr>\n<tr>\n<td>Heatsink<\/td>\n<td>Heatsink Aluminum Alloy, Corrosion Resistant<\/td>\n<\/tr>\n<tr>\n<td>Reliability<\/td>\n<td>Passive Cooling Designed<\/td>\n<\/tr>\n<tr>\n<th colspan=\"2\"><strong>Standard<\/strong><\/th>\n<\/tr>\n<tr>\n<td>EN50155<\/td>\n<td>EN50155 compliance<\/p>\n<p>EN 50155: 2017<\/p>\n<p>-Ambient temperature EN 50155, Class OT4 (-40~70\u00b0C), 85\u00b0C for 10 minutes<\/p>\n<p>-Interruptions of voltage supply class S1<\/p>\n<p>-Supply change over class C1, C2<\/p>\n<p>-EMC EN 50121-1: 2017, EN 50121-3-2: 2016+A1: 2019<\/p>\n<p>-Shock and vibration IEC 61373 Class B<\/p>\n<p>-Protective coating class PC1 (PC2, by request)<\/p>\n<p>EN 45545-2: 2013+A1:2015<\/td>\n<\/tr>\n<tr>\n<td>Green Product<\/td>\n<td>RoHS, WEEE compliance<\/td>\n<\/tr>\n<\/tbody>\n<\/table>\n<\/td>\n<\/tr>\n<\/tbody>\n<\/table>\n","protected":false},"excerpt":{"rendered":"<p>Komputer kolejowy fanless (bez wentylatora) z procesorem Intel\u00ae Tigerlake U 11. generacji, zgodny z norm\u0105 EN50155<\/p>\n<h4>Najwa\u017cniejsze cechy:<\/h4>\n<ul>\n<li>Procesor Intel\u00ae Tiger Lake-UP3 i7-1185G7E 11. generacji (do 4,40 GHz)<\/li>\n<li>1 x pami\u0119\u0107 DDR4 SO-DIMM do 32 GB<\/li>\n<li>1 x gniazdo M.2 2280 z kluczem B (SATA, PCIe x1), 1 x gniazdo M.2 2230E z kluczem (PCIe, USB)<\/li>\n<li>2 x Intel\u00ae Gigabit Ethernet<\/li>\n<li>2 x USB 2.0, 4 x USB 3.1, 4 x COM<\/li>\n<li>Szeroki zakres napi\u0119cia zasilania 8\u201324 V<\/li>\n<li>Rozszerzony zakres temperatur pracy: od -40 do 70\u00b0C<\/li>\n<li>Opcjonalny, inteligentny akumulator zapasowy<\/li>\n<\/ul>\n<h4>Wi\u0119cej informacji:<\/h4>\n<p>IV310TU to wydajny i wydajny komputer kolejowy bez wentylatora. Oparty na procesorze Intel\u00ae Tiger Lake-UP3 11. generacji, model IV310TU mo\u017ce by\u0107 obs\u0142ugiwany przez procesor Intel\u00ae Tiger Lake-UP3 11. generacji, kt\u00f3ry z powodzeniem wsp\u00f3\u0142pracuje z programem przetwarzania o wysokiej wydajno\u015bci. R\u00f3\u017cnorodne porty wyj\u015bciowe wy\u015bwietlacza w modelu IV310TU obejmuj\u0105: 2 x DisplayPort, 2 x HDMI, 2 x LAN z RJ45, 4 x USB 3.1 Gen 2, 1 x tack\u0119 na dysk SSD 2,5\u201d oraz 1 x z\u0142\u0105cze Rugged M12 4P. Wyposa\u017cony w USB 3.1 Gen 2, kt\u00f3ry znacz\u0105co zwi\u0119ksza pr\u0119dko\u015b\u0107 transferu do 10 Gb\/s, co oznacza efektywne skr\u00f3cenie czasu przetwarzania danych. Wyj\u015bcie wy\u015bwietlacza o wysokiej elastyczno\u015bci obs\u0142uguje r\u00f3\u017cnorodne aplikacje i zapewnia najlepsz\u0105 wydajno\u015b\u0107. Dzi\u0119ki temu IV310TU obs\u0142uguje szeroki zakres napi\u0119cia wej\u015bciowego DC od 9 V do 48 V i jest odporny na temperatury od -40\u00b0C do 70\u00b0C.<\/p>\n","protected":false},"featured_media":17147,"template":"","meta":{"_acf_changed":false,"inline_featured_image":false,"_monsterinsights_skip_tracking":false,"_monsterinsights_sitenote_active":false,"_monsterinsights_sitenote_note":"","_monsterinsights_sitenote_category":0},"product_brand":[],"product_cat":[531,509],"product_tag":[],"class_list":{"0":"post-17148","1":"product","2":"type-product","3":"status-publish","4":"has-post-thumbnail","6":"product_cat-komputery-typu-rugged","7":"product_cat-perfectron","9":"first","10":"instock","11":"shipping-taxable","12":"product-type-simple"},"acf":[],"_links":{"self":[{"href":"https:\/\/quantum.com.pl\/pl\/wp-json\/wp\/v2\/product\/17148","targetHints":{"allow":["GET"]}}],"collection":[{"href":"https:\/\/quantum.com.pl\/pl\/wp-json\/wp\/v2\/product"}],"about":[{"href":"https:\/\/quantum.com.pl\/pl\/wp-json\/wp\/v2\/types\/product"}],"wp:featuredmedia":[{"embeddable":true,"href":"https:\/\/quantum.com.pl\/pl\/wp-json\/wp\/v2\/media\/17147"}],"wp:attachment":[{"href":"https:\/\/quantum.com.pl\/pl\/wp-json\/wp\/v2\/media?parent=17148"}],"wp:term":[{"taxonomy":"product_brand","embeddable":true,"href":"https:\/\/quantum.com.pl\/pl\/wp-json\/wp\/v2\/product_brand?post=17148"},{"taxonomy":"product_cat","embeddable":true,"href":"https:\/\/quantum.com.pl\/pl\/wp-json\/wp\/v2\/product_cat?post=17148"},{"taxonomy":"product_tag","embeddable":true,"href":"https:\/\/quantum.com.pl\/pl\/wp-json\/wp\/v2\/product_tag?post=17148"}],"curies":[{"name":"wp","href":"https:\/\/api.w.org\/{rel}","templated":true}]}}