{"id":17157,"date":"2025-09-03T13:21:08","date_gmt":"2025-09-03T11:21:08","guid":{"rendered":"https:\/\/quantum.com.pl\/product\/per365a\/"},"modified":"2025-09-03T14:51:05","modified_gmt":"2025-09-03T12:51:05","slug":"per365a","status":"publish","type":"product","link":"https:\/\/quantum.com.pl\/pl\/product\/per365a\/","title":{"rendered":"PER365A"},"content":{"rendered":"<h4>Dane techniczne:<\/h4>\n<table>\n<tbody>\n<tr>\n<th colspan=\"2\"><strong>System<\/strong><\/th>\n<\/tr>\n<tr>\n<td>CPU<\/td>\n<td>9th &amp; 8th Gen Intel Coffee Lake LGA1151 Socket Processor<\/p>\n<p>Core i9-9900T (8core\/35W)<\/p>\n<p>Core i7-9700TE (8core\/35W)<\/p>\n<p>Core i5-9500TE (6core\/35W)<\/td>\n<\/tr>\n<tr>\n<td>Chipset<\/td>\n<td>Intel\u00ae Q370<\/td>\n<\/tr>\n<tr>\n<td>Ethernet Chipset<\/td>\n<td>Intel\u00ae I219-LM Giga LAN + Intel\u00ae I210-AT Giga LAN<\/td>\n<\/tr>\n<tr>\n<td>Memory<\/td>\n<td>DDR4 2666MHz \/ 2 x 260-pin SO-DIMM \/ Max 64GB (Non-ECC)<\/td>\n<\/tr>\n<tr>\n<td>Expansion Slot<\/td>\n<td>1 x M.2 2260 \/ 2280 M key (PCIe, SATA)<\/p>\n<p>1 x M.2 2230 E Key (PCIe, USB)<\/td>\n<\/tr>\n<tr>\n<td>Storage Device<\/td>\n<td>2 x 2.5&#8243; SATA HDD\/SSD<\/td>\n<\/tr>\n<tr>\n<th colspan=\"2\"><strong>I\/O<\/strong><\/th>\n<\/tr>\n<tr>\n<td>Power Button<\/td>\n<td>YES<\/td>\n<\/tr>\n<tr>\n<td>HDD LED<\/td>\n<td>YES<\/td>\n<\/tr>\n<tr>\n<td>COM<\/td>\n<td>2 x RS232<\/p>\n<p>2 x RS232\/422\/485<\/td>\n<\/tr>\n<tr>\n<td>DP<\/td>\n<td>2<\/td>\n<\/tr>\n<tr>\n<td>HDMI<\/td>\n<td>1<\/td>\n<\/tr>\n<tr>\n<td>Ethernet<\/td>\n<td>2 x RJ45<\/td>\n<\/tr>\n<tr>\n<td>Audio<\/td>\n<td>Mic-in, Line-out<\/td>\n<\/tr>\n<tr>\n<td>USB<\/td>\n<td>4 x USB 3.1<\/td>\n<\/tr>\n<tr>\n<td>Antenna<\/td>\n<td>Reserved two antenna holes<\/td>\n<\/tr>\n<tr>\n<th colspan=\"2\"><strong>Mechanical<\/strong><\/th>\n<\/tr>\n<tr>\n<td>Power Requirement<\/td>\n<td>DC 12V, (Optional for 9V to 36V)<\/td>\n<\/tr>\n<tr>\n<td>Dimension (W x H x D)<\/td>\n<td>370 x 77 x 240 mm<\/p>\n<p>(14.6&#8243; x 3.0&#8243; x 9.4&#8243;)<\/td>\n<\/tr>\n<tr>\n<td>Operating Temp.<\/td>\n<td>-40 to 70\u00b0C<\/td>\n<\/tr>\n<tr>\n<td>Storage Temp.<\/td>\n<td>-40 to 85\u00b0C<\/td>\n<\/tr>\n<tr>\n<td>Relative Humidity<\/td>\n<td>10% to 90%, non-condensing<\/td>\n<\/tr>\n<\/tbody>\n<\/table>\n","protected":false},"excerpt":{"rendered":"<p>Wytrzyma\u0142y komputer bez wentylatora Intel\u00ae Q370 z procesorem Intel\u00ae Coffee Lake-R Core&#x2122; i9\/i7\/i5, 12 V DC-IN, ekstremalne temperatury. Od -40 do +70\u00b0C<\/p>\n<h4>Najwa\u017cniejsze cechy:<\/h4>\n<ul>\n<li>Intel Coffee Lake 9. i 8. generacji, Core i9\/i7\/i5<\/li>\n<li>2 x DDR4 SO-DIMM do 64 GB<\/li>\n<li>Obs\u0142uga 2 x 2,5&#8243; dysk\u00f3w twardych\/SSD SATA<\/li>\n<li>4 x USB 3.1<\/li>\n<li>Dwa porty Intel\u00ae GbE LAN<\/li>\n<li>2 x DP, 1 x HDMI<\/li>\n<li>12 V DC (opcjonalnie 9 V~36 V)<\/li>\n<li>Ekstremalne temperatury: od -40 do +70 stopni<\/li>\n<\/ul>\n<p>&nbsp;<\/p>\n<h4>Wi\u0119cej informacji:<\/h4>\n<p>PER365A to bezwentylatorowy, wytrzyma\u0142y komputer z procesorami Intel\u00ae Coffee Lake 9. i 8. generacji oraz Core i9\/i7\/i5, kt\u00f3ry gwarantuje ekstremaln\u0105 moc obliczeniow\u0105 i niezawodno\u015b\u0107 dzi\u0119ki temu pot\u0119\u017cnemu po\u0142\u0105czeniu. Aby sprosta\u0107 trudnym warunkom, PER365A obs\u0142uguje ekstremalne temperatury pracy. Od -40 do 70\u00b0C zapewnia niezr\u00f3wnan\u0105 niezawodno\u015b\u0107. PER365A charakteryzuje si\u0119 wysok\u0105 wydajno\u015bci\u0105 w zarz\u0105dzaniu danymi i obrazami. Dzi\u0119ki swoim g\u0142\u00f3wnym funkcjom 2 x DDR4 SO-DIMM do 64 GB, 4 x porty USB 3.1, 2 x DP, 1 x HDMI, 2 x RJ45 Ethernet i 2 x 2,5&#8243; dysk twardy\/SSD SATA, a tak\u017ce w\u0142a\u015bciwo\u015bci antywibracyjne i odporno\u015b\u0107 na korozj\u0119 sprawiaj\u0105, \u017ce jest to idealne rozwi\u0105zanie w zastosowaniach automatyki przemys\u0142owej i wojskowych.<\/p>\n","protected":false},"featured_media":17155,"template":"","meta":{"_acf_changed":false,"inline_featured_image":false,"_monsterinsights_skip_tracking":false,"_monsterinsights_sitenote_active":false,"_monsterinsights_sitenote_note":"","_monsterinsights_sitenote_category":0},"product_brand":[],"product_cat":[531,509],"product_tag":[],"class_list":{"0":"post-17157","1":"product","2":"type-product","3":"status-publish","4":"has-post-thumbnail","6":"product_cat-komputery-typu-rugged","7":"product_cat-perfectron","9":"first","10":"instock","11":"shipping-taxable","12":"product-type-simple"},"acf":[],"_links":{"self":[{"href":"https:\/\/quantum.com.pl\/pl\/wp-json\/wp\/v2\/product\/17157","targetHints":{"allow":["GET"]}}],"collection":[{"href":"https:\/\/quantum.com.pl\/pl\/wp-json\/wp\/v2\/product"}],"about":[{"href":"https:\/\/quantum.com.pl\/pl\/wp-json\/wp\/v2\/types\/product"}],"wp:featuredmedia":[{"embeddable":true,"href":"https:\/\/quantum.com.pl\/pl\/wp-json\/wp\/v2\/media\/17155"}],"wp:attachment":[{"href":"https:\/\/quantum.com.pl\/pl\/wp-json\/wp\/v2\/media?parent=17157"}],"wp:term":[{"taxonomy":"product_brand","embeddable":true,"href":"https:\/\/quantum.com.pl\/pl\/wp-json\/wp\/v2\/product_brand?post=17157"},{"taxonomy":"product_cat","embeddable":true,"href":"https:\/\/quantum.com.pl\/pl\/wp-json\/wp\/v2\/product_cat?post=17157"},{"taxonomy":"product_tag","embeddable":true,"href":"https:\/\/quantum.com.pl\/pl\/wp-json\/wp\/v2\/product_tag?post=17157"}],"curies":[{"name":"wp","href":"https:\/\/api.w.org\/{rel}","templated":true}]}}