{"id":17176,"date":"2025-09-05T12:52:40","date_gmt":"2025-09-05T10:52:40","guid":{"rendered":"https:\/\/quantum.com.pl\/product\/roc255a\/"},"modified":"2025-09-05T13:41:44","modified_gmt":"2025-09-05T11:41:44","slug":"roc255a","status":"publish","type":"product","link":"https:\/\/quantum.com.pl\/pl\/product\/roc255a\/","title":{"rendered":"ROC255A"},"content":{"rendered":"<h4>Dane techniczne:<\/h4>\n<table>\n<tbody>\n<tr>\n<th><strong>Operating Temp.<\/strong><\/th>\n<th><\/th>\n<\/tr>\n<tr>\n<td>-10\u00b0C ~ +60\u00b0C<\/td>\n<\/tr>\n<tr>\n<th><strong>System<\/strong><\/th>\n<th><\/th>\n<\/tr>\n<tr>\n<td>CPU<\/td>\n<td>Intel\u00ae\u00a0Xeon\u00aeD-2141I\/2166NT\/2183IT<\/td>\n<\/tr>\n<tr>\n<td>Chipset<\/td>\n<td>SoC, integrated with CPU<\/td>\n<\/tr>\n<tr>\n<td>Memory Type<\/td>\n<td>Up to 256GB Registered ECC RDIMM or 512GB ECC LRDIMM,<\/td>\n<\/tr>\n<tr>\n<td>Expansion Slot<\/td>\n<td>1 x PCIex16<\/td>\n<\/tr>\n<tr>\n<td>Storage Device<\/td>\n<td>2 x 2.5&#8243; Solid State Disk (SSD)<\/td>\n<\/tr>\n<tr>\n<td>Ethernet Chipset<\/td>\n<td>1 x Intel\u00ae\u00a0I350-AM2 GbE LAN<\/p>\n<p>(support 10\/100\/1000 Mbps for RJ45 port)<\/td>\n<\/tr>\n<tr>\n<th><strong>Rear I\/O<\/strong><\/th>\n<th><\/th>\n<\/tr>\n<tr>\n<td>Display Port<\/td>\n<td>1 (Max Resolution 4096*2304)<\/td>\n<\/tr>\n<tr>\n<td>Ethernet<\/td>\n<td>2 x RJ45 Gigabit Ethernet LAN Interfaces<\/p>\n<p>1 x IPMI LAN Interface<\/td>\n<\/tr>\n<tr>\n<td>USB Port<\/td>\n<td>2 x USB3.0 standard-A connectors<\/p>\n<p>2 x USB2.0 standard-A connectors<\/td>\n<\/tr>\n<tr>\n<td>AC-IN<\/td>\n<td>1 x IEC C14 Plug<\/td>\n<\/tr>\n<tr>\n<th><strong>Front I\/O<\/strong><\/th>\n<th><\/th>\n<\/tr>\n<tr>\n<td>Button<\/td>\n<td>1 x Power Button w\/Indicator LED<\/td>\n<\/tr>\n<tr>\n<td>Indicator LED<\/td>\n<td>1 x HDD LED<\/td>\n<\/tr>\n<tr>\n<td>USB<\/td>\n<td>2 x USB2.0 standard-A connectors<\/td>\n<\/tr>\n<tr>\n<td>Easy Swap SSD Tray<\/td>\n<td>2 x 2.5 SSD Easy Swap Tray<\/td>\n<\/tr>\n<tr>\n<th><strong>Power Requirement<\/strong><\/th>\n<th><\/th>\n<\/tr>\n<tr>\n<td>Power Input<\/td>\n<td>90V to 264V AC-in, 200W max<\/td>\n<\/tr>\n<tr>\n<th><strong>Physical<\/strong><\/th>\n<th><\/th>\n<\/tr>\n<tr>\n<td>Dimension<\/td>\n<td>430 x 380 x 44.6 mm<\/td>\n<\/tr>\n<tr>\n<th><strong>Environmental<\/strong><\/th>\n<th><\/th>\n<\/tr>\n<tr>\n<td>Operating Temp.<\/td>\n<td>-10 to 60\u00b0C<\/td>\n<\/tr>\n<tr>\n<td>Storage Temp.<\/td>\n<td>-40 to 85\u00b0C<\/td>\n<\/tr>\n<tr>\n<td>Relative Humidity<\/td>\n<td>10% to 90%, non-condensing<\/td>\n<\/tr>\n<\/tbody>\n<\/table>\n","protected":false},"excerpt":{"rendered":"<p>19-calowy serwer 1U bez wentylatora, nap\u0119dzany procesorem Intel\u00ae Xeon\u00ae D-2141I\/2166NT\/2183IT (8 rdzeni, 16 w\u0105tk\u00f3w, 65 W\/12 rdzeni, 24 w\u0105tki, 85 W\/16 rdzeni, 32 w\u0105tki, 100 W), NVMe, Dual 10 GbE, do 256 GB pami\u0119ci Registered ECC RDIMM lub 512 GB pami\u0119ci ECC LRDIMM,<\/p>\n<h4><strong>Najwa\u017cniejsze cechy:<\/strong><\/h4>\n<ul>\n<li>Zgodno\u015b\u0107 z norm\u0105 MIL-STD 810G<\/li>\n<li>Intel\u00ae Xeon\u00ae D-2141I\/2166NT\/2183IT<\/li>\n<li>Do 256 GB pami\u0119ci Registered ECC RDIMM lub 512 GB pami\u0119ci ECC LRDIMM<\/li>\n<li>1 x VGA, 6 x USB<\/li>\n<li>2 x Gigabit Ethernet, 1 x IPMI<\/li>\n<li>1 x karta rozszerze\u0144 PCIe 3.0 x16 Slot<\/li>\n<li>Temperatura rozszerzona -10\u00b0C do 60\u00b0C<\/li>\n<\/ul>\n<h4>Wi\u0119cej informacji:<\/h4>\n<p>ROC255A, 19-calowy, 1U, rackmount, bezwentylatorowy, wirtualny superkomputer, jest nap\u0119dzany przez procesory Intel\u00ae Xeon\u00ae D-2141I\/2166NT\/2183IT (8 rdzeni, 16 w\u0105tk\u00f3w, 65 W\/12 rdzeni, 24 w\u0105tki, 85 W\/16 rdzeni, 32 w\u0105tki, 100 W), zapewniaj\u0105c doskona\u0142\u0105 wydajno\u015b\u0107 przetwarzania danych i wysok\u0105 elastyczno\u015b\u0107 zastosowa\u0144.<\/p>\n<p>Wysoko\u015b\u0107 44 mm i g\u0142\u0119boko\u015b\u0107 380 mm umo\u017cliwiaj\u0105 monta\u017c w szafie rack, na \u015bcianie oraz jako wolnostoj\u0105cy komputer. Rurki cieplne i radiatory zosta\u0142y zaprojektowane zar\u00f3wno na poziomie komponent\u00f3w, jak i systemu. Otwory wentylacyjne o strukturze plastra miodu zosta\u0142y zaprojektowane na g\u00f3rze, bokach i z ty\u0142u, aby umo\u017cliwi\u0107 naturalne ch\u0142odzenie konwekcyjne.<\/p>\n<p>Zasilanie ROC255A jest przeznaczone do napi\u0119cia wej\u015bciowego 100 V \u2013 240 V AC, co pozwala na elastyczne u\u017cytkowanie. ROC255A spe\u0142nia wymagania przemys\u0142owych, wbudowanych aplikacji komputerowych, w tym platform komputer\u00f3w przemys\u0142owych, stacji roboczych do obs\u0142ugi transakcji i multimedi\u00f3w, komputer\u00f3w w pojazdach i serwer\u00f3w sieciowych.<\/p>\n<p>Dzi\u0119ki po\u0142\u0105czeniu wysokiej mocy obliczeniowej procesora i wydajno\u015bci graficznego uk\u0142adu GPU, PERFECTRON k\u0142adzie nacisk na zapewnienie najwy\u017cszej jako\u015bci systemu ch\u0142odzenia, gwarantuj\u0105cego doskona\u0142\u0105 wydajno\u015b\u0107 w krytycznych warunkach. Bazuj\u0105c na naszym do\u015bwiadczeniu, ROC255A wykorzystuje dwustronne rozwi\u0105zanie ch\u0142odzenia. Miedziany radiator bezpo\u015brednio styka si\u0119 z elementami \u017ar\u00f3d\u0142a ciep\u0142a, procesorem i uk\u0142adem GPU, aby szybko absorbowa\u0107 ciep\u0142o, kt\u00f3re nast\u0119pnie jest przekazywane do rurki cieplnej. Dwufazowa rurka cieplna wykorzystuje przemian\u0119 fazow\u0105 cieczy i pary w cieczy roboczej, co zapewnia wysok\u0105 wydajno\u015b\u0107 transmisji ciep\u0142a. Aluminiowy radiator szybko rozprasza ciep\u0142o do otaczaj\u0105cego powietrza. Dwustronne rozwi\u0105zanie ch\u0142odzenia jest przeznaczone g\u0142\u00f3wnie dla procesora. Dzi\u0119ki unikalnej konstrukcji termicznej, PERFECTRON jest w stanie zintegrowa\u0107 procesor o wysokim poborze mocy w smuk\u0142ym, bezwentylatorowym systemie 1U.<\/p>\n<p><strong>1. Funkcje p\u0142yty g\u0142\u00f3wnej<\/strong><br \/>\nP\u0142yta g\u0142\u00f3wna oferuje optymalizacj\u0119 infrastruktury, \u0142\u0105cz\u0105c wydajno\u015b\u0107 i zaawansowan\u0105 inteligencj\u0119 procesor\u00f3w Intel\u00ae Xeon\u00ae w g\u0119stym, energooszcz\u0119dnym systemie typu system-on-a-chip. Dzi\u0119ki funkcjom niezawodno\u015bci, dost\u0119pno\u015bci i \u0142atwo\u015bci serwisowania (RAS) klasy serwerowej, dost\u0119pnym teraz w ultrag\u0119stym, energooszcz\u0119dnym urz\u0105dzeniu, b\u0119dzie ona w stanie zapewni\u0107 zr\u00f3wnowa\u017cone moce obliczeniowe, pami\u0119\u0107 masow\u0105 oraz inteligentne sieci i urz\u0105dzenia brzegowe. Te zaawansowane technologicznie elementy konstrukcyjne oferuj\u0105 najlepsze rozwi\u0105zania zoptymalizowane pod k\u0105tem obci\u0105\u017cenia i d\u0142ug\u0105 \u017cywotno\u015b\u0107 dzi\u0119ki rodzinie procesor\u00f3w Intel\u00ae Xeon\u00ae D, z maksymalnie 256 GB pami\u0119ci DDR4 ECC RDIMM dzia\u0142aj\u0105cej z cz\u0119stotliwo\u015bci\u0105 2133 MHz, portami USB 3.0 I\/O, sze\u015bcioma portami SATA 3.0 lub dwoma portami sieciowymi LAN 10 GbE.<\/p>\n<p><strong>2. Zasilanie AC-in<\/strong><br \/>\nROC255A obs\u0142uguje zasilanie AC-in od 100 do 240 V, co pozwala na wykorzystanie systemu w szerokim zakresie typ\u00f3w zasilania. Szeroki zakres zasilania zapewnia niezawodno\u015b\u0107 systemu i pozwala oczekiwa\u0107 d\u0142u\u017cszej \u017cywotno\u015bci. Nag\u0142e spadki lub wzrosty napi\u0119cia nie stanowi\u0105 \u017cadnego zagro\u017cenia dla tego inteligentnego systemu.<\/p>\n<p><strong>3. Ultracienki rozmiar<\/strong><br \/>\nROC255A to kompaktowy, a zarazem wydajny, bezwentylatorowy system klasy przemys\u0142owej. Dzi\u0119ki zaledwie 380 mm g\u0142\u0119boko\u015bci i 44 mm (1,73 cala) wysoko\u015bci, ten system o rozmiarze 1U wyr\u00f3\u017cnia si\u0119 kompaktow\u0105, a zarazem wytrzyma\u0142\u0105 konstrukcj\u0105 zewn\u0119trzn\u0105 oraz wysoce funkcjonaln\u0105 struktur\u0105 wewn\u0119trzn\u0105.<\/p>\n","protected":false},"featured_media":17168,"template":"","meta":{"_acf_changed":false,"inline_featured_image":false,"_monsterinsights_skip_tracking":false,"_monsterinsights_sitenote_active":false,"_monsterinsights_sitenote_note":"","_monsterinsights_sitenote_category":0},"product_brand":[],"product_cat":[742,509,739],"product_tag":[],"class_list":{"0":"post-17176","1":"product","2":"type-product","3":"status-publish","4":"has-post-thumbnail","6":"product_cat-1u-fanless-server","7":"product_cat-perfectron","8":"product_cat-servery-rack-19","10":"first","11":"instock","12":"shipping-taxable","13":"product-type-simple"},"acf":[],"_links":{"self":[{"href":"https:\/\/quantum.com.pl\/pl\/wp-json\/wp\/v2\/product\/17176","targetHints":{"allow":["GET"]}}],"collection":[{"href":"https:\/\/quantum.com.pl\/pl\/wp-json\/wp\/v2\/product"}],"about":[{"href":"https:\/\/quantum.com.pl\/pl\/wp-json\/wp\/v2\/types\/product"}],"wp:featuredmedia":[{"embeddable":true,"href":"https:\/\/quantum.com.pl\/pl\/wp-json\/wp\/v2\/media\/17168"}],"wp:attachment":[{"href":"https:\/\/quantum.com.pl\/pl\/wp-json\/wp\/v2\/media?parent=17176"}],"wp:term":[{"taxonomy":"product_brand","embeddable":true,"href":"https:\/\/quantum.com.pl\/pl\/wp-json\/wp\/v2\/product_brand?post=17176"},{"taxonomy":"product_cat","embeddable":true,"href":"https:\/\/quantum.com.pl\/pl\/wp-json\/wp\/v2\/product_cat?post=17176"},{"taxonomy":"product_tag","embeddable":true,"href":"https:\/\/quantum.com.pl\/pl\/wp-json\/wp\/v2\/product_tag?post=17176"}],"curies":[{"name":"wp","href":"https:\/\/api.w.org\/{rel}","templated":true}]}}