{"id":17188,"date":"2025-09-05T14:55:54","date_gmt":"2025-09-05T12:55:54","guid":{"rendered":"https:\/\/quantum.com.pl\/product\/sk306\/"},"modified":"2025-09-05T15:08:11","modified_gmt":"2025-09-05T13:08:11","slug":"sk306","status":"publish","type":"product","link":"https:\/\/quantum.com.pl\/pl\/product\/sk306\/","title":{"rendered":"SK306"},"content":{"rendered":"<h4>Dane techniczne:<\/h4>\n<table class=\"Table\">\n<tbody>\n<tr>\n<th colspan=\"2\">\n<h6><strong>Operating Temperature<\/strong><\/h6>\n<\/th>\n<\/tr>\n<tr>\n<td>-40\u00b0C to 85\u00b0C<\/td>\n<td><\/td>\n<\/tr>\n<tr>\n<th colspan=\"2\">\n<h6><strong>System<\/strong><\/h6>\n<\/th>\n<\/tr>\n<tr>\n<td>Function<\/td>\n<td>Total 6 x 10\/100\/100 mbps Ethernet connections<\/td>\n<\/tr>\n<tr>\n<td>Network controller<\/td>\n<td>Intel i350-AM4 network controller<br \/>\n*Max TDP 4W<br \/>\n*EEE802.3\/10BASE-T, 100BASE-TX, 1000BASE-T<br \/>\n*Interrupt levels: INTA, INTB, INTC, INTD, MSI, MSI-X<br \/>\n*Supports Jumbo Frames<br \/>\n*Supports IEEE1588<br \/>\n*Supports Intel Data Direct I\/O Technology<br \/>\n*Innovative power management features including Energy Efficient Ethernet (EEE) and DDMA Coalescing for increased efficiency and reduced power consumption<\/td>\n<\/tr>\n<tr>\n<td>Host Interface<\/td>\n<td>PCIe x4 Interface to CPU through PCIe\/104 bus<br \/>\nStackPC compliant with PCIe\/104 Type1 and Type2 buses<\/td>\n<\/tr>\n<tr>\n<td>Physical connectors<\/td>\n<td>4 independent LAN connections (from Intel i350-AM4)<br \/>\nplus 2 independent LAN interface (from CPU host board)<br \/>\nType R: 6 x RJ45 jacks (10\/100\/1000 Mbps)<br \/>\nType P: 6 x FCI connectors (5 x 2 pin, 10\/100\/1000 Mbps)<\/td>\n<\/tr>\n<tr>\n<td>Special Features<\/td>\n<td>Intel Virtualization Technology for connectivity<br \/>\n*Supports on-chip QoS and Traffic<br \/>\nmanagement<br \/>\n*Supports Virtual Device Queues (VMDq)<br \/>\n*Supports PCI-SIG* SR-IOV capable<\/td>\n<\/tr>\n<tr>\n<td>Dimension<\/td>\n<td>95 x 90 mm<\/td>\n<\/tr>\n<\/tbody>\n<\/table>\n<p>&nbsp;<\/p>\n","protected":false},"excerpt":{"rendered":"<p>PCIe\/104 (modu\u0142 StackPC FPE) rozszerza mo\u017cliwo\u015bci o 4 dodatkowe porty Gigabit Ethernet 10\/100\/1000 Mb\/s<\/p>\n<h4>Najwa\u017cniejsze cechy:<\/h4>\n<p>Format StackPC-FPE<br \/>\nStruktura magistrali stosowej PCIe\/104<br \/>\nNiezawodna technologia Ethernet oparta na kontrolerach Intel i350-AM4<br \/>\n\u0141\u0105cznie 6 niezale\u017cnych po\u0142\u0105cze\u0144 LAN (2 z p\u0142yty g\u0142\u00f3wnej, 4 z kontroler\u00f3w Intel)<br \/>\nElastyczne opcje Ethernetu poprzez z\u0142\u0105cza RJ45 lub 10-pinowe<br \/>\nWysokowydajna konstrukcja bezmostkowa obs\u0142uguj\u0105ca PCI Express Gen 2.1 5GT\/s<br \/>\nRozszerzony zakres temperatur pracy: od -40\u00b0C do 85\u00b0C<\/p>\n<h4>Wi\u0119cej informacji:<\/h4>\n<p>SK506 to modu\u0142 peryferyjny PCIe\/104 (StackPC-FPE) przeznaczony do system\u00f3w stosowych, rozszerzaj\u0105cy cztery dodatkowe porty Gigabit Ethernet o dwa oryginalne porty Gigabit Ethernet. P\u0142yta g\u0142\u00f3wna zawiera kontroler Ethernet Intel i350-AM4, obs\u0142uguj\u0105cy cztery porty Gigabit Ethernet za po\u015brednictwem magistrali PCIe\/104, podczas gdy oryginalne dwa porty Ethernet s\u0105 obs\u0142ugiwane przez p\u0142yt\u0119 g\u0142\u00f3wn\u0105. Specyfikacja StackPC definiuje nowe podej\u015bcie do projektowania i rozwoju system\u00f3w stackowalnych. Specyfikacja uwzgl\u0119dnia wszystkie cenne cechy standard\u00f3w PCIe\/104 wraz z nowymi funkcjami z\u0142\u0105cza StackPC, co oznacza, \u017ce \u200b\u200bStackPC mo\u017ce r\u00f3wnie\u017c obs\u0142ugiwa\u0107 sygna\u0142 PCIe\/104. Obecnie PERFECTRON wprowadzi\u0142 na rynek OXY5535B, p\u0142yt\u0119 g\u0142\u00f3wn\u0105 PCIe\/104 (StackPC) z procesorem Intel Ivy Bridge Core i7, wsp\u00f3\u0142pracuj\u0105c\u0105 z kart\u0105 SK506. Aby sprosta\u0107 r\u00f3\u017cnym wymaganiom systemowym, dost\u0119pne s\u0105 dwa typy interfejs\u00f3w: RJ45 i 5 x 2 pin-headers.<\/p>\n","protected":false},"featured_media":17181,"template":"","meta":{"_acf_changed":false,"inline_featured_image":false,"_monsterinsights_skip_tracking":false,"_monsterinsights_sitenote_active":false,"_monsterinsights_sitenote_note":"","_monsterinsights_sitenote_category":0},"product_brand":[],"product_cat":[523,509],"product_tag":[],"class_list":{"0":"post-17188","1":"product","2":"type-product","3":"status-publish","4":"has-post-thumbnail","6":"product_cat-pc-104","7":"product_cat-perfectron","9":"first","10":"instock","11":"shipping-taxable","12":"product-type-simple"},"acf":[],"_links":{"self":[{"href":"https:\/\/quantum.com.pl\/pl\/wp-json\/wp\/v2\/product\/17188","targetHints":{"allow":["GET"]}}],"collection":[{"href":"https:\/\/quantum.com.pl\/pl\/wp-json\/wp\/v2\/product"}],"about":[{"href":"https:\/\/quantum.com.pl\/pl\/wp-json\/wp\/v2\/types\/product"}],"wp:featuredmedia":[{"embeddable":true,"href":"https:\/\/quantum.com.pl\/pl\/wp-json\/wp\/v2\/media\/17181"}],"wp:attachment":[{"href":"https:\/\/quantum.com.pl\/pl\/wp-json\/wp\/v2\/media?parent=17188"}],"wp:term":[{"taxonomy":"product_brand","embeddable":true,"href":"https:\/\/quantum.com.pl\/pl\/wp-json\/wp\/v2\/product_brand?post=17188"},{"taxonomy":"product_cat","embeddable":true,"href":"https:\/\/quantum.com.pl\/pl\/wp-json\/wp\/v2\/product_cat?post=17188"},{"taxonomy":"product_tag","embeddable":true,"href":"https:\/\/quantum.com.pl\/pl\/wp-json\/wp\/v2\/product_tag?post=17188"}],"curies":[{"name":"wp","href":"https:\/\/api.w.org\/{rel}","templated":true}]}}