{"id":17196,"date":"2025-09-08T13:57:33","date_gmt":"2025-09-08T11:57:33","guid":{"rendered":"https:\/\/quantum.com.pl\/product\/sk221\/"},"modified":"2025-09-08T15:22:55","modified_gmt":"2025-09-08T13:22:55","slug":"sk221","status":"publish","type":"product","link":"https:\/\/quantum.com.pl\/pl\/product\/sk221\/","title":{"rendered":"SK221"},"content":{"rendered":"<h4>Dane techniczne:<\/h4>\n<table class=\"Table\">\n<tbody>\n<tr>\n<th>\n<h6><strong>Form Factor<\/strong><\/h6>\n<\/th>\n<th><\/th>\n<th><\/th>\n<\/tr>\n<tr>\n<td>PCIe\/104 Type II<\/td>\n<td><\/td>\n<td><\/td>\n<\/tr>\n<tr>\n<th>\n<h6><strong>Operating Temp.<\/strong><\/h6>\n<\/th>\n<th><\/th>\n<th><\/th>\n<\/tr>\n<tr>\n<td>-40\u00b0C to\u00a085\u00b0C<\/td>\n<td><\/td>\n<td><\/td>\n<\/tr>\n<tr>\n<th>\n<h6><strong>Top Side<\/strong><\/h6>\n<\/th>\n<th><\/th>\n<th><\/th>\n<\/tr>\n<tr>\n<td>PCIe\/104 Connector<\/td>\n<td>\u00a01 x PCIe\/104\u00a0(Top)<\/td>\n<td><\/td>\n<td><\/td>\n<\/tr>\n<tr>\n<td>MXM Connector<\/td>\n<td>\u00a01 x MXM Connector<\/td>\n<td><\/td>\n<td><\/td>\n<\/tr>\n<tr>\n<td>VGA<\/td>\n<td>1 x pin header (Signal from MXM module)<\/td>\n<td><\/td>\n<td><\/td>\n<\/tr>\n<tr>\n<td>DisplayPort<\/td>\n<td>\u00a04<\/td>\n<td><\/td>\n<td><\/td>\n<\/tr>\n<tr>\n<td>DC-In<\/td>\n<td>\u00a01 x 2 pins Terminal Block<\/td>\n<td><\/td>\n<td><\/td>\n<\/tr>\n<tr>\n<th><strong>Bottom Side<\/strong><\/th>\n<th><\/th>\n<th><\/th>\n<\/tr>\n<tr>\n<td>PCIe\/104\u00a0Connector<\/td>\n<td>\u00a01 x PCIe\/104 (Bottom)<\/td>\n<td><\/td>\n<td><\/td>\n<\/tr>\n<tr>\n<td>FPE<\/td>\n<td>\u00a01 x FPE (Bottom)<\/td>\n<td><\/td>\n<td><\/td>\n<\/tr>\n<tr>\n<th><strong>Mechanical and Environment<\/strong><\/th>\n<th><\/th>\n<th><\/th>\n<\/tr>\n<tr>\n<td>Dimension<\/td>\n<td>\u00a096 x 115.6 mm<\/td>\n<td><\/td>\n<td><\/td>\n<\/tr>\n<tr>\n<td>Operating Temp.<\/td>\n<td>\u00a0-40\u00b0C to 85\u00b0C (ambient with air flow)<\/td>\n<td><\/td>\n<td><\/td>\n<\/tr>\n<tr>\n<th>Power Requirement<\/th>\n<th><\/th>\n<td><\/td>\n<td><\/td>\n<td><\/td>\n<\/tr>\n<tr>\n<td>Power Requirement<\/td>\n<td>12V DC-IN(non-power can support up to 120W<\/td>\n<\/tr>\n<\/tbody>\n<\/table>\n","protected":false},"excerpt":{"rendered":"<p>Karta graficzna PCIe\/104 (typ 2) MXM dla 1 x VGA i 4 x Mini DisplayPort, wej\u015bcie 12 V DC (bez zasilania, obs\u0142uguje do 120 W)<\/p>\n<h4>Najwa\u017cniejsze cechy:<\/h4>\n<ul>\n<li>Zgodno\u015b\u0107 ze StackPC i PCIe\/104<\/li>\n<li>Wykorzystuje \u0142\u0105cze PCIex16 i x4<\/li>\n<li>Modu\u0142 1 x VGA i 4 x Mini DisplayPort<\/li>\n<li>Wej\u015bcie 12 V DC (bez zasilania, obs\u0142uguje do 120 W)<\/li>\n<li>Obs\u0142uga kart graficznych MXM 3.0 i 3.1 Typ A i B<\/li>\n<li>Obs\u0142uga kart graficznych do NVIDIA GeForce 1050Ti\/1650\/1660S, RTX2060<\/li>\n<li>Temperatura pracy -40\u00b0C do 85\u00b0C<\/li>\n<\/ul>\n<h4>Wi\u0119cej informacji:<\/h4>\n<p>SK221, modu\u0142 no\u015bny PCIe\/104 (StackPC), zosta\u0142 zaprojektowany do obs\u0142ugi do 4 niezale\u017cnych wy\u015bwietlaczy za pomoc\u0105 interfejsu MXM w zakresie temperatur od -40\u00b0C do 85\u00b0C. SK221 jest wyposa\u017cony w 4 x mini DP, 1 x VGA (z\u0142\u0105cze 2 x 5-pinowe), kt\u00f3re obs\u0142uguje karty graficzne do NVIDIA GeForce GTX 1080M. SK221 umo\u017cliwia prze\u0142\u0105czanie sygna\u0142\u00f3w mi\u0119dzy z\u0142\u0105czem FPE (PCIe x16) a StackPC (PCIe x1, x4) za pomoc\u0105 prze\u0142\u0105cznika DIP, co czyni go najlepszym rozwi\u0105zaniem dla aplikacji wymagaj\u0105cych wielu procesor\u00f3w graficznych, takich jak centra kontroli misji, inteligentne systemy informacyjno-rozrywkowe, wytrzyma\u0142e serwery wielow\u0119z\u0142owe do monta\u017cu w szafie 19\u201d itp.<\/p>\n","protected":false},"featured_media":17193,"template":"","meta":{"_acf_changed":false,"inline_featured_image":false,"_monsterinsights_skip_tracking":false,"_monsterinsights_sitenote_active":false,"_monsterinsights_sitenote_note":"","_monsterinsights_sitenote_category":0},"product_brand":[],"product_cat":[523,509],"product_tag":[],"class_list":{"0":"post-17196","1":"product","2":"type-product","3":"status-publish","4":"has-post-thumbnail","6":"product_cat-pc-104","7":"product_cat-perfectron","9":"first","10":"instock","11":"shipping-taxable","12":"product-type-simple"},"acf":[],"_links":{"self":[{"href":"https:\/\/quantum.com.pl\/pl\/wp-json\/wp\/v2\/product\/17196","targetHints":{"allow":["GET"]}}],"collection":[{"href":"https:\/\/quantum.com.pl\/pl\/wp-json\/wp\/v2\/product"}],"about":[{"href":"https:\/\/quantum.com.pl\/pl\/wp-json\/wp\/v2\/types\/product"}],"wp:featuredmedia":[{"embeddable":true,"href":"https:\/\/quantum.com.pl\/pl\/wp-json\/wp\/v2\/media\/17193"}],"wp:attachment":[{"href":"https:\/\/quantum.com.pl\/pl\/wp-json\/wp\/v2\/media?parent=17196"}],"wp:term":[{"taxonomy":"product_brand","embeddable":true,"href":"https:\/\/quantum.com.pl\/pl\/wp-json\/wp\/v2\/product_brand?post=17196"},{"taxonomy":"product_cat","embeddable":true,"href":"https:\/\/quantum.com.pl\/pl\/wp-json\/wp\/v2\/product_cat?post=17196"},{"taxonomy":"product_tag","embeddable":true,"href":"https:\/\/quantum.com.pl\/pl\/wp-json\/wp\/v2\/product_tag?post=17196"}],"curies":[{"name":"wp","href":"https:\/\/api.w.org\/{rel}","templated":true}]}}