{"id":17223,"date":"2025-09-09T11:20:52","date_gmt":"2025-09-09T09:20:52","guid":{"rendered":"https:\/\/quantum.com.pl\/product\/sk231\/"},"modified":"2025-09-09T13:40:06","modified_gmt":"2025-09-09T11:40:06","slug":"sk231","status":"publish","type":"product","link":"https:\/\/quantum.com.pl\/pl\/product\/sk231\/","title":{"rendered":"SK231"},"content":{"rendered":"<h4>Dane techniczne:<\/h4>\n<table>\n<tbody>\n<tr>\n<th>\n<h6><strong>Form Factor<\/strong><\/h6>\n<\/th>\n<th><\/th>\n<th><\/th>\n<\/tr>\n<tr>\n<td>PCIe\/104 Type I<\/td>\n<td><\/td>\n<td><\/td>\n<\/tr>\n<tr>\n<th>\n<h6><strong>Top Side<\/strong><\/h6>\n<\/th>\n<th><\/th>\n<th><\/th>\n<\/tr>\n<tr>\n<td>PCIe\/104 Connector<\/td>\n<td>\u00a01 x PCIe\/104\u00a0(Top)<\/td>\n<td><\/td>\n<td><\/td>\n<\/tr>\n<tr>\n<td>MXM Connector<\/td>\n<td>\u00a01 x MXM Connector<\/td>\n<td><\/td>\n<td><\/td>\n<\/tr>\n<tr>\n<td>VGA<\/td>\n<td>1 x pin header (Signal from MXM module)<\/td>\n<td><\/td>\n<td><\/td>\n<\/tr>\n<tr>\n<td>DisplayPort<\/td>\n<td>\u00a04<\/td>\n<td><\/td>\n<td><\/td>\n<\/tr>\n<tr>\n<td>DC-IN<\/td>\n<td>\u00a01 x 2 pins Terminal Block<\/td>\n<td><\/td>\n<td><\/td>\n<\/tr>\n<tr>\n<th><strong>Bottom Side<\/strong><\/th>\n<th><\/th>\n<th><\/th>\n<\/tr>\n<tr>\n<td>PCIe\/104\u00a0Connector<\/td>\n<td>\u00a01 x PCIe\/104 (Bottom)<\/td>\n<td><\/td>\n<td><\/td>\n<\/tr>\n<tr>\n<th><strong>Mechanical and Environment<\/strong><\/th>\n<th><\/th>\n<th><\/th>\n<\/tr>\n<tr>\n<td>Dimension<\/td>\n<td>\u00a090\u00a0x 106\u00a0mm<\/td>\n<td><\/td>\n<td><\/td>\n<\/tr>\n<tr>\n<td>Operating Temp.<\/td>\n<td>\u00a0-40\u00b0C to 85\u00b0C (ambient with air flow)<\/td>\n<td><\/td>\n<td><\/td>\n<\/tr>\n<tr>\n<th>Power Requirement<\/th>\n<th><\/th>\n<td><\/td>\n<td><\/td>\n<td><\/td>\n<\/tr>\n<tr>\n<td>Power Requirement<\/td>\n<td>12V DC-IN(non-power can support up to 120W)<\/td>\n<\/tr>\n<\/tbody>\n<\/table>\n","protected":false},"excerpt":{"rendered":"<div class=\"col-sm-6 bs-region bs-region--right\">\n<div class=\"product__field-features\">\n<p>P\u0142yta no\u015bna GPU PCIe\/104 (typ 1) MXM dla 1 x VGA i 4 x Mini DisplayPort, wej\u015bcie 12 V DC (bez zasilania obs\u0142uguje do 120 W)<\/p>\n<h4>Najwa\u017cniejsze cechy:<\/h4>\n<ul>\n<li>Zgodno\u015b\u0107 ze standardem StackPC i PCIe\/104<\/li>\n<li>Wykorzystuje \u0142\u0105cze PCIex16<\/li>\n<li>Modu\u0142 1 x VGA i 4 x Mini DisplayPort<\/li>\n<li>Wej\u015bcie 12 V DC (bez zasilania obs\u0142uguje do 120 W)<\/li>\n<li>Obs\u0142uga kart graficznych MXM 3.1 typu A i B<\/li>\n<li>Obs\u0142uga kart graficznych MXM do NVIDIA Quadro RTX A4500 \/ A2000<\/li>\n<li>Temperatura pracy: od -40\u00b0C do 85\u00b0C<\/li>\n<\/ul>\n<h4>Wi\u0119cej informacji:<\/h4>\n<p>SK231, modu\u0142 no\u015bny PCIe\/104 (StackPC), zosta\u0142 zaprojektowany do obs\u0142ugi do 4 niezale\u017cnych wy\u015bwietlaczy za pomoc\u0105 interfejsu MXM w rozszerzonym zakresie temperatur od -40\u00b0C do 85\u00b0C. SK231 jest wyposa\u017cony w 4 x mini DP, 1 x VGA (2 x 5-pinowe z\u0142\u0105cze), kt\u00f3re obs\u0142uguje karty graficzne do NVIDIA Quadro RTX A4500 \/ A2000. SK231 bezpo\u015brednio wyprowadza sygna\u0142 PCIe x 16 do zastosowa\u0144 wymagaj\u0105cych wielu procesor\u00f3w graficznych, takich jak centrum kontroli misji, inteligentna rozrywka informacyjna, wytrzyma\u0142e serwery wielow\u0119z\u0142owe do monta\u017cu w szafie 19\u201d itp.<\/p>\n<\/div>\n<p>&nbsp;<\/p>\n<p>NVIDIA\u00ae Quadro RTX A4500\u00a0\u2013 (16GB GDDR6, 5,888\u00a0CUDA Cores, 115W)<\/p>\n<p>NVIDIA\u00ae Quadro RTX A2000\u00a0\u2013 (8GB GDDR6, 2,560\u00a0CUDA Cores, 60W)<\/p>\n<p><img loading=\"lazy\" decoding=\"async\" src=\"https:\/\/perfectron.com\/sites\/default\/files\/inline-images\/%E6%8B%89%E7%B7%9A%E5%9C%96_0.jpg\" alt=\"SK231\u62c9\u7dda\u5716\" width=\"871\" height=\"374\" data-entity-type=\"file\" data-entity-uuid=\"330479e8-e997-44aa-973b-0d84b21bc39d\" \/><\/p>\n<\/div>\n","protected":false},"featured_media":17201,"template":"","meta":{"_acf_changed":false,"inline_featured_image":false,"_monsterinsights_skip_tracking":false,"_monsterinsights_sitenote_active":false,"_monsterinsights_sitenote_note":"","_monsterinsights_sitenote_category":0},"product_brand":[],"product_cat":[523,509],"product_tag":[],"class_list":{"0":"post-17223","1":"product","2":"type-product","3":"status-publish","4":"has-post-thumbnail","6":"product_cat-pc-104","7":"product_cat-perfectron","9":"first","10":"instock","11":"shipping-taxable","12":"product-type-simple"},"acf":[],"_links":{"self":[{"href":"https:\/\/quantum.com.pl\/pl\/wp-json\/wp\/v2\/product\/17223","targetHints":{"allow":["GET"]}}],"collection":[{"href":"https:\/\/quantum.com.pl\/pl\/wp-json\/wp\/v2\/product"}],"about":[{"href":"https:\/\/quantum.com.pl\/pl\/wp-json\/wp\/v2\/types\/product"}],"wp:featuredmedia":[{"embeddable":true,"href":"https:\/\/quantum.com.pl\/pl\/wp-json\/wp\/v2\/media\/17201"}],"wp:attachment":[{"href":"https:\/\/quantum.com.pl\/pl\/wp-json\/wp\/v2\/media?parent=17223"}],"wp:term":[{"taxonomy":"product_brand","embeddable":true,"href":"https:\/\/quantum.com.pl\/pl\/wp-json\/wp\/v2\/product_brand?post=17223"},{"taxonomy":"product_cat","embeddable":true,"href":"https:\/\/quantum.com.pl\/pl\/wp-json\/wp\/v2\/product_cat?post=17223"},{"taxonomy":"product_tag","embeddable":true,"href":"https:\/\/quantum.com.pl\/pl\/wp-json\/wp\/v2\/product_tag?post=17223"}],"curies":[{"name":"wp","href":"https:\/\/api.w.org\/{rel}","templated":true}]}}