{"id":17235,"date":"2025-09-09T14:14:23","date_gmt":"2025-09-09T12:14:23","guid":{"rendered":"https:\/\/quantum.com.pl\/product\/sk232\/"},"modified":"2025-09-09T15:28:55","modified_gmt":"2025-09-09T13:28:55","slug":"sk232","status":"publish","type":"product","link":"https:\/\/quantum.com.pl\/pl\/product\/sk232\/","title":{"rendered":"SK232"},"content":{"rendered":"<h4>Dane techniczne:<\/h4>\n<table>\n<tbody>\n<tr>\n<th>\n<h6><strong>Form Factor<\/strong><\/h6>\n<\/th>\n<th><\/th>\n<th><\/th>\n<\/tr>\n<tr>\n<td>I\/O module<\/td>\n<td><\/td>\n<td><\/td>\n<\/tr>\n<tr>\n<th>\n<h6><strong>System<\/strong><\/h6>\n<\/th>\n<th><\/th>\n<th><\/th>\n<\/tr>\n<tr>\n<td>SlimSAS<\/td>\n<td>X8 signal x 2<\/td>\n<td><\/td>\n<\/tr>\n<tr>\n<td>MXM 3.0 Slot<\/td>\n<td>1<\/td>\n<td><\/td>\n<td><\/td>\n<\/tr>\n<tr>\n<td>VGA<\/td>\n<td>1<\/td>\n<td><\/td>\n<td><\/td>\n<\/tr>\n<tr>\n<td>Mini DP<\/td>\n<td>4<\/td>\n<td><\/td>\n<td><\/td>\n<\/tr>\n<tr>\n<td>Power Input<\/td>\n<td>1x 2 pins Terminal Block (12V DC-IN)<\/td>\n<td><\/td>\n<\/tr>\n<tr>\n<td>Max Power<\/td>\n<td>12V x 10A = 120W<\/td>\n<td><\/td>\n<\/tr>\n<tr>\n<td>Dimension<\/td>\n<td>105 x 110mm<\/td>\n<td><\/td>\n<\/tr>\n<tr>\n<td>Operating Temp.<\/td>\n<td>-40\u00b0C<span lang=\"EN-US\">\u00a0<\/span>to 85\u00b0C<\/td>\n<td><\/td>\n<\/tr>\n<tr>\n<td>Storage Temp.<\/td>\n<td>-40\u00b0C<span lang=\"EN-US\">\u00a0<\/span>to 85\u00b0C<\/td>\n<td><\/td>\n<\/tr>\n<\/tbody>\n<\/table>\n","protected":false},"excerpt":{"rendered":"<p>P\u0142yta no\u015bna SlimSAS x8 do MXM<\/p>\n<h4>Najwa\u017cniejsze cechy:<\/h4>\n<ul>\n<li>2 x SlimSAS x8<\/li>\n<li>1 x gniazdo MXM 3.0<\/li>\n<li>1 x VGA<\/li>\n<li>4 x Mini Display Port<\/li>\n<li>1 x z\u0142\u0105cze 2P dla DC-IN 12V<\/li>\n<li>Rozszerzona temperatura: od -40\u00b0C do 85\u00b0C<\/li>\n<\/ul>\n<h4>Wi\u0119cej informacji:<\/h4>\n<p>SK232 to p\u0142yta no\u015bna SLimSAS x8 do MXM, kt\u00f3ra umo\u017cliwia mostkowanie interfejsu MXM do z\u0142\u0105cza SlimSAS i zosta\u0142a zaprojektowana tak, aby wytrzyma\u0107 rozszerzon\u0105 temperatur\u0119 od -40\u00b0C do 85\u00b0C. SK303 posiada cztery Mini Display Porty i jeden port VGA; oraz wej\u015bcie 12 V dla MXM, 5 V dla VGA i 3 V dla wentylatora.<\/p>\n<p>&nbsp;<\/p>\n<p><img loading=\"lazy\" decoding=\"async\" src=\"https:\/\/perfectron.com\/sites\/default\/files\/inline-images\/%E6%8B%89%E7%B7%9A%E5%9C%961a.jpg\" alt=\"\u62c9\u7dda\u57161\" width=\"462\" height=\"347\" data-entity-type=\"file\" data-entity-uuid=\"c62f1c16-20dc-400e-82eb-76f35974a019\" \/><\/p>\n","protected":false},"featured_media":17232,"template":"","meta":{"_acf_changed":false,"inline_featured_image":false,"_monsterinsights_skip_tracking":false,"_monsterinsights_sitenote_active":false,"_monsterinsights_sitenote_note":"","_monsterinsights_sitenote_category":0},"product_brand":[],"product_cat":[523,509],"product_tag":[],"class_list":{"0":"post-17235","1":"product","2":"type-product","3":"status-publish","4":"has-post-thumbnail","6":"product_cat-pc-104","7":"product_cat-perfectron","9":"first","10":"instock","11":"shipping-taxable","12":"product-type-simple"},"acf":[],"_links":{"self":[{"href":"https:\/\/quantum.com.pl\/pl\/wp-json\/wp\/v2\/product\/17235","targetHints":{"allow":["GET"]}}],"collection":[{"href":"https:\/\/quantum.com.pl\/pl\/wp-json\/wp\/v2\/product"}],"about":[{"href":"https:\/\/quantum.com.pl\/pl\/wp-json\/wp\/v2\/types\/product"}],"wp:featuredmedia":[{"embeddable":true,"href":"https:\/\/quantum.com.pl\/pl\/wp-json\/wp\/v2\/media\/17232"}],"wp:attachment":[{"href":"https:\/\/quantum.com.pl\/pl\/wp-json\/wp\/v2\/media?parent=17235"}],"wp:term":[{"taxonomy":"product_brand","embeddable":true,"href":"https:\/\/quantum.com.pl\/pl\/wp-json\/wp\/v2\/product_brand?post=17235"},{"taxonomy":"product_cat","embeddable":true,"href":"https:\/\/quantum.com.pl\/pl\/wp-json\/wp\/v2\/product_cat?post=17235"},{"taxonomy":"product_tag","embeddable":true,"href":"https:\/\/quantum.com.pl\/pl\/wp-json\/wp\/v2\/product_tag?post=17235"}],"curies":[{"name":"wp","href":"https:\/\/api.w.org\/{rel}","templated":true}]}}