{"id":17319,"date":"2025-10-07T14:13:15","date_gmt":"2025-10-07T12:13:15","guid":{"rendered":"https:\/\/quantum.com.pl\/product\/sk502\/"},"modified":"2025-10-07T14:13:15","modified_gmt":"2025-10-07T12:13:15","slug":"sk502","status":"publish","type":"product","link":"https:\/\/quantum.com.pl\/pl\/product\/sk502\/","title":{"rendered":"SK502"},"content":{"rendered":"<p>Dane techniczne:<\/p>\n<table>\n<tbody>\n<tr>\n<th>\n<h6><strong>Ethernet<\/strong><\/h6>\n<\/th>\n<th><\/th>\n<\/tr>\n<tr>\n<td>Chipset<\/td>\n<td>Intel\u00ae X710-BM2 2 Dual 10 Gigabit Ethernet Controller<\/td>\n<\/tr>\n<tr>\n<td>Disable LAN through BIOS<\/td>\n<td>Yes<\/td>\n<\/tr>\n<tr>\n<td>Boot from LAN<\/td>\n<td>Yes for PXE<\/td>\n<\/tr>\n<tr>\n<td>Memory<\/td>\n<td>32Mb serial flash for firmware and configuration<\/td>\n<\/tr>\n<tr>\n<td>Power<\/td>\n<td>PCIe\/104 bus<\/td>\n<\/tr>\n<tr>\n<th>\n<h6><strong>Internal I\/O<\/strong><\/h6>\n<\/th>\n<th><\/th>\n<\/tr>\n<tr>\n<td>StackPC<\/td>\n<td>PCIe\/104 (Type-2) x 4 Bus<\/td>\n<\/tr>\n<tr>\n<td>FPE<\/td>\n<td>N\/A (Option)<\/td>\n<\/tr>\n<tr>\n<td>LAN<\/td>\n<td>2 x SPF+ pluggable interface Ports<\/td>\n<\/tr>\n<tr>\n<td>LED (Link\/Act)<\/td>\n<td>2<\/td>\n<\/tr>\n<tr>\n<td>LED Indicators<\/td>\n<td>LINK(Solid) and Activity (Blanking), LED color (Green : 10Gbps), (Yellow: 1Gbps)<\/td>\n<\/tr>\n<tr>\n<td>LAN signal<\/td>\n<td>Up to 10 Gb\/s 1Gb\/s Data Throughput<\/td>\n<\/tr>\n<tr>\n<th>\n<h6><strong>Mechanical and Environmental<\/strong><\/h6>\n<\/th>\n<th><\/th>\n<\/tr>\n<tr>\n<td>Form Factor<\/td>\n<td>StackPC- PCIe\/104<\/td>\n<\/tr>\n<tr>\n<th>\n<h6><strong>Dimension<\/strong><\/h6>\n<\/th>\n<th><\/th>\n<\/tr>\n<tr>\n<td>Operating Temperature<\/td>\n<td>0\u00b0C ~ +55\u00b0C<\/td>\n<\/tr>\n<tr>\n<td>Storage Temperature<\/td>\n<td>-40\u00b0C ~ 85\u00b0C<\/td>\n<\/tr>\n<tr>\n<td>Relative humidity<\/td>\n<td>10% to 90%, non-condensing<\/td>\n<\/tr>\n<\/tbody>\n<\/table>\n","protected":false},"excerpt":{"rendered":"<h4>Najwa\u017cniejsze cechy:<\/h4>\n<p>Modu\u0142 dwuportowy Ethernet \u015bwiat\u0142owodowy 10GbE PCIe\/104 10SFP+<\/p>\n<ul>\n<li>Kontroler Intel\u00ae X710-BM2<\/li>\n<li>2 porty 10GbE\/1GbE SFP+<\/li>\n<li>Interfejs hosta PCIe Gen.3 x4<\/li>\n<li>Wytrzyma\u0142a, uk\u0142adalna obudowa PCIe\/104<\/li>\n<li>Obs\u0142uguje modu\u0142y 10GBASE-SR \/ 10GBASE-LR \/ 10GBASE-DAC \/<\/li>\n<li>10GBASE-GBIC<\/li>\n<li>Obs\u0142uguje wirtualizacj\u0119 opart\u0105 na SR-IOV<\/li>\n<\/ul>\n","protected":false},"featured_media":17285,"template":"","meta":{"_acf_changed":false,"inline_featured_image":false,"_monsterinsights_skip_tracking":false,"_monsterinsights_sitenote_active":false,"_monsterinsights_sitenote_note":"","_monsterinsights_sitenote_category":0},"product_brand":[],"product_cat":[523,509],"product_tag":[],"class_list":{"0":"post-17319","1":"product","2":"type-product","3":"status-publish","4":"has-post-thumbnail","6":"product_cat-pc-104","7":"product_cat-perfectron","9":"first","10":"instock","11":"shipping-taxable","12":"product-type-simple"},"acf":[],"_links":{"self":[{"href":"https:\/\/quantum.com.pl\/pl\/wp-json\/wp\/v2\/product\/17319","targetHints":{"allow":["GET"]}}],"collection":[{"href":"https:\/\/quantum.com.pl\/pl\/wp-json\/wp\/v2\/product"}],"about":[{"href":"https:\/\/quantum.com.pl\/pl\/wp-json\/wp\/v2\/types\/product"}],"wp:featuredmedia":[{"embeddable":true,"href":"https:\/\/quantum.com.pl\/pl\/wp-json\/wp\/v2\/media\/17285"}],"wp:attachment":[{"href":"https:\/\/quantum.com.pl\/pl\/wp-json\/wp\/v2\/media?parent=17319"}],"wp:term":[{"taxonomy":"product_brand","embeddable":true,"href":"https:\/\/quantum.com.pl\/pl\/wp-json\/wp\/v2\/product_brand?post=17319"},{"taxonomy":"product_cat","embeddable":true,"href":"https:\/\/quantum.com.pl\/pl\/wp-json\/wp\/v2\/product_cat?post=17319"},{"taxonomy":"product_tag","embeddable":true,"href":"https:\/\/quantum.com.pl\/pl\/wp-json\/wp\/v2\/product_tag?post=17319"}],"curies":[{"name":"wp","href":"https:\/\/api.w.org\/{rel}","templated":true}]}}